{"id":15377,"date":"2022-11-03T18:26:28","date_gmt":"2022-11-03T21:26:28","guid":{"rendered":"https:\/\/www.ifbaiano.edu.br\/unidades\/bonfim\/?page_id=15377"},"modified":"2024-04-23T15:28:35","modified_gmt":"2024-04-23T18:28:35","slug":"pincel","status":"publish","type":"page","link":"https:\/\/www.ifbaiano.edu.br\/unidades\/bonfim\/pincel\/","title":{"rendered":"Programa de Incentivo \u00e0 Cultura e Lazer \u2013 PINCEL"},"content":{"rendered":"\n<p>O Diretor do Instituto Federal de Educa\u00e7\u00e3o, Ci\u00eancia e Tecnologia Baiano \u2013 IF Baiano \u2013 Campus Senhor do Bonfim, no uso de suas&nbsp;atribui\u00e7\u00f5es delegadas pela Portaria n\u00ba 283 de 18\/03\/2022, publicado no DOU de 21\/03\/2022,Edi\u00e7\u00e3o 54 Se\u00e7\u00e3o 2, p\u00e1gina 26, e de acordo com as disposi\u00e7\u00f5es contidas na Lei n\u00ba 11.892, de 29\/12\/2008, e na Lei n\u00ba 8.112, de 11\/12\/1990, considerando ainda o Decreto n\u00b0 7.234\/2010 e a Resolu\u00e7\u00e3o N\u00ba 01, de 29 de janeiro de 2019, que institui a Pol\u00edtica de Assist\u00eancia Estudantil no \u00e2mbito do IF Baiano, torna p\u00fablico o presente Edital de Fluxo Cont\u00ednuo que estabelece as normas e crit\u00e9rios para sele\u00e7\u00e3o de estudantes em vulnerabilidade socioecon\u00f4mica, de cursos presenciais e \u00e0 dist\u00e2ncia, com a finalidade de participa\u00e7\u00e3o na Pol\u00edtica de Assist\u00eancia Estudantil deste Instituto, por meio do Programa de Incentivo \u00e0 Cultura, Esporte e Lazer (PINCEL).<\/p>\n\n\n\n<p><strong>Editais e Anexos:<\/strong><\/p>\n\n\n\n<h2 class=\"wp-block-heading\">2024<\/h2>\n\n\n\n<p><a rel=\"noreferrer noopener\" href=\"https:\/\/www.ifbaiano.edu.br\/unidades\/bonfim\/files\/2024\/04\/EDITAL-No-20_2024-de-18-de-abril-de-2024-PINCEL.pdf\" target=\"_blank\">EDITAL N\u00ba 20_2024, de 18 de abril de 2024 \u2013 PINCEL<\/a><\/p>\n\n\n\n<h2 class=\"wp-block-heading\">2023<\/h2>\n\n\n\n<p><a href=\"https:\/\/www.ifbaiano.edu.br\/unidades\/bonfim\/files\/2023\/06\/EDITAL-No-25_2023-PROGRAMA-DE-INCENTIVO-A-CULTURA-ESPORTE-E-LAZER-\u2013-PINCEL.pdf\" data-type=\"URL\" data-id=\"https:\/\/www.ifbaiano.edu.br\/unidades\/bonfim\/files\/2023\/06\/EDITAL-No-25_2023-PROGRAMA-DE-INCENTIVO-A-CULTURA-ESPORTE-E-LAZER-\u2013-PINCEL.pdf\">EDITAL N\u00ba 25_2023 PROGRAMA DE INCENTIVO \u00c0 CULTURA, ESPORTE E LAZER \u2013 PINCEL<\/a><\/p>\n\n\n\n<p><a href=\"https:\/\/www.ifbaiano.edu.br\/unidades\/bonfim\/files\/2023\/06\/EDITAL-No-25_2023-PROGRAMA-DE-INCENTIVO-A-CULTURA-ESPORTE-E-LAZER-\u2013-PINCEL-Acessivel.pdf\" data-type=\"URL\" data-id=\"https:\/\/www.ifbaiano.edu.br\/unidades\/bonfim\/files\/2023\/06\/EDITAL-No-25_2023-PROGRAMA-DE-INCENTIVO-A-CULTURA-ESPORTE-E-LAZER-\u2013-PINCEL-Acessivel.pdf\">EDITAL N\u00ba 25_2023 PROGRAMA DE INCENTIVO \u00c0 CULTURA, ESPORTE E LAZER \u2013 PINCEL &#8211; Acess\u00edvel<\/a><\/p>\n\n\n\n<h2 class=\"wp-block-heading\">2022<\/h2>\n\n\n\n<p><a href=\"https:\/\/www.ifbaiano.edu.br\/unidades\/bonfim\/files\/2022\/11\/EDITAL-24-PINCEL.pdf\">Edital n\u00ba 24, de 03 novembro de 2022<\/a><\/p>\n","protected":false},"excerpt":{"rendered":"<p>O Diretor do Instituto Federal de Educa\u00e7\u00e3o, Ci\u00eancia e Tecnologia Baiano \u2013 IF Baiano \u2013 Campus Senhor do Bonfim, no uso de suas&nbsp;atribui\u00e7\u00f5es delegadas pela Portaria n\u00ba 283 de 18\/03\/2022, publicado no DOU de 21\/03\/2022,Edi\u00e7\u00e3o 54 Se\u00e7\u00e3o 2, p\u00e1gina 26, e de acordo com as disposi\u00e7\u00f5es contidas na Lei n\u00ba 11.892, de 29\/12\/2008, e na [&hellip;]<\/p>\n","protected":false},"author":136,"featured_media":0,"parent":0,"menu_order":0,"comment_status":"closed","ping_status":"closed","template":"","meta":[],"_links":{"self":[{"href":"https:\/\/www.ifbaiano.edu.br\/unidades\/bonfim\/wp-json\/wp\/v2\/pages\/15377"}],"collection":[{"href":"https:\/\/www.ifbaiano.edu.br\/unidades\/bonfim\/wp-json\/wp\/v2\/pages"}],"about":[{"href":"https:\/\/www.ifbaiano.edu.br\/unidades\/bonfim\/wp-json\/wp\/v2\/types\/page"}],"author":[{"embeddable":true,"href":"https:\/\/www.ifbaiano.edu.br\/unidades\/bonfim\/wp-json\/wp\/v2\/users\/136"}],"replies":[{"embeddable":true,"href":"https:\/\/www.ifbaiano.edu.br\/unidades\/bonfim\/wp-json\/wp\/v2\/comments?post=15377"}],"version-history":[{"count":3,"href":"https:\/\/www.ifbaiano.edu.br\/unidades\/bonfim\/wp-json\/wp\/v2\/pages\/15377\/revisions"}],"predecessor-version":[{"id":18315,"href":"https:\/\/www.ifbaiano.edu.br\/unidades\/bonfim\/wp-json\/wp\/v2\/pages\/15377\/revisions\/18315"}],"wp:attachment":[{"href":"https:\/\/www.ifbaiano.edu.br\/unidades\/bonfim\/wp-json\/wp\/v2\/media?parent=15377"}],"curies":[{"name":"wp","href":"https:\/\/api.w.org\/{rel}","templated":true}]}}