{"id":15412,"date":"2022-11-04T16:53:32","date_gmt":"2022-11-04T19:53:32","guid":{"rendered":"https:\/\/www.ifbaiano.edu.br\/unidades\/bonfim\/?page_id=15412"},"modified":"2025-04-22T15:23:51","modified_gmt":"2025-04-22T18:23:51","slug":"prosel2021-inetgrado","status":"publish","type":"page","link":"https:\/\/www.ifbaiano.edu.br\/unidades\/bonfim\/prosel2021-inetgrado\/","title":{"rendered":"PROCESSO SELETIVO PARA INGRESSO DE ESTUDANTES NOS CURSOS DA EDUCA\u00c7\u00c3O PROFISSIONAL T\u00c9CNICA DE N\u00cdVEL M\u00c9DIO, NA FORMA INTEGRADA AO ENSINO M\u00c9DIO &#8211; MODALIDADE PRESENCIAL &#8211; 2022"},"content":{"rendered":"\n<p><\/p>\n\n\n<p>O DIRETOR GERAL DO INSTITUTO FEDERAL DE EDUCA\u00c7\u00c3O, CI\u00caNCIA E TECNOLOGIA BAIANO &#8211; IF BAIANO &#8211; CAMPUS SENHOR DO BONFIM, torna p\u00fablica a abertura de inscri\u00e7\u00f5es do processo para ingresso de estudantes em 2022, nos cursos da Educa\u00e7\u00e3o Profissional T\u00e9cnica de N\u00edvel M\u00e9dio, na forma Integrada ao Ensino M\u00e9dio &#8211; na modalidade presencial, para o Campus Senhor do Bonfim.<\/p>\n\n\n<figure class=\"wp-block-table is-style-stripes\"><table class=\"has-text-color\" style=\"color:#098558\"><tbody><tr><td><strong>Inscri\u00e7\u00f5es prorrogas at\u00e9<\/strong>  <strong>dia<\/strong> <strong> 10 de abril&nbsp;de 2022.<\/strong> <span class=\"has-inline-color has-vivid-red-color\">Encerradas!<\/span><\/td><\/tr><tr><td><\/td><\/tr><\/tbody><\/table><\/figure>\n\n\n\n<hr class=\"wp-block-separator has-text-color has-css-opacity has-background is-style-wide\" style=\"background-color:#056743;color:#056743\" \/>\n\n\n\n<p><\/p>\n\n\n\n<figure class=\"wp-block-table is-style-stripes\"><table class=\"has-text-color\" style=\"color:#147853\"><tbody><tr><td><strong>Edital e documentos<\/strong><\/td><\/tr><\/tbody><\/table><\/figure>\n\n\n\n<p><a href=\"https:\/\/www.ifbaiano.edu.br\/unidades\/bonfim\/files\/2022\/05\/Matricula-de-Ingressantes-2022-Prosel-2022_Tec-Agropecuaria.pdf\">Rela\u00e7\u00e3o final  de matriculados  <\/a><\/p>\n\n\n\n<p><a href=\"https:\/\/www.ifbaiano.edu.br\/unidades\/bonfim\/files\/2022\/05\/3a-chamada-Edital-N\u00b0-09-Edital-de-Matricula-ano-letivo-2022.pdf\">Edital de Matr\u00edcula &#8211; 3\u00ba Chamada para matr\u00edcula<\/a><\/p>\n\n\n\n<p><a href=\"https:\/\/www.ifbaiano.edu.br\/unidades\/bonfim\/files\/2022\/05\/Matricula-de-Ingressantes-2022-1.pdf\">Lista de Matriculados &#8211; 2\u00ba Chamada<\/a> &#8211;<span class=\"has-inline-color has-vivid-cyan-blue-color\"> Atualizada<\/span><\/p>\n\n\n\n<p><a href=\"https:\/\/www.ifbaiano.edu.br\/unidades\/bonfim\/files\/2022\/05\/2a-chamada-Edital-N\u00b0-09-Edital-de-Matricula-ano-letivo-2022-3.pdf\"> Edital de Matr\u00edcula &#8211; 2\u00ba Chamada para matr\u00edcula <\/a> &#8211; <span class=\"has-inline-color has-vivid-red-color\">Retificado<\/span><\/p>\n\n\n\n<p><a href=\"https:\/\/www.ifbaiano.edu.br\/unidades\/bonfim\/files\/2022\/05\/Lista-de-Matriculados-Agropecuaria.pdf\">Lista de Matriculados &#8211; 1\u00aa Chamada<\/a> <span class=\"has-inline-color has-vivid-red-color\">Retificada <\/span><\/p>\n\n\n\n<p><a href=\"https:\/\/www.ifbaiano.edu.br\/unidades\/bonfim\/files\/2022\/05\/Edital-N\u00b0-09-Edital-de-Matricula-ano-letivo-2022-1-1.pdf\">Edital n\u00b009 &#8211; Edital de Matr\u00edcula &#8211; 1\u00ba chamada para matr\u00edcula<\/a> <span class=\"has-inline-color has-vivid-red-color\">Retificada<\/span><\/p>\n\n\n\n<p><a href=\"https:\/\/www.ifbaiano.edu.br\/unidades\/bonfim\/files\/2022\/05\/Resultado-Final-PROSEL-2022.pdf\">Resultado Final<\/a><\/p>\n\n\n\n<p><a href=\"https:\/\/www.ifbaiano.edu.br\/unidades\/bonfim\/files\/2022\/05\/Lista-Preliminar-Analise-de-Desempenho-Retificada-09-05-2022.pdf\">Resultado Preliminar da An\u00e1lise de Desempenho Escolar<\/a> <span class=\"has-inline-color has-light-green-cyan-color\">&#8211;<strong> <\/strong><\/span><strong><span class=\"has-inline-color has-vivid-red-color\">Retificada dia 09\/05\/2022<\/span><\/strong><\/p>\n\n\n\n<p> <a href=\"https:\/\/www.ifbaiano.edu.br\/unidades\/bonfim\/files\/2022\/05\/Edital-de-Retificacao_no07-09-05-2022.pdf\">Edital de Retifica\u00e7\u00e3o n\u00ba07, de 09 de maio de 2022<\/a>  &#8211;<span class=\"has-inline-color has-vivid-red-color\"> Cronograma atualizado 09\/05\/2022<\/span><\/p>\n\n\n\n<p><a href=\"https:\/\/www.ifbaiano.edu.br\/unidades\/bonfim\/files\/2022\/04\/LISTA-FINAL-DE-INSCRICOES-ACEITAS-\u2013-EDITAL-No-2-24-DE-FEVEREIRO-DE-2022-Retificada.pdf\">Lista Final de Inscri\u00e7\u00f5es Aceitas &#8211; Retificada<\/a> <\/p>\n\n\n\n<p><a href=\"https:\/\/www.ifbaiano.edu.br\/unidades\/bonfim\/files\/2022\/04\/Lista-Preliminar-de-Inscricoes-Aceitas-\u2013-Edital-no-2-24-de-Fevereiro-de-2022.pdf\">L<\/a><a href=\"https:\/\/www.ifbaiano.edu.br\/unidades\/bonfim\/files\/2022\/04\/Lista-Preliminar-de-Inscricoes-Aceitas-\u2013-Edital-no-2-24-de-Fevereiro-de-2022-1.pdf\">ista Preliminar de Inscri\u00e7\u00f5es Aceitas<\/a><\/p>\n\n\n\n<p><a href=\"https:\/\/www.ifbaiano.edu.br\/unidades\/bonfim\/files\/2022\/04\/RETIFICA-O-EDITAL-No-05-DE-24-DE-FEVEREIRO-DE-2022.pdf\">Edital de Retifica\u00e7\u00e3o n\u00ba06, de 13 de abril de 2022<\/a> &#8211;<\/p>\n\n\n\n<p><a href=\"https:\/\/www.ifbaiano.edu.br\/unidades\/bonfim\/files\/2022\/04\/PRORROGACAO-DAS-INSCRICOES.pdf\">Edital de Retifica\u00e7\u00e3o n\u00b005, de 01 DE abril de 2022<\/a> &#8211; <\/p>\n\n\n\n<p><a href=\"https:\/\/www.ifbaiano.edu.br\/unidades\/bonfim\/files\/2022\/03\/2022-de-24-de-fevereiro-de-2022-Processo-Seletivo-para-Ingresso-de-Estudantes-nos-Cursos-Nivel-Medio-na-forma-Integrada-.pdf\">Edital de Retifica\u00e7\u00e3o n\u00b004, de 18 de mar\u00e7o de 2022<\/a><\/p>\n\n\n\n<p><a href=\"https:\/\/www.ifbaiano.edu.br\/unidades\/bonfim\/files\/2022\/02\/2022-de-24-de-fevereiro-de-2022-Processo-Seletivo-para-Ingresso-de-Estudantes-nos-Cursos-da-Educacao-Profissional-Tecnica-de-Nivel-Medio-na-forma-Integrada-ao-Ensino-medio-.pdf\">Edital N\u00b002, de 24 de Fevereiro de 2022<\/a><\/p>\n\n\n\n<p><a href=\"https:\/\/www.ifbaiano.edu.br\/unidades\/bonfim\/files\/2022\/03\/EDITAL-N\u00b0-02-DE-24-DE-FEVEREIRO-DE-2022-Acessivel-para-Leitores-de-Tela.docx\">Edital N\u00b002, de 24 de Fevereiro de 2022 &#8211; <span style=\"color:#147dab\" class=\"has-inline-color\"><strong>Acess\u00edvel para Leitores de Tela<\/strong><\/span><\/a><\/p>\n\n\n\n<p><a href=\"https:\/\/www.ifbaiano.edu.br\/unidades\/bonfim\/files\/2022\/03\/Anexo-II.pdf\">Anexo II &#8211; Consolida\u00e7\u00e3o de Renda Familiar<\/a><\/p>\n\n\n\n<p><a href=\"https:\/\/www.ifbaiano.edu.br\/unidades\/bonfim\/files\/2022\/03\/Anexo-III.pdf\">Anexo III &#8211; Auto Declara\u00e7\u00e3o \u00c9tnico-Racial<\/a><\/p>\n\n\n\n<p><a href=\"https:\/\/www.ifbaiano.edu.br\/unidades\/bonfim\/files\/2022\/03\/Anexo-IV.pdf\">Anexo IV &#8211; Declara\u00e7\u00e3o de Pessoa com Defici\u00eancia<\/a><\/p>\n\n\n\n<p><a href=\"https:\/\/www.ifbaiano.edu.br\/unidades\/bonfim\/files\/2022\/03\/Anexo-V.pdf\">Anexo V &#8211; Declara\u00e7\u00e3o de Hist\u00f3rico Escolar do Ensino M\u00e9dio Fundamental II<\/a><\/p>\n\n\n\n<p><a href=\"https:\/\/www.ifbaiano.edu.br\/unidades\/bonfim\/files\/2022\/03\/Anexo-VI.pdf\">Anexo VI &#8211; Declara\u00e7\u00e3o de Escolar P\u00fablica<\/a><\/p>\n\n\n\n<p><a href=\"https:\/\/www.ifbaiano.edu.br\/unidades\/bonfim\/files\/2022\/03\/Anexo-VII.pdf\">Anexo VII &#8211; Auto Declara\u00e7\u00e3o de Renda<\/a><\/p>\n\n\n\n<p class=\"has-text-align-left\"><\/p>\n\n\n\n<hr class=\"wp-block-separator has-text-color has-css-opacity has-background is-style-wide\" style=\"background-color:#056743;color:#056743\" \/>\n\n\n\n<figure id=\"cronograma\" class=\"wp-block-table is-style-stripes\"><table><tbody><tr><td><span style=\"color:#53937b\" class=\"has-inline-color\"><strong>Lista de convoca\u00e7\u00e3o, per\u00edodo e local de matr\u00edcula <\/strong><\/span><\/td><\/tr><\/tbody><\/table><\/figure>\n\n\n\n<figure class=\"wp-block-table is-style-stripes\"><table class=\"has-text-color\" style=\"color:#147d57\"><thead><tr><th class=\"has-text-align-center\" data-align=\"center\">Listagens de Convoca\u00e7\u00e3o<\/th><th class=\"has-text-align-center\" data-align=\"center\">Matr\u00edcula<\/th><th class=\"has-text-align-center\" data-align=\"center\">Hor\u00e1rio e Local<\/th><\/tr><\/thead><tbody><tr><td class=\"has-text-align-center\" data-align=\"center\">1\u00aa chamada de matr\u00edcula 12 de maio de 2022 a partir das 17h<\/td><td class=\"has-text-align-center\" data-align=\"center\"><span class=\"has-inline-color has-vivid-red-color\">16 a 19\/05\/2022<\/span><\/td><td class=\"has-text-align-center\" data-align=\"center\">De 08h00 \u00e0s 11h00 e de 14h00 \u00e0s 17h00 na<br>Estrada da Igara, s\/n \u2013 Km 4, Zona Rural,<br>Senhor do Bonfim- Bahia \u2013 na Secretaria<br>de Registros Acad\u00eamicos (SRA)<\/td><\/tr><tr><td class=\"has-text-align-center\" data-align=\"center\">2\u00aa chamada de matr\u00edcula<br>20 de maio de 2022 a partir das<br>17h00<\/td><td class=\"has-text-align-center\" data-align=\"center\"><span class=\"has-inline-color has-vivid-red-color\">24\/05\/2022<\/span><\/td><td class=\"has-text-align-center\" data-align=\"center\">De 08h00 \u00e0s 11h00 e de 14h00 \u00e0s 17h00<br>Estrada da Igara, s\/n \u2013 Km 4, Zona Rural<br>Senhor do Bonfim- Bahia \u2013 na Secreta<br>de Registros Acad\u00eamicos (SRA)<\/td><\/tr><tr><td class=\"has-text-align-center\" data-align=\"center\">3\u00aa chamada de matr\u00edcula<br>25 de maio de 2022 a partir das<br>17h<\/td><td class=\"has-text-align-center\" data-align=\"center\"><span class=\"has-inline-color has-vivid-cyan-blue-color\">27\/05\/2022<\/span><\/td><td class=\"has-text-align-center\" data-align=\"center\">De 08h00 \u00e0s 11h00 e de 14h00 \u00e0s 17h00 <br>na Estrada da Igara, s\/n \u2013 Km 4, Zona Rural, <br>Senhor do Bonfim- Bahia \u2013 na Secretaria de Registros Acad\u00eamicos (SRA)<\/td><\/tr><\/tbody><\/table><\/figure>\n\n\n\n<figure class=\"wp-block-embed aligncenter is-type-video is-provider-youtube wp-block-embed-youtube wp-embed-aspect-16-9 wp-has-aspect-ratio\"><div class=\"wp-block-embed__wrapper\">\nhttps:\/\/www.youtube.com\/watch?v=LiFelvaYenw\n<\/div><\/figure>\n","protected":false},"excerpt":{"rendered":"<p>O DIRETOR GERAL DO INSTITUTO FEDERAL DE EDUCA\u00c7\u00c3O, CI\u00caNCIA E TECNOLOGIA BAIANO &#8211; IF BAIANO &#8211; CAMPUS SENHOR DO BONFIM, torna p\u00fablica a abertura de inscri\u00e7\u00f5es do processo para ingresso de estudantes em 2022, nos cursos da Educa\u00e7\u00e3o Profissional T\u00e9cnica de N\u00edvel M\u00e9dio, na forma Integrada ao Ensino M\u00e9dio &#8211; na modalidade presencial, para o [&hellip;]<\/p>\n","protected":false},"author":136,"featured_media":0,"parent":0,"menu_order":0,"comment_status":"closed","ping_status":"closed","template":"","meta":[],"_links":{"self":[{"href":"https:\/\/www.ifbaiano.edu.br\/unidades\/bonfim\/wp-json\/wp\/v2\/pages\/15412"}],"collection":[{"href":"https:\/\/www.ifbaiano.edu.br\/unidades\/bonfim\/wp-json\/wp\/v2\/pages"}],"about":[{"href":"https:\/\/www.ifbaiano.edu.br\/unidades\/bonfim\/wp-json\/wp\/v2\/types\/page"}],"author":[{"embeddable":true,"href":"https:\/\/www.ifbaiano.edu.br\/unidades\/bonfim\/wp-json\/wp\/v2\/users\/136"}],"replies":[{"embeddable":true,"href":"https:\/\/www.ifbaiano.edu.br\/unidades\/bonfim\/wp-json\/wp\/v2\/comments?post=15412"}],"version-history":[{"count":2,"href":"https:\/\/www.ifbaiano.edu.br\/unidades\/bonfim\/wp-json\/wp\/v2\/pages\/15412\/revisions"}],"predecessor-version":[{"id":21081,"href":"https:\/\/www.ifbaiano.edu.br\/unidades\/bonfim\/wp-json\/wp\/v2\/pages\/15412\/revisions\/21081"}],"wp:attachment":[{"href":"https:\/\/www.ifbaiano.edu.br\/unidades\/bonfim\/wp-json\/wp\/v2\/media?parent=15412"}],"curies":[{"name":"wp","href":"https:\/\/api.w.org\/{rel}","templated":true}]}}