{"id":15426,"date":"2022-11-04T17:23:14","date_gmt":"2022-11-04T20:23:14","guid":{"rendered":"https:\/\/www.ifbaiano.edu.br\/unidades\/bonfim\/?page_id=15426"},"modified":"2025-04-22T15:24:14","modified_gmt":"2025-04-22T18:24:14","slug":"prosel2023-integrado","status":"publish","type":"page","link":"https:\/\/www.ifbaiano.edu.br\/unidades\/bonfim\/prosel2023-integrado\/","title":{"rendered":"INTEGRADO AO ENSINO M\u00c9DIO &#8211; MODALIDADE PRESENCIAL &#8211; 2023"},"content":{"rendered":"\n<h2 class=\"wp-block-heading\"><mark style=\"color:#136346\" class=\"has-inline-color\">PROCESSO SELETIVO PARA INGRESSO DE ESTUDANTES NOS CURSOS DA EDUCA\u00c7\u00c3O PROFISSIONAL T\u00c9CNICA DE N\u00cdVEL M\u00c9DIO NA FORMA INTEGRADA AO ENSINO M\u00c9DIO &#8211; MODALIDADE PRESENCIAL<\/mark><\/h2>\n\n\n\n<figure class=\"wp-block-table is-style-stripes\"><table class=\"has-text-color has-background\" style=\"color:#136346;background:linear-gradient(135deg,rgb(202,248,128) 61%,rgb(113,206,126) 100%)\"><thead><tr><th class=\"has-text-align-left\" data-align=\"left\">APRESENTA\u00c7\u00c3O<\/th><\/tr><\/thead><\/table><\/figure>\n\n\n\n<p class=\"has-text-align-left\">O DIRETOR-GERAL DO INSTITUTO FEDERAL DE EDUCA\u00c7\u00c3O, CI\u00caNCIA E TECNOLOGIA BAIANO &#8211; IF BAIANO, CAMPUS SENHOR DO BONFIM, no uso de suas atribui\u00e7\u00f5es delegadas pela Portaria n\u00ba 283, de 18\/03\/2022, publicada no DOU de 21\/03\/2022, torna p\u00fablica a abertura de inscri\u00e7\u00f5es do processo para ingresso de estudantes em 2023, nos cursos da Educa\u00e7\u00e3o Profissional T\u00e9cnica de N\u00edvel M\u00e9dio, na forma Integrada ao Ensino M\u00e9dio \u2013 modalidade presencial \u2013 para o Campus Senhor do Bonfim, por meio de An\u00e1lise de Hist\u00f3rico Escolar conforme o n\u00famero de vagas e cursos relacionados no Quadro \u2013 2 do Edital e seguindo as demais condi\u00e7\u00f5es e as etapas definidas nesse Edital.<\/p>\n\n\n\n<figure class=\"wp-block-table is-style-stripes\"><table class=\"has-text-color has-background\" style=\"color:#136346;background:linear-gradient(135deg,rgb(202,248,128) 61%,rgb(113,206,126) 100%)\"><thead><tr><th class=\"has-text-align-left\" data-align=\"left\">INSCRI\u00c7\u00c3O<\/th><\/tr><\/thead><tbody><tr><td class=\"has-text-align-left\" data-align=\"left\"> <span class=\"has-inline-color has-vivid-cyan-blue-color\"><strong>Per\u00edodo de inscri\u00e7\u00e3o: 09\/11 a 09\/12\/2022 <\/strong><\/span>. <strong><span class=\"has-inline-color has-vivid-red-color\">Encerradas! <\/span> <\/strong><\/td><\/tr><\/tbody><\/table><\/figure>\n\n\n\n<figure class=\"wp-block-table is-style-stripes\"><table class=\"has-text-color has-background\" style=\"color:#136346;background:linear-gradient(135deg,rgb(202,248,128) 61%,rgb(113,206,126) 100%)\"><thead><tr><th class=\"has-text-align-left\" data-align=\"left\">EDITAIS E DOCUMENTOS<\/th><\/tr><\/thead><\/table><\/figure>\n\n\n\n<p><a href=\"https:\/\/www.ifbaiano.edu.br\/unidades\/bonfim\/files\/2023\/06\/CONVOCACAO_MATRICULA_AGROPECUARIA-INTEGRADO-8chamada.pdf\" data-type=\"URL\">CONVOCA\u00c7\u00c3O_MATR\u00cdCULA_AGROPECU\u00c1RIA &#8211; INTEGRADO-8\u00aa CHAMADA <\/a><\/p>\n\n\n\n<p><a href=\"https:\/\/www.ifbaiano.edu.br\/unidades\/bonfim\/files\/2023\/06\/CONVOCACAO_MATRICULA_AGROPECUARIA-INTEGRADO-7a-CHAMADA.pdf\" data-type=\"URL\" data-id=\"https:\/\/www.ifbaiano.edu.br\/unidades\/bonfim\/files\/2023\/06\/CONVOCACAO_MATRICULA_AGROPECUARIA-INTEGRADO-7a-CHAMADA.pdf\">CONVOCA\u00c7\u00c3O_MATR\u00cdCULA_AGROPECU\u00c1RIA &#8211; INTEGRADO-7\u00aa CHAMADA <\/a><\/p>\n\n\n\n<p><a href=\"https:\/\/www.ifbaiano.edu.br\/unidades\/bonfim\/files\/2023\/03\/CONVOCACAO_MATRICULA_AGROINDUSTRIA-INTEGRADO-5a-chamada-1.pdf\" data-type=\"URL\" data-id=\"https:\/\/www.ifbaiano.edu.br\/unidades\/bonfim\/files\/2023\/03\/CONVOCACAO_MATRICULA_AGROINDUSTRIA-INTEGRADO-5a-chamada-1.pdf\">CONVOCA\u00c7\u00c3O_MATR\u00cdCULA_AGROIND\u00daSTRIA &#8211; INTEGRADO &#8211; 5\u00aa CHAMADA<\/a><\/p>\n\n\n\n<p> <a href=\"https:\/\/www.ifbaiano.edu.br\/unidades\/bonfim\/files\/2023\/03\/CONVOCACAO_MATRICULA_INFORMATICA-INTEGRADO-4achamada.pdf\">CONVOCA\u00c7\u00c3O MATR\u00cdCULA INFORM\u00c1TICA &#8211; INTEGRADO &#8211; 4\u00ba CHAMADA  <\/a><\/p>\n\n\n\n<p><a href=\"https:\/\/www.ifbaiano.edu.br\/unidades\/bonfim\/files\/2023\/03\/CONVOCACAO_MATRICULA_AGROPECUARIA-INTEGRADO-6achamada.pdf\">CONVOCA\u00c7\u00c3O MATR\u00cdCULA AGROPECU\u00c1RIA &#8211; INTEGRADO &#8211; 6\u00ba CHAMADA <\/a><\/p>\n\n\n\n<p> <a href=\"https:\/\/www.ifbaiano.edu.br\/unidades\/bonfim\/files\/2023\/03\/CONVOCACAO_MATRICULA_AGROPECUARIA-INTEGRADO-5achamada-1.pdf\">CONVOCA\u00c7\u00c3O MATR\u00cdCULA AGROPECU\u00c1RIA &#8211; INTEGRADO &#8211; 5\u00ba CHAMADA<\/a> <\/p>\n\n\n\n<p><a href=\"https:\/\/www.ifbaiano.edu.br\/unidades\/bonfim\/files\/2023\/02\/CONVOCACAO_MATRICULA_AGROPECUARIA-INTEGRADO-4achamada.pdf\">CONVOCA\u00c7\u00c3O MATR\u00cdCULA AGROPECU\u00c1RIA &#8211; INTEGRADO &#8211; 4\u00ba CHAMADA<\/a><\/p>\n\n\n\n<p><a href=\"https:\/\/www.ifbaiano.edu.br\/unidades\/bonfim\/files\/2023\/02\/CONVOCACAO_MATRICULA_AGROPECUARIA-INTEGRADO-3achamada.pdf\">CONVOCACAO_MATRICULA_AGROPECUARIA &#8211; INTEGRADO -3\u00aachamada<\/a><\/p>\n\n\n\n<p><a href=\"https:\/\/www.ifbaiano.edu.br\/unidades\/bonfim\/files\/2023\/02\/CONVOCACAO_MATRICULA_AGROPECUARIA-INTEGRADO-2a-chamada.pdf\">CONVOCA\u00c7\u00c3O MATR\u00cdCULA AGROPECU\u00c1RIA &#8211; INTEGRADO &#8211; 2\u00aa chamada<\/a><\/p>\n\n\n\n<p><a href=\"https:\/\/www.ifbaiano.edu.br\/unidades\/bonfim\/files\/2023\/02\/RESULTADO-FINAL-INTEGRADO-AGROPECUARIA-retificado10.02.2023-1.pdf\">RESULTADO FINAL INTEGRADO &#8211; AGROPECU\u00c1RIA-retificado10.02.2023<\/a><\/p>\n\n\n\n<p><a href=\"https:\/\/www.ifbaiano.edu.br\/unidades\/bonfim\/files\/2023\/02\/Edital-n\u00b0-05-de-09-de-fevereiro-de-2023-retifica-o-Edital-no-04.pdf\" data-type=\"URL\" data-id=\"https:\/\/www.ifbaiano.edu.br\/unidades\/bonfim\/files\/2023\/02\/Edital-n\u00b0-05-de-09-de-fevereiro-de-2023-retifica-o-Edital-no-04.pdf\">Edital n\u00ba 05 de 09 de fevereiro de 2023 &#8211; <span class=\"has-inline-color has-vivid-red-color\"><strong>Retifica cronograma para matr\u00edcula<\/strong><\/span><\/a><\/p>\n\n\n\n<p><a href=\"https:\/\/www.ifbaiano.edu.br\/unidades\/bonfim\/files\/2023\/02\/CONVOCACAO_MATRICULA_AGROINDUSTRIA-INTEGRADO-4achamada.pdf\">CONVOCA\u00c7\u00c3O_MATR\u00cdCULA_AGROIND\u00daSTRIA &#8211; INTEGRADO-4\u00aachamada<\/a><\/p>\n\n\n\n<p><a href=\"https:\/\/www.ifbaiano.edu.br\/unidades\/bonfim\/files\/2023\/02\/CONVOCACAO_MATRICULA_AGROINDUSTRIA-INTEGRADO-3achamada-1.pdf\"> <a href=\"https:\/\/www.ifbaiano.edu.br\/unidades\/bonfim\/files\/2023\/04\/CONVOCACAO_MATRICULA_AGROINDUSTRIA-INTEGRADO-3achamada-1-1.pdf\">CONVOCA\u00c7\u00c3O_MATR\u00cdCULA<\/a> AGROIND\u00daSTRIA &#8211; INTEGRADO-3\u00aachamada<\/a><\/p>\n\n\n\n<p><a href=\"https:\/\/www.ifbaiano.edu.br\/unidades\/bonfim\/files\/2023\/02\/CONVOCACAO_MATRICULA_INFORMATICA-INTEGRADO-3achamada-1.pdf\"> <a href=\"https:\/\/www.ifbaiano.edu.br\/unidades\/bonfim\/files\/2023\/04\/CONVOCACAO_MATRICULA_INFORMATICA-SUBSEQUENTE-3achamada-1-1.pdf\">CONVOCA\u00c7\u00c3O_MATR\u00cdCULA<\/a>_INFORM\u00c1TICA &#8211; INTEGRADO-3\u00aachamada<\/a><\/p>\n\n\n\n<p><a href=\"https:\/\/www.ifbaiano.edu.br\/unidades\/bonfim\/files\/2023\/01\/CONVOCACAO_MATRICULA_AGROINDUSTRIA-INTEGRADO-2aCHAMADA.pdf\"> <a href=\"https:\/\/www.ifbaiano.edu.br\/unidades\/bonfim\/files\/2023\/04\/CONVOCACAO_MATRICULA_AGROINDUSTRIA-INTEGRADO-3achamada-1-1.pdf\">CONVOCA\u00c7\u00c3O_MATR\u00cdCULA<\/a> AGROIND\u00daSTRIA &#8211; INTEGRADO-2\u00aaCHAMADA<\/a><\/p>\n\n\n<p><a href=\"https:\/\/www.ifbaiano.edu.br\/unidades\/bonfim\/files\/2023\/02\/CONVOCACAO_MATRICULA_INFORMATICA-INTEGRADO-3achamada-1.pdf\">CONVOCA\u00c7\u00c3O_MATR\u00cdCULA<\/a><a href=\"https:\/\/www.ifbaiano.edu.br\/unidades\/bonfim\/files\/2023\/01\/CONVOCACAO_MATRICULA_INFORMATICA-INTEGRADO-2aCHAMADA.pdf\">_INFORM\u00c1TICA &#8211; INTEGRADO-2\u00aaCHAMADA<\/a><\/p>\n<p><a href=\"https:\/\/www.ifbaiano.edu.br\/unidades\/bonfim\/files\/2023\/03\/CONVOCACAO_MATRICULA_AGROPECUARIA-INTEGRADO-Retificado01.02-2.pdf\">CONVOCACAO_MATRICULA_AGROPECUARIA &#8211; INTEGRADO &#8211; Retificado01.02<\/a><\/p>\n\n\n<p><a href=\"https:\/\/www.ifbaiano.edu.br\/unidades\/bonfim\/files\/2023\/01\/CONVOCACAO_MATRICULA_AGROINDUSTRIA-INTEGRADO-RETIFICADO31.01.pdf\"> <\/a><a href=\"https:\/\/www.ifbaiano.edu.br\/unidades\/bonfim\/files\/2023\/02\/CONVOCACAO_MATRICULA_AGROINDUSTRIA-INTEGRADO-4achamada.pdf\">CONVOCA\u00c7\u00c3O_MATR\u00cdCULA<\/a>_AGROIND\u00daSTRIA &#8211; INTEGRADO-RETIFICADO 31.01<\/p>\n\n\n\n<p><a href=\"https:\/\/www.ifbaiano.edu.br\/unidades\/bonfim\/files\/2023\/01\/Edital-01-de-retificacao-cronograma-1.pdf\">Edital 01 de retifica\u00e7\u00e3o &#8211;  <span class=\"has-inline-color has-vivid-red-color\">Cronograma<\/span><\/a><\/p>\n\n\n\n<p><a href=\"https:\/\/www.ifbaiano.edu.br\/unidades\/bonfim\/files\/2023\/01\/CONVOCACAO_MATRICULA_AGROPECUARIA-INTEGRADO-1.pdf\">LISTA DE CONVOCA\u00c7\u00c3O PARA MATR\u00cdCULAS 1\u00aa CHAMADA &#8211; AGROPECU\u00c1RIA<\/a><\/p>\n\n\n\n<p><a href=\"https:\/\/www.ifbaiano.edu.br\/unidades\/bonfim\/files\/2023\/01\/CONVOCACAO_MATRICULA_AGROINDUSTRIA-INTEGRADO-1.pdf\">LISTA DE CONVOCA\u00c7\u00c3O PARA MATR\u00cdCULAS 1\u00aa CHAMADA- AGROIND\u00daSTRIA<\/a><\/p>\n\n\n\n<p><a href=\"https:\/\/www.ifbaiano.edu.br\/unidades\/bonfim\/files\/2023\/01\/CONVOCACAO_MATRICULA_INFORMATICA-INTEGRADO-1.pdf\">LISTA DE CONVOCA\u00c7\u00c3O PARA MATR\u00cdCULAS 1\u00aa CHAMADA &#8211; INFORM\u00c1TICA<\/a><\/p>\n\n\n\n<p><a href=\"https:\/\/www.ifbaiano.edu.br\/unidades\/bonfim\/files\/2023\/01\/Edital-04-Retifica-o-edital-02-Integrado-Matricula.pdf\">CONVOCA\u00c7\u00c3O PARA MATR\u00cdCULA-EDITAL N\u00ba 04 de 27 DE JANEIRO DE 2023<\/a><\/p>\n\n\n\n<p><a href=\"https:\/\/www.ifbaiano.edu.br\/unidades\/bonfim\/files\/2023\/01\/RESULTADO-FINAL-INTEGRADO-INFORMATICA.pdf\">RESULTADO FINAL &#8211; INFORM\u00c1TICA<\/a><\/p>\n\n\n\n<p><a href=\"https:\/\/www.ifbaiano.edu.br\/unidades\/bonfim\/files\/2023\/01\/RESULTADO-FINAL-INTEGRADO-AGROINDUSTRIA.pdf\">RESULTADO FINAL &#8211; AGROIND\u00daSTRIA<\/a><\/p>\n\n\n\n<p><a href=\"https:\/\/www.ifbaiano.edu.br\/unidades\/bonfim\/files\/2023\/01\/RESULTADO-FINAL-INTEGRADO-AGROPECUARIA.pdf\">RESULTADO FINAL &#8211; AGROPECU\u00c1RIA<\/a><\/p>\n\n\n\n<p><a href=\"https:\/\/www.ifbaiano.edu.br\/unidades\/bonfim\/files\/2023\/01\/RESULTADO-FINAL-DA-BANCA-DE-HETEROIDENTIFICACAO-POS-RECURSO-Agroindustria-Integrado-docx.docx.pdf\">RESULTADO FINAL DA BANCA DE HETEROIDENTIFICA\u00c7\u00c3O P\u00d3S-RECURSO &#8211; Agroind\u00fastria Integrado<\/a><\/p>\n\n\n\n<p><a href=\"https:\/\/www.ifbaiano.edu.br\/unidades\/bonfim\/files\/2023\/01\/RESULTADO-FINAL-DA-BANCA-DE-HETEROIDENTIFICACAO-POS-RECURSO-Agropecuaria-Integrado.docx.pdf\">RESULTADO FINAL DA BANCA DE HETEROIDENTIFICA\u00c7\u00c3O P\u00d3S-RECURSO &#8211; Agropecu\u00e1ria Integrado<\/a><\/p>\n\n\n\n<p><a href=\"https:\/\/www.ifbaiano.edu.br\/unidades\/bonfim\/files\/2023\/01\/RESULTADO-FINAL-DA-BANCA-DE-HETEROIDENTIFICACAO-POS-RECURSO-Informatica-Integrado-docx.docx.pdf\">RESULTADO FINAL DA BANCA DE HETEROIDENTIFICA\u00c7\u00c3O P\u00d3S-RECURSO &#8211; Inform\u00e1tica Integrado<\/a><\/p>\n\n\n\n<p><a href=\"https:\/\/www.ifbaiano.edu.br\/unidades\/bonfim\/files\/2023\/01\/RESULTADO-DO-RECURSO-APOS-ANALISE-DA-BANCA-RECURSAL-DE-HETROIDENTIFICACAO.docx.pdf\">RESULTADO DO RECURSO AP\u00d3S AN\u00c1LISE DA BANCA RECURSAL DE HETROIDENTIFICA\u00c7\u00c3O<\/a><\/p>\n\n\n\n<p><a href=\"https:\/\/www.ifbaiano.edu.br\/unidades\/bonfim\/files\/2023\/01\/CURRICULO-DOS-MEMBROS-DA-BANCA-RECURSAL.pdf\">Curr\u00edculos dos membros da banca recursal respons\u00e1vel pela avalia\u00e7\u00e3o dos recursos dos candidatos a reserva de vagas<\/a><\/p>\n\n\n\n<p><a href=\"https:\/\/www.ifbaiano.edu.br\/unidades\/bonfim\/files\/2023\/01\/RESULTADO-PRELIMINAR-DA-BANCA-DE-HETEROIDENTIFICACAO-Informatica.pdf\">Resultado preliminar da Banca de Heteroidentifica\u00e7\u00e3o &#8211; M\u00e9dio Integrado Inform\u00e1tica <\/a> <\/p>\n\n\n\n<p><a href=\"https:\/\/www.ifbaiano.edu.br\/unidades\/bonfim\/files\/2023\/01\/RESULTADO-PRELIMINAR-DA-BANCA-DE-HETEROIDENTIFICACAO.-AgroPECUARIA.pdf\">Resultado preliminar da Banca de Heter<\/a><a href=\"https:\/\/www.ifbaiano.edu.br\/unidades\/bonfim\/files\/2023\/01\/RESULTADO-PRELIMINAR-DA-BANCA-DE-HETEROIDENTIFICACAO.-Agroindustria-Integrado.pdf\">oidentifica\u00e7\u00e3o &#8211; M\u00e9dio Integrado Agroind\u00fastria <\/a><\/p>\n\n\n\n<p><a href=\"https:\/\/www.ifbaiano.edu.br\/unidades\/bonfim\/files\/2023\/01\/RESULTADO-PRELIMINAR-DA-BANCA-DE-HETEROIDENTIFICACAO.-AgroPECUARIA.pdf\">Resultado preliminar da Banca de Heteroidentifica\u00e7\u00e3o &#8211; M\u00e9dio Integrado Agropecu\u00e1ria <\/a><\/p>\n\n\n\n<p><a href=\"https:\/\/www.ifbaiano.edu.br\/unidades\/bonfim\/files\/2023\/01\/CONVOCACAO_HETEROID_AGROPECUARIA_RETIFICADO19012023.pdf\">Convoca\u00e7\u00e3o para procedimento de heteroidentifica\u00e7\u00e3o \u2013 M\u00e9dio Integrado em Agropecu\u00e1ria(retificada)<\/a><\/p>\n\n\n\n<p><a href=\"https:\/\/www.ifbaiano.edu.br\/unidades\/bonfim\/files\/2023\/01\/RESULTADO-PRELIMINAR-DA-ANALISE-DO-HISTORICO-ESCOLAR-INTEGRADO-AGROPECUARIA-RETIFICADA1901-1.pdf\">Resultado preliminar da an\u00e1lise do hist\u00f3rico escolar p\u00f3s recursos \u2013 Agropecu\u00e1ria(retificado)<\/a><\/p>\n\n\n\n<p><a href=\"https:\/\/www.ifbaiano.edu.br\/unidades\/bonfim\/files\/2023\/01\/CONVOCACAO_HETEROID_AGROPECUARIA_RETIFICADO-1.pdf\">Convoca\u00e7\u00e3o para procedimento de heteroidentifica\u00e7\u00e3o &#8211; M\u00e9dio Integrado em Agropecu\u00e1ria RETIFICADO<\/a><\/p>\n\n\n\n<p><a href=\"https:\/\/www.ifbaiano.edu.br\/unidades\/bonfim\/files\/2023\/01\/RESULTADO-PRELIMINAR-DA-ANALISE-DO-HISTORICO-ESCOLAR-INTEGRADO-INFORMATICA-POS-RECURSOS.pdf\">Resultado preliminar da an\u00e1lise do hist\u00f3rico escolar p\u00f3s recursos &#8211; Inform\u00e1tica<\/a><\/p>\n\n\n\n<p><a href=\"https:\/\/www.ifbaiano.edu.br\/unidades\/bonfim\/files\/2023\/01\/RESULTADO-PRELIMINAR-DA-ANALISE-DO-HISTORICO-ESCOLAR-INTEGRADO-AGROPECUARIA-POS-RECURSOS.pdf\">Resultado preliminar da an\u00e1lise do hist\u00f3rico escolar p\u00f3s recursos &#8211; Agropecu\u00e1ria<\/a><\/p>\n\n\n\n<p><a href=\"https:\/\/www.ifbaiano.edu.br\/unidades\/bonfim\/files\/2023\/01\/RESULTADO-PRELIMINAR-DA-ANALISE-DO-HISTORICO-ESCOLAR-INTEGRADO-AGROINDUSTRIA-POS-RECURSOS.pdf\">Resultado preliminar da an\u00e1lise do hist\u00f3rico escolar p\u00f3s recursos &#8211; Agroind\u00fastria<\/a><\/p>\n\n\n\n<p><a href=\"https:\/\/www.ifbaiano.edu.br\/unidades\/bonfim\/files\/2023\/01\/RESULTADO-DOS-RECURSOS-AO-RESULTADO-PRELIMINAR-DA-ANALISE-DO-HISTORICO-ESCOLAR.pdf\">Resultado dos recursos ao resultado preliminar da an\u00e1lise do hist\u00f3rico escolar<\/a><\/p>\n\n\n\n<p><a href=\"https:\/\/www.ifbaiano.edu.br\/unidades\/bonfim\/files\/2023\/01\/CONVOCACAO_HETEROID_INFORMATICA.pdf\">Convoca\u00e7\u00e3o para procedimento de heteroidentifica\u00e7\u00e3o &#8211; M\u00e9dio Integrado em Inform\u00e1tica<\/a><\/p>\n\n\n\n<p><a href=\"https:\/\/www.ifbaiano.edu.br\/unidades\/bonfim\/files\/2023\/01\/CONVOCACAO_HETEROID_AGROPECUARIA.pdf\">Convoca\u00e7\u00e3o para procedimento de heteroidentifica\u00e7\u00e3o &#8211; M\u00e9dio Integrado em Agropecu\u00e1ria<\/a><\/p>\n\n\n\n<p><a href=\"https:\/\/www.ifbaiano.edu.br\/unidades\/bonfim\/files\/2023\/01\/CONVOCACAO_HETEROID_AGROINDUSTRIA.pdf\">Convoca\u00e7\u00e3o para procedimento de heteroidentifica\u00e7\u00e3o &#8211; M\u00e9dio Integrado em Agroind\u00fastria<\/a><\/p>\n\n\n\n<p><a href=\"https:\/\/www.ifbaiano.edu.br\/unidades\/bonfim\/files\/2023\/01\/CURRICULO-DOS-MEMBRO-DA-BANCA-DE-HETEROIDENTIFICACAO.pdf\">Curr\u00edculos dos(as) membros(as) das bancas de aferi\u00e7\u00e3o respons\u00e1vel pela avalia\u00e7\u00e3o da autodeclara\u00e7\u00f5es<\/a><\/p>\n\n\n\n<p><a href=\"https:\/\/www.ifbaiano.edu.br\/unidades\/bonfim\/files\/2023\/01\/INFORME_2023.pdf\">Informe &#8211; Reserva de vagas<\/a><\/p>\n\n\n\n<p><a href=\"https:\/\/www.ifbaiano.edu.br\/unidades\/bonfim\/files\/2023\/01\/RESULTADO-PRELIMINAR-DA-ANALISE-DO-HISTORICO-ESCOLAR-INTEGRADO-INFORMATICA.pdf\">Resultado preliminar da an\u00e1lise do hist\u00f3rico escolar &#8211; M\u00e9dio Integrado em Inform\u00e1tica<\/a><\/p>\n\n\n\n<p><a href=\"https:\/\/www.ifbaiano.edu.br\/unidades\/bonfim\/files\/2023\/01\/RESULTADO-PRELIMINAR-DA-ANALISE-DO-HISTORICO-ESCOLAR-INTEGRADO-AGROPECUARIA.pdf\" target=\"_blank\" rel=\"noreferrer noopener\">Resultado preliminar da an\u00e1lise do hist\u00f3rico escolar &#8211; M\u00e9dio Integrado em Agropecu\u00e1ria<\/a><\/p>\n\n\n\n<p><a href=\"https:\/\/www.ifbaiano.edu.br\/unidades\/bonfim\/files\/2023\/01\/RESULTADO-PRELIMINAR-DA-ANALISE-DO-HISTORICO-ESCOLAR-INTEGRADO-AGROINDUSTRIA.pdf\">Resultado preliminar da an\u00e1lise do hist\u00f3rico escolar &#8211; M\u00e9dio Integrado em Agroind\u00fastria<\/a><\/p>\n\n\n\n<p><a rel=\"noreferrer noopener\" href=\"https:\/\/www.ifbaiano.edu.br\/unidades\/bonfim\/files\/2023\/01\/CONCORRENCIA_INTEGRADO.pdf\" data-type=\"URL\" data-id=\"https:\/\/www.ifbaiano.edu.br\/unidades\/bonfim\/files\/2023\/01\/CONCORRENCIA_INTEGRADO.pdf\" target=\"_blank\">Concorr\u00eancia por vaga<\/a><\/p>\n\n\n\n<p><a rel=\"noreferrer noopener\" href=\"https:\/\/www.ifbaiano.edu.br\/unidades\/bonfim\/files\/2023\/01\/HOMOLOGACAO_FINAL_INSCRITOS_2023_RETIFICADO-3.pdf\" target=\"_blank\">Lista final da Homologa\u00e7\u00e3o dos candidatos inscritos &#8211; Retifica\u00e7\u00e3o<\/a><\/p>\n\n\n\n<p><a href=\"https:\/\/www.ifbaiano.edu.br\/unidades\/bonfim\/files\/2023\/01\/RESULTADO-DOS-RECURSOS-A-LISTA-PRELIMINAR-DE-INSCRICOES-HOMOLOGADAS_RETIFICADO.pdf\">Resultado dos recursos \u00e0 lista preliminar de inscri\u00e7\u00f5es homologadas &#8211; Retifica\u00e7\u00e3o<\/a><\/p>\n\n\n\n<p><a rel=\"noreferrer noopener\" href=\"https:\/\/www.ifbaiano.edu.br\/unidades\/bonfim\/files\/2023\/01\/HOMOLOGACAO_FINAL_INSCRITOS-INTEGRADO-2023.pdf\" data-type=\"URL\" data-id=\"https:\/\/www.ifbaiano.edu.br\/unidades\/bonfim\/files\/2023\/01\/HOMOLOGACAO_FINAL_INSCRITOS-INTEGRADO-2023.pdf\" target=\"_blank\">Lista final da Homologa\u00e7\u00e3o dos candidatos inscritos<\/a><\/p>\n\n\n\n<p><a href=\"https:\/\/www.ifbaiano.edu.br\/unidades\/bonfim\/files\/2023\/01\/RESULTADO-DOS-RECURSOS-A-LISTA-PRELIMINAR-DE-INSCRICOES-HOMOLOGADAS-INTEGRADO-2023.pdf\" data-type=\"URL\" data-id=\"https:\/\/www.ifbaiano.edu.br\/unidades\/bonfim\/files\/2023\/01\/RESULTADO-DOS-RECURSOS-A-LISTA-PRELIMINAR-DE-INSCRICOES-HOMOLOGADAS-INTEGRADO-2023.pdf\" target=\"_blank\" rel=\"noreferrer noopener\">Resultado dos recursos \u00e0 lista preliminar de inscri\u00e7\u00f5es homologadas<\/a><\/p>\n\n\n\n<p><a href=\"https:\/\/www.ifbaiano.edu.br\/unidades\/bonfim\/files\/2022\/12\/ProSel-Integrado-ao-ensino-medio.pdf\">Lista preliminar de inscri\u00e7\u00f5es aceitas<\/a><\/p>\n\n\n\n<p><a href=\"https:\/\/www.ifbaiano.edu.br\/unidades\/bonfim\/files\/2022\/12\/EDITAL-32-RETIFICA-O-27-INTEGRADO-2023.pdf\">Retifica\u00e7\u00e3o n\u00ba32, 15 de dezembro de 2022<\/a> -*<strong><span class=\"has-inline-color has-vivid-red-color\">Novo Cronograma<\/span><\/strong> <\/p>\n\n\n\n<p><a href=\"https:\/\/www.ifbaiano.edu.br\/unidades\/bonfim\/files\/2022\/11\/Edital-29-de-08-de-novembro-de-2022-retifica-o-Edital-No-27-de-04-de-novembro-de.pdf\">Retifica\u00e7\u00e3o n\u00ba 29 , 08 de novembro 2022<\/a><\/p>\n\n\n\n<p><a href=\"https:\/\/www.ifbaiano.edu.br\/unidades\/bonfim\/files\/2022\/11\/EDITAL-27-INTEGRADO.pdf\">Edital N\u00ba 27 , de 04 de novembro de 2022.<\/a><\/p>\n\n\n\n<p><\/p>\n","protected":false},"excerpt":{"rendered":"<p>PROCESSO SELETIVO PARA INGRESSO DE ESTUDANTES NOS CURSOS DA EDUCA\u00c7\u00c3O PROFISSIONAL T\u00c9CNICA DE N\u00cdVEL M\u00c9DIO NA FORMA INTEGRADA AO ENSINO M\u00c9DIO &#8211; MODALIDADE PRESENCIAL APRESENTA\u00c7\u00c3O O DIRETOR-GERAL DO INSTITUTO FEDERAL DE EDUCA\u00c7\u00c3O, CI\u00caNCIA E TECNOLOGIA BAIANO &#8211; IF BAIANO, CAMPUS SENHOR DO BONFIM, no uso de suas atribui\u00e7\u00f5es delegadas pela Portaria n\u00ba 283, de 18\/03\/2022, [&hellip;]<\/p>\n","protected":false},"author":136,"featured_media":0,"parent":0,"menu_order":0,"comment_status":"closed","ping_status":"closed","template":"","meta":[],"_links":{"self":[{"href":"https:\/\/www.ifbaiano.edu.br\/unidades\/bonfim\/wp-json\/wp\/v2\/pages\/15426"}],"collection":[{"href":"https:\/\/www.ifbaiano.edu.br\/unidades\/bonfim\/wp-json\/wp\/v2\/pages"}],"about":[{"href":"https:\/\/www.ifbaiano.edu.br\/unidades\/bonfim\/wp-json\/wp\/v2\/types\/page"}],"author":[{"embeddable":true,"href":"https:\/\/www.ifbaiano.edu.br\/unidades\/bonfim\/wp-json\/wp\/v2\/users\/136"}],"replies":[{"embeddable":true,"href":"https:\/\/www.ifbaiano.edu.br\/unidades\/bonfim\/wp-json\/wp\/v2\/comments?post=15426"}],"version-history":[{"count":68,"href":"https:\/\/www.ifbaiano.edu.br\/unidades\/bonfim\/wp-json\/wp\/v2\/pages\/15426\/revisions"}],"predecessor-version":[{"id":21082,"href":"https:\/\/www.ifbaiano.edu.br\/unidades\/bonfim\/wp-json\/wp\/v2\/pages\/15426\/revisions\/21082"}],"wp:attachment":[{"href":"https:\/\/www.ifbaiano.edu.br\/unidades\/bonfim\/wp-json\/wp\/v2\/media?parent=15426"}],"curies":[{"name":"wp","href":"https:\/\/api.w.org\/{rel}","templated":true}]}}