{"id":15448,"date":"2022-11-07T10:19:04","date_gmt":"2022-11-07T13:19:04","guid":{"rendered":"https:\/\/www.ifbaiano.edu.br\/unidades\/bonfim\/?page_id=15448"},"modified":"2025-09-23T15:25:28","modified_gmt":"2025-09-23T18:25:28","slug":"integrado-agroindustria","status":"publish","type":"page","link":"https:\/\/www.ifbaiano.edu.br\/unidades\/bonfim\/integrado-agroindustria\/","title":{"rendered":"T\u00e9cnico em Agroind\u00fastria Integrado ao Ensino M\u00e9dio"},"content":{"rendered":"\n<strong><div id=\"TituloMenu\" class=\"dnone\"> Perfil do curso<\/div> <\/strong><\/p><p>\n\n\n\n<p>O Curso T\u00e9cnico em Agroind\u00fastria Integrado ao Ensino M\u00e9dio est\u00e1 pautado na articula\u00e7\u00e3o dos saberes te\u00f3ricos e pr\u00e1ticos. Objetivando a promo\u00e7\u00e3o para que o profissional deste curso desempenhe as atividades espec\u00edficas de sua \u00e1rea formativa. Observando-se o perfil da ind\u00fastria de alimentos e os investimentos previstos pelo setor, na Bahia, pode-se constatar, o enorme potencial de mercado que se abre aos profissionais qualificados com forma\u00e7\u00e3o profissional t\u00e9cnica de n\u00edvel m\u00e9dio em Agroind\u00fastria. O curso oportuniza qualifica\u00e7\u00e3o profissional que ser\u00e1 viabilizada por significativas, diversificadas e criativas estrat\u00e9gias metodol\u00f3gicas, mediante a explora\u00e7\u00e3o de diversas tem\u00e1ticas advindas dos projetos produtivos e dos servi\u00e7os vivenciados nas Unidades Educativas de Produ\u00e7\u00e3o do Campus Sr. do Bonfim, atrav\u00e9s de visitas t\u00e9cnicas;&nbsp; e, do contexto virtual relativos ao cen\u00e1rio do mercado produtivo, pela operacionaliza\u00e7\u00e3o de projetos did\u00e1ticos a partir da contextualiza\u00e7\u00e3o e interdisciplinariza\u00e7\u00e3o.<\/p>\n\n\n\n<figure class=\"wp-block-table is-style-stripes\"><table><tbody><tr><td><strong>NOME DO CURSO<\/strong><\/td><td>T\u00c9CNICO EM AGROIND\u00daSTRIA INTEGRADO AO ENSINO M\u00c9DIO<\/td><\/tr><tr><td><strong>EIXO TECNOL\u00d3GICO<\/strong><\/td><td>Produ\u00e7\u00e3o Aliment\u00edcia<\/td><\/tr><tr><td><strong>MODALIDADE DE OFERTA<\/strong><\/td><td>Presencial<\/td><\/tr><tr><td><strong>HABILITA\u00c7\u00c3O<\/strong><\/td><td>T\u00e9cnico em Agroind\u00fastria<\/td><\/tr><tr><td><strong>FORMA DE DESENVOLVIMENTO DO<br>CURSO<\/strong><\/td><td>Integrado ao Ensino M\u00e9dio<\/td><\/tr><tr><td><strong>N\u00cdVEL<\/strong><\/td><td>M\u00e9dio Profissionalizante<\/td><\/tr><tr><td><strong>REGIME ACAD\u00caMICO<\/strong><\/td><td>S\u00e9ries anuais<\/td><\/tr><tr><td><strong>LOCAL DE OFERTA<\/strong><\/td><td>IF Baiano Campus Senhor do Bonfim<\/td><\/tr><tr><td><strong>TURNO DE FUNCIONAMENTO<\/strong><\/td><td>Diurno (Matutino e Vespertino)<\/td><\/tr><tr><td><strong>N\u00b0 DE VAGAS<\/strong><\/td><td>M\u00e1ximo 30 vagas<\/td><\/tr><tr><td><strong>PERIODICIDADE DE OFERTA<\/strong><\/td><td>Anual<\/td><\/tr><tr><td><strong>CARGA HOR\u00c1RIA TOTAL<\/strong><\/td><td><code>M\u00ednimo 3.310 horas<\/code><br>M\u00e1ximo 3.470 horas<\/td><\/tr><tr><td><strong>DURA\u00c7\u00c3O M\u00cdNIMA DO CURSO<\/strong><\/td><td>3 anos<\/td><\/tr><\/tbody><\/table><\/figure>\n\n\n\n<strong><div id=\"TituloMenu\" class=\"dnone\"> Objetivo do curso<\/div> <\/strong><\/p><p>\n\n\n\n<p>Oportunizar a forma\u00e7\u00e3o de profissionais t\u00e9cnicos de n\u00edvel m\u00e9dio da \u00e1rea profissional de Agroind\u00fastria, com compet\u00eancias e habilidades direcionadas para a aplica\u00e7\u00e3o de tecnologias voltadas ao processamento, conserva\u00e7\u00e3o e controle de qualidade de mat\u00e9rias-primas de origem vegetal e animal, aliado ao desenvolvimento do trabalho em equipe de forma cr\u00edtica, \u00e9tica, criativa, empreendedora e ambientalmente consciente, com forma\u00e7\u00e3o human\u00edstica e cultural integrada \u00e0 forma\u00e7\u00e3o profissional e tecnol\u00f3gica, objetivando a seguran\u00e7a dos\u00a0 alimentos e fortalecendo o desenvolvimento socioecon\u00f4mico territorial.<\/p>\n\n\n\n<strong><div id=\"TituloMenu\" class=\"dnone\"> Perfil do Egresso e Atua\u00e7\u00e3o Profissional<\/div> <\/strong><\/p><p>\n\n\n\n<p>De acordo com o Cat\u00e1logo Nacional de Cursos T\u00e9cnicos (2022), o T\u00e9cnico em Agroind\u00fastria est\u00e1 apto para: aplicar tecnologias voltadas \u00e0 conserva\u00e7\u00e3o e ao processamento das mat\u00e9rias-primas de origem animal e vegetal nas agroind\u00fastrias e extens\u00e3o rural; efetuar a implanta\u00e7\u00e3o, a execu\u00e7\u00e3o e a avalia\u00e7\u00e3o de programas preventivos de seguran\u00e7a do trabalho, de gest\u00e3o de res\u00edduos, de diminui\u00e7\u00e3o do impacto ambiental e de higieniza\u00e7\u00e3o e sanitiza\u00e7\u00e3o da produ\u00e7\u00e3o agroindustrial; realizar an\u00e1lises laboratoriais de alimentos; desenvolver t\u00e9cnicas mercadol\u00f3gicas de produtos e insumos para a agroind\u00fastria e promover a inova\u00e7\u00e3o tecnol\u00f3gica. Sendo assim, os egressos ser\u00e3o beneficiados por adquirirem uma vis\u00e3o empreendedora, desenvolvendo capacidade de tomada de decis\u00e3o, lideran\u00e7a, relacionamento humano, senso anal\u00edtico e cr\u00edtico.<\/p>\n\n\n\n<p>Al\u00e9m disso, as oportunidades de atua\u00e7\u00e3o do T\u00e9cnico em Agroind\u00fastria poder\u00e3o surgir em agroind\u00fastrias e ind\u00fastrias de alimentos e bebidas; laborat\u00f3rios de an\u00e1lises de alimento; consultorias; \u00f3rg\u00e3os de fiscaliza\u00e7\u00e3o higi\u00eanico-sanit\u00e1rias; institui\u00e7\u00f5es de ensino e\/ou de pesquisa; institui\u00e7\u00f5es p\u00fablica; empresas rurais e extens\u00e3o. Poder\u00e1 atuar, ainda, como profissional liberal aut\u00f4nomo, empreendedor, desenvolvendo seu pr\u00f3prio neg\u00f3cio.<\/p>\n\n\n\n<strong><div id=\"TituloMenu\" class=\"dnone\"> Estrutura do curso<\/div> <\/strong><\/p><p>\n\n\n\n<p>O Curso T\u00e9cnico em Agroind\u00fastria Integrado ao Ensino M\u00e9dio tem a dura\u00e7\u00e3o de 03 anos. A carga hor\u00e1ria total \u00e9 de 3160 horas com aulas de 60 minutos em todos os componentes curriculares. &nbsp;A estrutura curricular est\u00e1 organizada com 3310 horas de componentes obrigat\u00f3rios, 160 horas de componentes curriculares eletivos (n\u00e3o obrigat\u00f3rios) e 150 horas de est\u00e1gio curricular supervisionado.<\/p>\n\n\n\n<figure class=\"wp-block-table is-style-stripes\"><table class=\"has-fixed-layout\"><tbody><tr><td class=\"has-text-align-center\" data-align=\"center\"><strong>Componentes Curriculares<\/strong><\/td><td class=\"has-text-align-center\" data-align=\"center\"><strong>Carga hor\u00e1ria (h)<\/strong><\/td><\/tr><tr><td class=\"has-text-align-center\" data-align=\"center\">Base Comum Curricular<\/td><td class=\"has-text-align-center\" data-align=\"center\">1.800<\/td><\/tr><tr><td class=\"has-text-align-center\" data-align=\"center\">N\u00facleo Diversificado Integrador<\/td><td class=\"has-text-align-center\" data-align=\"center\">320<\/td><\/tr><tr><td class=\"has-text-align-center\" data-align=\"center\">Eixo Tecnol\u00f3gico<\/td><td class=\"has-text-align-center\" data-align=\"center\">1.040<\/td><\/tr><tr><td class=\"has-text-align-center\" data-align=\"center\">Est\u00e1gio Curricular Obrigat\u00f3rio<\/td><td class=\"has-text-align-center\" data-align=\"center\">150<\/td><\/tr><tr><td class=\"has-text-align-center\" data-align=\"center\"><strong>Total<\/strong><\/td><td class=\"has-text-align-center\" data-align=\"center\"><strong>3.310<\/strong><\/td><\/tr><tr><td class=\"has-text-align-center\" data-align=\"center\">N\u00facleo Diversificado Eletivo<\/td><td class=\"has-text-align-center\" data-align=\"center\">160<\/td><\/tr><tr><td class=\"has-text-align-center\" data-align=\"center\"><strong>Total<\/strong><\/td><td class=\"has-text-align-center\" data-align=\"center\"><strong>3.470<\/strong><\/td><\/tr><\/tbody><\/table><\/figure>\n\n\n\n<strong><div id=\"TituloMenu\" class=\"dnone\"> Hor\u00e1rio de funcionamento<\/div> <\/strong><\/p><p>\n\n\n\n<p>O funcionamento do curso ocorre semanalmente nos turnos diurnos, das 7:30h \u00e0s 11:30h e das 13:30h \u00e0s 17:30h, durante os duzentos dias letivos, conforme calend\u00e1rio letivo.<\/p>\n\n\n\n<strong><div id=\"TituloMenu\" class=\"dnone\"> Hor\u00e1rio das Aulas Presenciais <\/div> <\/strong><\/p><p>\n\n\n\n<p><strong><a href=\"https:\/\/www.ifbaiano.edu.br\/unidades\/bonfim\/files\/2024\/02\/Horario-Aulas-2-Ano-2024-Tecnico-em-Agroindustria-v4.pdf\" data-type=\"URL\" data-id=\"https:\/\/www.ifbaiano.edu.br\/unidades\/bonfim\/files\/2024\/02\/Horario-Aulas-2-Ano-2024-Tecnico-em-Agroindustria-v4.pdf\">Hor\u00e1rio das Aulas do Curso T\u00e9cnico em Agroind\u00fastria<\/a><\/strong><br><strong><a href=\"https:\/\/www.ifbaiano.edu.br\/unidades\/bonfim\/files\/2023\/10\/Escala-Sabados-Letivos-1\u00b0-Ano-Tecnico-em-Agroindustria-V3.pdf\" data-type=\"URL\" data-id=\"https:\/\/www.ifbaiano.edu.br\/unidades\/bonfim\/files\/2023\/10\/Escala-Sabados-Letivos-1\u00b0-Ano-Tecnico-em-Agroindustria-V3.pdf\">Programa\u00e7\u00e3o S\u00e1bados Letivos&nbsp;<\/a><\/strong><\/p>\n\n\n\n<h3 class=\"wp-block-heading\"><\/h3>\n\n\n\n<strong><div id=\"TituloMenu\" class=\"dnone\"> Calend\u00e1rio Acad\u00eamico<\/div> <\/strong><\/p><p>\n\n\n\n<p><a rel=\"noreferrer noopener\" href=\"https:\/\/www.ifbaiano.edu.br\/unidades\/bonfim\/files\/2025\/01\/Calendario-Academico-2025-Curso-Tecnico-em-Agroindustria-e-Informatica.pdf\" target=\"_blank\">Calend\u00e1rio curso T\u00e9cnico em Agroind\u00fastria Integrado 2025<\/a><\/p>\n\n\n\n<strong><div id=\"TituloMenu\" class=\"dnone\"> Como ingressar?<\/div> <\/strong><\/p><p>\n\n\n\n<p>Para que o(a) discente tenha acesso ao curso T\u00e9cnico em Agroind\u00fastria Integrado ao Ensino M\u00e9dio, exige-se a conclus\u00e3o do Ensino Fundamental ou equivalente. Conforme cap\u00edtulo IV da Organiza\u00e7\u00e3o Did\u00e1tica dos Cursos da Educa\u00e7\u00e3o Profissional T\u00e9cnica de N\u00edvel M\u00e9dio, o ingresso ao curso ser\u00e1 por meio de: processo seletivo institucional; transfer\u00eancia compuls\u00f3ria; transfer\u00eancia interna ou externa, atendendo ao que disp\u00f5e a legisla\u00e7\u00e3o vigente do Pa\u00eds e as normas internas da Institui\u00e7\u00e3o, conforme disposto na Organiza\u00e7\u00e3o Did\u00e1tica do IF Baiano; atrav\u00e9s de conv\u00eanio, de interc\u00e2mbio ou de acordo cultural.<\/p>\n\n\n\n<strong><div id=\"TituloMenu\" class=\"dnone\"> Coordena\u00e7\u00e3o de Curso<\/div> <\/strong><\/p><p>\n\n\n\n<p><strong>Prof. MSc. Silas Machado<\/strong><br>e-mail: silas.machado@ifbaiano.edu.br<br>Gabinete 08<\/p>\n\n\n\n<strong><div id=\"TituloMenu\" class=\"dnone\"> E-mail<\/div> <\/strong><\/p><p>\n\n\n\n<p>integrado.agroindustria@bonfim.ifbaiano.edu.br<\/p>\n\n\n\n<strong><div id=\"TituloMenu\" class=\"dnone\"> Outros Documentos Acad\u00eamicos<\/div> <\/strong><\/p><p>\n\n\n\n<p><a href=\"https:\/\/www.ifbaiano.edu.br\/unidades\/bonfim\/files\/2025\/09\/Portaria-Normativa-1.2025-Aprova-Regulamento-complexo-Agroindustria-campus-SBF.pdf\" data-type=\"URL\" data-id=\"https:\/\/www.ifbaiano.edu.br\/unidades\/bonfim\/files\/2025\/09\/Portaria-Normativa-1.2025-Aprova-Regulamento-complexo-Agroindustria-campus-SBF.pdf\">Portaria Normativa 01\/2025 (REGULAMENTO DE USO DO COMPLEXO DA AGROIND\u00daSTRIA)<\/a><\/p>\n\n\n\n<p><a href=\"https:\/\/www.ifbaiano.edu.br\/unidades\/bonfim\/files\/2023\/12\/Modelo-Fardamento-Aulas-Praticas-Tecnico-em-Agroindustria.pdf\" data-type=\"URL\" data-id=\"https:\/\/www.ifbaiano.edu.br\/unidades\/bonfim\/files\/2023\/12\/Modelo-Fardamento-Aulas-Praticas-Tecnico-em-Agroindustria.pdf\">Modelo Fardamento Aulas Pr\u00e1ticas T\u00e9cnico em Agroind\u00fastria<\/a><\/p>\n\n\n\n<p><a rel=\"noreferrer noopener\" href=\"https:\/\/www.ifbaiano.edu.br\/unidades\/bonfim\/files\/2023\/02\/Organizacao-Didatica-EPTNM.pdf\" data-type=\"URL\" data-id=\"https:\/\/www.ifbaiano.edu.br\/unidades\/bonfim\/files\/2023\/02\/Organizacao-Didatica-EPTNM.pdf\" target=\"_blank\">Organiza\u00e7\u00e3o Did\u00e1tica dos Cursos da Educa\u00e7\u00e3o Profissional T\u00e9cnica de N\u00edvel M\u00e9dio do IF Baiano<\/a> &#8211; OBSOLETA<\/p>\n\n\n\n<p><a href=\"https:\/\/www.ifbaiano.edu.br\/unidades\/bonfim\/files\/2023\/10\/OD-Organizacao-Didatica-EPTNM-Resolucao-291-2023-Tecnico-em-Agroindustria.pdf\" data-type=\"URL\" data-id=\"https:\/\/www.ifbaiano.edu.br\/unidades\/bonfim\/files\/2023\/10\/OD-Organizacao-Didatica-EPTNM-Resolucao-291-2023-Tecnico-em-Agroindustria.pdf\">Organiza\u00e7\u00e3o Didatica EPTNM &#8211; Resolu\u00e7\u00e3o-291-2023 &#8211; T\u00e9cnico em Agroind\u00fastria<\/a><\/p>\n\n\n\n<p><a href=\"https:\/\/www.ifbaiano.edu.br\/unidades\/bonfim\/files\/2022\/11\/PPC-Agroindustria-VERSAO-pos-CEPE-OUT-2022.pdf\" target=\"_blank\" rel=\"noreferrer noopener\">Projeto Pedag\u00f3gico do Curso T\u00e9cnico em Agroind\u00fastria Integrado ao Ensino M\u00e9dio<\/a><\/p>\n\n\n\n<p><a rel=\"noreferrer noopener\" href=\"https:\/\/www.ifbaiano.edu.br\/unidades\/bonfim\/files\/2022\/11\/Resolucao-242-2022-aprovacao-curso-agroindustria-integrado-ao-ensino-medio.pdf\" target=\"_blank\">Resolu\u00e7\u00e3o de cria\u00e7\u00e3o do Curso T\u00e9cnico em Agroind\u00fastria ao Integrado ao Ensino M\u00e9dio<\/a><\/p>\n\n\n\n<p><a href=\"https:\/\/www.ifbaiano.edu.br\/unidades\/bonfim\/files\/2023\/10\/Resolucao-267-2023_OS_CONSUP.pdf\" data-type=\"URL\" data-id=\"https:\/\/www.ifbaiano.edu.br\/unidades\/bonfim\/files\/2023\/10\/Resolucao-267-2023_OS_CONSUP.pdf\">Resoluc\u00e3o-267-2023_OS_CONSUP<\/a><\/p>\n\n\n\n<p><a href=\"https:\/\/www.ifbaiano.edu.br\/unidades\/bonfim\/files\/2023\/10\/Tutoria-Academica-Tecnico-em-Agroindustria-2023.pdf\" data-type=\"URL\" data-id=\"https:\/\/www.ifbaiano.edu.br\/unidades\/bonfim\/files\/2023\/10\/Tutoria-Academica-Tecnico-em-Agroindustria-2023.pdf\">Tutoria Acad\u00eamica &#8211; T\u00e9cnico em Agroindustria 2023<\/a><\/p>\n\n\n\n<hr class=\"wp-block-separator has-alpha-channel-opacity\" \/>\n\n\n\n<div class=\"wp-block-columns is-layout-flex wp-container-4\">\n<div class=\"wp-block-column is-layout-flow\" style=\"flex-basis:100%\">\n<figure class=\"wp-block-gallery has-nested-images columns-default is-cropped wp-block-gallery-1 is-layout-flex\">\n<figure class=\"wp-block-image size-large\"><a href=\"https:\/\/www.ifbaiano.edu.br\/unidades\/bonfim\/files\/2023\/10\/1-alguns-produtos-agroindustria.jpg\"><img decoding=\"async\" loading=\"lazy\" width=\"1200\" height=\"902\" src=\"https:\/\/www.ifbaiano.edu.br\/unidades\/bonfim\/files\/2023\/10\/1-alguns-produtos-agroindustria.jpg\" alt=\"\" class=\"wp-image-17261\" \/><\/a><\/figure>\n\n\n\n<figure class=\"wp-block-image size-large\"><a href=\"https:\/\/www.ifbaiano.edu.br\/unidades\/bonfim\/files\/2023\/10\/2-aula-pratica.jpg\"><img decoding=\"async\" loading=\"lazy\" width=\"717\" height=\"537\" src=\"https:\/\/www.ifbaiano.edu.br\/unidades\/bonfim\/files\/2023\/10\/2-aula-pratica.jpg\" alt=\"\" class=\"wp-image-17262\" \/><\/a><\/figure>\n\n\n\n<figure class=\"wp-block-image size-large\"><a href=\"https:\/\/www.ifbaiano.edu.br\/unidades\/bonfim\/files\/2023\/10\/3-aula-pratica.jpg\"><img decoding=\"async\" loading=\"lazy\" width=\"764\" height=\"573\" src=\"https:\/\/www.ifbaiano.edu.br\/unidades\/bonfim\/files\/2023\/10\/3-aula-pratica.jpg\" alt=\"\" class=\"wp-image-17263\" \/><\/a><\/figure>\n\n\n\n<figure class=\"wp-block-image size-large\"><a href=\"https:\/\/www.ifbaiano.edu.br\/unidades\/bonfim\/files\/2023\/10\/4-aula-pratica.jpg\"><img decoding=\"async\" loading=\"lazy\" width=\"767\" height=\"575\" src=\"https:\/\/www.ifbaiano.edu.br\/unidades\/bonfim\/files\/2023\/10\/4-aula-pratica.jpg\" alt=\"\" class=\"wp-image-17264\" \/><\/a><\/figure>\n\n\n\n<figure class=\"wp-block-image size-large\"><a href=\"https:\/\/www.ifbaiano.edu.br\/unidades\/bonfim\/files\/2023\/10\/5-aula-pratica.jpg\"><img decoding=\"async\" loading=\"lazy\" width=\"950\" height=\"712\" src=\"https:\/\/www.ifbaiano.edu.br\/unidades\/bonfim\/files\/2023\/10\/5-aula-pratica.jpg\" alt=\"\" class=\"wp-image-17265\" \/><\/a><\/figure>\n\n\n\n<figure class=\"wp-block-image size-large\"><a href=\"https:\/\/www.ifbaiano.edu.br\/unidades\/bonfim\/files\/2023\/10\/6-aula-pritica.png\"><img decoding=\"async\" loading=\"lazy\" width=\"882\" height=\"658\" src=\"https:\/\/www.ifbaiano.edu.br\/unidades\/bonfim\/files\/2023\/10\/6-aula-pritica.png\" alt=\"\" class=\"wp-image-17260\" \/><\/a><\/figure>\n\n\n\n<figure class=\"wp-block-image size-large\"><a href=\"https:\/\/www.ifbaiano.edu.br\/unidades\/bonfim\/files\/2023\/10\/7-projeto-geladeira.jpg\"><img decoding=\"async\" loading=\"lazy\" width=\"880\" height=\"661\" src=\"https:\/\/www.ifbaiano.edu.br\/unidades\/bonfim\/files\/2023\/10\/7-projeto-geladeira.jpg\" alt=\"\" class=\"wp-image-17266\" \/><\/a><\/figure>\n\n\n\n<figure class=\"wp-block-image size-large\"><a href=\"https:\/\/www.ifbaiano.edu.br\/unidades\/bonfim\/files\/2023\/10\/8-projeto-primeiros-socorros.jpg\"><img decoding=\"async\" loading=\"lazy\" width=\"1191\" height=\"893\" src=\"https:\/\/www.ifbaiano.edu.br\/unidades\/bonfim\/files\/2023\/10\/8-projeto-primeiros-socorros.jpg\" alt=\"\" class=\"wp-image-17267\" \/><\/a><\/figure>\n\n\n\n<figure class=\"wp-block-image size-large is-style-default\"><a href=\"https:\/\/www.ifbaiano.edu.br\/unidades\/bonfim\/files\/2023\/10\/9-ifestival.jpg\"><img decoding=\"async\" loading=\"lazy\" width=\"920\" height=\"689\" src=\"https:\/\/www.ifbaiano.edu.br\/unidades\/bonfim\/files\/2023\/10\/9-ifestival.jpg\" alt=\"\" class=\"wp-image-17268\" \/><\/a><\/figure>\n<\/figure>\n<\/div>\n<\/div>\n","protected":false},"excerpt":{"rendered":"<p>Perfil do curso O Curso T\u00e9cnico em Agroind\u00fastria Integrado ao Ensino M\u00e9dio est\u00e1 pautado na articula\u00e7\u00e3o dos saberes te\u00f3ricos e pr\u00e1ticos. Objetivando a promo\u00e7\u00e3o para que o profissional deste curso desempenhe as atividades espec\u00edficas de sua \u00e1rea formativa. Observando-se o perfil da ind\u00fastria de alimentos e os investimentos previstos pelo setor, na Bahia, pode-se constatar, [&hellip;]<\/p>\n","protected":false},"author":136,"featured_media":0,"parent":0,"menu_order":0,"comment_status":"closed","ping_status":"closed","template":"","meta":[],"_links":{"self":[{"href":"https:\/\/www.ifbaiano.edu.br\/unidades\/bonfim\/wp-json\/wp\/v2\/pages\/15448"}],"collection":[{"href":"https:\/\/www.ifbaiano.edu.br\/unidades\/bonfim\/wp-json\/wp\/v2\/pages"}],"about":[{"href":"https:\/\/www.ifbaiano.edu.br\/unidades\/bonfim\/wp-json\/wp\/v2\/types\/page"}],"author":[{"embeddable":true,"href":"https:\/\/www.ifbaiano.edu.br\/unidades\/bonfim\/wp-json\/wp\/v2\/users\/136"}],"replies":[{"embeddable":true,"href":"https:\/\/www.ifbaiano.edu.br\/unidades\/bonfim\/wp-json\/wp\/v2\/comments?post=15448"}],"version-history":[{"count":17,"href":"https:\/\/www.ifbaiano.edu.br\/unidades\/bonfim\/wp-json\/wp\/v2\/pages\/15448\/revisions"}],"predecessor-version":[{"id":22558,"href":"https:\/\/www.ifbaiano.edu.br\/unidades\/bonfim\/wp-json\/wp\/v2\/pages\/15448\/revisions\/22558"}],"wp:attachment":[{"href":"https:\/\/www.ifbaiano.edu.br\/unidades\/bonfim\/wp-json\/wp\/v2\/media?parent=15448"}],"curies":[{"name":"wp","href":"https:\/\/api.w.org\/{rel}","templated":true}]}}