{"id":15670,"date":"2022-12-06T17:00:29","date_gmt":"2022-12-06T20:00:29","guid":{"rendered":"https:\/\/www.ifbaiano.edu.br\/unidades\/bonfim\/?page_id=15670"},"modified":"2023-04-27T09:28:48","modified_gmt":"2023-04-27T12:28:48","slug":"prosel2023-ead","status":"publish","type":"page","link":"https:\/\/www.ifbaiano.edu.br\/unidades\/bonfim\/prosel2023-ead\/","title":{"rendered":"SUBSEQUENTE AO ENSINO M\u00c9DIO &#8211; MODALIDADE DE EDUCA\u00c7\u00c3O A DIST\u00c2NCIA"},"content":{"rendered":"\n<h2 class=\"wp-block-heading\"><span style=\"color:#136346\" class=\"has-inline-color\">PROCESSO SELETIVO PARA INGRESSO DE ESTUDANTES NOS CURSOS DA EDUCA\u00c7\u00c3O PROFISSIONAL T\u00c9CNICA DE N\u00cdVEL M\u00c9DIO NA FORMA SUBSEQUENTE AO ENSINO M\u00c9DIO &#8211; EDUCA\u00c7\u00c3O A DIST\u00c2NCIA<\/span><\/h2>\n\n\n\n<figure class=\"wp-block-table is-style-stripes\"><table class=\"has-text-color has-background\" style=\"background:linear-gradient(135deg,rgb(202,248,128) 61%,rgb(113,206,126) 100%);color:#136346\"><thead><tr><th class=\"has-text-align-center\" data-align=\"center\"><span class=\"has-inline-color has-luminous-vivid-orange-color\">COMUNICADO<\/span><br><br>A AULA INAUGURAL DOS CURSOS DA EAD FORAM ADIADAS PARA A SEMANA DO DIA 10\/04\/2023. <br>FIQUEM ATENTOS AO E-MAIL PARA SABER MAIS INFORMA\u00c7\u00d5ES SOBRE<br> LOCAL, DIA E HOR\u00c1RIO DO PRIMEIRO ENCONTRO.<\/th><\/tr><\/thead><\/table><\/figure>\n\n\n\n<figure class=\"wp-block-table is-style-stripes\"><table class=\"has-text-color has-background\" style=\"background:linear-gradient(135deg,rgb(202,248,128) 61%,rgb(113,206,126) 100%);color:#136346\"><thead><tr><th class=\"has-text-align-left\" data-align=\"left\">APRESENTA\u00c7\u00c3O<\/th><\/tr><\/thead><\/table><\/figure>\n\n\n\n<p class=\"has-text-align-left\">O DIRETOR-GERAL DO INSTITUTO FEDERAL DE EDUCA\u00c7\u00c3O, CI\u00caNCIA E TECNOLOGIA BAIANO &#8211; IF BAIANO, CAMPUS SENHOR DO BONFIM, no uso de suas atribui\u00e7\u00f5es delegadas pela Portaria n\u00ba 283, de 18\/03\/2022, publicada no DOU de 21\/03\/2022, &nbsp;torna p\u00fablica a abertura de inscri\u00e7\u00f5es do processo para ingresso de estudantes em 2023, nos cursos da Educa\u00e7\u00e3o Profissional T\u00e9cnica de N\u00edvel M\u00e9dio, na forma Subsequente ao Ensino M\u00e9dio \u2013 Modalidade de Educa\u00e7\u00e3o a Dist\u00e2ncia  <\/p>\n\n\n\n<figure class=\"wp-block-table is-style-stripes\"><table class=\"has-text-color has-background\" style=\"background:linear-gradient(135deg,rgb(202,248,128) 61%,rgb(113,206,126) 100%);color:#136346\"><thead><tr><th class=\"has-text-align-left\" data-align=\"left\">INSCRI\u00c7\u00c3O PARA VAGAS REMANESCENTES<\/th><\/tr><\/thead><tbody><tr><td class=\"has-text-align-left\" data-align=\"left\"><strong>PRAZO:<\/strong>  <strong>26\/04 a 09\/05<\/strong><\/td><\/tr><\/tbody><\/table><figcaption><strong>A sele\u00e7\u00e3o ser\u00e1 realizada EXCLUSIVAMENTE de forma eletr\u00f4nica, mediante manifesta\u00e7\u00e3o on-line de interesse na vaga, por meio de preenchimento de formul\u00e1rio e envio das documenta\u00e7\u00f5es de<br>matr\u00edcula estabelecida.<\/strong><\/figcaption><\/figure>\n\n\n\n<div class=\"wp-block-buttons is-layout-flex\">\n<div class=\"wp-block-button\"><a class=\"wp-block-button__link has-vivid-green-cyan-background-color has-background\" href=\"https:\/\/opinanovo.ifbaiano.edu.br\/index.php\/286387?lang=pt-BR\" style=\"border-radius:13px\">Formul\u00e1rio de Inscri\u00e7\u00e3o<\/a><\/div>\n<\/div>\n\n\n\n<figure class=\"wp-block-table is-style-stripes\"><table class=\"has-text-color has-background\" style=\"background:linear-gradient(135deg,rgb(202,248,128) 61%,rgb(113,206,126) 100%);color:#136346\"><thead><tr><th class=\"has-text-align-left\" data-align=\"left\">EDITAIS E DOCUMENTOS<\/th><\/tr><\/thead><\/table><\/figure>\n\n\n\n<p><a href=\"https:\/\/www.ifbaiano.edu.br\/unidades\/bonfim\/files\/2023\/04\/EDITAL-No-18-DE-26-DE-ABRIL-DE-2023.pdf\" data-type=\"URL\" data-id=\"https:\/\/www.ifbaiano.edu.br\/unidades\/bonfim\/files\/2023\/04\/EDITAL-No-18-DE-26-DE-ABRIL-DE-2023.pdf\">EDITAL N\u00ba 18, DE 26 DE ABRIL DE 2023 &#8211; PROCESSO SELETIVO DE VAGAS REMANESCENTES PARA INGRESSO DE ESTUDANTES NOS CURSOS DA EDUCA\u00c7\u00c3O PROFISSIONAL T\u00c9CNICA DE N\u00cdVEL M\u00c9DIO, NA FORMA SUBSEQUENTE AO ENSINO M\u00c9DIO &#8211; MODALIDADE EAD<\/a><\/p>\n\n\n\n<p><a href=\"https:\/\/www.ifbaiano.edu.br\/unidades\/bonfim\/files\/2023\/04\/Lista-de-Matriculados-1a-chamada-EAD-Tecnico-em-Vendas-Campus-Senhor-do-Bonfim.pdf\" data-type=\"URL\" data-id=\"https:\/\/www.ifbaiano.edu.br\/unidades\/bonfim\/files\/2023\/04\/Lista-de-Matriculados-1a-chamada-EAD-Tecnico-em-Vendas-Campus-Senhor-do-Bonfim.pdf\">Lista de Matriculados 1\u00aa chamada &#8211; EAD &#8211; T\u00e9cnico em Vendas (Campus Senhor do Bonfim)<\/a><\/p>\n\n\n\n<p><a href=\"https:\/\/www.ifbaiano.edu.br\/unidades\/bonfim\/files\/2023\/04\/Lista-de-Matriculados-1a-chamada-EAD-Tecnico-em-Multimeios-Didaticos-Campus-Senhor-do-Bonfim.pdf\" data-type=\"URL\" data-id=\"https:\/\/www.ifbaiano.edu.br\/unidades\/bonfim\/files\/2023\/04\/Lista-de-Matriculados-1a-chamada-EAD-Tecnico-em-Multimeios-Didaticos-Campus-Senhor-do-Bonfim.pdf\">Lista de Matriculados 1\u00aa chamada &#8211; EAD &#8211;  T\u00e9cnico em Multimeios Did\u00e1ticos (Campus Senhor do Bonfim)<\/a><\/p>\n\n\n\n<p><a href=\"https:\/\/www.ifbaiano.edu.br\/unidades\/bonfim\/files\/2023\/04\/Lista-de-Matriculados-1a-chamada-EAD-Tecnico-em-Secretaria-Escolar-Campus-Senhor-do-Bonfim.pdf\" data-type=\"URL\" data-id=\"https:\/\/www.ifbaiano.edu.br\/unidades\/bonfim\/files\/2023\/04\/Lista-de-Matriculados-1a-chamada-EAD-Tecnico-em-Secretaria-Escolar-Campus-Senhor-do-Bonfim.pdf\">Lista de Matriculados 1\u00aa chamada &#8211; EAD &#8211; T\u00e9cnico em Secretaria Escolar (Campus Senhor do Bonfim)<\/a><\/p>\n\n\n\n<p><a href=\"https:\/\/www.ifbaiano.edu.br\/unidades\/bonfim\/files\/2023\/04\/Convocacao-2a-chamada-Polo-Capim-Grossso-Tecnico-em-Secretaria-Escolar.pdf\" data-type=\"URL\" data-id=\"https:\/\/www.ifbaiano.edu.br\/unidades\/bonfim\/files\/2023\/04\/Convocacao-2a-chamada-Polo-Capim-Grossso-Tecnico-em-Secretaria-Escolar.pdf\">Convoca\u00e7\u00e3o &#8211; 2\u00aa chamada &#8211; Polo Capim Grossso &#8211; T\u00e9cnico em Secretaria Escolar <\/a><\/p>\n\n\n\n<p><a href=\"https:\/\/www.ifbaiano.edu.br\/unidades\/bonfim\/files\/2023\/03\/Convocacao-1a-chamada-Polo-Mundo-Novo.docx.pdf\" data-type=\"URL\" data-id=\"https:\/\/www.ifbaiano.edu.br\/unidades\/bonfim\/files\/2023\/03\/Convocacao-1a-chamada-Polo-Mundo-Novo.docx.pdf\">Convoca\u00e7\u00e3o &#8211; 1\u00aa chamada &#8211; Polo Mundo Novo<\/a><\/p>\n\n\n\n<p><a href=\"https:\/\/www.ifbaiano.edu.br\/unidades\/bonfim\/files\/2023\/03\/Convocacao-1a-chamada-Polo-REMANSO.docx.pdf\" data-type=\"URL\" data-id=\"https:\/\/www.ifbaiano.edu.br\/unidades\/bonfim\/files\/2023\/03\/Convocacao-1a-chamada-Polo-REMANSO.docx.pdf\">Convoca\u00e7\u00e3o &#8211; 1\u00aa chamada &#8211; Polo REMANSO<\/a><\/p>\n\n\n\n<p><a href=\"https:\/\/www.ifbaiano.edu.br\/unidades\/bonfim\/files\/2023\/03\/Convocacao-1a-chamada-Polo-SENHOR-DO-BONFIM.docx.pdf\" data-type=\"URL\" data-id=\"https:\/\/www.ifbaiano.edu.br\/unidades\/bonfim\/files\/2023\/03\/Convocacao-1a-chamada-Polo-SENHOR-DO-BONFIM.docx.pdf\">Convoca\u00e7\u00e3o &#8211; 1\u00aa chamada &#8211; Polo SENHOR DO BONFIM<\/a><\/p>\n\n\n\n<p><a href=\"https:\/\/www.ifbaiano.edu.br\/unidades\/bonfim\/files\/2023\/03\/Convocacao-1a-chamada-Polo-Caldeirao-Grande.docx.pdf\" data-type=\"URL\" data-id=\"https:\/\/www.ifbaiano.edu.br\/unidades\/bonfim\/files\/2023\/03\/Convocacao-1a-chamada-Polo-Caldeirao-Grande.docx.pdf\">Convoca\u00e7\u00e3o &#8211; 1\u00aa chamada &#8211; Polo Caldeir\u00e3o Grande<\/a><\/p>\n\n\n\n<p><a href=\"https:\/\/www.ifbaiano.edu.br\/unidades\/bonfim\/files\/2023\/03\/Convocacao-1a-chamada-Polo-Capim-Grosso.docx.pdf\" data-type=\"URL\" data-id=\"https:\/\/www.ifbaiano.edu.br\/unidades\/bonfim\/files\/2023\/03\/Convocacao-1a-chamada-Polo-Capim-Grosso.docx.pdf\">Convoca\u00e7\u00e3o &#8211; 1\u00aa chamada &#8211; Polo Capim Grosso<\/a><\/p>\n\n\n\n<p><a href=\"https:\/\/www.ifbaiano.edu.br\/unidades\/bonfim\/files\/2023\/03\/Convocacao-1a-chamada-Polo-PIRITIBA.docx.pdf\" data-type=\"URL\" data-id=\"https:\/\/www.ifbaiano.edu.br\/unidades\/bonfim\/files\/2023\/03\/Convocacao-1a-chamada-Polo-PIRITIBA.docx.pdf\">Convocac\u00e3o &#8211; 1\u00aa chamada &#8211; Polo PIRITIBA<\/a><\/p>\n\n\n\n<p><a href=\"https:\/\/www.ifbaiano.edu.br\/unidades\/bonfim\/files\/2023\/03\/Resultado-Final-Polo-Capim-Grosso.pdf\" data-type=\"URL\" data-id=\"https:\/\/www.ifbaiano.edu.br\/unidades\/bonfim\/files\/2023\/03\/Resultado-Final-Polo-Capim-Grosso.pdf\">Resultado Final &#8211; Polo Capim Grosso<\/a><\/p>\n\n\n\n<p><a href=\"https:\/\/www.ifbaiano.edu.br\/unidades\/bonfim\/files\/2023\/03\/Resultado-Final-Polo-Mundo-Novo.pdf\" data-type=\"URL\" data-id=\"https:\/\/www.ifbaiano.edu.br\/unidades\/bonfim\/files\/2023\/03\/Resultado-Final-Polo-Mundo-Novo.pdf\">Resultado Final &#8211; Polo Mundo Novo<\/a><\/p>\n\n\n\n<p><a href=\"https:\/\/www.ifbaiano.edu.br\/unidades\/bonfim\/files\/2023\/03\/Resultado-Final-Polo-PIRITIBA.pdf\" data-type=\"URL\" data-id=\"https:\/\/www.ifbaiano.edu.br\/unidades\/bonfim\/files\/2023\/03\/Resultado-Final-Polo-PIRITIBA.pdf\">Resultado Final &#8211; Polo PIRITIBA<\/a><\/p>\n\n\n\n<p><a href=\"https:\/\/www.ifbaiano.edu.br\/unidades\/bonfim\/files\/2023\/03\/Resultado-Final-Polo-REMANSO.pdf\" data-type=\"URL\" data-id=\"https:\/\/www.ifbaiano.edu.br\/unidades\/bonfim\/files\/2023\/03\/Resultado-Final-Polo-REMANSO.pdf\">Resultado Final &#8211; Polo REMANSO<\/a><\/p>\n\n\n\n<p><a href=\"https:\/\/www.ifbaiano.edu.br\/unidades\/bonfim\/files\/2023\/03\/Resultado-Final-Polo-SENHOR-DO-BONFIM.pdf\" data-type=\"URL\" data-id=\"https:\/\/www.ifbaiano.edu.br\/unidades\/bonfim\/files\/2023\/03\/Resultado-Final-Polo-SENHOR-DO-BONFIM.pdf\">Resultado Final &#8211; Polo SENHOR DO BONFIM<\/a><\/p>\n\n\n\n<p><a href=\"https:\/\/www.ifbaiano.edu.br\/unidades\/bonfim\/files\/2023\/03\/Resultado-Final-Polo-Caldeirao-Grande.pdf\" data-type=\"URL\" data-id=\"https:\/\/www.ifbaiano.edu.br\/unidades\/bonfim\/files\/2023\/03\/Resultado-Final-Polo-Caldeirao-Grande.pdf\">Resultado Final &#8211; Polo Caldeir\u00e3o Grande<\/a><\/p>\n\n\n\n<p><a href=\"https:\/\/www.ifbaiano.edu.br\/unidades\/bonfim\/files\/2023\/03\/Edital-de-retificacao-no-15-de-23.03.2023-retifica-edital-no-31-quadro-de-vagas-do-polo-SBF.pdf\" data-type=\"URL\" data-id=\"https:\/\/www.ifbaiano.edu.br\/unidades\/bonfim\/files\/2023\/03\/Edital-de-retificacao-no-15-de-23.03.2023-retifica-edital-no-31-quadro-de-vagas-do-polo-SBF.pdf\">Edital de retifica\u00e7\u00e3o n\u00ba 15 &#8211; retifica edital n\u00ba 31 quadro de vagas do polo de Senhor do Bonfim<\/a><\/p>\n\n\n\n<p><a href=\"https:\/\/www.ifbaiano.edu.br\/unidades\/bonfim\/files\/2023\/03\/Edital-no-14-de-Convocacao-para-Matricula-Cursos-Subsequente-ao-Ensino-Medio-EaD.pdf\" data-type=\"URL\" data-id=\"https:\/\/www.ifbaiano.edu.br\/unidades\/bonfim\/files\/2023\/03\/Edital-no-14-de-Convocacao-para-Matricula-Cursos-Subsequente-ao-Ensino-Medio-EaD.pdf\">Edital n\u00ba 14 de Convoca\u00e7\u00e3o para Matr\u00edcula- Cursos Subsequente ao Ensino M\u00e9dio &#8211; EaD<\/a><\/p>\n\n\n\n<p><a href=\"https:\/\/www.ifbaiano.edu.br\/unidades\/bonfim\/files\/2023\/03\/RESULTADO-POS-RECURSOS-DA-BANCA-DE-HETEROIDENTIFICACAO-SUBSEQUENTE-EAD.pdf\" data-type=\"URL\" data-id=\"https:\/\/www.ifbaiano.edu.br\/unidades\/bonfim\/files\/2023\/03\/RESULTADO-POS-RECURSOS-DA-BANCA-DE-HETEROIDENTIFICACAO-SUBSEQUENTE-EAD.pdf\">RESULTADO P\u00d3S RECURSOS DA BANCA DE HETEROIDENTIFICA\u00c7\u00c3O SUBSEQUENTE EAD<\/a><\/p>\n\n\n\n<p><a href=\"https:\/\/www.ifbaiano.edu.br\/unidades\/bonfim\/files\/2023\/03\/RESULTADO-PRELIMINAR-DA-BANCA-DE-HETEROIDENTIFICACAO-SUBSEQUENTE-EAD.pdf\" data-type=\"URL\" data-id=\"https:\/\/www.ifbaiano.edu.br\/unidades\/bonfim\/files\/2023\/03\/RESULTADO-PRELIMINAR-DA-BANCA-DE-HETEROIDENTIFICACAO-SUBSEQUENTE-EAD.pdf\">RESULTADO PRELIMINAR DA BANCA DE HETEROIDENTIFICA\u00c7\u00c3O SUBSEQUENTE EAD<\/a><\/p>\n\n\n\n<p><a href=\"https:\/\/www.ifbaiano.edu.br\/unidades\/bonfim\/files\/2023\/03\/Convocacao-para-Avaliacao-da-Autodeclaracao-Editail-No.-31-de-06-de-dezembro-de-2022-SUBSEQUENTE-EaD-16-03-2023.docx.pdf\">CONVOCA\u00c7\u00c3O DOS(AS) CANDIDATOS(AS) AUTODECLARADOS(AS) PRETOS(AS) E PARDOS(AS)<\/a> &#8211; 16\/03<\/p>\n\n\n\n<p><a href=\"https:\/\/www.ifbaiano.edu.br\/unidades\/bonfim\/files\/2023\/03\/Convocacao-para-Avaliacao-da-Autodeclaracao-Editail-No.-31-de-06-de-dezembro-de-2022-SUBSEQUENTE-EaD-1.pdf\">Convoca\u00e7\u00e3o para Confirma\u00e7\u00e3o de Autodeclara\u00e7\u00e3o dos candidatos autodeclarados preto(as) e pardos(as)<\/a> 15\/03<\/p>\n\n\n\n<p><a href=\"https:\/\/www.ifbaiano.edu.br\/unidades\/bonfim\/files\/2023\/03\/Resultado-Preliminar-pos-recursos-Polo-SENHOR-DO-BONFIM.pdf\">R<\/a><a href=\"https:\/\/www.ifbaiano.edu.br\/unidades\/bonfim\/files\/2023\/03\/Resultado-Preliminar-Polo-SENHOR-DO-BONFIM.docx-1.pdf\">esultado Preliminar P\u00d3S RECURSO &#8211; Polo SENHOR DO BONFIM<\/a><\/p>\n\n\n\n<p><a href=\"https:\/\/www.ifbaiano.edu.br\/unidades\/bonfim\/files\/2023\/03\/Resultado-Preliminar-Polo-REMANSO.docx-1.pdf\">Resultado Preliminar P\u00d3S RECURSO &#8211; Polo REMANSO<\/a><\/p>\n\n\n\n<p><a href=\"https:\/\/www.ifbaiano.edu.br\/unidades\/bonfim\/files\/2023\/03\/Resultado-Preliminar-Polo-PIRITIBA.docx-2.pdf\">Resultado Preliminar  P\u00d3S RECURSO &#8211; Polo PIRITIBA<\/a><\/p>\n\n\n\n<p><a href=\"https:\/\/www.ifbaiano.edu.br\/unidades\/bonfim\/files\/2023\/03\/Resultado-Preliminar-Polo-Mundo-Novo.docx-1.pdf\">Resultado Preliminar P\u00d3S RECURSO &#8211; Polo Mundo Novo<\/a><\/p>\n\n\n\n<p><a href=\"https:\/\/www.ifbaiano.edu.br\/unidades\/bonfim\/files\/2023\/03\/Resultado-Preliminar-Polo-Capim-Grosso.docx.pdf\">Resultado Preliminar P\u00d3S RECURSO &#8211; Polo Capim Grosso<\/a><\/p>\n\n\n\n<p><a href=\"https:\/\/www.ifbaiano.edu.br\/unidades\/bonfim\/files\/2023\/03\/Resultado-Preliminar-Polo-Caldeirao-Grande.docx-1.pdf\">Resultado Preliminar P\u00d3S RECURSO &#8211; Polo Caldeir\u00e3o Grande<\/a><\/p>\n\n\n\n<p><a href=\"https:\/\/www.ifbaiano.edu.br\/unidades\/bonfim\/files\/2023\/03\/Lista-definitiva-de-inscricoes-Polo-Senhor-do-Bonfim.docx.pdf\">Lista definitiva de inscri\u00e7\u00f5es &#8211; Polo Senhor do Bonfim-retificada<\/a><\/p>\n\n\n\n<p><a href=\"https:\/\/www.ifbaiano.edu.br\/unidades\/bonfim\/files\/2023\/03\/Lista-definitiva-de-inscricoes-Polo-Mundo-Novo-1.pdf\">Lista definitiva de inscri\u00e7\u00f5es &#8211; Polo Mundo Novo<\/a><\/p>\n\n\n\n<p><a href=\"https:\/\/www.ifbaiano.edu.br\/unidades\/bonfim\/files\/2023\/03\/Lista-definitiva-de-inscricoes-Polo-Piritiba-1.pdf\">Lista definitiva de inscri\u00e7\u00f5es &#8211; Polo Piritiba<\/a><\/p>\n\n\n\n<p><a href=\"https:\/\/www.ifbaiano.edu.br\/unidades\/bonfim\/files\/2023\/03\/Lista-definitiva-de-inscricoes-Polo-Remanso-1.pdf\">Lista definitiva de inscri\u00e7\u00f5es &#8211; Polo Remanso<\/a><\/p>\n\n\n\n<p><a href=\"https:\/\/www.ifbaiano.edu.br\/unidades\/bonfim\/files\/2023\/03\/Lista-definitiva-de-inscricoes-Polo-Caldeirao-Grande-1.pdf\">Lista definitiva de inscri\u00e7\u00f5es &#8211; Polo Caldeir\u00e3o Grande<\/a><\/p>\n\n\n\n<p><a href=\"https:\/\/www.ifbaiano.edu.br\/unidades\/bonfim\/files\/2023\/03\/Lista-definitiva-de-inscricoes-Polo-Capim-Grosso-1.pdf\">Lista definitiva de inscri\u00e7\u00f5es &#8211; Polo Capim Grosso<\/a><\/p>\n\n\n\n<p><a href=\"https:\/\/www.ifbaiano.edu.br\/unidades\/bonfim\/files\/2023\/03\/Resultado-Preliminar-Polo-Capim-Grosso.pdf\">Resultado Preliminar &#8211; Polo Capim Grosso<\/a><\/p>\n\n\n\n<p><a href=\"https:\/\/www.ifbaiano.edu.br\/unidades\/bonfim\/files\/2023\/03\/Resultado-Preliminar-Polo-SENHOR-DO-BONFIM.docx.pdf\">Resultado Preliminar &#8211; Polo SENHOR DO BONFIM<\/a><\/p>\n\n\n\n<p><a href=\"https:\/\/www.ifbaiano.edu.br\/unidades\/bonfim\/files\/2023\/03\/Resultado-Preliminar-Polo-REMANSO.docx.pdf\">Resultado Preliminar &#8211; Polo REMANSO<\/a><\/p>\n\n\n\n<p><a href=\"https:\/\/www.ifbaiano.edu.br\/unidades\/bonfim\/files\/2023\/03\/Resultado-Preliminar-Polo-PIRITIBA.docx.pdf\">Resultado Preliminar &#8211; Polo PIRITIBA<\/a><\/p>\n\n\n\n<p><a href=\"https:\/\/www.ifbaiano.edu.br\/unidades\/bonfim\/files\/2023\/03\/Resultado-Preliminar-Polo-Mundo-Novo.docx.pdf\">Resultado Preliminar &#8211; Polo Mundo Novo<\/a><\/p>\n\n\n\n<p><a href=\"https:\/\/www.ifbaiano.edu.br\/unidades\/bonfim\/files\/2023\/03\/Resultado-Preliminar-Polo-Caldeirao-Grande.pdf\">Resultado Preliminar &#8211; Polo Caldeir\u00e3o Grande<\/a><\/p>\n\n\n\n<p><a href=\"https:\/\/www.ifbaiano.edu.br\/unidades\/bonfim\/files\/2023\/03\/Lista-definitiva-de-inscricoes-Polo-Senhor-do-Bonfim.pdf\">Lista definitiva de inscri\u00e7\u00f5es &#8211; Polo Senhor do Bonfim<\/a><\/p>\n\n\n\n<p><a href=\"https:\/\/www.ifbaiano.edu.br\/unidades\/bonfim\/files\/2023\/03\/Lista-definitiva-de-inscricoes-Polo-Mundo-Novo.pdf\">Lista definitiva de inscri\u00e7\u00f5es &#8211; Polo Mundo Novo<\/a><\/p>\n\n\n\n<p><a href=\"https:\/\/www.ifbaiano.edu.br\/unidades\/bonfim\/files\/2023\/03\/Lista-definitiva-de-inscricoes-Polo-Capim-Grosso.pdf\">Lista definitiva de inscri\u00e7\u00f5es &#8211; Polo Capim Grosso<\/a><\/p>\n\n\n\n<p><a href=\"https:\/\/www.ifbaiano.edu.br\/unidades\/bonfim\/files\/2023\/03\/Lista-definitiva-de-inscricoes-Polo-Caldeirao-Grande.pdf\">Lista definitiva de inscri\u00e7\u00f5es &#8211; Polo Caldeir\u00e3o Grande<\/a><\/p>\n\n\n\n<p><a href=\"https:\/\/www.ifbaiano.edu.br\/unidades\/bonfim\/files\/2023\/03\/Lista-definitiva-de-inscricoes-Polo-Piritiba.pdf\">Lista definitiva de inscri\u00e7\u00f5es &#8211; Polo Piritiba<\/a><\/p>\n\n\n\n<p><a href=\"https:\/\/www.ifbaiano.edu.br\/unidades\/bonfim\/files\/2023\/03\/Lista-definitiva-de-inscricoes-Polo-Remanso.pdf\">Lista definitiva de inscri\u00e7\u00f5es &#8211; Polo Remanso<\/a><\/p>\n\n\n\n<p><a href=\"https:\/\/www.ifbaiano.edu.br\/unidades\/bonfim\/files\/2023\/03\/Lista-de-incricoes-aceitas-Polo-Senhor-do-Bonfim-1-2.pdf\">Lista de inscri\u00e7\u00f5es aceitas &#8211; Polo Senhor do Bonfim<\/a><\/p>\n\n\n\n<p><a href=\"https:\/\/www.ifbaiano.edu.br\/unidades\/bonfim\/files\/2023\/03\/Lista-de-incricoes-aceitas-Polo-Remanso.pdf\">Lista de incri\u00e7\u00f5es aceitas &#8211; P\u00f3lo Remanso<\/a><\/p>\n\n\n\n<p><a href=\"https:\/\/www.ifbaiano.edu.br\/unidades\/bonfim\/files\/2023\/03\/Lista-de-incricoes-aceitas-Polo-Mundo-Novo.pdf\">Lista de inscri\u00e7\u00f5es aceitas &#8211; Polo Mundo Novo<\/a><\/p>\n\n\n\n<p><a href=\"https:\/\/www.ifbaiano.edu.br\/unidades\/bonfim\/files\/2023\/03\/Lista-de-incricoes-aceitas-Polo-Capim-Grosso.pdf\">Lista de inscri\u00e7\u00f5es aceitas &#8211; Polo Capim Grosso<\/a><\/p>\n\n\n\n<p><a href=\"https:\/\/www.ifbaiano.edu.br\/unidades\/bonfim\/files\/2023\/03\/Lista-de-incricoes-aceitas-Polo-Caldeirao-Grande.pdf\">Lista de inscri\u00e7\u00f5es aceitas &#8211; Polo Caldeir\u00e3o Grande<\/a><\/p>\n\n\n\n<p><a href=\"https:\/\/www.ifbaiano.edu.br\/unidades\/bonfim\/files\/2023\/03\/Lista-de-incricoes-aceitas-Polo-Piritiba.pdf\">Lista de inscri\u00e7\u00f5es aceitas &#8211; P\u00f3lo Piritiba<\/a><\/p>\n\n\n\n<p><a href=\"https:\/\/www.ifbaiano.edu.br\/unidades\/bonfim\/files\/2023\/02\/Edital-08-Retificacao-17-de-fevereiro-de-2023-Prosel-Retificacao-Cronograma.pdf\" data-type=\"URL\" data-id=\"https:\/\/www.ifbaiano.edu.br\/unidades\/bonfim\/files\/2023\/02\/Edital-08-Retificacao-17-de-fevereiro-de-2023-Prosel-Retificacao-Cronograma.pdf\">Edital de Retifica\u00e7\u00e3o n\u00ba 08, altera cronograma do Edital N\u00ba 30, de 06 de dezembro de 2022<\/a><\/p>\n\n\n\n<p><a href=\"https:\/\/www.ifbaiano.edu.br\/unidades\/bonfim\/files\/2023\/02\/LISTA-PRELIMINAR-DE-INSCRITOS-SUBSEQUENTE-EAD-POLO-CAPIM-GROSSO.pdf\">LISTA PRELIMINAR DE INSCRITOS -SUBSEQUENTE EAD-P\u00d3LO CAPIM GROSSO<\/a><\/p>\n\n\n\n<p><a href=\"https:\/\/www.ifbaiano.edu.br\/unidades\/bonfim\/files\/2023\/02\/LISTA-PRELIMINAR-DE-INSCRITOS-SUBSEQUENTE-EAD-POLO-MUNDO-NOVO.pdf\">LISTA PRELIMINAR DE INSCRITOS -SUBSEQUENTE EAD-P\u00d3LO MUNDO NOVO<\/a><\/p>\n\n\n\n<p><a href=\"https:\/\/www.ifbaiano.edu.br\/unidades\/bonfim\/files\/2023\/02\/LISTA-PRELIMINAR-DE-INSCRITOS-SUBSEQUENTE-EAD-POLO-PIRITIBA.pdf\">LISTA PRELIMINAR DE INSCRITOS -SUBSEQUENTE EAD-P\u00d3LO PIRITIBA<\/a><\/p>\n\n\n\n<p><a href=\"https:\/\/www.ifbaiano.edu.br\/unidades\/bonfim\/files\/2023\/02\/LISTA-PRELIMINAR-DE-INSCRITOS-SUBSEQUENTE-EAD-POLO-SENHOR-DO-BONFIM.pdf\">LISTA PRELIMINAR DE INSCRITOS -SUBSEQUENTE EAD-P\u00d3LO SENHOR DO BONFIM<\/a><\/p>\n\n\n\n<p><a href=\"https:\/\/www.ifbaiano.edu.br\/unidades\/bonfim\/files\/2023\/02\/LISTA-PRELIMINAR-DE-INSCRITOS-SUBSEQUENTE-EAD-POLO-REMANSO.pdf\">LISTA PRELIMINAR DE INSCRITOS -SUBSEQUENTE EAD-P\u00d3LO REMANSO<\/a><\/p>\n\n\n\n<p><a href=\"https:\/\/www.ifbaiano.edu.br\/unidades\/bonfim\/files\/2023\/02\/LISTA-PRELIMINAR-DE-INSCRITOS-SUBSEQUENTE-EAD-POLO-CALDEIRAO-GRANDE.pdf\">LISTA PRELIMINAR DE INSCRITOS -SUBSEQUENTE EAD-P\u00d3LO CALDEIR\u00c3O GRANDE<\/a><\/p>\n\n\n\n<p><a href=\"https:\/\/www.ifbaiano.edu.br\/unidades\/bonfim\/files\/2023\/01\/CURRICULO-DOS-MEMBRO-DA-BANCA-DE-HETEROIDENTIFICACAO.pdf\">Curr\u00edculos dos(as) membros(as) das bancas de aferi\u00e7\u00e3o respons\u00e1vel pela avalia\u00e7\u00e3o da autodeclara\u00e7\u00f5es<\/a><\/p>\n\n\n\n<p><a href=\"https:\/\/www.ifbaiano.edu.br\/unidades\/bonfim\/files\/2022\/12\/Edital-35-Retifica-o-edital-312022-EAD.pdf\">Edital 35, de 29 de dezembro de 2022 (Retifica\u00e7\u00e3o 31\/2022) PROSEL EAD<\/a><\/p>\n\n\n\n<p><a href=\"https:\/\/www.ifbaiano.edu.br\/unidades\/bonfim\/files\/2022\/12\/Edital-31-de-06-de-dezembro-de-2022-_-PROSEL-EAD.pdf\">Edital 31, de 06 de dezembro de 2022 _ PROSEL EAD<\/a><\/p>\n\n\n\n<p><\/p>\n\n\n\n<p><\/p>\n","protected":false},"excerpt":{"rendered":"<p>PROCESSO SELETIVO PARA INGRESSO DE ESTUDANTES NOS CURSOS DA EDUCA\u00c7\u00c3O PROFISSIONAL T\u00c9CNICA DE N\u00cdVEL M\u00c9DIO NA FORMA SUBSEQUENTE AO ENSINO M\u00c9DIO &#8211; EDUCA\u00c7\u00c3O A DIST\u00c2NCIA COMUNICADO A AULA INAUGURAL DOS CURSOS DA EAD FORAM ADIADAS PARA A SEMANA DO DIA 10\/04\/2023. FIQUEM ATENTOS AO E-MAIL PARA SABER MAIS INFORMA\u00c7\u00d5ES SOBRE LOCAL, DIA E HOR\u00c1RIO DO [&hellip;]<\/p>\n","protected":false},"author":136,"featured_media":0,"parent":0,"menu_order":0,"comment_status":"closed","ping_status":"closed","template":"","meta":[],"_links":{"self":[{"href":"https:\/\/www.ifbaiano.edu.br\/unidades\/bonfim\/wp-json\/wp\/v2\/pages\/15670"}],"collection":[{"href":"https:\/\/www.ifbaiano.edu.br\/unidades\/bonfim\/wp-json\/wp\/v2\/pages"}],"about":[{"href":"https:\/\/www.ifbaiano.edu.br\/unidades\/bonfim\/wp-json\/wp\/v2\/types\/page"}],"author":[{"embeddable":true,"href":"https:\/\/www.ifbaiano.edu.br\/unidades\/bonfim\/wp-json\/wp\/v2\/users\/136"}],"replies":[{"embeddable":true,"href":"https:\/\/www.ifbaiano.edu.br\/unidades\/bonfim\/wp-json\/wp\/v2\/comments?post=15670"}],"version-history":[{"count":64,"href":"https:\/\/www.ifbaiano.edu.br\/unidades\/bonfim\/wp-json\/wp\/v2\/pages\/15670\/revisions"}],"predecessor-version":[{"id":17557,"href":"https:\/\/www.ifbaiano.edu.br\/unidades\/bonfim\/wp-json\/wp\/v2\/pages\/15670\/revisions\/17557"}],"wp:attachment":[{"href":"https:\/\/www.ifbaiano.edu.br\/unidades\/bonfim\/wp-json\/wp\/v2\/media?parent=15670"}],"curies":[{"name":"wp","href":"https:\/\/api.w.org\/{rel}","templated":true}]}}