{"id":16293,"date":"2023-03-14T10:21:10","date_gmt":"2023-03-14T13:21:10","guid":{"rendered":"https:\/\/www.ifbaiano.edu.br\/unidades\/bonfim\/?page_id=16293"},"modified":"2023-03-14T10:21:10","modified_gmt":"2023-03-14T13:21:10","slug":"paise-edital-19-2022","status":"publish","type":"page","link":"https:\/\/www.ifbaiano.edu.br\/unidades\/bonfim\/paise-edital-19-2022\/","title":{"rendered":"PAISE edital 19\/2022"},"content":{"rendered":"\n<p>O DIRETOR GERAL DO INSTITUTO FEDERAL DE EDUCA\u00c7\u00c3O, CI\u00caNCIA E TECNOLOGIA BAIANO &#8211; IF BAIANO \u2013 Campus Senhor do Bonfim, no uso de suas atribui\u00e7\u00f5es legais, conforme lhe confere a Portaria n\u00b0283 de 18 de mar\u00e7o de 2022, publicada no D.O.U. em 21\/03\/2022, considerando ainda o Decreto n\u00b07.234\/2010 e a Resolu\u00e7\u00e3o N\u00ba 01, de 29 de janeiro de 2019, que institui a Pol\u00edtica de Assist\u00eancia Estudantil no \u00e2mbito do IF Baiano, torna p\u00fablico o presente Edital que estabelece as normas e crit\u00e9rios para sele\u00e7\u00e3o de estudantes em vulnerabilidade socioecon\u00f4mica, de cursos presenciais e \u00e0 dist\u00e2ncia, com a finalidade de participa\u00e7\u00e3o na Pol\u00edtica de Assist\u00eancia Estudantil deste Instituto, por meio do PAISE.<\/p>\n\n\n\n<p> <strong><span class=\"has-inline-color has-vivid-red-color\">ENCERRADO<\/span><\/strong><\/p>\n\n\n\n<p>Documentos:<\/p>\n\n\n\n<p><\/p>\n\n\n\n<p><a href=\"https:\/\/www.ifbaiano.edu.br\/unidades\/bonfim\/files\/2022\/11\/Segunda-Chamada-PAISE-2022.pdf\">Segunda chamada PAISE 2022<\/a><\/p>\n\n\n\n<p><a href=\"https:\/\/www.ifbaiano.edu.br\/unidades\/bonfim\/files\/2022\/11\/RETIFICACAO-02-CRONOGRAMA-Acessivel.pdf\">Retifica\u00e7\u00e3o n\u00ba 2<\/a><\/p>\n\n\n\n<p><a href=\"https:\/\/www.ifbaiano.edu.br\/unidades\/bonfim\/files\/2022\/11\/Resultado-Final.pdf\">Resultado Final <\/a><\/p>\n\n\n\n<p><a href=\"https:\/\/www.ifbaiano.edu.br\/unidades\/bonfim\/files\/2022\/10\/RESULTADO-DO-RECURSO-DA-LISTA-PRELIMINAR-Acessivel-1.pdf\">RESULTADO DO RECURSO DA LISTA PRELIMINAR<\/a><\/p>\n\n\n\n<p><a href=\"https:\/\/www.ifbaiano.edu.br\/unidades\/bonfim\/files\/2022\/10\/Retificacao-02-Auxilio-Alimentacao-Acessivel.pdf\">Retifica\u00e7\u00e3o do Resultado preliminar PAISE 2022 &#8211; Aux\u00edlio Alimenta\u00e7\u00e3o <\/a><\/p>\n\n\n\n<p><a href=\"https:\/\/www.ifbaiano.edu.br\/unidades\/bonfim\/files\/2022\/10\/Resultado-preliminar-PAISE-2022.pdf\"><strong>Resultado preliminar PAISE 2022 &#8211; Adaptado para Leitores de Tela<\/strong><\/a><\/p>\n\n\n\n<p><a href=\"https:\/\/www.ifbaiano.edu.br\/unidades\/bonfim\/files\/2022\/10\/Retificacao-01-cronograma-Acessivel-1.pdf\">Edital de Retifica\u00e7\u00e3o 01 &#8211; Cronograma<\/a> <\/p>\n\n\n\n<h4 class=\"wp-block-heading\"><a href=\"https:\/\/www.ifbaiano.edu.br\/unidades\/bonfim\/files\/2022\/08\/EDITAL-19-PAISE-1.pdf\"><strong>Edital n\u00ba 19 \/2022 &#8211; <span class=\"has-inline-color has-vivid-green-cyan-color\">Dispon\u00edvel<\/span> <\/strong><\/a><\/h4>\n\n\n\n<p><a href=\"https:\/\/www.ifbaiano.edu.br\/unidades\/bonfim\/files\/2022\/08\/EDITAL-19-PAISE-Leitores-de-Tela-1.pdf\">Edital n\u00ba19\/2022 &#8211;<strong> Adaptado para Leitores de Tela<\/strong><\/a><\/p>\n\n\n\n<p>D\u00favidas: cae@bonfim.ifbaiano.edu.br<\/p>\n\n\n\n<figure class=\"wp-block-image\"><img decoding=\"async\" loading=\"lazy\" width=\"50\" height=\"50\" src=\"https:\/\/www.ifbaiano.edu.br\/unidades\/bonfim\/files\/2021\/10\/pngwing.com_.png\" alt=\"\" class=\"wp-image-14183\" \/><\/figure>\n\n\n\n<p><strong>\u00c1udio Descri\u00e7\u00e3o<\/strong><\/p>\n\n\n\n<figure class=\"wp-block-audio\"><audio controls src=\"https:\/\/www.ifbaiano.edu.br\/unidades\/bonfim\/files\/2022\/08\/MINISTERIO-DA-EDUCACAO.mp3\"><\/audio><\/figure>\n","protected":false},"excerpt":{"rendered":"<p>O DIRETOR GERAL DO INSTITUTO FEDERAL DE EDUCA\u00c7\u00c3O, CI\u00caNCIA E TECNOLOGIA BAIANO &#8211; IF BAIANO \u2013 Campus Senhor do Bonfim, no uso de suas atribui\u00e7\u00f5es legais, conforme lhe confere a Portaria n\u00b0283 de 18 de mar\u00e7o de 2022, publicada no D.O.U. em 21\/03\/2022, considerando ainda o Decreto n\u00b07.234\/2010 e a Resolu\u00e7\u00e3o N\u00ba 01, de 29 [&hellip;]<\/p>\n","protected":false},"author":104,"featured_media":0,"parent":0,"menu_order":0,"comment_status":"closed","ping_status":"closed","template":"","meta":[],"_links":{"self":[{"href":"https:\/\/www.ifbaiano.edu.br\/unidades\/bonfim\/wp-json\/wp\/v2\/pages\/16293"}],"collection":[{"href":"https:\/\/www.ifbaiano.edu.br\/unidades\/bonfim\/wp-json\/wp\/v2\/pages"}],"about":[{"href":"https:\/\/www.ifbaiano.edu.br\/unidades\/bonfim\/wp-json\/wp\/v2\/types\/page"}],"author":[{"embeddable":true,"href":"https:\/\/www.ifbaiano.edu.br\/unidades\/bonfim\/wp-json\/wp\/v2\/users\/104"}],"replies":[{"embeddable":true,"href":"https:\/\/www.ifbaiano.edu.br\/unidades\/bonfim\/wp-json\/wp\/v2\/comments?post=16293"}],"version-history":[{"count":1,"href":"https:\/\/www.ifbaiano.edu.br\/unidades\/bonfim\/wp-json\/wp\/v2\/pages\/16293\/revisions"}],"predecessor-version":[{"id":16300,"href":"https:\/\/www.ifbaiano.edu.br\/unidades\/bonfim\/wp-json\/wp\/v2\/pages\/16293\/revisions\/16300"}],"wp:attachment":[{"href":"https:\/\/www.ifbaiano.edu.br\/unidades\/bonfim\/wp-json\/wp\/v2\/media?parent=16293"}],"curies":[{"name":"wp","href":"https:\/\/api.w.org\/{rel}","templated":true}]}}