{"id":16807,"date":"2023-06-09T15:12:58","date_gmt":"2023-06-09T18:12:58","guid":{"rendered":"https:\/\/www.ifbaiano.edu.br\/unidades\/bonfim\/?page_id=16807"},"modified":"2026-02-05T08:28:44","modified_gmt":"2026-02-05T11:28:44","slug":"trabalhos-de-conclusao-de-curso-de-lca","status":"publish","type":"page","link":"https:\/\/www.ifbaiano.edu.br\/unidades\/bonfim\/trabalhos-de-conclusao-de-curso-de-lca\/","title":{"rendered":"Trabalhos de Conclus\u00e3o de Curso de LCA"},"content":{"rendered":"\n<strong><div id=\"TituloMenu\" class=\"dnone\"> Turma de 2021<\/div> <\/strong><\/p><p>\n\n\n\n<p>Discente: Ozeas Gomes de Fran\u00e7a<\/p>\n\n\n\n<ul>\n<li><a href=\"https:\/\/www.ifbaiano.edu.br\/unidades\/bonfim\/files\/2026\/02\/Tcc_Finalizado-Ozeas-Gomes-de-Franca.pdf\" data-type=\"URL\" data-id=\"https:\/\/www.ifbaiano.edu.br\/unidades\/bonfim\/files\/2026\/02\/Tcc_Finalizado-Ozeas-Gomes-de-Franca.pdf\">DESEMPENHO DE VARIEDADES DE COUVES NO OUTONO E INVERNO EM SENHOR DO BONFIM &#8211; BAHIA<\/a><\/li>\n<\/ul>\n\n\n\n<hr class=\"wp-block-separator has-alpha-channel-opacity\" \/>\n\n\n\n<p>Discente: Cleiton Henrique da Silva Almeida<\/p>\n\n\n\n<ul>\n<li><a href=\"https:\/\/www.ifbaiano.edu.br\/unidades\/bonfim\/files\/2025\/10\/TCC-Artigo-_CLEITON-HENRIQUE-DA-SILVA-ALMEIDA-Semestre-2021-LCA.pdf\" data-type=\"URL\" data-id=\"https:\/\/www.ifbaiano.edu.br\/unidades\/bonfim\/files\/2025\/10\/TCC-Artigo-_CLEITON-HENRIQUE-DA-SILVA-ALMEIDA-Semestre-2021-LCA.pdf\">MOVIMENTOS DE IDENTIDADE RURAL NO PROCESSO FORMATIVO DOS ESTUDANTES DA ESCOLA FAM\u00cdLIA AGR\u00cdCOLA DE ANT\u00d4NIO GON\u00c7ALVES (EFAG)<\/a><\/li>\n<\/ul>\n\n\n\n<strong><div id=\"TituloMenu\" class=\"dnone\"> Turma de 2019<\/div> <\/strong><\/p><p>\n\n\n\n<p>Discente: Dayvid Fernando Carvalho de Queiroz<\/p>\n\n\n\n<ul>\n<li><a href=\"https:\/\/www.ifbaiano.edu.br\/unidades\/bonfim\/files\/2025\/09\/Artigo-de-TCC-2_Dayvid-Fernando-Carvalho-de-Queiroz.pdf\" data-type=\"URL\" data-id=\"https:\/\/www.ifbaiano.edu.br\/unidades\/bonfim\/files\/2025\/09\/Artigo-de-TCC-2_Dayvid-Fernando-Carvalho-de-Queiroz.pdf\">ASSOCIATIVISMO RURAL: UMA INVESTIGA\u00c7\u00c3O DA ASSOCIA\u00c7\u00c3O DE PROTE\u00c7\u00c3O DAS PESSOAS CARENTES DE BARA\u00daNA E ADJAC\u00caNCIAS, SENHOR DO BONFIM &#8211; BA<\/a><\/li>\n<\/ul>\n\n\n\n<hr class=\"wp-block-separator has-alpha-channel-opacity\" \/>\n\n\n\n<p>Discente: Josiane Alves Soares Santos<\/p>\n\n\n\n<ul>\n<li><a href=\"https:\/\/www.ifbaiano.edu.br\/unidades\/bonfim\/files\/2025\/09\/Artigo-de-TCC-2_JOSIANE-ALVES-SOARES-SANTOS.pdf\" data-type=\"URL\" data-id=\"https:\/\/www.ifbaiano.edu.br\/unidades\/bonfim\/files\/2025\/09\/Artigo-de-TCC-2_JOSIANE-ALVES-SOARES-SANTOS.pdf\">A EDUCA\u00c7\u00c3O FORMAL E SEU DI\u00c1LOGO COM A COMUNIDADE TRADICIONAL DE FUNDO DE PASTO MORRO BRANCO \u2013 ANDORINHA\/BAHIA<\/a><\/li>\n<\/ul>\n\n\n\n<hr class=\"wp-block-separator has-alpha-channel-opacity\" \/>\n\n\n\n<p>Discente: Marcela Alves Magalh\u00e3es<\/p>\n\n\n\n<ul>\n<li><a href=\"https:\/\/www.ifbaiano.edu.br\/unidades\/bonfim\/files\/2025\/09\/Artigo-TCCII-_Marcela-Alves-Magalhaes.pdf\" data-type=\"URL\" data-id=\"https:\/\/www.ifbaiano.edu.br\/unidades\/bonfim\/files\/2025\/09\/Artigo-TCCII-_Marcela-Alves-Magalhaes.pdf\">ESTUDOS PRELIMINARES PARA AVALIA\u00c7\u00c3DO DA EXTRA\u00c7\u00c3O E GRAU DE ESTERIFICA\u00c7\u00c3O DA PECTINA DO MARACUJ\u00c1 DO MATO (PASSIFLORA CINCINNATA)<\/a><\/li>\n<\/ul>\n\n\n\n<strong><div id=\"TituloMenu\" class=\"dnone\"> Turma de 2018<\/div> <\/strong><\/p><p>\n\n\n\n<p>Discente: Toniclecio Gomes da Silva<\/p>\n\n\n\n<ul>\n<li><a href=\"https:\/\/www.ifbaiano.edu.br\/unidades\/bonfim\/files\/2025\/10\/Artigo_TCC-2-TONICLECIO-GOMES-DA-SILVA_Versao-Final.pdf\" data-type=\"URL\" data-id=\"https:\/\/www.ifbaiano.edu.br\/unidades\/bonfim\/files\/2025\/10\/Artigo_TCC-2-TONICLECIO-GOMES-DA-SILVA_Versao-Final.pdf\">DESENVOLVIMENTO INICIAL DA PLANTA DO SABI\u00c1 (Mimosa caesalpiniifolia Benth) SOB DIFERENTES ADUBA\u00c7\u00d5ES<\/a><\/li>\n<\/ul>\n\n\n\n<hr class=\"wp-block-separator has-alpha-channel-opacity\" \/>\n\n\n\n<p>Discente: Nayane Silva Malta<\/p>\n\n\n\n<ul>\n<li><a href=\"https:\/\/www.ifbaiano.edu.br\/unidades\/bonfim\/files\/2025\/09\/Artigo_TCC-2-Nayane-Silva-Malta.pdf\" data-type=\"URL\" data-id=\"https:\/\/www.ifbaiano.edu.br\/unidades\/bonfim\/files\/2025\/09\/Artigo_TCC-2-Nayane-Silva-Malta.pdf\">PR\u00c1TICAS PEDAG\u00d3GICAS ASSERTIVAS PARA PROFESSORES DE ESTUDANTES SURDOS<\/a><\/li>\n<\/ul>\n\n\n\n<hr class=\"wp-block-separator has-alpha-channel-opacity\" \/>\n\n\n\n<p>Discente: Jos\u00e2ine Concei\u00e7\u00e3o da Silva <\/p>\n\n\n\n<ul>\n<li><a href=\"https:\/\/www.ifbaiano.edu.br\/unidades\/bonfim\/files\/2025\/09\/Artigo-de-TCC-2-JOSAINE-CONCEICAO-DA-SILVA_-Atualizado.pdf\" data-type=\"URL\" data-id=\"https:\/\/www.ifbaiano.edu.br\/unidades\/bonfim\/files\/2025\/09\/Artigo-de-TCC-2-JOSAINE-CONCEICAO-DA-SILVA_-Atualizado.pdf\">EVAS\u00c3O DE TRABALHADORES DE CASAS DE FARINHA NO DISTRITO DE IGARA &#8211; BA<\/a><\/li>\n<\/ul>\n\n\n\n<hr class=\"wp-block-separator has-alpha-channel-opacity\" \/>\n\n\n\n<p>Discente: L\u00edgia Helena de Andrade<\/p>\n\n\n\n<ul>\n<li><a href=\"https:\/\/www.ifbaiano.edu.br\/unidades\/bonfim\/files\/2025\/09\/Artigo-TCC-II_Ligia-Helena-de-Andrade.pdf\" data-type=\"URL\" data-id=\"https:\/\/www.ifbaiano.edu.br\/unidades\/bonfim\/files\/2025\/09\/Artigo-TCC-II_Ligia-Helena-de-Andrade.pdf\">EDUCA\u00c7\u00c3O ALIMENTAR NOS LIVROS DID\u00c1TICOS DE CI\u00caNCIAS S\u00c9RIES FINAIS DO ENSINO FUNDAMENTAL ADOTADOS PELA REDE MUNICIPAL DE EDUCA\u00c7\u00c3O DE SENHOR DO BONFIM,BA<\/a><\/li>\n<\/ul>\n\n\n\n<strong><div id=\"TituloMenu\" class=\"dnone\"> Turma de 2017<\/div> <\/strong><\/p><p>\n\n\n\n<p>Discente: Wandeylma karla Pereira de Andrade<\/p>\n\n\n\n<ul>\n<li><a href=\"https:\/\/www.ifbaiano.edu.br\/unidades\/bonfim\/files\/2025\/10\/TCC-II-Wandeylma-Karla-Pereira-de-Andrade.pdf\" data-type=\"URL\" data-id=\"https:\/\/www.ifbaiano.edu.br\/unidades\/bonfim\/files\/2025\/10\/TCC-II-Wandeylma-Karla-Pereira-de-Andrade.pdf\">APLICA\u00c7\u00c3O TECNOL\u00d3GICA EM PRODUTOS DO TAMARINDO NA COZINHA COMUNIT\u00c1RIA DAS MULHERES QUILOMBOLAS DE CAZUMBA I, SENHOR DO BONFIM &#8211; BA<\/a><\/li>\n<\/ul>\n\n\n\n<hr class=\"wp-block-separator has-alpha-channel-opacity\" \/>\n\n\n\n<p>Discente: Wylma Roberta Medrado Ara\u00fajo da Silva<\/p>\n\n\n\n<ul>\n<li><a href=\"https:\/\/www.ifbaiano.edu.br\/unidades\/bonfim\/files\/2025\/10\/Artigo_TCC-2_Wylma-Roberta-Medrado-Araujo-da-Silva.pdf\" data-type=\"URL\" data-id=\"https:\/\/www.ifbaiano.edu.br\/unidades\/bonfim\/files\/2025\/10\/Artigo_TCC-2_Wylma-Roberta-Medrado-Araujo-da-Silva.pdf\">AVALIA\u00c7\u00c3O DA QUALIDADE DE RA\u00cdZES DE CENOURA (Daucus carota L.) EM FUN\u00c7\u00c3O DE DIFERENTES PROFUNDIDADES DE CANTEIROS<\/a><\/li>\n<\/ul>\n\n\n\n<hr class=\"wp-block-separator has-alpha-channel-opacity\" \/>\n\n\n\n<p>Discente: Izabela Rodrigues Co\u00ealho Loura<\/p>\n\n\n\n<ul>\n<li><a href=\"https:\/\/www.ifbaiano.edu.br\/unidades\/bonfim\/files\/2025\/10\/Artigo_TCC-II_Izabella-Rodrigues-Coelho-Loura.pdf\" data-type=\"URL\" data-id=\"https:\/\/www.ifbaiano.edu.br\/unidades\/bonfim\/files\/2025\/10\/Artigo_TCC-II_Izabella-Rodrigues-Coelho-Loura.pdf\">A EDUCA\u00c7\u00c3O PARA MORTE NA LICENCIATURA EM CI\u00caNCIAS AGR\u00c1RIAS: UM TERRENO \u00c1RIDO E F\u00c9RTIL<\/a><\/li>\n<\/ul>\n\n\n\n<hr class=\"wp-block-separator has-alpha-channel-opacity\" \/>\n\n\n\n<p>Discente: Aline Silva M\u00e1ximo<\/p>\n\n\n\n<ul>\n<li><a href=\"https:\/\/www.ifbaiano.edu.br\/unidades\/bonfim\/files\/2025\/09\/Artigo-TCC-2-ALINE-SILVA-MAXIMO.pdf\" data-type=\"URL\" data-id=\"https:\/\/www.ifbaiano.edu.br\/unidades\/bonfim\/files\/2025\/09\/Artigo-TCC-2-ALINE-SILVA-MAXIMO.pdf\">TRANSFORMANDO VIDAS E RENDAS: O IMPACTO DO GRUPO MULHERES DO CAMPO NA ECONOMIA FAMILIAR NA COMUNIDADE MAMOEIRO EM SENHOR DO BONFIM-BA<\/a><\/li>\n<\/ul>\n\n\n\n<hr class=\"wp-block-separator has-alpha-channel-opacity\" \/>\n\n\n\n<p>Discente: Gabriela Carvalho Cruz<\/p>\n\n\n\n<ul>\n<li><a href=\"https:\/\/www.ifbaiano.edu.br\/unidades\/bonfim\/files\/2023\/06\/Airam-TCC-Gabriela-Cavalho-Cruz.pdf\">EXTRA\u00c7\u00c3O E QUANTIFICA\u00c7\u00c3O DO \u00d3LEO DAS SEMENTES DO MARACUJ\u00c1 DO MATO (<em>Passiflora cincinnata<\/em>) EM CAMPO FORMOSO-BA<\/a><\/li>\n<\/ul>\n\n\n\n<hr class=\"wp-block-separator has-alpha-channel-opacity\" \/>\n\n\n\n<p>Discente: Caroline da Silva Bonfim<\/p>\n\n\n\n<ul>\n<li><a href=\"https:\/\/www.ifbaiano.edu.br\/unidades\/bonfim\/files\/2023\/06\/Antonio-TCC-Caroline-da-Silva-Bonfim.pdf\">CONTROLE ALTERNATIVO DE PRAGAS NA CULTURA DO MARACUJ\u00c1 (<em>Plassiflora edulis<\/em>)<\/a><\/li>\n<\/ul>\n\n\n\n<hr class=\"wp-block-separator has-alpha-channel-opacity\" \/>\n\n\n\n<p>Discente: Emerson Santos da Silva<\/p>\n\n\n\n<ul>\n<li><a href=\"https:\/\/www.ifbaiano.edu.br\/unidades\/bonfim\/files\/2023\/06\/Edvanda-TCC-Emerson-Santos-da-Silva.pdf\">ENRAIZAMENTO DE ESTACAS DE PINHA (<em>Annona squamosa, L.<\/em>) E ATEMOIA (<em>Annona x Atemoya<\/em>) COM \u00c1CIDO INDOLBUT\u00cdRICO SOB CONDI\u00c7\u00d5ES DE VER\u00c3O<\/a><\/li>\n<\/ul>\n\n\n\n<hr class=\"wp-block-separator has-alpha-channel-opacity\" \/>\n\n\n\n<p>Discente: Jancarla da Silva Santos<\/p>\n\n\n\n<ul>\n<li><a href=\"https:\/\/www.ifbaiano.edu.br\/unidades\/bonfim\/files\/2023\/06\/Edvanda-TCC-Jancarla-da-Silva-Santos.pdf\">INFLU\u00caNCIA DE FATORES CLIM\u00c1TICOS NA GERMINA\u00c7\u00c3O DE SEMENTES DE CEBOLAS (Allium cepa) NO INVERNO E VER\u00c3O<\/a><\/li>\n<\/ul>\n\n\n\n<strong><div id=\"TituloMenu\" class=\"dnone\"> Turma de 2016<\/div> <\/strong><\/p><p>\n\n\n\n<p>Discente: Poliana da Silva Moura<\/p>\n\n\n\n<ul>\n<li><a href=\"https:\/\/www.ifbaiano.edu.br\/unidades\/bonfim\/files\/2026\/02\/TCC_Poliana-da-Silva-Moura-2025_dezembro-2025.pdf\" data-type=\"URL\" data-id=\"https:\/\/www.ifbaiano.edu.br\/unidades\/bonfim\/files\/2026\/02\/TCC_Poliana-da-Silva-Moura-2025_dezembro-2025.pdf\">O Ensino de Libras enquanto componente curricular no Ensino M\u00e9dio no IF Baiano<\/a><\/li>\n<\/ul>\n\n\n\n<hr class=\"wp-block-separator has-alpha-channel-opacity\" \/>\n\n\n\n<p>Discente: Marla Alves Faustino dos Santos<\/p>\n\n\n\n<ul>\n<li><a href=\"https:\/\/www.ifbaiano.edu.br\/unidades\/bonfim\/files\/2025\/10\/TCC-Artigo-Marla-Alves-Faustino-dos-Santos-LCA.pdf\" data-type=\"URL\" data-id=\"https:\/\/www.ifbaiano.edu.br\/unidades\/bonfim\/files\/2025\/10\/TCC-Artigo-Marla-Alves-Faustino-dos-Santos-LCA.pdf\">ELABORA\u00c7\u00c3O E AN\u00c1LISE SENSORIAL DO IOGURTE SABORIZADO COM POLPA DE MARACUJ\u00c1 DO MATO (Passiflora cincinnata) EM SENHOR DO BONFIM\u2013BA<\/a><\/li>\n<\/ul>\n\n\n\n<hr class=\"wp-block-separator has-alpha-channel-opacity\" \/>\n\n\n\n<p>Discente: Elba Val\u00e9ria Aleixo<\/p>\n\n\n\n<ul>\n<li><a href=\"https:\/\/www.ifbaiano.edu.br\/unidades\/bonfim\/files\/2025\/10\/TCC-Artigo-_Elba-Valeria-Aleixo-LCA.pdf\" data-type=\"URL\" data-id=\"https:\/\/www.ifbaiano.edu.br\/unidades\/bonfim\/files\/2025\/10\/TCC-Artigo-_Elba-Valeria-Aleixo-LCA.pdf\">O PAPEL DAS MULHERES NA AGRICULTURA FAMILIAR: Assentamento Serra Verde em Senhor do Bonfim-BA<\/a><\/li>\n<\/ul>\n\n\n\n<hr class=\"wp-block-separator has-alpha-channel-opacity\" \/>\n\n\n\n<p>Discente: Wesley da Silva<\/p>\n\n\n\n<ul>\n<li><a href=\"https:\/\/www.ifbaiano.edu.br\/unidades\/bonfim\/files\/2025\/10\/ARTIGO-TCC-II-WESLEY-DA-SILVA.pdf\" data-type=\"URL\" data-id=\"https:\/\/www.ifbaiano.edu.br\/unidades\/bonfim\/files\/2025\/10\/ARTIGO-TCC-II-WESLEY-DA-SILVA.pdf\">A EDUCA\u00c7\u00c3O DE JOVENS E ADULTOS NOS CURSOS DE LICENCIATURA DE CI\u00caNCIAS AGR\u00c1RIAS: IMPLICA\u00c7\u00d5ES NA FORMA\u00c7\u00c3O DOCENTE<\/a><\/li>\n<\/ul>\n\n\n\n<hr class=\"wp-block-separator has-alpha-channel-opacity\" \/>\n\n\n\n<p>Discente: Ananda Raquel dos Santos Batista<\/p>\n\n\n\n<ul>\n<li><a href=\"https:\/\/www.ifbaiano.edu.br\/unidades\/bonfim\/files\/2025\/09\/Artigo-de-TCC2-ANANDA-RAQUEL-DOS-SANTOS-BATISTA-1.pdf\" data-type=\"URL\" data-id=\"https:\/\/www.ifbaiano.edu.br\/unidades\/bonfim\/files\/2025\/09\/Artigo-de-TCC2-ANANDA-RAQUEL-DOS-SANTOS-BATISTA-1.pdf\">DESAFIOS ENCONTRADOS PELOS PROFESSORES DE CI\u00caNCIAS DO ENSINO FUNDAMENTAL \u2013 ANOS FINAIS DURANTE O ENSINO REMOTO, EM TR\u00caS MUNIC\u00cdPIOS DO TIPNI<\/a><\/li>\n<\/ul>\n\n\n\n<hr class=\"wp-block-separator has-alpha-channel-opacity\" \/>\n\n\n\n<p>Discente: Caroline Gama da Silva<\/p>\n\n\n\n<ul>\n<li><a href=\"https:\/\/www.ifbaiano.edu.br\/unidades\/bonfim\/files\/2025\/09\/ARTIGO_TCC-2-CAROLINE-GAMA-DA-SILVA.pdf\" data-type=\"URL\" data-id=\"https:\/\/www.ifbaiano.edu.br\/unidades\/bonfim\/files\/2025\/09\/ARTIGO_TCC-2-CAROLINE-GAMA-DA-SILVA.pdf\">O PROCESSO ENSINO APRENDIZAGEM DA ESCOLA FAMILIAAGR\u00cdCOLA (EFA) EM TEMPO DE PANDEMIA COVID 19: a experi\u00eancia vivenciada pela EFA de Ant\u00f4nio Gon\u00e7alves -BA<\/a><\/li>\n<\/ul>\n\n\n\n<hr class=\"wp-block-separator has-alpha-channel-opacity\" \/>\n\n\n\n<p>Discente: Willhams Andrade Silva<\/p>\n\n\n\n<ul>\n<li><a href=\"https:\/\/www.ifbaiano.edu.br\/unidades\/bonfim\/files\/2025\/09\/MONOGRAFIA_TCC-2-WILLHAMS-ANDRADE-SILVA.pdf\" data-type=\"URL\" data-id=\"https:\/\/www.ifbaiano.edu.br\/unidades\/bonfim\/files\/2025\/09\/MONOGRAFIA_TCC-2-WILLHAMS-ANDRADE-SILVA.pdf\">AN\u00c1LISE F\u00cdSICO-QU\u00cdMICA DE M\u00c9IS PRODUZIDOS E COMERCIALIZADOS NO MUNIC\u00cdPIO SENHOR DO BONFIM, BAHIA<\/a><\/li>\n<\/ul>\n\n\n\n<hr class=\"wp-block-separator has-alpha-channel-opacity\" \/>\n\n\n\n<p>Discente: Yane Gama da Silva<\/p>\n\n\n\n<ul>\n<li><a href=\"https:\/\/www.ifbaiano.edu.br\/unidades\/bonfim\/files\/2023\/06\/Antonio-TCC-Yane-Gama-da-Silva.pdf\">DESENVOLVIMENTO DO SORGO (<em>Sorghum bicolor L.<\/em>) IRRIGADO COM DIFERENTES FONTES DE \u00c1GUA NA PRESEN\u00c7A E AUS\u00caNCIA DE ADUBA\u00c7\u00c3O ORG\u00c2NICA<\/a><\/li>\n<\/ul>\n\n\n\n<hr class=\"wp-block-separator has-alpha-channel-opacity\" \/>\n\n\n\n<p>Discente: Sonia Regina Fagundes da Silva<\/p>\n\n\n\n<ul>\n<li><a href=\"https:\/\/www.ifbaiano.edu.br\/unidades\/bonfim\/files\/2023\/06\/Edvanda-TCC-Sonia-Regina-Fagundes-da-Silva.pdf\">INFLU\u00caNCIA DE FATORES CLIMATICOS NA GERMINA\u00c7\u00c3O DE SEMENTES DE ALFACE (<em>Lactuca sativa L.<\/em>) NO INVERNO E VER\u00c3O<\/a><\/li>\n<\/ul>\n\n\n\n<hr class=\"wp-block-separator has-alpha-channel-opacity\" \/>\n\n\n\n<p>Discente: Diana de Almeida Gomes<\/p>\n\n\n\n<ul>\n<li><a href=\"https:\/\/www.ifbaiano.edu.br\/unidades\/bonfim\/files\/2023\/06\/Ilma-TCC-Diana-de-Almeida-Gomes.pdf\">A LICENCIATURA EM CI\u00caNCIAS AGR\u00c1RIAS DO IFBAIANO E A FORMA\u00c7\u00c3O DE DOCENTES PARA EDUCA\u00c7\u00c3O DO CAMPO<\/a><\/li>\n<\/ul>\n\n\n\n<hr class=\"wp-block-separator has-alpha-channel-opacity\" \/>\n\n\n\n<p>Discente: Elane Alves da Silva<\/p>\n\n\n\n<ul>\n<li><a href=\"https:\/\/www.ifbaiano.edu.br\/unidades\/bonfim\/files\/2023\/06\/Ilma-TCC-Elane-Alves-da-Silva.pdf\">ENSINO REMOTO NO CURSO DE LICENCIATURA EM CI\u00caNCIAS AGR\u00c1RIAS: REFLEX\u00d5ES SOBRE OS OLHARES DE DOCENTES E DISCENTES<\/a><\/li>\n<\/ul>\n\n\n\n<hr class=\"wp-block-separator has-alpha-channel-opacity\" \/>\n\n\n\n<p>Discente: Kharyna Maryanne Silva Gilo<\/p>\n\n\n\n<ul>\n<li><a href=\"https:\/\/www.ifbaiano.edu.br\/unidades\/bonfim\/files\/2023\/06\/Rosangela-TCC-Kharyna-Maryanne-Silva-Gilo.pdf\">IMPACTOS DA PANDEMIA (COVID-19) NA VIDA DOS PEQUENOS E M\u00c9DIOS PRODUTORES DE CAF\u00c9 EM ITAMARAJU NO EXTREMO SUL BAIANO<\/a><\/li>\n<\/ul>\n\n\n\n<hr class=\"wp-block-separator has-alpha-channel-opacity\" \/>\n\n\n\n<p>Discente: Raiane Lima dos Anjos<\/p>\n\n\n\n<ul>\n<li><a href=\"https:\/\/www.ifbaiano.edu.br\/unidades\/bonfim\/files\/2023\/06\/Rosangela-TCC-Raiane-Lima-dos-Anjos.pdf\">ECONOMIA SOLID\u00c1RIA E O EMPODERAMENTO DAS MULHERES QUILOMBOLAS DE SANTA CRUZ, MIRANGABA-BA<\/a><\/li>\n<\/ul>\n\n\n\n<strong><div id=\"TituloMenu\" class=\"dnone\"> Turma de 2015<\/div> <\/strong><\/p><p>\n\n\n\n<p>Discente: L\u00e1ria de Jesus Gomes<\/p>\n\n\n\n<ul>\n<li><a href=\"https:\/\/www.ifbaiano.edu.br\/unidades\/bonfim\/files\/2025\/10\/TCC-2-LARIA-DE-JESUS-GOMES-VERSAO-FINAL.pdf\" data-type=\"URL\" data-id=\"https:\/\/www.ifbaiano.edu.br\/unidades\/bonfim\/files\/2025\/10\/TCC-2-LARIA-DE-JESUS-GOMES-VERSAO-FINAL.pdf\">FATORES QUE INFLUENCIAM NO CONSUMO DE \u00c1GUA E MAT\u00c9RIA SECA EM RUMINANTES: REVIS\u00c3O DE LITERATURA<\/a><\/li>\n<\/ul>\n\n\n\n<hr class=\"wp-block-separator has-alpha-channel-opacity\" \/>\n\n\n\n<p>Discente: Jos\u00e9 Dias dos Santos Neto<\/p>\n\n\n\n<ul>\n<li><a href=\"https:\/\/www.ifbaiano.edu.br\/unidades\/bonfim\/files\/2023\/06\/Edvanda-TCC-Jose-Dias-dos-Santos-Neto.pdf\">PRODU\u00c7\u00c3O DE MEL\u00c3O PEPINO DA TERRA (<em>Cucumis melo var. momordica<\/em>) COM DIFERENTES TIPOS DE ADUBA\u00c7\u00c3O<\/a><\/li>\n<\/ul>\n\n\n\n<hr class=\"wp-block-separator has-alpha-channel-opacity\" \/>\n\n\n\n<p>Discente: Joelino da Silva Pereira<\/p>\n\n\n\n<ul>\n<li><a href=\"https:\/\/www.ifbaiano.edu.br\/unidades\/bonfim\/files\/2023\/06\/Ilma-TCC-Joelino-da-Silva-Pereira.pdf\">FORMA\u00c7\u00c3O DE PROFESSORES\/AS PARA EDUCA\u00c7\u00c3O DE JOVENS E ADULTOS \u2013 EJA COM EDUCA\u00c7\u00c3O PROFISSIONAL E A LICENCIATURA EM CI\u00caNCIAS AGR\u00c1RIAS DO IFBAIANO<\/a><\/li>\n<\/ul>\n\n\n\n<hr class=\"wp-block-separator has-alpha-channel-opacity\" \/>\n\n\n\n<p>Discente: Laize Evangelista da Silva<\/p>\n\n\n\n<ul>\n<li><a href=\"https:\/\/www.ifbaiano.edu.br\/unidades\/bonfim\/files\/2023\/06\/Ilma-TCC-Laize-Evangelista-da-Silva.pdf\">A\u00c7\u00d5ES EXTENSIONISTA DA \u00c1REA DAS CI\u00caNCIAS AGR\u00c1RIAS DO IFBAIANO-CAMPUS SENHOR DO BONFIM:ARTICULA\u00c7\u00c3O DO INSTITUTO COM AS COMUNIDADES DO TERRIT\u00d3RIO PIEMONTE NORTE DO ITAPICURU(2013-2018)<\/a><\/li>\n<\/ul>\n\n\n\n<hr class=\"wp-block-separator has-alpha-channel-opacity\" \/>\n\n\n\n<p>Discente: Rita Nogueira de Almeida<\/p>\n\n\n\n<ul>\n<li><a href=\"https:\/\/www.ifbaiano.edu.br\/unidades\/bonfim\/files\/2023\/06\/Ilma-TCC-Rita-Nogueira-de-Almeida.pdf\">AS ATIVIDADES DESENVOLVIDAS PELA ASSOCIA\u00c7\u00c3O COMUNIT\u00c1RIA E AGROPASTORIL DE PEQUENOS PRODUTORES DA FAZENDA SONHEM, UAU\u00c1-BA E SUA RELEV\u00c2NCIA SOCIOECON\u00d4MICA PARA A REGI\u00c3O<\/a><\/li>\n<\/ul>\n\n\n\n<hr class=\"wp-block-separator has-alpha-channel-opacity\" \/>\n\n\n\n<p>Discente: Beatriz Raquel Santos de Carvalho<\/p>\n\n\n\n<ul>\n<li><a href=\"https:\/\/www.ifbaiano.edu.br\/unidades\/bonfim\/files\/2023\/06\/Karine-TCC-Beatriz-Raquel-Santos-de-Carvalho.pdf\">AVALIA\u00c7\u00c3O F\u00cdSICO-QU\u00cdMICA E SENSORIAL DE BISCOITOS TIPO COOKIES ELABORADOS A PARTIR DA FARINHA DA AB\u00d3BORA HIBRIDA TETSUKABUTO<\/a><\/li>\n<\/ul>\n\n\n\n<hr class=\"wp-block-separator has-alpha-channel-opacity\" \/>\n\n\n\n<p>Discente: Ericlene Alves da Silva Costa<\/p>\n\n\n\n<ul>\n<li><a href=\"https:\/\/www.ifbaiano.edu.br\/unidades\/bonfim\/files\/2023\/06\/Karine-TCC-Ericlene-Alves-da-Silva-Costa.pdf\">ELABORA\u00c7\u00c3O DE METODOLOGIA DE CERVEJA ARTESANAL DE UMBU-CAJ\u00c1 (<em>Spondias ssp<\/em>.)<\/a><\/li>\n<\/ul>\n\n\n\n<hr class=\"wp-block-separator has-alpha-channel-opacity\" \/>\n\n\n\n<p>Discente: Tamires Santana Caetano<\/p>\n\n\n\n<ul>\n<li><a href=\"https:\/\/www.ifbaiano.edu.br\/unidades\/bonfim\/files\/2023\/06\/Karine-TCC-Tamires-Santana-Caetano.pdf\">PROPOSTA DE METODOLOGIA E AVALIA\u00c7\u00c3O DE ACEITA\u00c7\u00c3O E INTEN\u00c7\u00c3O DE COMPRA DE IOGURTE OBTIDO A PARTIR DA AM\u00caNDOA DE LICURI (<em>Syagrus coronata<\/em>)<\/a><\/li>\n<\/ul>\n\n\n\n<strong><div id=\"TituloMenu\" class=\"dnone\"> Turma de 2014<\/div> <\/strong><\/p><p>\n\n\n\n<p>Discente: Jiomar Almeida de Ara\u00fajo<\/p>\n\n\n\n<ul>\n<li><a href=\"https:\/\/www.ifbaiano.edu.br\/unidades\/bonfim\/files\/2025\/09\/MONOGRAFIA-TCC-2_JIOMAR-ALMEIDA-DE-ARAUJO.pdf\" data-type=\"URL\" data-id=\"https:\/\/www.ifbaiano.edu.br\/unidades\/bonfim\/files\/2025\/09\/MONOGRAFIA-TCC-2_JIOMAR-ALMEIDA-DE-ARAUJO.pdf\">UTILIZA\u00c7\u00c3O DA SILAGEM MISTA DE PALMA FORRAGEIRA (OPUNTIA FICUS-INDICA MILL) COM FENO DE CAPIM BUFFEL (CENCHRUS CILIARIS L.) NA ALIMENTA\u00c7\u00c3O DE OVINOS EM CRESCIMENTO<\/a><\/li>\n<\/ul>\n\n\n\n<hr class=\"wp-block-separator has-alpha-channel-opacity\" \/>\n\n\n\n<p>Discente: Joziane Elias do Nascimento<\/p>\n\n\n\n<ul>\n<li><a href=\"https:\/\/www.ifbaiano.edu.br\/unidades\/bonfim\/files\/2023\/06\/Antonio-TCC-Joziane-Elias-do-Nascimento.pdf\">VALORIZA\u00c7\u00c3O, PRESERVA\u00c7\u00c3O E USO DE SEMENTES CRIOULAS NA ASSOCIA\u00c7\u00c3O DA FAZENDA MOC\u00d3<\/a><\/li>\n<\/ul>\n\n\n\n<hr class=\"wp-block-separator has-alpha-channel-opacity\" \/>\n\n\n\n<p>Discente: Laiane Aparecida de Souza Silva<\/p>\n\n\n\n<ul>\n<li><a href=\"https:\/\/www.ifbaiano.edu.br\/unidades\/bonfim\/files\/2023\/06\/Edvanda-TCC-Laiane-Aparecida-de-Souza-Silva.pdf\">PRODUTIVIDADE DO INHAME (<em>Dioscorea cayennensis<\/em>) CULTIVADO EM SENHOR DO BONFIM-BAHIA<\/a><\/li>\n<\/ul>\n\n\n\n<hr class=\"wp-block-separator has-alpha-channel-opacity\" \/>\n\n\n\n<p>Discente: Lucas Almeida Bonfim Silva<\/p>\n\n\n\n<ul>\n<li><a href=\"https:\/\/www.ifbaiano.edu.br\/unidades\/bonfim\/files\/2023\/06\/Juracir-TCC-Lucas-Almeida-Bonfim-Silva.pdf\">DESENVOLVIMENTO E APLICA\u00c7\u00c3O DE ATIVIDADE L\u00daDICA INTERDISCIPLINAR PARA O ENSINO DAS CI\u00caNCIAS AGR\u00c1RIAS E QU\u00cdMICA<\/a><\/li>\n<\/ul>\n\n\n\n<strong><div id=\"TituloMenu\" class=\"dnone\"> Turma de 2013<\/div> <\/strong><\/p><p>\n\n\n\n<p>Discente: Joelma dos Santos Alves<\/p>\n\n\n\n<ul>\n<li><a href=\"https:\/\/www.ifbaiano.edu.br\/unidades\/bonfim\/files\/2023\/06\/Karine-TCC-Joelma-dos-Santos-Alves.pdf\">INTEN\u00c7\u00c3O DE COMPRA DE PRODUTOS MINIMAMENTE PROCESSADOS NO MUNIC\u00cdPIO DE SENHOR DO BONFIM-BA<\/a><\/li>\n<\/ul>\n\n\n\n<hr class=\"wp-block-separator has-alpha-channel-opacity\" \/>\n\n\n\n<p>Discente: Krislene Ferreira Alves<\/p>\n\n\n\n<ul>\n<li><a href=\"https:\/\/www.ifbaiano.edu.br\/unidades\/bonfim\/files\/2023\/06\/Karine-TCC-Krisleny-Ferreira-Alves.pdf\">APROVEITAMENTO DO JENIPAPO (<em>Genipa americana L.<\/em>) PARA ELABORA\u00c7\u00c3O DE IOGURTE: UMA REVIS\u00c3O PARA CONTRIBUI\u00c7\u00c3O COM AGRICULTORES FAMILIARES DO TERRIT\u00d3RIO DE IDENTIDADE DO PIEMONTE NORTE DO ITAPICURU<\/a><\/li>\n<\/ul>\n\n\n\n<strong><div id=\"TituloMenu\" class=\"dnone\"> Turma de 2012<\/div> <\/strong><\/p><p>\n\n\n\n<p>Discente: Renata Passos Maia<\/p>\n\n\n\n<ul>\n<li><a href=\"https:\/\/www.ifbaiano.edu.br\/unidades\/bonfim\/files\/2025\/10\/Artigo_TCC-2-Renata-Passos-Maia.pdf\" data-type=\"URL\" data-id=\"https:\/\/www.ifbaiano.edu.br\/unidades\/bonfim\/files\/2025\/10\/Artigo_TCC-2-Renata-Passos-Maia.pdf\">ATIVIDADES EXITOSAS DESENVOLVIDAS NO COL\u00c9GIO ESTADUAL SENHOR DO BONFIM: RELATO DE EXPERI\u00caNCIA DE UMA BOLSISTA DO PIBID<\/a><\/li>\n<\/ul>\n\n\n\n<hr class=\"wp-block-separator has-alpha-channel-opacity\" \/>\n\n\n\n<p>Discente: Fabiano Lima Silva<\/p>\n\n\n\n<ul>\n<li><a href=\"https:\/\/www.ifbaiano.edu.br\/unidades\/bonfim\/files\/2023\/06\/Jaciara-Monografia-Fabiano-Lima-Silva.pdf\">\u00cdNDICES ZOOT\u00c9CNICOS NA PRODU\u00c7\u00c3O ANUAL DE SU\u00cdNOS DO INSTITUTO FEDERAL BAIANO &#8211; CAMPUS SENHOR DO BONFIM-BA<\/a><\/li>\n<\/ul>\n\n\n\n<hr class=\"wp-block-separator has-alpha-channel-opacity\" \/>\n\n\n\n<p>Discente: Jailane dos Santos Batista<\/p>\n\n\n\n<ul>\n<li><a href=\"https:\/\/www.ifbaiano.edu.br\/unidades\/bonfim\/files\/2023\/06\/Juracir-TCC-Jailane-dos-santos-Batista.pdf\">CONSTRU\u00c7\u00c3O E UTILIZA\u00c7\u00c3O DE TERR\u00c1RIOS COMO ESTRAT\u00c9GIA METODOL\u00d3GICA NO ENSINO DE CI\u00caNCIAS NA EDUCA\u00c7\u00c3O B\u00c1SICA<\/a><\/li>\n<\/ul>\n\n\n\n<strong><div id=\"TituloMenu\" class=\"dnone\"> Turma de 2011<\/div> <\/strong><\/p><p>\n\n\n\n<p>Discente: Andr\u00e9a da Silva Ferreira<\/p>\n\n\n\n<ul>\n<li><a href=\"https:\/\/www.ifbaiano.edu.br\/unidades\/bonfim\/files\/2023\/06\/Antonio-TCC-Andrea-da-Silva-Ferreira.pdf\">ESTRUTURA FITOSSOCIOL\u00d3GICO EM UM FRAGMENTO DE RESERVA LEGAL EM SENHOR DO BONFIM-BA<\/a><\/li>\n<\/ul>\n\n\n\n<hr class=\"wp-block-separator has-alpha-channel-opacity\" \/>\n\n\n\n<p>Discente: Tamires da Silva Oliveira Souza*<\/p>\n\n\n\n<ul>\n<li><a href=\"https:\/\/www.ifbaiano.edu.br\/unidades\/bonfim\/files\/2023\/06\/Antonio-TCC-Tamires-da-Silva-Oliveiera-Souza.pdf\">PRODUTIVIDADE DO MILHO SOB USO DE MANIPUEIRA<\/a><\/li>\n<\/ul>\n\n\n\n<hr class=\"wp-block-separator has-alpha-channel-opacity\" \/>\n\n\n\n<p>Discente: Luciana Aparecida dos Reis Santos<\/p>\n\n\n\n<ul>\n<li><a href=\"https:\/\/www.ifbaiano.edu.br\/unidades\/bonfim\/files\/2023\/06\/Enos-Monografia-Luciana-Aparecida-dos-Reis-Santos.pdf\">EDUCA\u00c7\u00c3O CONTEXTUALIADA COM A PALMA FORRAGEIRA EM UMA ESCOLA DO SEMI\u00c1RIDO EM PINDOBA\u00c7U &#8211; BA<\/a><\/li>\n<\/ul>\n\n\n\n<hr class=\"wp-block-separator has-alpha-channel-opacity\" \/>\n\n\n\n<p>Discente: Mateus de Jesus Figueiredo da Silva<\/p>\n\n\n\n<ul>\n<li><a href=\"https:\/\/www.ifbaiano.edu.br\/unidades\/bonfim\/files\/2023\/06\/Karine-TCC-Mateus-Figueredo.pdf\">ELABORA\u00c7\u00c3O DE BEBIDAS ALCO\u00d3LICAS DO MARACUJ\u00c1 DO MATO (<em>Passiflora cincinnata Mast<\/em>)<\/a><\/li>\n<\/ul>\n\n\n\n<hr class=\"wp-block-separator has-alpha-channel-opacity\" \/>\n\n\n\n<p>Discente: Bruno Silva Guirra*<\/p>\n\n\n\n<ul>\n<li><a href=\"https:\/\/www.ifbaiano.edu.br\/unidades\/bonfim\/files\/2023\/06\/Marcio-Monografia-Bruno-Silva-Guirra.pdf\">GERMINA\u00c7\u00c3O E CRESCIMENTO INICIAL DE ESP\u00c9CIES NATIVAS DA CAATINGA EM SOLO DEGRADADO E N\u00c3O DEGRADADO: POTENCIAL DE USO EM \u00c1REA EM PROCESSO DE DESERTIFICA\u00c7\u00c3O<\/a><\/li>\n<\/ul>\n\n\n\n<p><\/p>\n\n\n\n<p><\/p>\n","protected":false},"excerpt":{"rendered":"<p>Turma de 2021 Discente: Ozeas Gomes de Fran\u00e7a Discente: Cleiton Henrique da Silva Almeida Turma de 2019 Discente: Dayvid Fernando Carvalho de Queiroz Discente: Josiane Alves Soares Santos Discente: Marcela Alves Magalh\u00e3es Turma de 2018 Discente: Toniclecio Gomes da Silva Discente: Nayane Silva Malta Discente: Jos\u00e2ine Concei\u00e7\u00e3o da Silva Discente: L\u00edgia Helena de Andrade Turma [&hellip;]<\/p>\n","protected":false},"author":168,"featured_media":0,"parent":0,"menu_order":0,"comment_status":"closed","ping_status":"closed","template":"","meta":[],"_links":{"self":[{"href":"https:\/\/www.ifbaiano.edu.br\/unidades\/bonfim\/wp-json\/wp\/v2\/pages\/16807"}],"collection":[{"href":"https:\/\/www.ifbaiano.edu.br\/unidades\/bonfim\/wp-json\/wp\/v2\/pages"}],"about":[{"href":"https:\/\/www.ifbaiano.edu.br\/unidades\/bonfim\/wp-json\/wp\/v2\/types\/page"}],"author":[{"embeddable":true,"href":"https:\/\/www.ifbaiano.edu.br\/unidades\/bonfim\/wp-json\/wp\/v2\/users\/168"}],"replies":[{"embeddable":true,"href":"https:\/\/www.ifbaiano.edu.br\/unidades\/bonfim\/wp-json\/wp\/v2\/comments?post=16807"}],"version-history":[{"count":28,"href":"https:\/\/www.ifbaiano.edu.br\/unidades\/bonfim\/wp-json\/wp\/v2\/pages\/16807\/revisions"}],"predecessor-version":[{"id":23371,"href":"https:\/\/www.ifbaiano.edu.br\/unidades\/bonfim\/wp-json\/wp\/v2\/pages\/16807\/revisions\/23371"}],"wp:attachment":[{"href":"https:\/\/www.ifbaiano.edu.br\/unidades\/bonfim\/wp-json\/wp\/v2\/media?parent=16807"}],"curies":[{"name":"wp","href":"https:\/\/api.w.org\/{rel}","templated":true}]}}