{"id":17006,"date":"2023-07-25T16:31:37","date_gmt":"2023-07-25T19:31:37","guid":{"rendered":"https:\/\/www.ifbaiano.edu.br\/unidades\/bonfim\/?page_id=17006"},"modified":"2023-07-25T16:37:13","modified_gmt":"2023-07-25T19:37:13","slug":"paise-edital-no-11-2023","status":"publish","type":"page","link":"https:\/\/www.ifbaiano.edu.br\/unidades\/bonfim\/paise-edital-no-11-2023\/","title":{"rendered":"PAISE Edital 11\/2023"},"content":{"rendered":"\n<p>&nbsp;IF BAIANO \u2013 CAMPUS SENHOR DO BONFIM torna p\u00fablico o<a href=\"https:\/\/www.ifbaiano.edu.br\/unidades\/bonfim\/files\/2023\/03\/Edital-PAISE-2023.1-Acessivel.pdf\">&nbsp;EDITAL N\u00ba 11\/2023<\/a>&nbsp;que estabelece as normas e crit\u00e9rios para sele\u00e7\u00e3o de estudantes em vulnerabilidade socioecon\u00f4mica, de cursos presenciais e \u00e0 dist\u00e2ncia, com a finalidade de participa\u00e7\u00e3o na Pol\u00edtica de Assist\u00eancia Estudantil deste Instituto, por meio do PAISE.<\/p>\n\n\n\n<p>As vagas do PAISE 2023.1 ser\u00e3o para os estudantes dos cursos T\u00e9cnico em Agroind\u00fastria Integrado ao Ensino M\u00e9dio, T\u00e9cnico em Inform\u00e1tica Integrado ao Ensino M\u00e9dio e T\u00e9cnico Subsequente em&nbsp;Inform\u00e1tica ingressantes em 2023.1<\/p>\n\n\n\n<p><strong><mark class=\"has-inline-color has-vivid-red-color\">ENCERRADO<\/mark><\/strong><\/p>\n\n\n\n<p>Documentos:<\/p>\n\n\n\n<p><a href=\"https:\/\/www.ifbaiano.edu.br\/unidades\/bonfim\/files\/2023\/04\/RESULTADO-FINAL-PAISE-2023_1-Acessivel.pdf\">Resultado Final PAISE 2023 \u2013 Acess\u00edvel<\/a><\/p>\n\n\n\n<p><a href=\"https:\/\/www.ifbaiano.edu.br\/unidades\/bonfim\/files\/2023\/04\/EDITAL-No-11-2023-ANEXO-II-%E2%80%93-DISTRIBUICAO-DOS-RECURSOS-E-VAGAS-Acessivel.pdf\">Anexo II \u2013 Distribui\u00e7\u00e3o dos Recursos e Vagas \u2013 Acess\u00edvel<\/a><\/p>\n\n\n\n<p><a href=\"https:\/\/www.ifbaiano.edu.br\/unidades\/bonfim\/files\/2023\/04\/LISTA-DOS-PRE-SELECIONADOS-POR-AUXILIO-Acessivel.pdf\">Lista dos pr\u00e9-selecionados por aux\u00edlio \u2013 Acess\u00edvel.pdf<\/a><\/p>\n\n\n\n<p><a href=\"https:\/\/www.ifbaiano.edu.br\/unidades\/bonfim\/files\/2023\/03\/LISTA-DE-INSCRICOES-HOMOLOGADAS-PAISE-2023-Acessivel.pdf\">Inscri\u00e7\u00f5es homologadas PAISE \u2013 Acess\u00edvel<\/a><\/p>\n\n\n\n<p><a href=\"https:\/\/www.ifbaiano.edu.br\/unidades\/bonfim\/files\/2023\/03\/LISTA-PRELIMINAR-DE-INSCRITOS-PAISE-Acessivel.pdf\">Resultado preliminar de inscritos \u2013 Acess\u00edvel<\/a><\/p>\n\n\n\n<p><a href=\"https:\/\/www.ifbaiano.edu.br\/unidades\/bonfim\/files\/2023\/03\/Edital-n-12-PAISE-Retificacao-do-edital-n-11.pdf\">Edital n\u00ba 12 PAISE -Retifica\u00e7\u00e3o do edital n\u00ba 11<\/a><\/p>\n\n\n\n<p><a href=\"https:\/\/www.ifbaiano.edu.br\/unidades\/bonfim\/files\/2023\/03\/Edital-PAISE-2023.1-Acessivel.pdf\">Edital-PAISE-2023.1- Acessivel<\/a><\/p>\n\n\n\n<p><strong>D\u00favidas: cae@bonfim.ifbaiano.edu.br<\/strong><\/p>\n","protected":false},"excerpt":{"rendered":"<p>&nbsp;IF BAIANO \u2013 CAMPUS SENHOR DO BONFIM torna p\u00fablico o&nbsp;EDITAL N\u00ba 11\/2023&nbsp;que estabelece as normas e crit\u00e9rios para sele\u00e7\u00e3o de estudantes em vulnerabilidade socioecon\u00f4mica, de cursos presenciais e \u00e0 dist\u00e2ncia, com a finalidade de participa\u00e7\u00e3o na Pol\u00edtica de Assist\u00eancia Estudantil deste Instituto, por meio do PAISE. As vagas do PAISE 2023.1 ser\u00e3o para os estudantes [&hellip;]<\/p>\n","protected":false},"author":104,"featured_media":0,"parent":0,"menu_order":0,"comment_status":"closed","ping_status":"closed","template":"","meta":[],"_links":{"self":[{"href":"https:\/\/www.ifbaiano.edu.br\/unidades\/bonfim\/wp-json\/wp\/v2\/pages\/17006"}],"collection":[{"href":"https:\/\/www.ifbaiano.edu.br\/unidades\/bonfim\/wp-json\/wp\/v2\/pages"}],"about":[{"href":"https:\/\/www.ifbaiano.edu.br\/unidades\/bonfim\/wp-json\/wp\/v2\/types\/page"}],"author":[{"embeddable":true,"href":"https:\/\/www.ifbaiano.edu.br\/unidades\/bonfim\/wp-json\/wp\/v2\/users\/104"}],"replies":[{"embeddable":true,"href":"https:\/\/www.ifbaiano.edu.br\/unidades\/bonfim\/wp-json\/wp\/v2\/comments?post=17006"}],"version-history":[{"count":2,"href":"https:\/\/www.ifbaiano.edu.br\/unidades\/bonfim\/wp-json\/wp\/v2\/pages\/17006\/revisions"}],"predecessor-version":[{"id":17008,"href":"https:\/\/www.ifbaiano.edu.br\/unidades\/bonfim\/wp-json\/wp\/v2\/pages\/17006\/revisions\/17008"}],"wp:attachment":[{"href":"https:\/\/www.ifbaiano.edu.br\/unidades\/bonfim\/wp-json\/wp\/v2\/media?parent=17006"}],"curies":[{"name":"wp","href":"https:\/\/api.w.org\/{rel}","templated":true}]}}