{"id":17281,"date":"2023-10-05T10:16:07","date_gmt":"2023-10-05T13:16:07","guid":{"rendered":"https:\/\/www.ifbaiano.edu.br\/unidades\/bonfim\/?page_id=17281"},"modified":"2025-05-15T08:32:24","modified_gmt":"2025-05-15T11:32:24","slug":"referencia-2023-modalidade-pregao","status":"publish","type":"page","link":"https:\/\/www.ifbaiano.edu.br\/unidades\/bonfim\/referencia-2023-modalidade-pregao\/","title":{"rendered":"Refer\u00eancia 2023 &#8211; Modalidade Preg\u00e3o"},"content":{"rendered":"\n<div id=\"ProreitoriaTopoTitulo\">PREG\u00c3O ELETR\u00d4NICO<\/div>\n\n\n\n<ul>\n<li><a href=\"https:\/\/www.ifbaiano.edu.br\/unidades\/bonfim\/2024\/02\/23\/campus-senhor-do-bonfim-divulga-pregao-eletronico-para-aquisicao-de-bens-permantes\/\" data-type=\"URL\" data-id=\"https:\/\/www.ifbaiano.edu.br\/unidades\/bonfim\/2024\/02\/23\/campus-senhor-do-bonfim-divulga-pregao-eletronico-para-aquisicao-de-bens-permantes\/\" target=\"_blank\" rel=\"noreferrer noopener\">Preg\u00e3o Eletr\u00f4nico 007\/2023 Aquisi\u00e7\u00e3o de bens permantes<\/a><\/li>\n\n\n\n<li><a href=\"https:\/\/www.ifbaiano.edu.br\/unidades\/bonfim\/files\/2023\/10\/EDITAL-DO-PREGAO-SRP-04-DE-2023.pdf\" data-type=\"URL\" data-id=\"https:\/\/www.ifbaiano.edu.br\/unidades\/bonfim\/files\/2023\/10\/EDITAL-DO-PREGAO-SRP-04-DE-2023.pdf\" target=\"_blank\" rel=\"noreferrer noopener\">PREG\u00c3O ELETR\u00d4NICO 004\/2023 &#8211; Fornecimento de Insumos para Fabrica\u00e7\u00e3o de Ra\u00e7\u00e3o Animal<\/a> <\/li>\n\n\n\n<li><a href=\"https:\/\/www.ifbaiano.edu.br\/unidades\/bonfim\/2023\/08\/28\/pregao-eletronico-no-2-aquisicao-de-generos-alimenticios\/\" data-type=\"URL\" data-id=\"https:\/\/www.ifbaiano.edu.br\/unidades\/bonfim\/2023\/08\/28\/pregao-eletronico-no-2-aquisicao-de-generos-alimenticios\/\" target=\"_blank\" rel=\"noreferrer noopener\">Preg\u00e3o eletr\u00f4nico 002\/2023 &#8211; Aquisi\u00e7\u00e3o de G\u00eaneros Aliment\u00edcios<\/a><\/li>\n<\/ul>\n","protected":false},"excerpt":{"rendered":"<p>PREG\u00c3O ELETR\u00d4NICO<\/p>\n","protected":false},"author":104,"featured_media":0,"parent":0,"menu_order":0,"comment_status":"closed","ping_status":"closed","template":"","meta":[],"_links":{"self":[{"href":"https:\/\/www.ifbaiano.edu.br\/unidades\/bonfim\/wp-json\/wp\/v2\/pages\/17281"}],"collection":[{"href":"https:\/\/www.ifbaiano.edu.br\/unidades\/bonfim\/wp-json\/wp\/v2\/pages"}],"about":[{"href":"https:\/\/www.ifbaiano.edu.br\/unidades\/bonfim\/wp-json\/wp\/v2\/types\/page"}],"author":[{"embeddable":true,"href":"https:\/\/www.ifbaiano.edu.br\/unidades\/bonfim\/wp-json\/wp\/v2\/users\/104"}],"replies":[{"embeddable":true,"href":"https:\/\/www.ifbaiano.edu.br\/unidades\/bonfim\/wp-json\/wp\/v2\/comments?post=17281"}],"version-history":[{"count":5,"href":"https:\/\/www.ifbaiano.edu.br\/unidades\/bonfim\/wp-json\/wp\/v2\/pages\/17281\/revisions"}],"predecessor-version":[{"id":21768,"href":"https:\/\/www.ifbaiano.edu.br\/unidades\/bonfim\/wp-json\/wp\/v2\/pages\/17281\/revisions\/21768"}],"wp:attachment":[{"href":"https:\/\/www.ifbaiano.edu.br\/unidades\/bonfim\/wp-json\/wp\/v2\/media?parent=17281"}],"curies":[{"name":"wp","href":"https:\/\/api.w.org\/{rel}","templated":true}]}}