{"id":17335,"date":"2023-10-24T11:27:09","date_gmt":"2023-10-24T14:27:09","guid":{"rendered":"https:\/\/www.ifbaiano.edu.br\/unidades\/bonfim\/?page_id=17335"},"modified":"2024-06-03T22:15:55","modified_gmt":"2024-06-04T01:15:55","slug":"subsequente-ao-ensino-medio-modalidade-presencial-2024","status":"publish","type":"page","link":"https:\/\/www.ifbaiano.edu.br\/unidades\/bonfim\/subsequente-ao-ensino-medio-modalidade-presencial-2024\/","title":{"rendered":"SUBSEQUENTE AO ENSINO M\u00c9DIO &#8211; MODALIDADE PRESENCIAL &#8211; 2024"},"content":{"rendered":"\n<h2 class=\"wp-block-heading\">PROCESSO SELETIVO PARA INGRESSO DE ESTUDANTES NOS CURSOS DA EDUCA\u00c7\u00c3O PROFISSIONAL T\u00c9CNICA DE N\u00cdVEL M\u00c9DIO NA FORMA <mark style=\"background-color:#f7fc00\" class=\"has-inline-color\">SUBSEQUENTE AO ENSINO M\u00c9DIO &#8211; MODALIDADE PRESENCIAL <\/mark>2024<\/h2>\n\n\n\n<figure class=\"wp-block-table is-style-stripes\"><table class=\"has-text-color has-background\" style=\"color:#136346;background:linear-gradient(135deg,rgb(202,248,128) 61%,rgb(113,206,126) 100%)\"><thead><tr><th class=\"has-text-align-left\" data-align=\"left\">APRESENTA\u00c7\u00c3O<\/th><\/tr><\/thead><\/table><\/figure>\n\n\n\n<p>O DIRETOR-GERAL DO INSTITUTO FEDERAL DE EDUCA\u00c7\u00c3O, CI\u00caNCIA E TECNOLOGIA BAIANO (IF BAIANO) CAMPUS SENHOR DO BONFIM, no uso de suas atribui\u00e7\u00f5es, , torna p\u00fablica a abertura de inscri\u00e7\u00f5es no processo de ingresso de estudantes de 2023 nos cursos da Educa\u00e7\u00e3o Profissional T\u00e9cnica de N\u00edvel M\u00e9dio Subsequente, na modalidade presencial, no Campus Senhor do Bonfim, conforme o n\u00famero de vagas e os cursos relacionados no Quadro 2 do subitem 7.1 do <a rel=\"noreferrer noopener\" href=\"https:\/\/www.ifbaiano.edu.br\/unidades\/bonfim\/files\/2023\/10\/Edital-N%C2%B0-47-Ingresso-de-estudantes-2024-Modalidade-SUBSEQUENTE.pdf\" data-type=\"URL\" data-id=\"https:\/\/www.ifbaiano.edu.br\/unidades\/bonfim\/files\/2023\/10\/Edital-N%C2%B0-47-Ingresso-de-estudantes-2024-Modalidade-SUBSEQUENTE.pdf\" target=\"_blank\">edital n\u00ba 47 de 23 de outubro de 2023.<\/a><\/p>\n\n\n\n<figure class=\"wp-block-table is-style-stripes\"><table class=\"has-text-color has-background\" style=\"color:#136346;background:linear-gradient(135deg,rgb(202,248,128) 61%,rgb(113,206,126) 100%)\"><thead><tr><th class=\"has-text-align-left\" data-align=\"left\">VAGAS OFERTADAS<\/th><\/tr><\/thead><tbody><tr><td class=\"has-text-align-left\" data-align=\"left\"><font color=\"#0693e3\" face=\"monospace\"><b>T\u00e9cnico em Agrimensura &#8211; Matutino &#8211; 11 Vagas <\/b><\/font><br><font color=\"#0693e3\" face=\"monospace\"><b>T\u00e9cnico em Alimentos   &#8211; Vespertino &#8211; 15 Vagas <\/b><\/font><br><font color=\"#0693e3\" face=\"monospace\"><b>T\u00e9cnico em Zootecnia   &#8211; Matutino &#8211; 13 Vagas<\/b><\/font><\/td><\/tr><\/tbody><\/table><\/figure>\n\n\n\n<figure class=\"wp-block-table is-style-stripes\"><table class=\"has-text-color has-background\" style=\"color:#136346;background:linear-gradient(135deg,rgb(202,248,128) 61%,rgb(113,206,126) 100%)\"><thead><tr><th class=\"has-text-align-left\" data-align=\"left\">INSCRI\u00c7\u00d5ES<\/th><\/tr><\/thead><tbody><tr><td class=\"has-text-align-left\" data-align=\"left\"> <s><mark class=\"has-inline-color has-vivid-cyan-blue-color\"><strong><code>PER\u00cdODO DE INSCRI\u00c7\u00d5ES<\/code>: 26\/02 a 01\/03\/202<\/strong><\/mark>4.<\/s><br>   <strong><strong>Inscri\u00e7\u00f5es fechadas!!!! <\/strong><\/strong><\/td><\/tr><\/tbody><\/table><\/figure>\n\n\n\n<figure class=\"wp-block-table is-style-stripes\"><table class=\"has-text-color has-background\" style=\"color:#136346;background:linear-gradient(135deg,rgb(202,248,128) 61%,rgb(113,206,126) 100%)\"><thead><tr><th class=\"has-text-align-left\" data-align=\"left\"><strong>EDITAIS E DOCUMENTOS<\/strong><\/th><\/tr><\/thead><tbody><tr><td class=\"has-text-align-left\" data-align=\"left\"><br><strong><a href=\"https:\/\/www.ifbaiano.edu.br\/unidades\/bonfim\/files\/2024\/02\/Edital-de-Vagas-Remanescente-Curso-Subsequente.pdf\">Edital N\u00ba 12 de 19 de fevereiro de 2024<\/a><\/strong> &#8211; <strong>VAGAS REMANESCENTES<\/strong><br>_________________________________________________________________________________________________<br><a href=\"https:\/\/www.ifbaiano.edu.br\/unidades\/bonfim\/files\/2024\/01\/2a-CHAMADA_SUBSEQUENTE_PRESENCIAL_ALIMENTOS.pdf\" data-type=\"URL\" data-id=\"https:\/\/www.ifbaiano.edu.br\/unidades\/bonfim\/files\/2024\/01\/2a-CHAMADA_SUBSEQUENTE_PRESENCIAL_ALIMENTOS.pdf\">2\u00aa Chamada para Matr\u00edcula- SUBSEQUENTE &#8211; ALIMENTOS<br><\/a><a href=\"https:\/\/www.ifbaiano.edu.br\/unidades\/bonfim\/files\/2024\/01\/2a-CHAMADA_SUBSEQUENTE_PRESENCIAL_AGRIMENSURA.pdf\" data-type=\"URL\" data-id=\"https:\/\/www.ifbaiano.edu.br\/unidades\/bonfim\/files\/2024\/01\/2a-CHAMADA_SUBSEQUENTE_PRESENCIAL_AGRIMENSURA.pdf\">2\u00aa Chamada para Matr\u00edcula- SUBSEQUENTE &#8211; AGRIMENSURA<br><\/a><a href=\"https:\/\/www.ifbaiano.edu.br\/unidades\/bonfim\/files\/2024\/01\/2a-CHAMADA_SUBSEQUENTE_PRESENCIAL_INFORMATICA.pdf\" data-type=\"URL\" data-id=\"https:\/\/www.ifbaiano.edu.br\/unidades\/bonfim\/files\/2024\/01\/2a-CHAMADA_SUBSEQUENTE_PRESENCIAL_INFORMATICA.pdf\">2\u00aa Chamada para Matr\u00edcula- SUBSEQUENTE &#8211; INFORM\u00c1TICA<br><\/a><a href=\"https:\/\/www.ifbaiano.edu.br\/unidades\/bonfim\/files\/2024\/01\/2a-CHAMADA_SUBSEQUENTE_PRESENCIAL_ZOOTECNIA.pdf\" data-type=\"URL\" data-id=\"https:\/\/www.ifbaiano.edu.br\/unidades\/bonfim\/files\/2024\/01\/2a-CHAMADA_SUBSEQUENTE_PRESENCIAL_ZOOTECNIA.pdf\">2\u00aa Chamada para Matr\u00edcula- SUBSEQUENTE &#8211; ZOOTECNIA<br><\/a><a rel=\"noreferrer noopener\" href=\"https:\/\/www.ifbaiano.edu.br\/unidades\/bonfim\/files\/2024\/01\/LISTA_PROSEL-2024_HETEROIDENTIFICACAO_SUB.-PRESENCIAL_Alimentos.pdf\" data-type=\"URL\" data-id=\"https:\/\/www.ifbaiano.edu.br\/unidades\/bonfim\/files\/2024\/01\/LISTA_PROSEL-2024_HETEROIDENTIFICACAO_SUB.-PRESENCIAL_Alimentos.pdf\" target=\"_blank\">Resultado preliminar das bancas de heteroidentifica\u00e7\u00e3o &#8211; SUBSEQUENTE &#8211; ALIMENTOS<br><\/a><a rel=\"noreferrer noopener\" href=\"https:\/\/www.ifbaiano.edu.br\/unidades\/bonfim\/files\/2024\/01\/LISTA_PROSEL-2024_HETEROIDENTIFICACAO_SUB.-PRESENCIAL_Agrimensura.pdf\" data-type=\"URL\" data-id=\"https:\/\/www.ifbaiano.edu.br\/unidades\/bonfim\/files\/2024\/01\/LISTA_PROSEL-2024_HETEROIDENTIFICACAO_SUB.-PRESENCIAL_Agrimensura.pdf\" target=\"_blank\">Resultado preliminar das bancas de heteroidentifica\u00e7\u00e3o &#8211; SUBSEQUENTE &#8211; AGRIMENSURA<br><\/a><a href=\"https:\/\/www.ifbaiano.edu.br\/unidades\/bonfim\/files\/2024\/01\/LISTA_PROSEL-2024_HETEROIDENTIFICACAO_SUB.-PRESENCIAL_Informatica.pdf\" data-type=\"URL\" data-id=\"https:\/\/www.ifbaiano.edu.br\/unidades\/bonfim\/files\/2024\/01\/LISTA_PROSEL-2024_HETEROIDENTIFICACAO_SUB.-PRESENCIAL_Informatica.pdf\">Resultado preliminar das bancas de <\/a><a rel=\"noreferrer noopener\" href=\"https:\/\/www.ifbaiano.edu.br\/unidades\/bonfim\/files\/2024\/01\/LISTA_PROSEL-2024_HETEROIDENTIFICACAO_SUB.-PRESENCIAL_Informatica.pdf\" data-type=\"URL\" data-id=\"https:\/\/www.ifbaiano.edu.br\/unidades\/bonfim\/files\/2024\/01\/LISTA_PROSEL-2024_HETEROIDENTIFICACAO_SUB.-PRESENCIAL_Informatica.pdf\" target=\"_blank\">heteroidentifica\u00e7\u00e3o<\/a><a href=\"https:\/\/www.ifbaiano.edu.br\/unidades\/bonfim\/files\/2024\/01\/LISTA_PROSEL-2024_HETEROIDENTIFICACAO_SUB.-PRESENCIAL_Informatica.pdf\" data-type=\"URL\" data-id=\"https:\/\/www.ifbaiano.edu.br\/unidades\/bonfim\/files\/2024\/01\/LISTA_PROSEL-2024_HETEROIDENTIFICACAO_SUB.-PRESENCIAL_Informatica.pdf\"> &#8211; SUBSEQUENTE &#8211; INFORM\u00c1TICA<br><\/a><a rel=\"noreferrer noopener\" href=\"https:\/\/www.ifbaiano.edu.br\/unidades\/bonfim\/files\/2024\/01\/LISTA_PROSEL-2024_HETEROIDENTIFICACAO_SUB.-PRESENCIAL_Zootecnia.pdf\" data-type=\"URL\" data-id=\"https:\/\/www.ifbaiano.edu.br\/unidades\/bonfim\/files\/2024\/01\/LISTA_PROSEL-2024_HETEROIDENTIFICACAO_SUB.-PRESENCIAL_Zootecnia.pdf\" target=\"_blank\">Resultado preliminar das bancas de heteroidentifica\u00e7\u00e3o &#8211; SUBSEQUENTE &#8211; ZOOTECNIA<br><\/a><a href=\"https:\/\/www.ifbaiano.edu.br\/unidades\/bonfim\/files\/2024\/01\/EDITAL-DE-RETIFICACAO-No-3-DE-15-DE-JANEIRO-DE-2024.pdf\" data-type=\"URL\" data-id=\"https:\/\/www.ifbaiano.edu.br\/unidades\/bonfim\/files\/2024\/01\/EDITAL-DE-RETIFICACAO-No-3-DE-15-DE-JANEIRO-DE-2024.pdf\">EDITAL DE RETIFICA\u00c7\u00c3O N\u00ba 3, DE 15 DE JANEIRO DE 2024<\/a> <mark class=\"has-inline-color has-luminous-vivid-orange-color\">Altera Cronograma das Matr\u00edculas<\/mark> &lt;&lt;&lt;<br><a href=\"https:\/\/www.ifbaiano.edu.br\/unidades\/bonfim\/files\/2023\/12\/Nota_subsequente_classificacao-Final-Retificado.pdf\" data-type=\"URL\" data-id=\"https:\/\/www.ifbaiano.edu.br\/unidades\/bonfim\/files\/2023\/12\/Nota_subsequente_classificacao-Final-Retificado.pdf\">NOTA DE ESCLARECIMENTO<\/a> <mark class=\"has-inline-color has-luminous-vivid-orange-color\">&#8211; ATEN\u00c7\u00c3O!<\/mark> &lt;&lt;&lt;<br><a href=\"https:\/\/www.ifbaiano.edu.br\/unidades\/bonfim\/files\/2023\/12\/ProSel-2023-Classificacao-Final-Alimentos-Retificado.pdf\" data-type=\"URL\" data-id=\"https:\/\/www.ifbaiano.edu.br\/unidades\/bonfim\/files\/2023\/12\/ProSel-2023-Classificacao-Final-Alimentos-Retificado.pdf\">Resultado Final &#8211; SUBSEQUENTE &#8211; T\u00e9cnico em ALIMENTOS <\/a><mark class=\"has-inline-color has-luminous-vivid-orange-color\">&#8211; Retificado<\/mark> &lt;&lt;&lt;<br><a href=\"https:\/\/www.ifbaiano.edu.br\/unidades\/bonfim\/files\/2023\/12\/ProSel-2023-Classificacao-Final-Zootecnia-Retificado.pdf\" data-type=\"URL\" data-id=\"https:\/\/www.ifbaiano.edu.br\/unidades\/bonfim\/files\/2023\/12\/ProSel-2023-Classificacao-Final-Zootecnia-Retificado.pdf\">Resultado Final &#8211; SUBSEQUENTE &#8211; T\u00e9cnico em ZOOTECNIA<\/a> <mark class=\"has-inline-color has-luminous-vivid-orange-color\">&#8211; Retificado<\/mark> &lt;&lt;&lt;<br><a href=\"https:\/\/www.ifbaiano.edu.br\/unidades\/bonfim\/files\/2023\/12\/ProSel-2023-Classificacao-Final-Informatica-Retificado.pdf\" data-type=\"URL\" data-id=\"https:\/\/www.ifbaiano.edu.br\/unidades\/bonfim\/files\/2023\/12\/ProSel-2023-Classificacao-Final-Informatica-Retificado.pdf\">Resultado Final &#8211; SUBSEQUENTE &#8211; T\u00e9cnico em INFORM\u00c1TICA<\/a> <mark class=\"has-inline-color has-luminous-vivid-orange-color\">&#8211; Retificado<\/mark> &lt;&lt;&lt;<br><a href=\"https:\/\/www.ifbaiano.edu.br\/unidades\/bonfim\/files\/2023\/12\/ProSel-2023-Classificacao-Final-Agrimensura-Retificado.pdf\" data-type=\"URL\" data-id=\"https:\/\/www.ifbaiano.edu.br\/unidades\/bonfim\/files\/2023\/12\/ProSel-2023-Classificacao-Final-Agrimensura-Retificado.pdf\">Resultado Final &#8211; SUBSEQUENTE &#8211; T\u00e9cnico em AGRIMENSURA<mark class=\"has-inline-color has-luminous-vivid-orange-color\"> <\/mark><\/a><mark class=\"has-inline-color has-luminous-vivid-orange-color\">&#8211; Retificado<\/mark> &lt;&lt;&lt;<br><a href=\"https:\/\/www.ifbaiano.edu.br\/unidades\/bonfim\/files\/2023\/12\/EDITAL-DE-CONVOCACAO-PARA-MATRICULA-SUBSEQUENTE.pdf\" data-type=\"URL\" data-id=\"https:\/\/www.ifbaiano.edu.br\/unidades\/bonfim\/files\/2023\/12\/EDITAL-DE-CONVOCACAO-PARA-MATRICULA-SUBSEQUENTE.pdf\">Edital de Convoca\u00e7\u00e3o para MATR\u00cdCULA &#8211; SUBSEQUENTE<br><\/a><a href=\"https:\/\/www.ifbaiano.edu.br\/unidades\/bonfim\/files\/2023\/12\/ProSel-2023-Classificacoes-Final-Alimentos.pdf\" data-type=\"URL\" data-id=\"https:\/\/www.ifbaiano.edu.br\/unidades\/bonfim\/files\/2023\/12\/ProSel-2023-Classificacoes-Final-Alimentos.pdf\"><s>Resultado Final &#8211; SUBSEQUENTE &#8211; T\u00e9cnico em ALIMENTOS<br><\/s><\/a><a href=\"https:\/\/www.ifbaiano.edu.br\/unidades\/bonfim\/files\/2023\/12\/ProSel-2023-Classificacoes-Final-Zootecnia.pdf\" data-type=\"URL\" data-id=\"https:\/\/www.ifbaiano.edu.br\/unidades\/bonfim\/files\/2023\/12\/ProSel-2023-Classificacoes-Final-Zootecnia.pdf\"><s>Resultado Final &#8211; SUBSEQUENTE &#8211; T\u00e9cnico em ZOOTECNIA<br><\/s><\/a><a href=\"https:\/\/www.ifbaiano.edu.br\/unidades\/bonfim\/files\/2023\/12\/ProSel-2023-Classificacoes-Final-Informatica.pdf\"><s>Resultado Final &#8211; SUBSEQUENTE &#8211; T\u00e9cnico em INFORM\u00c1TICA<br><\/s><\/a><a href=\"https:\/\/www.ifbaiano.edu.br\/unidades\/bonfim\/files\/2023\/12\/ProSel-2023-Classificacoes-Final-Agrimensura-1.pdf\"><s>Resultado Final &#8211; SUBSEQUENTE &#8211; T\u00e9cnico em AGRIMENSURA<\/s><br><\/a><a href=\"https:\/\/www.ifbaiano.edu.br\/unidades\/bonfim\/files\/2023\/12\/HETEROIDENTIFICACAO_SUBSEQUENTE-PRESENCIAL-2024.pdf\" data-type=\"URL\" data-id=\"https:\/\/www.ifbaiano.edu.br\/unidades\/bonfim\/files\/2023\/12\/HETEROIDENTIFICACAO_SUBSEQUENTE-PRESENCIAL-2024.pdf\">Convoca\u00e7\u00e3o Banca de Heteroidentifica\u00e7\u00e3o &#8211; SUBSEQUENTE<\/a> <mark class=\"has-inline-color has-vivid-red-color\">&#8211; ATEN\u00c7\u00c3O! <\/mark>&lt;&lt;&lt;&lt;<br><a href=\"https:\/\/www.ifbaiano.edu.br\/unidades\/bonfim\/files\/2023\/12\/Curriculo-dos-membros-da-banca-de-avaliacao-da-autodeclaracao-SUBSEQUENTE-2024.pdf\" data-type=\"URL\" data-id=\"https:\/\/www.ifbaiano.edu.br\/unidades\/bonfim\/files\/2023\/12\/Curriculo-dos-membros-da-banca-de-avaliacao-da-autodeclaracao-SUBSEQUENTE-2024.pdf\">Curr\u00edculo dos membros da banca de avalia\u00e7\u00e3o da autodeclara\u00e7\u00e3o &#8211; SUBSEQUENTE<\/a><br><a href=\"https:\/\/www.ifbaiano.edu.br\/unidades\/bonfim\/files\/2023\/12\/ProSel-2023-subsequente-presencial-lista-preliminar-de-inscricoes-aceitas.pdf\">Lista Preliminar de Inscri\u00e7\u00f5es Aceitas<\/a> &#8211; <a href=\"https:\/\/www.ifbaiano.edu.br\/unidades\/bonfim\/files\/2023\/12\/ProSel-2023-subsequente-presencial-lista-preliminar-de-inscricoes-aceitas.pdf\">PRESENCIAL<\/a><br><a href=\"https:\/\/www.ifbaiano.edu.br\/unidades\/bonfim\/files\/2023\/11\/RETIFICACAO-No-01-ao-Edital-n\u00b0-47-de-23-de-outubro-de-2023.pdf\" data-type=\"URL\" data-id=\"https:\/\/www.ifbaiano.edu.br\/unidades\/bonfim\/files\/2023\/11\/RETIFICACAO-No-01-ao-Edital-n\u00b0-47-de-23-de-outubro-de-2023.pdf\">Retifica\u00e7\u00e3o N\u00ba 01 &#8211; quantitativo de vagas SUBSEQUENTE<\/a><br><a rel=\"noreferrer noopener\" href=\"https:\/\/www.ifbaiano.edu.br\/unidades\/bonfim\/files\/2023\/10\/Edital-N\u00b0-47-Ingresso-de-estudantes-2024-Modalidade-SUBSEQUENTE.pdf\" data-type=\"URL\" data-id=\"https:\/\/www.ifbaiano.edu.br\/unidades\/bonfim\/files\/2023\/10\/Edital-N\u00b0-47-Ingresso-de-estudantes-2024-Modalidade-SUBSEQUENTE.pdf\" target=\"_blank\">Edital N\u00b0 47 Ingresso de estudantes 2024 &#8211; Modalidade SUBSEQUENTE<\/a> &lt;&lt;&lt;&lt;<br><a href=\"https:\/\/www.ifbaiano.edu.br\/unidades\/bonfim\/files\/2023\/11\/Anexo-I-Consolidacao-de-Renda.pdf\">Anexo I &#8211; Consolida\u00e7\u00e3o de Renda<\/a><br><a href=\"https:\/\/www.ifbaiano.edu.br\/unidades\/bonfim\/files\/2023\/11\/Anexo-II-Autodeclaracao-Etico-Racial.pdf\">Anexo II &#8211; Autodeclara\u00e7\u00e3o \u00c9tico-Racial<\/a><br><a href=\"https:\/\/www.ifbaiano.edu.br\/unidades\/bonfim\/files\/2023\/11\/Anexo-III-Declaracao-de-Pessoas-com-Deficiencia.pdf\">Anexo III &#8211; Declara\u00e7\u00e3o de Pessoas com Defici\u00eancia<\/a><br><a href=\"https:\/\/www.ifbaiano.edu.br\/unidades\/bonfim\/files\/2023\/11\/Anexo-IV-Declracao-de-Escola-Publica.pdf\">Anexo IV &#8211; Declara\u00e7\u00e3o de Escola P\u00fablica<\/a><br><a href=\"https:\/\/www.ifbaiano.edu.br\/unidades\/bonfim\/files\/2023\/11\/Anexo-V-Autodeclaracao-de-Renda.pdf\">Anexo V &#8211; Autodeclara\u00e7\u00e3o de Renda<\/a><br><a href=\"https:\/\/www.ifbaiano.edu.br\/unidades\/bonfim\/files\/2023\/11\/Anexo-VI-Formulario-para-Recurso.pdf\">Anexo VI &#8211; Formul\u00e1rio para Recurso<\/a><br><a href=\"https:\/\/www.ifbaiano.edu.br\/unidades\/bonfim\/files\/2023\/11\/Anexo-VII-Ficha-de-Inscricao-Manifestacao-de-Interesse.pdf\">Anexo VII &#8211; Ficha de Inscri\u00e7\u00e3o Manifesta\u00e7\u00e3o de Interesse<\/a><br><br><\/td><\/tr><\/tbody><\/table><\/figure>\n","protected":false},"excerpt":{"rendered":"<p>PROCESSO SELETIVO PARA INGRESSO DE ESTUDANTES NOS CURSOS DA EDUCA\u00c7\u00c3O PROFISSIONAL T\u00c9CNICA DE N\u00cdVEL M\u00c9DIO NA FORMA SUBSEQUENTE AO ENSINO M\u00c9DIO &#8211; MODALIDADE PRESENCIAL 2024 APRESENTA\u00c7\u00c3O O DIRETOR-GERAL DO INSTITUTO FEDERAL DE EDUCA\u00c7\u00c3O, CI\u00caNCIA E TECNOLOGIA BAIANO (IF BAIANO) CAMPUS SENHOR DO BONFIM, no uso de suas atribui\u00e7\u00f5es, , torna p\u00fablica a abertura de inscri\u00e7\u00f5es [&hellip;]<\/p>\n","protected":false},"author":104,"featured_media":0,"parent":0,"menu_order":0,"comment_status":"closed","ping_status":"closed","template":"","meta":[],"_links":{"self":[{"href":"https:\/\/www.ifbaiano.edu.br\/unidades\/bonfim\/wp-json\/wp\/v2\/pages\/17335"}],"collection":[{"href":"https:\/\/www.ifbaiano.edu.br\/unidades\/bonfim\/wp-json\/wp\/v2\/pages"}],"about":[{"href":"https:\/\/www.ifbaiano.edu.br\/unidades\/bonfim\/wp-json\/wp\/v2\/types\/page"}],"author":[{"embeddable":true,"href":"https:\/\/www.ifbaiano.edu.br\/unidades\/bonfim\/wp-json\/wp\/v2\/users\/104"}],"replies":[{"embeddable":true,"href":"https:\/\/www.ifbaiano.edu.br\/unidades\/bonfim\/wp-json\/wp\/v2\/comments?post=17335"}],"version-history":[{"count":28,"href":"https:\/\/www.ifbaiano.edu.br\/unidades\/bonfim\/wp-json\/wp\/v2\/pages\/17335\/revisions"}],"predecessor-version":[{"id":18419,"href":"https:\/\/www.ifbaiano.edu.br\/unidades\/bonfim\/wp-json\/wp\/v2\/pages\/17335\/revisions\/18419"}],"wp:attachment":[{"href":"https:\/\/www.ifbaiano.edu.br\/unidades\/bonfim\/wp-json\/wp\/v2\/media?parent=17335"}],"curies":[{"name":"wp","href":"https:\/\/api.w.org\/{rel}","templated":true}]}}