{"id":17382,"date":"2023-10-31T15:49:20","date_gmt":"2023-10-31T18:49:20","guid":{"rendered":"https:\/\/www.ifbaiano.edu.br\/unidades\/bonfim\/?page_id=17382"},"modified":"2025-04-22T14:05:28","modified_gmt":"2025-04-22T17:05:28","slug":"neabi","status":"publish","type":"page","link":"https:\/\/www.ifbaiano.edu.br\/unidades\/bonfim\/neabi\/","title":{"rendered":"N\u00facleo de Estudos de Afro-Brasileiros e Ind\u00edgenas &#8211; NEABI"},"content":{"rendered":"\n<p>O NEABI \u00e9 um m\u00facleo de Assessoramento de natureza propositiva, consultiva e deliberativa no tocante \u00e0s quest\u00f5es da diversidade na perspectiva dos princ\u00edpios multiculturais, tendo como escopo o fomento a estudos das quest\u00f5es etnicorraciais e o desenvolvimento de a\u00e7\u00f5es de valoriza\u00e7\u00e3o das identidades afro e ind\u00edgena.<\/p>\n\n\n\n<p>O objetivo principal do NEABI \u00e9 fomentar a discuss\u00e3o, articular e promover a\u00e7\u00f5es referentes ao respeito \u00e0 diversidade etnicorracial e \u00e0 prote\u00e7\u00e3o de direitos de pessoas e grupos \u00e9tnicos atingidos por atos discriminat\u00f3rios, a exemplo do racismo, atrav\u00e9s do assessoramento ao ensino, \u00e0 pesquisa e \u00e0 extens\u00e3o.<\/p>\n\n\n\n<p class=\"has-small-font-size\"><strong>Editais e Documentos<\/strong><\/p>\n\n\n\n<p><a href=\"https:\/\/www.ifbaiano.edu.br\/unidades\/bonfim\/files\/2025\/04\/Regimento-do-Nucleo-de-Estudos-Afro-Brasileiros-e-Indigenas-do-IF-Baiano-Reformulacao.pdf\" data-type=\"URL\" data-id=\"https:\/\/www.ifbaiano.edu.br\/unidades\/bonfim\/files\/2025\/04\/Regimento-do-Nucleo-de-Estudos-Afro-Brasileiros-e-Indigenas-do-IF-Baiano-Reformulacao.pdf\">Regimento do N\u00facleo de Estudos Afro-Brasileiros e Ind\u00edgenas do IF Baiano &#8211; Reformula\u00e7\u00e3o <\/a><\/p>\n","protected":false},"excerpt":{"rendered":"<p>O NEABI \u00e9 um m\u00facleo de Assessoramento de natureza propositiva, consultiva e deliberativa no tocante \u00e0s quest\u00f5es da diversidade na perspectiva dos princ\u00edpios multiculturais, tendo como escopo o fomento a estudos das quest\u00f5es etnicorraciais e o desenvolvimento de a\u00e7\u00f5es de valoriza\u00e7\u00e3o das identidades afro e ind\u00edgena. O objetivo principal do NEABI \u00e9 fomentar a discuss\u00e3o, [&hellip;]<\/p>\n","protected":false},"author":74,"featured_media":0,"parent":0,"menu_order":0,"comment_status":"closed","ping_status":"closed","template":"","meta":[],"_links":{"self":[{"href":"https:\/\/www.ifbaiano.edu.br\/unidades\/bonfim\/wp-json\/wp\/v2\/pages\/17382"}],"collection":[{"href":"https:\/\/www.ifbaiano.edu.br\/unidades\/bonfim\/wp-json\/wp\/v2\/pages"}],"about":[{"href":"https:\/\/www.ifbaiano.edu.br\/unidades\/bonfim\/wp-json\/wp\/v2\/types\/page"}],"author":[{"embeddable":true,"href":"https:\/\/www.ifbaiano.edu.br\/unidades\/bonfim\/wp-json\/wp\/v2\/users\/74"}],"replies":[{"embeddable":true,"href":"https:\/\/www.ifbaiano.edu.br\/unidades\/bonfim\/wp-json\/wp\/v2\/comments?post=17382"}],"version-history":[{"count":3,"href":"https:\/\/www.ifbaiano.edu.br\/unidades\/bonfim\/wp-json\/wp\/v2\/pages\/17382\/revisions"}],"predecessor-version":[{"id":21036,"href":"https:\/\/www.ifbaiano.edu.br\/unidades\/bonfim\/wp-json\/wp\/v2\/pages\/17382\/revisions\/21036"}],"wp:attachment":[{"href":"https:\/\/www.ifbaiano.edu.br\/unidades\/bonfim\/wp-json\/wp\/v2\/media?parent=17382"}],"curies":[{"name":"wp","href":"https:\/\/api.w.org\/{rel}","templated":true}]}}