{"id":18066,"date":"2024-03-12T11:52:21","date_gmt":"2024-03-12T14:52:21","guid":{"rendered":"https:\/\/www.ifbaiano.edu.br\/unidades\/bonfim\/?page_id=18066"},"modified":"2025-05-08T14:58:53","modified_gmt":"2025-05-08T17:58:53","slug":"processo-seletivo-simplificado-2024","status":"publish","type":"page","link":"https:\/\/www.ifbaiano.edu.br\/unidades\/bonfim\/processo-seletivo-simplificado-2024\/","title":{"rendered":"PROCESSO SELETIVO SIMPLIFICADO 2024"},"content":{"rendered":"\n<strong><div id=\"TituloMenu\" class=\"dnone\"> editais fixados<\/div> <\/strong><\/p><p>\n\n\n\n<p><strong><a href=\"https:\/\/www.ifbaiano.edu.br\/unidades\/bonfim\/processo-seletivo-simplificado-professor-substituto-area-letras-portugues-literatura-e-espanhol\/\" data-type=\"URL\" data-id=\"https:\/\/www.ifbaiano.edu.br\/unidades\/bonfim\/processo-seletivo-simplificado-professor-substituto-area-letras-portugues-literatura-e-espanhol\/\">PROFESSOR SUBSTITUTO \u2013 \u00c1REA &#8211; LETRAS &#8211; PORTUGU\u00caS, LITERATURA E ESPANHOL<\/a><\/strong><\/p>\n\n\n\n<hr class=\"wp-block-separator has-alpha-channel-opacity\" \/>\n\n\n\n<p><strong><a href=\"https:\/\/www.ifbaiano.edu.br\/unidades\/bonfim\/processo-seletivo-simplificado-para-contratacao-de-estagiarios-de-nivel-superior-e-tecnico-denivel-medio\/\" data-type=\"URL\" data-id=\"https:\/\/www.ifbaiano.edu.br\/unidades\/bonfim\/processo-seletivo-simplificado-para-contratacao-de-estagiarios-de-nivel-superior-e-tecnico-denivel-medio\/\">PROCESSO SELETIVO SIMPLIFICADO PARA CONTRATA\u00c7\u00c3O DE ESTAGI\u00c1RIOS DE N\u00cdVEL SUPERIOR E T\u00c9CNICO DE N\u00cdVEL M\u00c9DIO<\/a><\/strong><\/p>\n\n\n\n<hr class=\"wp-block-separator has-alpha-channel-opacity\" \/>\n\n\n\n<p><a href=\"https:\/\/www.ifbaiano.edu.br\/unidades\/bonfim\/programa-mulheres-mil-selecao-interna-para-profissionais-de-apoio-administrativo-e-professor-formador-cursos-fic-modalidade-presencial\/\" data-type=\"URL\" data-id=\"https:\/\/www.ifbaiano.edu.br\/unidades\/bonfim\/programa-mulheres-mil-selecao-interna-para-profissionais-de-apoio-administrativo-e-professor-formador-cursos-fic-modalidade-presencial\/\"><strong>PROGRAMA MULHERES MIL<\/strong> &#8211; <strong>SELE\u00c7\u00c3O INTERNA PARA PROFISSIONAIS DE APOIO ADMINISTRATIVO E PROFESSOR FORMADOR &#8211; CURSOS FIC (MODALIDADE PRESENCIAL)<\/strong><\/a><\/p>\n","protected":false},"excerpt":{"rendered":"<p>editais fixados PROFESSOR SUBSTITUTO \u2013 \u00c1REA &#8211; LETRAS &#8211; PORTUGU\u00caS, LITERATURA E ESPANHOL PROCESSO SELETIVO SIMPLIFICADO PARA CONTRATA\u00c7\u00c3O DE ESTAGI\u00c1RIOS DE N\u00cdVEL SUPERIOR E T\u00c9CNICO DE N\u00cdVEL M\u00c9DIO PROGRAMA MULHERES MIL &#8211; SELE\u00c7\u00c3O INTERNA PARA PROFISSIONAIS DE APOIO ADMINISTRATIVO E PROFESSOR FORMADOR &#8211; CURSOS FIC (MODALIDADE PRESENCIAL)<\/p>\n","protected":false},"author":104,"featured_media":0,"parent":0,"menu_order":0,"comment_status":"closed","ping_status":"closed","template":"","meta":[],"_links":{"self":[{"href":"https:\/\/www.ifbaiano.edu.br\/unidades\/bonfim\/wp-json\/wp\/v2\/pages\/18066"}],"collection":[{"href":"https:\/\/www.ifbaiano.edu.br\/unidades\/bonfim\/wp-json\/wp\/v2\/pages"}],"about":[{"href":"https:\/\/www.ifbaiano.edu.br\/unidades\/bonfim\/wp-json\/wp\/v2\/types\/page"}],"author":[{"embeddable":true,"href":"https:\/\/www.ifbaiano.edu.br\/unidades\/bonfim\/wp-json\/wp\/v2\/users\/104"}],"replies":[{"embeddable":true,"href":"https:\/\/www.ifbaiano.edu.br\/unidades\/bonfim\/wp-json\/wp\/v2\/comments?post=18066"}],"version-history":[{"count":29,"href":"https:\/\/www.ifbaiano.edu.br\/unidades\/bonfim\/wp-json\/wp\/v2\/pages\/18066\/revisions"}],"predecessor-version":[{"id":21560,"href":"https:\/\/www.ifbaiano.edu.br\/unidades\/bonfim\/wp-json\/wp\/v2\/pages\/18066\/revisions\/21560"}],"wp:attachment":[{"href":"https:\/\/www.ifbaiano.edu.br\/unidades\/bonfim\/wp-json\/wp\/v2\/media?parent=18066"}],"curies":[{"name":"wp","href":"https:\/\/api.w.org\/{rel}","templated":true}]}}