{"id":18299,"date":"2024-04-18T14:09:02","date_gmt":"2024-04-18T17:09:02","guid":{"rendered":"https:\/\/www.ifbaiano.edu.br\/unidades\/bonfim\/?page_id=18299"},"modified":"2024-06-27T11:29:52","modified_gmt":"2024-06-27T14:29:52","slug":"selecao-de-estagiario-de-nivel-superior-2024","status":"publish","type":"page","link":"https:\/\/www.ifbaiano.edu.br\/unidades\/bonfim\/selecao-de-estagiario-de-nivel-superior-2024\/","title":{"rendered":"Sele\u00e7\u00e3o de Estagi\u00e1rio de N\u00edvel Superior 2024"},"content":{"rendered":"\n<hr class=\"wp-block-separator has-alpha-channel-opacity\" \/>\n\n\n\n<p><strong>PROCESSO SELETIVO SIMPLIFICADO PARA CONTRATA\u00c7\u00c3O DE ESTAGI\u00c1RIOS DE N\u00cdVEL SUPERIOR E T\u00c9CNICO DE N\u00cdVEL M\u00c9DIO<\/strong><\/p>\n\n\n\n<p><a href=\"https:\/\/www.ifbaiano.edu.br\/unidades\/bonfim\/files\/2024\/06\/RESULTADO-FINAL-Edital-no-23.2024-Contratacao-de-estagiario-de-nivel-Superior-e-Tecnico-IF-Baiano-campus-Senhor-do-Bonfim.pdf\" data-type=\"URL\" data-id=\"https:\/\/www.ifbaiano.edu.br\/unidades\/bonfim\/files\/2024\/06\/RESULTADO-FINAL-Edital-no-23.2024-Contratacao-de-estagiario-de-nivel-Superior-e-Tecnico-IF-Baiano-campus-Senhor-do-Bonfim.pdf\">RESULTADO FINAL<\/a><\/p>\n\n\n\n<p><a href=\"https:\/\/www.ifbaiano.edu.br\/unidades\/bonfim\/files\/2024\/06\/RESULTADO-definitivo-DAS-ENTREVISTA-pos-recursos.docx-.pdf\" data-type=\"URL\" data-id=\"https:\/\/www.ifbaiano.edu.br\/unidades\/bonfim\/files\/2024\/06\/RESULTADO-definitivo-DAS-ENTREVISTA-pos-recursos.docx-.pdf\">RESULTADO-definitivo-DAS-ENTREVISTA-pos-recursos.docx-.pdf<\/a><br><a href=\"https:\/\/www.ifbaiano.edu.br\/unidades\/bonfim\/files\/2024\/06\/RESULTADO-DA-ENTREVISTA.pdf\" data-type=\"URL\" data-id=\"https:\/\/www.ifbaiano.edu.br\/unidades\/bonfim\/files\/2024\/06\/RESULTADO-DA-ENTREVISTA.pdf\">RESULTADO DA ENTREVISTA<\/a><\/p>\n\n\n\n<p><a href=\"https:\/\/www.ifbaiano.edu.br\/unidades\/bonfim\/files\/2024\/06\/RESULTADO-DEFINITIVO-DA-PROVA-ESCRITA.pdf\" data-type=\"URL\" data-id=\"https:\/\/www.ifbaiano.edu.br\/unidades\/bonfim\/files\/2024\/06\/RESULTADO-DEFINITIVO-DA-PROVA-ESCRITA.pdf\">RESULTADO DEFINITIVO DA PROVA ESCRITA<\/a><\/p>\n\n\n\n<p><a href=\"https:\/\/www.ifbaiano.edu.br\/unidades\/bonfim\/files\/2024\/06\/HORARIOS-DAS-ENTREVISTAS.docx\" data-type=\"URL\" data-id=\"https:\/\/www.ifbaiano.edu.br\/unidades\/bonfim\/files\/2024\/06\/HORARIOS-DAS-ENTREVISTAS.docx\">HOR\u00c1RIOS DAS ENTREVISTAS<\/a><\/p>\n\n\n\n<p><a href=\"https:\/\/www.ifbaiano.edu.br\/unidades\/bonfim\/files\/2024\/06\/RESULTADO-DA-PROVA-ESCRITA.pdf\" data-type=\"URL\" data-id=\"https:\/\/www.ifbaiano.edu.br\/unidades\/bonfim\/files\/2024\/06\/RESULTADO-DA-PROVA-ESCRITA.pdf\">RESULTADO DA PROVA ESCRITA<\/a><\/p>\n\n\n\n<p><a href=\"https:\/\/www.ifbaiano.edu.br\/unidades\/bonfim\/files\/2024\/06\/Resultado-definitivo-inscricoes-Edital-no-23-2024-Contratacao-de-estagiario-de-nivel-Superior-e-Tecnico-IF-Baiano-campus-Senhor-do-Bonfim.pdf\" data-type=\"URL\" data-id=\"https:\/\/www.ifbaiano.edu.br\/unidades\/bonfim\/files\/2024\/06\/Resultado-definitivo-inscricoes-Edital-no-23-2024-Contratacao-de-estagiario-de-nivel-Superior-e-Tecnico-IF-Baiano-campus-Senhor-do-Bonfim.pdf\">Resultado definitivo<\/a><\/p>\n\n\n\n<p><a href=\"https:\/\/www.ifbaiano.edu.br\/unidades\/bonfim\/files\/2024\/06\/Resultado-Preliminar-Edital-no-23-de-07-de-maio-de-2024-IFBaiano-Campus-Senhor-do-Bonfim.pdf\" data-type=\"URL\" data-id=\"https:\/\/www.ifbaiano.edu.br\/unidades\/bonfim\/files\/2024\/06\/Resultado-Preliminar-Edital-no-23-de-07-de-maio-de-2024-IFBaiano-Campus-Senhor-do-Bonfim.pdf\">Resultado Preliminar<\/a><\/p>\n\n\n\n<p><a href=\"https:\/\/www.ifbaiano.edu.br\/unidades\/bonfim\/files\/2024\/05\/Retificacao-01-do-EDITAL-No-23-de-07-de-maio-de-2024-CONTRATACAO-DE-ESTAGIARIOS.pdf\" data-type=\"URL\" data-id=\"https:\/\/www.ifbaiano.edu.br\/unidades\/bonfim\/files\/2024\/05\/Retificacao-01-do-EDITAL-No-23-de-07-de-maio-de-2024-CONTRATACAO-DE-ESTAGIARIOS.pdf\">Retifica\u00e7\u00e3o 01 do EDITAL N\u00ba 23 de 07 de maio de 2024<\/a><\/p>\n\n\n\n<p><a href=\"https:\/\/www.ifbaiano.edu.br\/unidades\/bonfim\/files\/2024\/05\/EDITAL-No-23-de-07-de-maio-de-2024-CONTRATACAO-DE-ESTAGIARIOS.pdf\" data-type=\"URL\" data-id=\"https:\/\/www.ifbaiano.edu.br\/unidades\/bonfim\/files\/2024\/05\/EDITAL-No-23-de-07-de-maio-de-2024-CONTRATACAO-DE-ESTAGIARIOS.pdf\">EDITAL N\u00ba 23 de 07 de maio de 2024<\/a><\/p>\n\n\n\n<p><a href=\"https:\/\/forms.gle\/UdxenCcgRjVuYWaH6\" data-type=\"URL\" data-id=\"https:\/\/forms.gle\/UdxenCcgRjVuYWaH6\">Link para inscri\u00e7\u00e3o<\/a><\/p>\n","protected":false},"excerpt":{"rendered":"<p>PROCESSO SELETIVO SIMPLIFICADO PARA CONTRATA\u00c7\u00c3O DE ESTAGI\u00c1RIOS DE N\u00cdVEL SUPERIOR E T\u00c9CNICO DE N\u00cdVEL M\u00c9DIO RESULTADO FINAL RESULTADO-definitivo-DAS-ENTREVISTA-pos-recursos.docx-.pdfRESULTADO DA ENTREVISTA RESULTADO DEFINITIVO DA PROVA ESCRITA HOR\u00c1RIOS DAS ENTREVISTAS RESULTADO DA PROVA ESCRITA Resultado definitivo Resultado Preliminar Retifica\u00e7\u00e3o 01 do EDITAL N\u00ba 23 de 07 de maio de 2024 EDITAL N\u00ba 23 de 07 de maio [&hellip;]<\/p>\n","protected":false},"author":104,"featured_media":0,"parent":0,"menu_order":0,"comment_status":"closed","ping_status":"closed","template":"","meta":[],"_links":{"self":[{"href":"https:\/\/www.ifbaiano.edu.br\/unidades\/bonfim\/wp-json\/wp\/v2\/pages\/18299"}],"collection":[{"href":"https:\/\/www.ifbaiano.edu.br\/unidades\/bonfim\/wp-json\/wp\/v2\/pages"}],"about":[{"href":"https:\/\/www.ifbaiano.edu.br\/unidades\/bonfim\/wp-json\/wp\/v2\/types\/page"}],"author":[{"embeddable":true,"href":"https:\/\/www.ifbaiano.edu.br\/unidades\/bonfim\/wp-json\/wp\/v2\/users\/104"}],"replies":[{"embeddable":true,"href":"https:\/\/www.ifbaiano.edu.br\/unidades\/bonfim\/wp-json\/wp\/v2\/comments?post=18299"}],"version-history":[{"count":12,"href":"https:\/\/www.ifbaiano.edu.br\/unidades\/bonfim\/wp-json\/wp\/v2\/pages\/18299\/revisions"}],"predecessor-version":[{"id":18449,"href":"https:\/\/www.ifbaiano.edu.br\/unidades\/bonfim\/wp-json\/wp\/v2\/pages\/18299\/revisions\/18449"}],"wp:attachment":[{"href":"https:\/\/www.ifbaiano.edu.br\/unidades\/bonfim\/wp-json\/wp\/v2\/media?parent=18299"}],"curies":[{"name":"wp","href":"https:\/\/api.w.org\/{rel}","templated":true}]}}