{"id":18308,"date":"2024-04-23T15:10:12","date_gmt":"2024-04-23T18:10:12","guid":{"rendered":"https:\/\/www.ifbaiano.edu.br\/unidades\/bonfim\/?page_id=18308"},"modified":"2024-04-23T15:10:12","modified_gmt":"2024-04-23T18:10:12","slug":"edital-paise-no-33-2023-encerrado","status":"publish","type":"page","link":"https:\/\/www.ifbaiano.edu.br\/unidades\/bonfim\/edital-paise-no-33-2023-encerrado\/","title":{"rendered":"EDITAL PAISE N\u00ba 33\/2023 &#8211; Encerrado"},"content":{"rendered":"\n<figure class=\"wp-block-table\"><table><tbody><tr><td><mark class=\"has-inline-color has-vivid-cyan-blue-color\"><strong> PAISE 2023<\/strong><\/mark><\/td><\/tr><\/tbody><\/table><\/figure>\n\n\n\n<p><strong>O IF BAIANO \u2013 CAMPUS SENHOR DO BONFIM<\/strong> torna p\u00fablico o<a href=\"https:\/\/www.ifbaiano.edu.br\/unidades\/bonfim\/files\/2023\/07\/Edital-33-de-25-de-Julho-de-2023-Paise.pdf\" data-type=\"URL\" data-id=\"https:\/\/www.ifbaiano.edu.br\/unidades\/bonfim\/files\/2023\/07\/Edital-33-de-25-de-Julho-de-2023-Paise.pdf\">&nbsp;EDITAL N\u00ba 33\/2023<\/a>&nbsp;de Fluxo Cont\u00ednuo que estabelece as normas e crit\u00e9rios para sele\u00e7\u00e3o de estudantes em vulnerabilidade socioecon\u00f4mica, de cursos presenciais e \u00e0 dist\u00e2ncia, com a finalidade de participa\u00e7\u00e3o na Pol\u00edtica de Assist\u00eancia Estudantil deste Instituto, por meio do PAISE.<\/p>\n\n\n\n<p>As inscri\u00e7\u00f5es ser\u00e3o realizadas atrav\u00e9s do endere\u00e7o eletr\u00f4nico:&nbsp;<a href=\"https:\/\/forms.gle\/8EMLUCbjUmnwx2cB7\" data-type=\"URL\" data-id=\"https:\/\/forms.gle\/8EMLUCbjUmnwx2cB7\">Link para inscri\u00e7\u00e3o<\/a><\/p>\n\n\n\n<figure class=\"wp-block-table\"><table><tbody><tr><td><strong><mark class=\"has-inline-color has-vivid-red-color\">Per\u00edodo de inscri\u00e7\u00e3o: Encerradas<\/mark><\/strong><\/td><\/tr><\/tbody><\/table><\/figure>\n\n\n\n<hr class=\"wp-block-separator has-css-opacity\" \/>\n\n\n\n<p><strong>Documentos:<\/strong><\/p>\n\n\n\n<p><a href=\"https:\/\/www.ifbaiano.edu.br\/unidades\/bonfim\/files\/2023\/10\/1a-CHAMADA-DA-LISTA-DE-ESPERA-PAISE-2023_2-Acessivel.pdf\" data-type=\"URL\" data-id=\"https:\/\/www.ifbaiano.edu.br\/unidades\/bonfim\/files\/2023\/10\/1a-CHAMADA-DA-LISTA-DE-ESPERA-PAISE-2023_2-Acessivel.pdf\">1\u00aa CHAMADA DA LISTA DE ESPERA PAISE 2023_2 &#8211; Acess\u00edvel<\/a><\/p>\n\n\n\n<p><a href=\"https:\/\/www.ifbaiano.edu.br\/unidades\/bonfim\/files\/2023\/09\/RESUTADO-FINAL-PAISE-2023_2-Acessivel.pdf\" data-type=\"URL\" data-id=\"https:\/\/www.ifbaiano.edu.br\/unidades\/bonfim\/files\/2023\/09\/RESUTADO-FINAL-PAISE-2023_2-Acessivel.pdf\">RESUTADO FINAL PAISE 2023_2 &#8211; Acess\u00edvel<\/a><\/p>\n\n\n\n<p><a href=\"https:\/\/www.ifbaiano.edu.br\/unidades\/bonfim\/files\/2023\/09\/RESULTADO-DA-INTERPOSICAO-DE-RECURSOS-Pre_selecionados-Acessivel.pdf\" data-type=\"URL\" data-id=\"https:\/\/www.ifbaiano.edu.br\/unidades\/bonfim\/files\/2023\/09\/RESULTADO-DA-INTERPOSICAO-DE-RECURSOS-Pre_selecionados-Acessivel.pdf\">RESULTADO DA INTERPOSI\u00c7\u00c3O DE RECURSOS Pr\u00e9_selecionados &#8211; Acess\u00edvel<\/a><\/p>\n\n\n\n<p><a href=\"https:\/\/www.ifbaiano.edu.br\/unidades\/bonfim\/files\/2023\/09\/RESULTADO-DA-INTERPOSICAO-DE-RECURSOS-PAISE-2023.pdf\" data-type=\"URL\" data-id=\"https:\/\/www.ifbaiano.edu.br\/unidades\/bonfim\/files\/2023\/09\/RESULTADO-DA-INTERPOSICAO-DE-RECURSOS-PAISE-2023.pdf\">RESULTADO DA INTERPOSI\u00c7\u00c3O DE RECURSOS Pr\u00e9-selecionados &#8211; PAISE 2023<\/a><\/p>\n\n\n\n<p><a rel=\"noreferrer noopener\" href=\"https:\/\/www.ifbaiano.edu.br\/unidades\/bonfim\/files\/2023\/09\/PRE_SELECIONADOS-PAISE-2023_2-Acessivel.pdf\" data-type=\"URL\" data-id=\"https:\/\/www.ifbaiano.edu.br\/unidades\/bonfim\/files\/2023\/09\/PRE_SELECIONADOS-PAISE-2023_2-Acessivel.pdf\" target=\"_blank\">RELA\u00c7\u00c3O DOS ALUNOS PR\u00c9 SELECIONADOS POR AUX\u00cdLIOS<\/a><\/p>\n\n\n\n<p><a href=\"https:\/\/www.ifbaiano.edu.br\/unidades\/bonfim\/files\/2023\/08\/RESULTADO-DA-INTERPOSICAO-DE-RECURSOS-PAISE.pdf\" data-type=\"URL\" data-id=\"https:\/\/www.ifbaiano.edu.br\/unidades\/bonfim\/files\/2023\/08\/RESULTADO-DA-INTERPOSICAO-DE-RECURSOS-PAISE.pdf\">RESULTADO DA INTERPOSI\u00c7\u00c3O DE RECURSOS- PAISE<\/a><\/p>\n\n\n\n<p><a href=\"https:\/\/www.ifbaiano.edu.br\/unidades\/bonfim\/files\/2023\/08\/DIVULGACAO-DAS-INSCRICOES-HOMOLOGADAS-PAISE-2023.2-Acessivel.pdf\" data-type=\"URL\" data-id=\"https:\/\/www.ifbaiano.edu.br\/unidades\/bonfim\/files\/2023\/08\/DIVULGACAO-DAS-INSCRICOES-HOMOLOGADAS-PAISE-2023.2-Acessivel.pdf\">Lista de homologados<\/a> &#8211; Acess\u00edvel <br><a href=\"https:\/\/www.ifbaiano.edu.br\/unidades\/bonfim\/files\/2023\/08\/EDITAL-DE-RETIFICACAO-No-35-RETIFICA-O-EDITAL-No-33-DE-25-DE-JULHO-DE-2023-PAISE.pdf\" data-type=\"URL\" data-id=\"https:\/\/www.ifbaiano.edu.br\/unidades\/bonfim\/files\/2023\/08\/EDITAL-DE-RETIFICACAO-No-35-RETIFICA-O-EDITAL-No-33-DE-25-DE-JULHO-DE-2023-PAISE.pdf\">RETIFICA\u00c7\u00c3O DO EDITAL N\u00ba 33\/2023 &#8211; PAISE 2023.2<\/a><\/p>\n\n\n\n<p><a href=\"https:\/\/www.ifbaiano.edu.br\/unidades\/bonfim\/files\/2023\/08\/LISTA-PRELIMINAR-DE-INSCRITOS-PAISE-2023.2-Acessivel.pdf\" data-type=\"URL\">LISTA PRELIMINAR DE INSCRITOS PAISE 2023.2<\/a> &#8211; ACESS\u00cdVEL<\/p>\n\n\n\n<p><a href=\"https:\/\/www.ifbaiano.edu.br\/unidades\/bonfim\/files\/2023\/08\/LISTA-PRELIMINAR-DE-INSCRITOS-PAISE-2023.2.pdf\" data-type=\"URL\" data-id=\"https:\/\/www.ifbaiano.edu.br\/unidades\/bonfim\/files\/2023\/08\/LISTA-PRELIMINAR-DE-INSCRITOS-PAISE-2023.2.pdf\">LISTA PRELIMINAR DE INSCRITOS PAISE 2023.2<\/a><\/p>\n\n\n\n<p><a href=\"https:\/\/www.ifbaiano.edu.br\/unidades\/bonfim\/files\/2023\/07\/Edital-PAISE-2023.2.-Acessivel.pdf\" data-type=\"URL\" data-id=\"https:\/\/www.ifbaiano.edu.br\/unidades\/bonfim\/files\/2023\/07\/Edital-PAISE-2023.2.-Acessivel.pdf\">Edital n\u00ba 33\/2023 &#8211; PAISE &#8211; Fluxo cont\u00ednuo &#8211; Acess\u00edvel<\/a><\/p>\n\n\n\n<p><a href=\"https:\/\/www.ifbaiano.edu.br\/unidades\/bonfim\/files\/2023\/07\/Edital-33-de-25-de-Julho-de-2023-Paise.pdf\" data-type=\"URL\" data-id=\"https:\/\/www.ifbaiano.edu.br\/unidades\/bonfim\/files\/2023\/07\/Edital-33-de-25-de-Julho-de-2023-Paise.pdf\">Edital n\u00ba 33\/2023 &#8211; PAISE &#8211; Fluxo cont\u00ednuo<\/a><\/p>\n","protected":false},"excerpt":{"rendered":"<p>PAISE 2023 O IF BAIANO \u2013 CAMPUS SENHOR DO BONFIM torna p\u00fablico o&nbsp;EDITAL N\u00ba 33\/2023&nbsp;de Fluxo Cont\u00ednuo que estabelece as normas e crit\u00e9rios para sele\u00e7\u00e3o de estudantes em vulnerabilidade socioecon\u00f4mica, de cursos presenciais e \u00e0 dist\u00e2ncia, com a finalidade de participa\u00e7\u00e3o na Pol\u00edtica de Assist\u00eancia Estudantil deste Instituto, por meio do PAISE. As inscri\u00e7\u00f5es ser\u00e3o [&hellip;]<\/p>\n","protected":false},"author":104,"featured_media":0,"parent":0,"menu_order":0,"comment_status":"closed","ping_status":"closed","template":"","meta":[],"_links":{"self":[{"href":"https:\/\/www.ifbaiano.edu.br\/unidades\/bonfim\/wp-json\/wp\/v2\/pages\/18308"}],"collection":[{"href":"https:\/\/www.ifbaiano.edu.br\/unidades\/bonfim\/wp-json\/wp\/v2\/pages"}],"about":[{"href":"https:\/\/www.ifbaiano.edu.br\/unidades\/bonfim\/wp-json\/wp\/v2\/types\/page"}],"author":[{"embeddable":true,"href":"https:\/\/www.ifbaiano.edu.br\/unidades\/bonfim\/wp-json\/wp\/v2\/users\/104"}],"replies":[{"embeddable":true,"href":"https:\/\/www.ifbaiano.edu.br\/unidades\/bonfim\/wp-json\/wp\/v2\/comments?post=18308"}],"version-history":[{"count":1,"href":"https:\/\/www.ifbaiano.edu.br\/unidades\/bonfim\/wp-json\/wp\/v2\/pages\/18308\/revisions"}],"predecessor-version":[{"id":18310,"href":"https:\/\/www.ifbaiano.edu.br\/unidades\/bonfim\/wp-json\/wp\/v2\/pages\/18308\/revisions\/18310"}],"wp:attachment":[{"href":"https:\/\/www.ifbaiano.edu.br\/unidades\/bonfim\/wp-json\/wp\/v2\/media?parent=18308"}],"curies":[{"name":"wp","href":"https:\/\/api.w.org\/{rel}","templated":true}]}}