{"id":18988,"date":"2024-09-18T13:52:26","date_gmt":"2024-09-18T16:52:26","guid":{"rendered":"https:\/\/www.ifbaiano.edu.br\/unidades\/bonfim\/?page_id=18988"},"modified":"2025-04-03T14:32:45","modified_gmt":"2025-04-03T17:32:45","slug":"integrado-ao-ensino-medio-modalidade-presencial-2025","status":"publish","type":"page","link":"https:\/\/www.ifbaiano.edu.br\/unidades\/bonfim\/integrado-ao-ensino-medio-modalidade-presencial-2025\/","title":{"rendered":"INTEGRADO AO ENSINO M\u00c9DIO &#8211; MODALIDADE PRESENCIAL &#8211; 2025"},"content":{"rendered":"\n<h2 class=\"wp-block-heading\">PROCESSO SELETIVO PARA INGRESSO DE ESTUDANTES NOS CURSOS DA EDUCA\u00c7\u00c3O PROFISSIONAL T\u00c9CNICA DE N\u00cdVEL M\u00c9DIO NA FORMA INTEGRADA AO ENSINO M\u00c9DIO &#8211; MODALIDADE PRESENCIAL 2025<\/h2>\n\n\n\n<figure class=\"wp-block-table is-style-stripes\"><table class=\"has-text-color has-background\" style=\"color:#136346;background:linear-gradient(135deg,rgb(202,248,128) 61%,rgb(113,206,126) 100%)\"><thead><tr><th class=\"has-text-align-left\" data-align=\"left\">APRESENTA\u00c7\u00c3O<\/th><\/tr><\/thead><\/table><\/figure>\n\n\n\n<p>O DIRETOR-GERAL DO INSTITUTO FEDERAL DE EDUCA\u00c7\u00c3O, CI\u00caNCIA E TECNOLOGIA BAIANO (IF BAIANO) CAMPUS SENHOR DO BONFIM, no uso de suas atribui\u00e7\u00f5es, torna p\u00fablica a abertura de inscri\u00e7\u00f5es para o processo de ingresso de estudantes de 2025, dos cursos da Educa\u00e7\u00e3o Profissional T\u00e9cnica de N\u00edvel M\u00e9dio (EPTNM), na forma integrada ao ensino m\u00e9dio &#8211; modalidade presencial &#8211; para o Campus Senhor do Bonfim, por meio de an\u00e1lise de hist\u00f3rico escolar, conforme o n\u00famero de vagas e os cursos relacionados no Quadro 2 do subitem 2.3 e seguindo as demais condi\u00e7\u00f5es e etapas definidas no <a rel=\"noreferrer noopener\" href=\"https:\/\/www.ifbaiano.edu.br\/unidades\/bonfim\/files\/2023\/10\/Edital-No-48-Ingresso-de-estudantes-2024-Modalidade-INTEGRADO.pdf\" data-type=\"URL\" data-id=\"https:\/\/www.ifbaiano.edu.br\/unidades\/bonfim\/files\/2023\/10\/Edital-No-48-Ingresso-de-estudantes-2024-Modalidade-INTEGRADO.pdf\" target=\"_blank\"><\/a><a href=\"https:\/\/www.ifbaiano.edu.br\/unidades\/bonfim\/files\/2024\/09\/Edital-no-39-de-23-de-setembro-MEDIO-INTEGRADO-Edital-39-PROCESSO-SELETIVO-PARA-INGRESSO-DE-ESTUDANTES-NOS-CURSOS-NIVEL-MEDIO-NA-FORMA-INTEGRADA-AO-ENSINO-MEDIO-MODALIDADE-PRESENCIAL-2025.pdf\">Edital n\u00ba 39 de 23 de setembro 2024<\/a>.<\/p>\n\n\n\n<figure class=\"wp-block-table is-style-stripes\"><table class=\"has-text-color has-background\" style=\"color:#136346;background:linear-gradient(135deg,rgb(202,248,128) 61%,rgb(113,206,126) 100%)\"><thead><tr><th class=\"has-text-align-left\" data-align=\"left\">VAGAS OFERTADAS CURSOS T\u00c9CNICOS  INTEGRADO<\/th><\/tr><\/thead><tbody><tr><td class=\"has-text-align-left\" data-align=\"left\"><strong><code>T\u00e9cnico em Agropecu\u00e1ria  - 120 Vagas <\/code><br><code>T\u00e9cnico em Agroind\u00fastria -  33 Vagas<\/code><br><code>T\u00e9cnico em Inform\u00e1tica   -  33 Vagas <\/code><\/strong><\/td><\/tr><\/tbody><\/table><figcaption class=\"wp-element-caption\"><mark class=\"has-inline-color has-vivid-red-color\"><strong>P\u00fablico Alvo:<\/strong>\u00a0Estudantes que est\u00e3o concluindo ou conclu\u00edram o <strong>9\u00ba ano <\/strong>do ensino fundamental.<\/mark><\/figcaption><\/figure>\n\n\n\n<div class=\"wp-block-group is-layout-constrained\"><div class=\"wp-block-group__inner-container\">\n<figure class=\"wp-block-table is-style-stripes\" style=\"font-size:14px\"><table class=\"has-text-color has-background\" style=\"color:#136346;background:linear-gradient(135deg,rgb(202,248,128) 61%,rgb(113,206,126) 100%)\"><thead><tr><th class=\"has-text-align-center\" data-align=\"center\">Etapa atual &gt;&gt;<br>19\/12<\/th><th class=\"has-text-align-center\" data-align=\"center\">Pr\u00f3xima Etapa&gt;&gt;<br>20\/12<\/th><th class=\"has-text-align-center\" data-align=\"center\">Pr\u00f3xima Etapa&gt;&gt;<\/th><\/tr><\/thead><tbody><tr><td class=\"has-text-align-center\" data-align=\"center\">Resultado dos<br>recursos contra a<br>banca de<br>heteroidentifica\u00e7\u00e3o<br>\u00e9tnicoracial \/ Resultado FInal <\/td><td class=\"has-text-align-center\" data-align=\"center\">Publica\u00e7\u00e3o do edital<br>de matr\u00edcula<\/td><td class=\"has-text-align-center\" data-align=\"center\"><br><\/td><\/tr><\/tbody><\/table><figcaption class=\"wp-element-caption\">Clique <a href=\"https:\/\/www.ifbaiano.edu.br\/unidades\/bonfim\/files\/2024\/11\/Retificacao-Edital-no-46-2024_-Cronograma.pdf\">aqui <\/a>e veja o cronograma completo <\/figcaption><\/figure>\n<\/div><\/div>\n\n\n\n<p>Sobre a lista classifica\u00e7\u00e3o do candidato no resultado final:<\/p>\n\n\n\n<p><mark style=\"background-color:#fcb900\" class=\"has-inline-color\"><strong>Aprovados:<\/strong> S\u00e3o os candidatos que j\u00e1 garantiram a vaga, dentro do n\u00famero total de vagas dispon\u00edveis para cada curso;<br><strong>Lista de Espera:<\/strong> S\u00e3o os candidatos classificados ap\u00f3s o limite de vagas. Eles podem ser convocados caso os aprovados n\u00e3o realizem a matr\u00edcula dentro do prazo.<\/mark><\/p>\n\n\n\n<figure class=\"wp-block-table is-style-stripes\"><table class=\"has-text-color has-background\" style=\"color:#136346;background:linear-gradient(135deg,rgb(202,248,128) 61%,rgb(113,206,126) 100%)\"><thead><tr><th class=\"has-text-align-left\" data-align=\"left\"><strong>EDITAIS E DOCUMENTOS<\/strong><\/th><\/tr><\/thead><tbody><tr><td class=\"has-text-align-left\" data-align=\"left\"><a href=\"https:\/\/www.ifbaiano.edu.br\/unidades\/bonfim\/files\/2025\/04\/Bonfim-Planilha-Envio-de-Mensagem-WhatsApp-CONVOCACAO-6-Agroindustria.pdf\" target=\"_blank\" rel=\"noreferrer noopener\">6\u00aa Chamada &#8211; T\u00e9cnico Integrado em Agroind\u00fastria <\/a><strong><mark>Novo<\/mark><\/strong> <a href=\"https:\/\/www.ifbaiano.edu.br\/unidades\/bonfim\/files\/2025\/01\/CONVOCACAO-3-Agroindustria.pdf\"><br><\/a><a rel=\"noreferrer noopener\" href=\"https:\/\/www.ifbaiano.edu.br\/unidades\/bonfim\/files\/2025\/03\/CONVOCACAO-5-Agroindustria.pdf\" target=\"_blank\">5\u00aa Chamada &#8211; T\u00e9cnico Integrado em Agroind\u00fastria <\/a><strong><mark>Novo<\/mark><\/strong> <a href=\"https:\/\/www.ifbaiano.edu.br\/unidades\/bonfim\/files\/2025\/01\/CONVOCACAO-3-Agroindustria.pdf\"><br><\/a><a rel=\"noreferrer noopener\" href=\"https:\/\/www.ifbaiano.edu.br\/unidades\/bonfim\/files\/2025\/03\/CONVOCACAO-4-Agroindustria.pdf\" target=\"_blank\">4\u00aa Chamada &#8211; T\u00e9cnico Integrado em Agroind\u00fastria <\/a><strong><mark>Novo<\/mark><\/strong> <a href=\"https:\/\/www.ifbaiano.edu.br\/unidades\/bonfim\/files\/2025\/01\/CONVOCACAO-3-Agroindustria.pdf\"><br><\/a><a href=\"https:\/\/www.ifbaiano.edu.br\/unidades\/bonfim\/files\/2025\/03\/CONVOCACAO-5-Agropecuaria.pdf\">5\u00aa Chamada &#8211; T\u00e9cnico Integrado em Agropecu\u00e1ria<\/a> <strong><mark>Novo<\/mark><\/strong><br><a href=\"https:\/\/www.ifbaiano.edu.br\/unidades\/bonfim\/files\/2025\/01\/CONVOCACAO-4-Agropecuaria.pdf\">4\u00aa Chamada &#8211; T\u00e9cnico Integrado em Agropecu\u00e1ria<\/a> <br><a rel=\"noreferrer noopener\" href=\"https:\/\/www.ifbaiano.edu.br\/unidades\/bonfim\/files\/2025\/01\/CONVOCACAO-3-Informatica.pdf\" target=\"_blank\">3\u00aa Chamada &#8211; T\u00e9cnico Integrado em Inform\u00e1tica<\/a> <a href=\"https:\/\/www.ifbaiano.edu.br\/unidades\/bonfim\/files\/2025\/01\/CONVOCACAO-3-Informatica.pdf\"><br><\/a><a rel=\"noreferrer noopener\" href=\"https:\/\/www.ifbaiano.edu.br\/unidades\/bonfim\/files\/2025\/01\/CONVOCACAO-3-Agropecuaria.pdf\" target=\"_blank\">3\u00aa Chamada &#8211; T\u00e9cnico Integrado em Agropecu\u00e1ria<\/a> <a href=\"https:\/\/www.ifbaiano.edu.br\/unidades\/bonfim\/files\/2025\/01\/CONVOCACAO-3-Agropecuaria.pdf\"><br><\/a><a rel=\"noreferrer noopener\" href=\"https:\/\/www.ifbaiano.edu.br\/unidades\/bonfim\/files\/2025\/01\/CONVOCACAO-3-Agroindustria.pdf\" target=\"_blank\">3\u00aa Chamada &#8211; T\u00e9cnico Integrado em Agroind\u00fastria<\/a> <a href=\"https:\/\/www.ifbaiano.edu.br\/unidades\/bonfim\/files\/2025\/01\/CONVOCACAO-3-Agroindustria.pdf\"><br><\/a><a href=\"https:\/\/www.ifbaiano.edu.br\/unidades\/bonfim\/files\/2025\/01\/CONVOCACAO-2-Informatica.pdf\">2\u00aa Chamada &#8211; T\u00e9cnico Integrado em Inform\u00e1tica<br><\/a><a href=\"https:\/\/www.ifbaiano.edu.br\/unidades\/bonfim\/files\/2025\/01\/CONVOCACAO-2-Agropecuaria-1.pdf\">2\u00aa Chamada &#8211; T\u00e9cnico Integrado em Agropecu\u00e1ria<br><\/a><a href=\"https:\/\/www.ifbaiano.edu.br\/unidades\/bonfim\/files\/2025\/01\/CONVOCACAO-2-Agroindustria-2.pdf\">2\u00aa Chamada &#8211; T\u00e9cnico Integrado em Agroind\u00fastria<br><\/a><a href=\"https:\/\/www.ifbaiano.edu.br\/unidades\/bonfim\/files\/2024\/12\/EDITAL-No-60-2024-de-20-de-Dezembro-de-2024_Integrado.pdf\">Edital de Matr\u00edcula n\u00ba 60\/2024<\/a> <sub><sup>Cursos integrados<\/sup><\/sub><br><strong><a href=\"https:\/\/www.ifbaiano.edu.br\/unidades\/bonfim\/files\/2024\/12\/Resultado-FInal-Integrado_Ingresso-2025-1.pdf\">Resultado Final &#8211; Lista de aprovados e lista de espera<\/a><\/strong><br><a href=\"https:\/\/www.ifbaiano.edu.br\/unidades\/bonfim\/files\/2024\/12\/RESULTADO-DA-BANCA-DE-HETEROIDENTIFICACAO-ETINICO-RACIAL-POS-RECURSOS.pdf\">Resultado da Banca de Heteroidentifica\u00e7\u00e3o &#8211; P\u00f3s-recursos<\/a><br><a rel=\"noreferrer noopener\" href=\"https:\/\/www.ifbaiano.edu.br\/unidades\/bonfim\/files\/2024\/12\/CURRICULO-DOS-MEMBROS-DA-BANCA-RECURSAL-1.pdf\" target=\"_blank\">Curriculo dos membros da banca recursal<br><\/a><a rel=\"noreferrer noopener\" href=\"https:\/\/www.ifbaiano.edu.br\/unidades\/bonfim\/files\/2024\/12\/Bonfim-Planilha-Envio-de-Mensagem-WhatsApp-Resultado-Parcial-Banca-de-Heteroidentificacao-4-1.pdf\" target=\"_blank\">Resultado preliminar da Banca de Heteroidentifica\u00e7\u00e3o<br><\/a><a href=\"https:\/\/www.ifbaiano.edu.br\/unidades\/bonfim\/files\/2024\/12\/Banca_heteroidentificacao_integrado.pdf\">Convoca\u00e7\u00e3o para Banca de Heteroidentifica\u00e7\u00e3o<\/a><br><a href=\"https:\/\/www.ifbaiano.edu.br\/unidades\/bonfim\/files\/2024\/12\/Autodeclaracao-Etnico-Racial.pdf\">Autodeclara\u00e7\u00e3o \u00c9tnico-Racial<\/a><br><a href=\"https:\/\/www.ifbaiano.edu.br\/unidades\/bonfim\/files\/2024\/12\/RESULTADO-DA-ANALISE-DO-HISTORICO-ESCOLAR.pdf\">Resultado da an\u00e1lise do hist\u00f3rico escolar<\/a><br><a href=\"https:\/\/www.ifbaiano.edu.br\/unidades\/bonfim\/files\/2024\/12\/Publicacao-dos-recursos-contra-Lista-Preliminar-do-Analise-do-Historico-Escolar.pdf\">Publica\u00e7\u00e3o dos recursos<\/a> <sub><sup>Contra lista preliminar da \u00e1nalise do hist\u00f3rico escolar<\/sup><\/sub><br><a rel=\"noreferrer noopener\" href=\"https:\/\/www.ifbaiano.edu.br\/unidades\/bonfim\/files\/2024\/11\/Resultado-Preliminar-Analise-do-Historico-1.pdf\" target=\"_blank\">Resultado preliminar da an\u00e1lise do hist\u00f3rico escolar<br><\/a><a href=\"https:\/\/www.ifbaiano.edu.br\/unidades\/bonfim\/files\/2024\/11\/Resultado-Final-Inscricoes-Homologadas-Integrado.pdf\">Lista final de inscri\u00e7\u00f5es homologadas<\/a><br><a href=\"https:\/\/www.ifbaiano.edu.br\/unidades\/bonfim\/files\/2024\/11\/RESULTADO-DOS-RECURSOS-Integrado.pdf\">Resultado dos recursos<\/a><br>R<a href=\"https:\/\/www.ifbaiano.edu.br\/unidades\/bonfim\/files\/2024\/11\/Edital-no-50.2024-Retificacao-02-do-Edital-no-39.2024-Cursos-Integrado-ao-Ensino-Medio.pdf\">etifica\u00e7\u00e3o 0<\/a>2 <sub><sup>Cronograma &#8211; Prorroga\u00e7\u00e3o do prazo para envio de recursos<\/sup><\/sub><br><a rel=\"noreferrer noopener\" href=\"https:\/\/www.ifbaiano.edu.br\/unidades\/bonfim\/files\/2024\/11\/Lista-preliminar_integrado.pdf\" data-type=\"URL\" data-id=\"https:\/\/www.ifbaiano.edu.br\/unidades\/bonfim\/files\/2024\/11\/Lista-preliminar_integrado.pdf\" target=\"_blank\">Lista preliminar das inscri\u00e7\u00f5es homologadas<br><\/a><a href=\"https:\/\/www.ifbaiano.edu.br\/unidades\/bonfim\/files\/2024\/10\/Retificacao-Edital-no-46-2024_-Cronograma.pdf\">Retifica\u00e7\u00e3o 01 <\/a> <sub><sup>Cronograma &#8211; Prorroga\u00e7\u00e3o das inscri\u00e7\u00f5es<\/sup><\/sub><br><a href=\"https:\/\/www.ifbaiano.edu.br\/unidades\/bonfim\/files\/2024\/09\/Edital-no-39-de-23-de-setembro-MEDIO-INTEGRADO-Edital-39-PROCESSO-SELETIVO-PARA-INGRESSO-DE-ESTUDANTES-NOS-CURSOS-NIVEL-MEDIO-NA-FORMA-INTEGRADA-AO-ENSINO-MEDIO-MODALIDADE-PRESENCIAL-2025.pdf\">Edital n\u00ba 39 de 23 de setembro 2024 <\/a> &#8211;<sub> T\u00e9cnico Integrado ao Ensino M\u00e9dio<\/sub><br>_____________________________________________________<br><a href=\"https:\/\/www.ifbaiano.edu.br\/unidades\/bonfim\/files\/2024\/09\/ANEXO-II-Declaracao-Escolar-de-Ensino-Fundamental.pdf\">ANEXO II &#8211; Declara\u00e7ao Escolar de Ensino Fundamental<\/a> <br><a href=\"https:\/\/www.ifbaiano.edu.br\/unidades\/bonfim\/files\/2024\/09\/ANEXO-III-Autodeclaracao-de-Renda.pdf\">ANEXO III &#8211; Autodeclara\u00e7\u00e3o de Renda<\/a><br><a href=\"https:\/\/www.ifbaiano.edu.br\/unidades\/bonfim\/files\/2024\/09\/ANEXO-V-Declaracao-Quilombola.pdf\">ANEXO V &#8211; Declara\u00e7\u00e3o Quilombola<\/a><br><\/td><\/tr><\/tbody><\/table><figcaption class=\"wp-element-caption\"><strong>Contato<\/strong>: <a href=\"https:\/\/wa.me\/5571992050114\">(7<\/a>1<a href=\"https:\/\/wa.me\/5571992050114\">) 9<\/a><a href=\"https:\/\/wa.me\/557492050114\">205-0114<\/a>&nbsp;WhatsApp<br><strong>Email<\/strong>: prosel@bonfim.ifbaiano.edu.br<br><strong>Endere\u00e7o<\/strong>:&nbsp;Estrada da Igara, s\/n &#8211; Zona Rural, Senhor do Bonfim &#8211; Bahia, CEP: 48970-000<\/figcaption><\/figure>\n","protected":false},"excerpt":{"rendered":"<p>PROCESSO SELETIVO PARA INGRESSO DE ESTUDANTES NOS CURSOS DA EDUCA\u00c7\u00c3O PROFISSIONAL T\u00c9CNICA DE N\u00cdVEL M\u00c9DIO NA FORMA INTEGRADA AO ENSINO M\u00c9DIO &#8211; MODALIDADE PRESENCIAL 2025 APRESENTA\u00c7\u00c3O O DIRETOR-GERAL DO INSTITUTO FEDERAL DE EDUCA\u00c7\u00c3O, CI\u00caNCIA E TECNOLOGIA BAIANO (IF BAIANO) CAMPUS SENHOR DO BONFIM, no uso de suas atribui\u00e7\u00f5es, torna p\u00fablica a abertura de inscri\u00e7\u00f5es para [&hellip;]<\/p>\n","protected":false},"author":136,"featured_media":0,"parent":0,"menu_order":0,"comment_status":"closed","ping_status":"closed","template":"","meta":[],"_links":{"self":[{"href":"https:\/\/www.ifbaiano.edu.br\/unidades\/bonfim\/wp-json\/wp\/v2\/pages\/18988"}],"collection":[{"href":"https:\/\/www.ifbaiano.edu.br\/unidades\/bonfim\/wp-json\/wp\/v2\/pages"}],"about":[{"href":"https:\/\/www.ifbaiano.edu.br\/unidades\/bonfim\/wp-json\/wp\/v2\/types\/page"}],"author":[{"embeddable":true,"href":"https:\/\/www.ifbaiano.edu.br\/unidades\/bonfim\/wp-json\/wp\/v2\/users\/136"}],"replies":[{"embeddable":true,"href":"https:\/\/www.ifbaiano.edu.br\/unidades\/bonfim\/wp-json\/wp\/v2\/comments?post=18988"}],"version-history":[{"count":71,"href":"https:\/\/www.ifbaiano.edu.br\/unidades\/bonfim\/wp-json\/wp\/v2\/pages\/18988\/revisions"}],"predecessor-version":[{"id":20676,"href":"https:\/\/www.ifbaiano.edu.br\/unidades\/bonfim\/wp-json\/wp\/v2\/pages\/18988\/revisions\/20676"}],"wp:attachment":[{"href":"https:\/\/www.ifbaiano.edu.br\/unidades\/bonfim\/wp-json\/wp\/v2\/media?parent=18988"}],"curies":[{"name":"wp","href":"https:\/\/api.w.org\/{rel}","templated":true}]}}