{"id":18995,"date":"2024-09-18T14:21:53","date_gmt":"2024-09-18T17:21:53","guid":{"rendered":"https:\/\/www.ifbaiano.edu.br\/unidades\/bonfim\/?page_id=18995"},"modified":"2025-02-06T10:01:14","modified_gmt":"2025-02-06T13:01:14","slug":"subsequente-ao-ensino-medio-modalidade-presencial-2025","status":"publish","type":"page","link":"https:\/\/www.ifbaiano.edu.br\/unidades\/bonfim\/subsequente-ao-ensino-medio-modalidade-presencial-2025\/","title":{"rendered":"SUBSEQUENTE AO ENSINO M\u00c9DIO &#8211; MODALIDADE PRESENCIAL &#8211; 2025"},"content":{"rendered":"\n<h2 class=\"wp-block-heading\">PROCESSO SELETIVO PARA INGRESSO DE ESTUDANTES NOS CURSOS DA EDUCA\u00c7\u00c3O PROFISSIONAL T\u00c9CNICA DE N\u00cdVEL M\u00c9DIO NA FORMA <mark style=\"background-color:#f7fc00\" class=\"has-inline-color\">SUBSEQUENTE AO ENSINO M\u00c9DIO &#8211; MODALIDADE PRESENCIAL <\/mark>2025<\/h2>\n\n\n\n<figure class=\"wp-block-table is-style-stripes\"><table class=\"has-text-color has-background\" style=\"color:#136346;background:linear-gradient(135deg,rgb(202,248,128) 61%,rgb(113,206,126) 100%)\"><thead><tr><th class=\"has-text-align-left\" data-align=\"left\">APRESENTA\u00c7\u00c3O<\/th><\/tr><\/thead><\/table><\/figure>\n\n\n\n<p>O DIRETOR-GERAL DO INSTITUTO FEDERAL DE EDUCA\u00c7\u00c3O, CI\u00caNCIA E TECNOLOGIA BAIANO (IF BAIANO) CAMPUS SENHOR DO BONFIM, no uso de suas atribui\u00e7\u00f5es, , torna p\u00fablica a abertura de inscri\u00e7\u00f5es no processo de ingresso de estudantes de 2025 nos cursos da Educa\u00e7\u00e3o Profissional T\u00e9cnica de N\u00edvel M\u00e9dio Subsequente, na modalidade presencial, no Campus Senhor do Bonfim, conforme o n\u00famero de vagas e os cursos relacionados no Quadro 2 do subitem 2.2 do <a href=\"https:\/\/www.ifbaiano.edu.br\/unidades\/bonfim\/files\/2024\/09\/Edital-38.2024-Prosel-2025-SR-do-Bonfim-2.pdf\">Edital N\u00ba 38, de 20 de Setembro de 2024<\/a><\/p>\n\n\n\n<figure class=\"wp-block-table is-style-stripes\"><table class=\"has-text-color has-background\" style=\"color:#136346;background:linear-gradient(135deg,rgb(202,248,128) 61%,rgb(113,206,126) 100%)\"><thead><tr><th class=\"has-text-align-left\" data-align=\"left\">VAGAS OFERTADAS PARA OS CURSOS T\u00c9CNICOS SUBSEQUENTES<\/th><\/tr><\/thead><tbody><tr><td class=\"has-text-align-left\" data-align=\"left\">T\u00e9cnico Agrimensura &#8211; 16 vagas<br>T\u00e9cnico em Inform\u00e1tica &#8211; 15 vagas<\/td><\/tr><\/tbody><\/table><figcaption class=\"wp-element-caption\"><mark style=\"background-color:#f9d87e\" class=\"has-inline-color has-black-color\"><strong>P\u00fablico Alvo<\/strong>: Estudantes que j\u00e1 conclu\u00edram ou ir\u00e3o concluir neste ano o<strong> 3\u00ba ano <\/strong>do ensino m\u00e9dio.<\/mark><\/figcaption><\/figure>\n\n\n\n<figure class=\"wp-block-table is-style-stripes\"><table class=\"has-text-color has-background\" style=\"color:#136346;background:linear-gradient(135deg,rgb(202,248,128) 61%,rgb(113,206,126) 100%)\"><thead><tr><th class=\"has-text-align-left\" data-align=\"left\">INSCRI\u00c7\u00d5ES  DE<mark class=\"has-inline-color has-vivid-red-color\"> <\/mark><mark class=\"has-inline-color has-black-color\">10\/02 at\u00e9 21\/02<\/mark><\/th><\/tr><\/thead><tbody><tr><td class=\"has-text-align-left\" data-align=\"left\">Inscri\u00e7\u00f5es presenciais!<\/td><\/tr><\/tbody><\/table><\/figure>\n\n\n\n<div class=\"wp-block-buttons is-layout-flex\"><\/div>\n\n\n\n<figure class=\"wp-block-table is-style-stripes\"><table class=\"has-text-color has-background\" style=\"color:#136346;background:linear-gradient(135deg,rgb(202,248,128) 61%,rgb(113,206,126) 100%)\"><thead><tr><th class=\"has-text-align-left\" data-align=\"left\"><strong>EDITAIS E DOCUMENTOS<\/strong><\/th><\/tr><\/thead><tbody><tr><td class=\"has-text-align-left\" data-align=\"left\"><a href=\"https:\/\/www.ifbaiano.edu.br\/unidades\/bonfim\/files\/2025\/02\/Edtal-no19_Vagas-remanescente-dos-cursos-Subsequentes-ano-2025.pdf\">Edital n\u00ba19,05 de fevereiro de 2025 &#8211; Edital de Vagas Remanescentes<\/a> &#8211;<mark class=\"has-inline-color has-luminous-vivid-amber-color\"> <\/mark><mark style=\"background-color:#fcb900\" class=\"has-inline-color has-black-color\">Novo<\/mark><br>________________________________________________________________________________________________________<br><a rel=\"noreferrer noopener\" href=\"https:\/\/www.ifbaiano.edu.br\/unidades\/bonfim\/files\/2025\/01\/Subsequente_presencial.xlsx-2-CONVOCACAO-Informatica.pdf\" target=\"_blank\">2\u00aa Chamada para matr\u00edculas &#8211; Inform\u00e1tica<\/a> <a href=\"https:\/\/www.ifbaiano.edu.br\/unidades\/bonfim\/files\/2025\/01\/Subsequente_presencial.xlsx-2-CONVOCACAO-Informatica.pdf\"><br><\/a><a rel=\"noreferrer noopener\" href=\"https:\/\/www.ifbaiano.edu.br\/unidades\/bonfim\/files\/2025\/01\/Subsequente_presencial.xlsx-2-CONVOCACAO-Agrimensura.pdf\" target=\"_blank\">2\u00aa Chamada para matr\u00edculas &#8211; Agrimensura<\/a> <a rel=\"noreferrer noopener\" href=\"https:\/\/www.ifbaiano.edu.br\/unidades\/bonfim\/files\/2025\/01\/Subsequente_presencial.xlsx-2-CONVOCACAO-Agrimensura.pdf\" target=\"_blank\"><br><\/a><a href=\"https:\/\/www.ifbaiano.edu.br\/unidades\/bonfim\/files\/2025\/01\/ret-ed-matricula.pdf\">Retifica\u00e7\u00e3o ao Cronograma do Edital de matr\u00edculas &#8211; prorroga\u00e7\u00e3o<\/a> <a href=\"https:\/\/www.ifbaiano.edu.br\/unidades\/bonfim\/files\/2025\/01\/ret-ed-matricula.pdf\"><br><\/a><a href=\"https:\/\/www.ifbaiano.edu.br\/unidades\/bonfim\/files\/2024\/12\/Planilha-de-Controle-Subsequente_presencial.xlsx-CONVOCACAO-Agrimensura.pdf\">Convoca\u00e7\u00e3o para matr\u00edculas &#8211; Agrimensura<br><\/a><a rel=\"noreferrer noopener\" href=\"https:\/\/www.ifbaiano.edu.br\/unidades\/bonfim\/files\/2024\/12\/Planilha-de-Controle-Subsequente_presencial.xlsx-CONVOCACAO-Informatica.pdf\" target=\"_blank\">Convoca\u00e7\u00e3o para matr\u00edculas &#8211; Inform\u00e1tica<br><\/a><a href=\"https:\/\/www.ifbaiano.edu.br\/unidades\/bonfim\/files\/2024\/12\/Edital-no-61.2024-atualizado-1.pdf\">Edital de Matr\u00edcula n\u00ba 61<\/a> &#8211; <sub><sup>Cursos Subsequentes<\/sup><\/sub><br><a href=\"https:\/\/www.ifbaiano.edu.br\/unidades\/bonfim\/files\/2024\/12\/Resultado-Final-Agrimensura.pdf\">Resultado Final &#8211; Curso T\u00e9cn. Subsquente em Agrimensura<\/a> <br><a href=\"https:\/\/www.ifbaiano.edu.br\/unidades\/bonfim\/files\/2024\/12\/Resultado-Final-Informatica.pdf\">Resultado FInal &#8211; Curso T\u00e9cn. Subsequente em Inform\u00e1tiva<\/a><br><a rel=\"noreferrer noopener\" href=\"https:\/\/www.ifbaiano.edu.br\/unidades\/bonfim\/files\/2024\/12\/CURRICULO-DOS-MEMBROS-DA-BANCA-RECURSAL-1.pdf\" target=\"_blank\">Curriculo dos membros da banca recursal<br><\/a><a rel=\"noreferrer noopener\" href=\"https:\/\/www.ifbaiano.edu.br\/unidades\/bonfim\/files\/2024\/12\/Planilha-de-Controle-Subsequente_presencial.xlsx-Resultado-Parcial-Banca-de-He-4-1.pdf\" target=\"_blank\">Resultado preliminar da Banca de Heteroidentifica\u00e7\u00e3o<br><\/a><a href=\"https:\/\/www.ifbaiano.edu.br\/unidades\/bonfim\/files\/2024\/12\/Banca_subsequente.pdf\">Convoca\u00e7\u00e3o para Banca de Heteroidentifica\u00e7\u00e3o<\/a><br><a href=\"https:\/\/www.ifbaiano.edu.br\/unidades\/bonfim\/files\/2024\/11\/LISTA-FINAL-DE-INSCRICOES-HOMOLOGADAS-Subsequente-Presencial.pdf\">Lista final de inscri\u00e7\u00f5es homologadas<\/a><br><a href=\"https:\/\/www.ifbaiano.edu.br\/unidades\/bonfim\/files\/2024\/11\/Subsequente_presencial-Resultado-dos-Recursos.pdf\">Resultado do recursos<\/a><br><a rel=\"noreferrer noopener\" href=\"https:\/\/www.ifbaiano.edu.br\/unidades\/bonfim\/files\/2024\/11\/Lista-preliminar_subsequente-2.pdf\" data-type=\"URL\" data-id=\"https:\/\/www.ifbaiano.edu.br\/unidades\/bonfim\/files\/2024\/11\/Lista-preliminar_subsequente-2.pdf\" target=\"_blank\">Lista preliminar das inscri\u00e7\u00f5es homologadas<br><\/a><a href=\"https:\/\/www.ifbaiano.edu.br\/unidades\/bonfim\/files\/2024\/09\/Edital-38.2024-Prosel-2025-SR-do-Bonfim-2.pdf\">Edital N\u00ba 38, de 20 de Setembro de 2024<\/a> <br><a href=\"https:\/\/www.ifbaiano.edu.br\/unidades\/bonfim\/files\/2024\/09\/Anexo-I-Declaracao-de-Escola-Publica.pdf\">Anexo I &#8211; Declara\u00e7\u00e3o de Escola P\u00fablica<\/a><br><a href=\"https:\/\/www.ifbaiano.edu.br\/unidades\/bonfim\/files\/2024\/09\/Anexo-II-AutoDeclaracao-de-Renda.pdf\">Anexo II &#8211; AutoDeclara\u00e7\u00e3o de Renda<br><\/a><a href=\"https:\/\/www.ifbaiano.edu.br\/unidades\/bonfim\/files\/2024\/09\/Anexo-IV-Declaracao-Quilombola.pdf\">Anexo IV &#8211; Declara\u00e7\u00e3o Quilombola<\/a><br><br><br><\/td><\/tr><\/tbody><\/table><figcaption class=\"wp-element-caption\"><strong>Contato<\/strong>:&nbsp;<a href=\"https:\/\/wa.me\/5571992050114\">(7<\/a>1<a href=\"https:\/\/wa.me\/5571992050114\">) 9<\/a><a href=\"https:\/\/wa.me\/557492050114\">205-0114<\/a>&nbsp;WhatsApp<br><strong>Email<\/strong>: prosel@bonfim.ifbaiano.edu.br<br><strong>Endere\u00e7o<\/strong>:&nbsp;Estrada da Igara, s\/n \u2013 Zona Rural, Senhor do Bonfim \u2013 Bahia, CEP: 48970-000<\/figcaption><\/figure>\n","protected":false},"excerpt":{"rendered":"<p>PROCESSO SELETIVO PARA INGRESSO DE ESTUDANTES NOS CURSOS DA EDUCA\u00c7\u00c3O PROFISSIONAL T\u00c9CNICA DE N\u00cdVEL M\u00c9DIO NA FORMA SUBSEQUENTE AO ENSINO M\u00c9DIO &#8211; MODALIDADE PRESENCIAL 2025 APRESENTA\u00c7\u00c3O O DIRETOR-GERAL DO INSTITUTO FEDERAL DE EDUCA\u00c7\u00c3O, CI\u00caNCIA E TECNOLOGIA BAIANO (IF BAIANO) CAMPUS SENHOR DO BONFIM, no uso de suas atribui\u00e7\u00f5es, , torna p\u00fablica a abertura de inscri\u00e7\u00f5es [&hellip;]<\/p>\n","protected":false},"author":136,"featured_media":0,"parent":0,"menu_order":0,"comment_status":"closed","ping_status":"closed","template":"","meta":[],"_links":{"self":[{"href":"https:\/\/www.ifbaiano.edu.br\/unidades\/bonfim\/wp-json\/wp\/v2\/pages\/18995"}],"collection":[{"href":"https:\/\/www.ifbaiano.edu.br\/unidades\/bonfim\/wp-json\/wp\/v2\/pages"}],"about":[{"href":"https:\/\/www.ifbaiano.edu.br\/unidades\/bonfim\/wp-json\/wp\/v2\/types\/page"}],"author":[{"embeddable":true,"href":"https:\/\/www.ifbaiano.edu.br\/unidades\/bonfim\/wp-json\/wp\/v2\/users\/136"}],"replies":[{"embeddable":true,"href":"https:\/\/www.ifbaiano.edu.br\/unidades\/bonfim\/wp-json\/wp\/v2\/comments?post=18995"}],"version-history":[{"count":45,"href":"https:\/\/www.ifbaiano.edu.br\/unidades\/bonfim\/wp-json\/wp\/v2\/pages\/18995\/revisions"}],"predecessor-version":[{"id":20346,"href":"https:\/\/www.ifbaiano.edu.br\/unidades\/bonfim\/wp-json\/wp\/v2\/pages\/18995\/revisions\/20346"}],"wp:attachment":[{"href":"https:\/\/www.ifbaiano.edu.br\/unidades\/bonfim\/wp-json\/wp\/v2\/media?parent=18995"}],"curies":[{"name":"wp","href":"https:\/\/api.w.org\/{rel}","templated":true}]}}