{"id":19162,"date":"2024-10-01T17:35:59","date_gmt":"2024-10-01T20:35:59","guid":{"rendered":"https:\/\/www.ifbaiano.edu.br\/unidades\/bonfim\/?page_id=19162"},"modified":"2025-02-17T14:49:05","modified_gmt":"2025-02-17T17:49:05","slug":"subsequente-ao-ensino-medio-modalidade-de-educacao-a-distancia-2025","status":"publish","type":"page","link":"https:\/\/www.ifbaiano.edu.br\/unidades\/bonfim\/subsequente-ao-ensino-medio-modalidade-de-educacao-a-distancia-2025\/","title":{"rendered":"SUBSEQUENTE AO ENSINO M\u00c9DIO \u2013 MODALIDADE DE EDUCA\u00c7\u00c3O A DIST\u00c2NCIA &#8211; 2025"},"content":{"rendered":"\n<h2 class=\"wp-block-heading\">PROCESSO SELETIVO PARA INGRESSO DE ESTUDANTES NOS CURSOS DA EDUCA\u00c7\u00c3O PROFISSIONAL T\u00c9CNICA DE N\u00cdVEL M\u00c9DIO NA FORMA SUBSEQUENTE AO ENSINO M\u00c9DIO &#8211; MODALIDADE EAD 2025<\/h2>\n\n\n\n<figure class=\"wp-block-table is-style-stripes\"><table class=\"has-text-color has-background\" style=\"color:#136346;background:linear-gradient(135deg,rgb(202,248,128) 61%,rgb(113,206,126) 100%)\"><thead><tr><th class=\"has-text-align-left\" data-align=\"left\">APRESENTA\u00c7\u00c3O<\/th><\/tr><\/thead><\/table><\/figure>\n\n\n\n<p>O DIRETOR-GERAL DO INSTITUTO FEDERAL DE EDUCA\u00c7\u00c3O, CI\u00caNCIA E TECNOLOGIA BAIANO (IF BAIANO) CAMPUS SENHOR DO BONFIM, no uso de suas atribui\u00e7\u00f5es, torna p\u00fablica a abertura de inscri\u00e7\u00f5es para o processo de ingresso de estudantes de 2025, dos cursos da Educa\u00e7\u00e3o Profissional T\u00e9cnica de N\u00edvel M\u00e9dio (EPTNM), na forma subsequente ao ensino m\u00e9dio &#8211; modalidade a EaD, conforme o n\u00famero de vagas e os cursos relacionados no Quadro 2 do subitem 2.2 e seguindo as demais condi\u00e7\u00f5es e etapas definidas no <a rel=\"noreferrer noopener\" href=\"https:\/\/www.ifbaiano.edu.br\/unidades\/bonfim\/files\/2023\/10\/Edital-No-46-Ingresso-de-estudantes-2024-Modalidade-EAD.pdf\" data-type=\"URL\" data-id=\"https:\/\/www.ifbaiano.edu.br\/unidades\/bonfim\/files\/2023\/10\/Edital-No-46-Ingresso-de-estudantes-2024-Modalidade-EAD.pdf\" target=\"_blank\">Edital N\u00ba 42, de 30 de setembro de 2024<\/a><\/p>\n\n\n\n<figure class=\"wp-block-table is-style-stripes\"><table class=\"has-text-color has-background\" style=\"color:#136346;background:linear-gradient(135deg,rgb(202,248,128) 61%,rgb(113,206,126) 100%)\"><thead><tr><th class=\"has-text-align-left\" data-align=\"left\">VAGAS OFERTADAS <\/th><\/tr><\/thead><tbody><tr><td class=\"has-text-align-left\" data-align=\"left\"><strong>Capim Grosso<\/strong><br>    \u25cf <em>Secretaria Escolar \u2013 40 vagas<\/em><br>    \u25cf   <em>T\u00e9cnico em Inform\u00e1tica \u2013 27 vagas<\/em><br><strong>Campo Formoso<\/strong><br>    \u25cf <em>Secretaria Escolar \u2013 40 vagas<\/em><br>    \u25cf <em>T\u00e9cnico em Inform\u00e1tica \u2013 52 vagas<\/em><br>    \u25cf <em><em>Multimeios Did\u00e1tico<\/em> \u2013 40 vagas<\/em><br>    \u25cf <em>Rede de Computadores \u2013 52vagas<\/em><br>    \u25cf <em>T\u00e9nico em Vendas \u2013 40 vagas<\/em><br><strong>Mundo Novo<\/strong><br>    \u25cf <em>Secretaria Escolar \u2013 40 vagas<\/em><br><strong>Piritiba<\/strong><br>    \u25cf <em><em>T\u00e9cnico em Inform\u00e1tica<\/em> \u2013 52 vagas<\/em><br>    \u25cf &nbsp;<em>Secretaria Escolar \u2013 40 vagas<\/em><br><strong>Ponto Novo&nbsp;<\/strong><br>    \u25cf <em>T\u00e9cnico em Inform\u00e1tica \u2013 52 vagas<\/em><br>    \u25cf &nbsp;<em><em>Multimeios Did\u00e1tico<\/em> \u2013 40 vagas<\/em><br>    \u25cf &nbsp;<em><em><em>Secretaria Escolar<\/em><\/em> \u2013 40 vagas<\/em><br><strong>Remanso<\/strong><br>    \u25cf <em><em><em>T\u00e9cnico em Inform\u00e1tica<\/em><\/em> \u2013 52 vagas<\/em><br>    \u25cf <em><em><em><em>Secretaria Escola<\/em><\/em><\/em> \u2013 40 vagas<\/em><br>    \u25cf <em>Rede de Computadores \u2013 52vagas<\/em><\/td><\/tr><\/tbody><\/table><figcaption class=\"wp-element-caption\"><mark style=\"background-color:#fcb900\" class=\"has-inline-color\"><strong>P\u00fablico Alvo<\/strong>: Estudantes que j\u00e1 conclu\u00edram o 3\u00b0 ano at\u00e9 o momento da matr\u00edcula.<\/mark><\/figcaption><\/figure>\n\n\n\n<hr class=\"wp-block-separator has-alpha-channel-opacity\" \/>\n\n\n\n<figure class=\"wp-block-image size-full\"><a href=\"https:\/\/www.ifbaiano.edu.br\/unidades\/bonfim\/files\/2025\/01\/Banner-para-site-de-frete-gratis-chamativo-vermelho-e-azul.png\"><img decoding=\"async\" loading=\"lazy\" width=\"3840\" height=\"1560\" src=\"https:\/\/www.ifbaiano.edu.br\/unidades\/bonfim\/files\/2025\/01\/Banner-para-site-de-frete-gratis-chamativo-vermelho-e-azul.png\" alt=\"\" class=\"wp-image-19914\" \/><\/a><\/figure>\n\n\n\n<div class=\"wp-block-buttons is-content-justification-center is-layout-flex wp-container-1\"><\/div>\n\n\n\n<h1 class=\"wp-block-heading has-text-align-center has-black-color has-text-color\" style=\"font-style:normal;font-weight:800\">2\u00aa CHAMADA &#8211; FA\u00c7A A SUA MATR\u00cdCULA MODALIDADE EAD &#8211; DE 29 A 31 DE JANEIRO<\/h1>\n\n\n\n<div class=\"wp-block-group is-layout-constrained\"><div class=\"wp-block-group__inner-container\">\n<figure class=\"wp-block-table is-style-stripes has-medium-font-size\"><table class=\"has-vivid-red-color has-text-color has-background\" style=\"background:linear-gradient(135deg,rgb(202,248,128) 61%,rgb(113,206,126) 100%)\"><thead><tr><th class=\"has-text-align-left\" data-align=\"left\"><br>VOC\u00ca CANDIDATO APROVADO NO (EDITAL 42) DE 30 DE SETEMBRO DE 2024<br><br>                                                       AVISO IMPORTANTE<br><br>Os candidatos Homologados e que n\u00e3o realizaram a sua matr\u00edcula, foi aberta a 2\u00aa Chamada para realiza\u00e7\u00e3o de suas matr\u00edculas. Acesse o link abaixo e regularize a sua matr\u00edcula. <br>N\u00e3o fique de fora dessa oportunidade e fa\u00e7a seu Curso T\u00e9cnico Subsequente.<br><br>Venha ser IF BAIANO<br><br><a href=\"http:\/\/opinanovo.ifbaiano.edu.br\/index.php\/748769?lang=pt-BR\"><br><\/a><a href=\"http:\/\/opinanovo.ifbaiano.edu.br\/index.php\/147591?lang=pt-BR\"><br><\/a><\/th><\/tr><\/thead><tbody><tr><td class=\"has-text-align-left\" data-align=\"left\">FIQUE ATENTO!!!<\/td><\/tr><\/tbody><\/table><\/figure>\n<\/div><\/div>\n\n\n\n<div class=\"wp-block-buttons has-custom-font-size has-large-font-size is-content-justification-center is-layout-flex wp-container-3\">\n<div class=\"wp-block-button\"><a class=\"wp-block-button__link has-black-color has-luminous-vivid-amber-background-color has-text-color has-background wp-element-button\" href=\"http:\/\/opinanovo.ifbaiano.edu.br\/index.php\/361842?lang=pt-BR\">Matr\u00edculas &#8211; 2\u00aa Chamada<\/a><\/div>\n<\/div>\n\n\n\n<p><\/p>\n\n\n\n<figure class=\"wp-block-image size-large\"><a href=\"https:\/\/www.ifbaiano.edu.br\/unidades\/bonfim\/files\/2025\/01\/4350-Banner-para-site-de-frete-gratis-chamativo-vermelho-e-azul-1920-x-400-px.webp\"><img decoding=\"async\" loading=\"lazy\" width=\"1024\" height=\"213\" src=\"https:\/\/www.ifbaiano.edu.br\/unidades\/bonfim\/files\/2025\/01\/4350-Banner-para-site-de-frete-gratis-chamativo-vermelho-e-azul-1920-x-400-px-1024x213.webp\" alt=\"\" class=\"wp-image-20212\" srcset=\"https:\/\/www.ifbaiano.edu.br\/unidades\/bonfim\/files\/2025\/01\/4350-Banner-para-site-de-frete-gratis-chamativo-vermelho-e-azul-1920-x-400-px-1024x213.webp 1024w, https:\/\/www.ifbaiano.edu.br\/unidades\/bonfim\/files\/2025\/01\/4350-Banner-para-site-de-frete-gratis-chamativo-vermelho-e-azul-1920-x-400-px-300x63.webp 300w, https:\/\/www.ifbaiano.edu.br\/unidades\/bonfim\/files\/2025\/01\/4350-Banner-para-site-de-frete-gratis-chamativo-vermelho-e-azul-1920-x-400-px-768x160.webp 768w, https:\/\/www.ifbaiano.edu.br\/unidades\/bonfim\/files\/2025\/01\/4350-Banner-para-site-de-frete-gratis-chamativo-vermelho-e-azul-1920-x-400-px-1536x320.webp 1536w, https:\/\/www.ifbaiano.edu.br\/unidades\/bonfim\/files\/2025\/01\/4350-Banner-para-site-de-frete-gratis-chamativo-vermelho-e-azul-1920-x-400-px-100x21.webp 100w, https:\/\/www.ifbaiano.edu.br\/unidades\/bonfim\/files\/2025\/01\/4350-Banner-para-site-de-frete-gratis-chamativo-vermelho-e-azul-1920-x-400-px.webp 1920w\" sizes=\"(max-width: 1024px) 100vw, 1024px\" \/><\/a><\/figure>\n\n\n\n<p><\/p>\n\n\n\n<figure class=\"wp-block-table is-style-stripes\"><table class=\"has-text-color has-background\" style=\"color:#136346;background:linear-gradient(135deg,rgb(202,248,128) 61%,rgb(113,206,126) 100%)\"><thead><tr><th class=\"has-text-align-left\" data-align=\"left\"><strong>EDITAIS E DOCUMENTOS<\/strong><\/th><\/tr><\/thead><tbody><tr><td class=\"has-text-align-left\" data-align=\"left\"><a href=\"https:\/\/www.ifbaiano.edu.br\/unidades\/bonfim\/files\/2025\/02\/1-CHAMADA_EAD-Resultado-Campo-formoso-Matriculas-deferidas-1.pdf\">Lista preliminar de matr\u00edculas deferidas &#8211; Vagas regulares &#8211; Polo Campo formoso<br><\/a><a href=\"https:\/\/www.ifbaiano.edu.br\/unidades\/bonfim\/files\/2025\/02\/1-CHAMADA_EAD-Resultado-Capim-grosso-Matriculas-deferidas-1.pdf\">Lista preliminar de matr\u00edculas deferidas &#8211; Vagas regulares &#8211; Polo Capim grosso<br><\/a><a href=\"https:\/\/www.ifbaiano.edu.br\/unidades\/bonfim\/files\/2025\/02\/1-CHAMADA_EAD-Resultado-Mundo-novo-Matriculas-deferidas-1.pdf\">Lista preliminar de matr\u00edculas deferidas &#8211; Vagas regulares &#8211; Polo Mundo novo<br><\/a><a href=\"https:\/\/www.ifbaiano.edu.br\/unidades\/bonfim\/files\/2025\/02\/1-CHAMADA_EAD-Resultado-Piritiba-Matriculas-deferidas-3.pdf\">Lista preliminar de matr\u00edculas deferidas &#8211; Vagas regulares &#8211; Polo Piritiba<br><\/a><a href=\"https:\/\/www.ifbaiano.edu.br\/unidades\/bonfim\/files\/2025\/02\/1-CHAMADA_EAD-Resultado-Ponto-Novo-Matriculas-deferidas-1.pdf\">Lista preliminar de matr\u00edculas deferidas &#8211; Vagas regulares &#8211; Polo Ponto novo<br><\/a><a href=\"https:\/\/www.ifbaiano.edu.br\/unidades\/bonfim\/files\/2025\/02\/1-CHAMADA_EAD-Resultado-Remanso-Matriculas-deferidas-1.pdf\">Lista preliminar de matr\u00edculas deferidas &#8211; Vagas regulares &#8211; Polo Remanso<br><\/a><a href=\"https:\/\/www.ifbaiano.edu.br\/unidades\/bonfim\/files\/2025\/01\/MATRICULA_REMANESCENTES_CAMPO-FORMOSO-Resultado-final-Pre-matriculas-deferidas.pdf\">Lista Final de matr\u00edculas e espera &#8211; Vagas remanescentes &#8211; Polo Campo formoso.<br><\/a><a href=\"https:\/\/www.ifbaiano.edu.br\/unidades\/bonfim\/files\/2025\/01\/MATRICULA_REMANESCENTES_CAPIM-GROSSO-Resultado-FINAL-Pre-matriculas-deferidas.pdf\">Lista Final de matr\u00edculas e espera &#8211; Vagas remanescentes &#8211; Polo Capim grosso.<br><\/a><a href=\"https:\/\/www.ifbaiano.edu.br\/unidades\/bonfim\/files\/2025\/01\/MATRICULA_REMANESCENTES_MUNDO-NOVO-Resultado-final-Pre-matriculas-deferidas.pdf\">Lista Final de matr\u00edculas e espera &#8211; Vagas remanescentes &#8211; Polo Mundo novo.<br><\/a><a href=\"https:\/\/www.ifbaiano.edu.br\/unidades\/bonfim\/files\/2025\/01\/MATRICULA_REMANESCENTES_PIRITIBA-Resultado-final-Pre-matriculas-deferidas.pdf\">Lista Final de matr\u00edculas e espera &#8211; Vagas remanescentes &#8211; Polo Piritiba.<br><\/a><a href=\"https:\/\/www.ifbaiano.edu.br\/unidades\/bonfim\/files\/2025\/01\/MATRICULA_REMANESCENTES_PONTO-NOVO-Resultado-final-Pre-matriculas-deferidas.pdf\">Lista Final de matr\u00edculas e espera &#8211; Vagas remanescentes &#8211; Polo Ponto novo.<br><\/a><a href=\"https:\/\/www.ifbaiano.edu.br\/unidades\/bonfim\/files\/2025\/01\/MATRICULA_REMANESCENTES_REMANSO-Resultado-final-Pre-matriculas-deferidas.pdf\">Lista Final de matr\u00edculas e espera &#8211; Vagas remanescentes &#8211; Polo Remanso.<br><\/a><a href=\"https:\/\/www.ifbaiano.edu.br\/unidades\/bonfim\/files\/2025\/01\/RESULTADO-DOS-RECURSOS-VAGAS-REMANESCENTES-EAD-Resultado-dos-Recursos-Inscricoes-Homologadas_2-1.pdf\">Resultado dos recursos contra a lista de inscri\u00e7\u00f5es homologadas &#8211; Edital de vagas remanescentes<br><\/a><a rel=\"noreferrer noopener\" href=\"https:\/\/www.ifbaiano.edu.br\/unidades\/bonfim\/files\/2025\/01\/EAD_sistem_2025-2-chamada-matriculas.pdf\" target=\"_blank\">2\u00aa Chamada para matr\u00edculas &#8211; edital n\u00ba 42<br><\/a><a rel=\"noreferrer noopener\" href=\"https:\/\/www.ifbaiano.edu.br\/unidades\/bonfim\/files\/2025\/01\/Documento-3.pdf\" target=\"_blank\">3\u00aa Retifica\u00e7\u00e3o ao cronograma do edital de vegas remanescentes <\/a> <strong><mark><mark class=\"has-inline-color has-vivid-red-color\">Novo!<\/mark><\/mark><\/strong><br><a href=\"https:\/\/www.ifbaiano.edu.br\/unidades\/bonfim\/files\/2025\/01\/MATRICULA_REMANESCENTES_CAMPO-FORMOSO-Resultado-Preliminar-Pre-matriculas-deferidas.pdf\">Lista de matr\u00edculas e espera &#8211; Vagas remanescentes &#8211; Polo Campo formoso.<br><\/a><a href=\"https:\/\/www.ifbaiano.edu.br\/unidades\/bonfim\/files\/2025\/01\/MATRICULA_REMANESCENTES_CAPIM-GROSSO-Resultado-Preliminar-Pre-matriculas-deferidas.pdf\">Lista de matr\u00edculas e espera &#8211; Vagas remanescentes &#8211; Polo Capim grosso.<br><\/a><a href=\"https:\/\/www.ifbaiano.edu.br\/unidades\/bonfim\/files\/2025\/01\/MATRICULA_REMANESCENTES_MUNDO-NOVO-Resultado-Preliminar-Pre-matriculas-deferidas.pdf\">Lista de matr\u00edculas e espera &#8211; Vagas remanescentes &#8211; Polo Mundo novo.<br><\/a><a href=\"https:\/\/www.ifbaiano.edu.br\/unidades\/bonfim\/files\/2025\/01\/MATRICULA_REMANESCENTES_PIRITIBA-Resultado-Preliminar-Pre-matriculas-deferidas.pdf\">Lista de matr\u00edculas e espera &#8211; Vagas remanescentes &#8211; Polo Piritiba.<br><\/a><a href=\"https:\/\/www.ifbaiano.edu.br\/unidades\/bonfim\/files\/2025\/01\/MATRICULA_REMANESCENTES_PONTO-NOVO-Resultado-Preliminar-Pre-matriculas-deferidas.pdf\">Lista de matr\u00edculas e espera &#8211; Vagas remanescentes &#8211; Polo Ponto novo.<br><\/a><a href=\"https:\/\/www.ifbaiano.edu.br\/unidades\/bonfim\/files\/2025\/01\/MATRICULA_REMANESCENTES_REMANSO-Copia-de-Resultado-Preliminar-Pre-matriculas-deferidas.pdf\">Lista de matr\u00edculas e espera &#8211; Vagas remanescentes &#8211; Polo Remanso.<br><\/a><a href=\"https:\/\/www.ifbaiano.edu.br\/unidades\/bonfim\/files\/2025\/01\/retificacao_ead.pdf\">2\u00aa Retifica\u00e7\u00e3o ao cronograma do edital de vagas remanescentes<\/a> <strong><mark style=\"color:#d71515\" class=\"has-inline-color\">Novo!<\/mark><\/strong> <br><a rel=\"noreferrer noopener\" href=\"https:\/\/www.ifbaiano.edu.br\/unidades\/bonfim\/files\/2025\/01\/ed-vagas-remanescentes.pdf\" target=\"_blank\">Retifica\u00e7\u00e3o ao cronograma do Edital de vagas remanescentes<\/a> <strong><mark style=\"color:#d71515\" class=\"has-inline-color\">Novo!<\/mark><\/strong><a rel=\"noreferrer noopener\" href=\"https:\/\/www.ifbaiano.edu.br\/unidades\/bonfim\/files\/2025\/01\/ed-vagas-remanescentes.pdf\" target=\"_blank\"><br><\/a><a rel=\"noreferrer noopener\" href=\"https:\/\/www.ifbaiano.edu.br\/unidades\/bonfim\/files\/2025\/01\/Edital-no-01.2025-Vagas-Remanescentes-cursos-Tecnicos-Subsequentes-EaD.pdf\" target=\"_blank\">EDITAL DE VAGAS REMANESCENTES ao Edital N\u00ba 42, de 30 de setembro de 2024<\/a> <strong><mark class=\"has-inline-color has-vivid-red-color\">Novo!<\/mark><\/strong><br><a href=\"https:\/\/www.ifbaiano.edu.br\/unidades\/bonfim\/files\/2025\/01\/1-chamada-ead.pdf\">Edital de Matr\u00edculas<\/a> <strong><mark style=\"color:#d81c1c\" class=\"has-inline-color\">Novo!<\/mark><\/strong><a rel=\"noreferrer noopener\" href=\"https:\/\/www.ifbaiano.edu.br\/unidades\/bonfim\/files\/2025\/01\/1-chamada-ead.pdf\" target=\"_blank\"><br><\/a><a rel=\"noreferrer noopener\" href=\"https:\/\/www.ifbaiano.edu.br\/unidades\/bonfim\/files\/2025\/01\/EAD_sistem_2025-Resultado-Final.pdf\" target=\"_blank\">Resultado Final &#8211; Aprovados e Lista de espera.<br><\/a><a href=\"https:\/\/www.ifbaiano.edu.br\/unidades\/bonfim\/files\/2025\/01\/EAD_sistem_2025-Resultado-dos-Recursos-BANCA-DE-HETERO-1.pdf\">Resultado dos recursos ao resultado preliminar da banca de heteroidentifica\u00e7\u00e3o<br><\/a><a href=\"https:\/\/www.ifbaiano.edu.br\/unidades\/bonfim\/files\/2025\/01\/EAD_sistem_2025-RESULTADO-PREL-Banca-de-Heteroidentificacao-1.pdf\">Resultado preliminar da banca de heteroidentifica\u00e7\u00e3o<br><\/a><a href=\"https:\/\/www.ifbaiano.edu.br\/unidades\/bonfim\/files\/2024\/12\/Solicitacao-do-video.pdf\">INFORME &#8211; Banca de heteroidentifica\u00e7\u00e3o<br><\/a><a href=\"https:\/\/www.ifbaiano.edu.br\/unidades\/bonfim\/files\/2024\/12\/EAD_sistem_2025-Convocacao-Banca-de-Heteroidentificacao_2312.pdf\">Convoca\u00e7\u00e3o para a banca de heteroidentifica\u00e7\u00e3o_23 de dezembro<br><\/a><a href=\"https:\/\/www.ifbaiano.edu.br\/unidades\/bonfim\/files\/2024\/12\/EAD_sistem_2025-Resultado-dos-Recursos-Inscricoes-Homologadas_2.pdf\">Resultado dos recursos contra a lista de inscri\u00e7\u00f5es homologadas_23 de dezembro<br><\/a><a href=\"https:\/\/www.ifbaiano.edu.br\/unidades\/bonfim\/files\/2024\/12\/EAD_sistem_2025-Resultado-Final-Inscricoes-Homologadas.pdf\">Lista de inscri\u00e7\u00f5es homologadas p\u00f3s recursos_23 de dezembro<br><\/a><a href=\"https:\/\/www.ifbaiano.edu.br\/unidades\/bonfim\/files\/2024\/12\/Edital-no56-17-de-dezembro-de-2024-Retificacao-no2-do-edital-no42de-30-de-setembro-de-2024.pdf\">Retifica\u00e7\u00e3o 0<\/a>2 <sub><sup>Cronograma<\/sup><\/sub><br><a href=\"https:\/\/www.ifbaiano.edu.br\/unidades\/bonfim\/files\/2024\/12\/EAD_sistem_2025-Convocacao-Banca-de-Heteroidentificacao-1.pdf\"><s>Convoca\u00e7\u00e3o para a banca de heteroidentifica\u00e7\u00e3o<br><\/s><\/a><a href=\"https:\/\/www.ifbaiano.edu.br\/unidades\/bonfim\/files\/2024\/12\/EAD_sistem_2025-Resultado-dos-Recursos-Inscricoes-Homologadas-1-1.pdf\"><s>Resultado dos recursos contra a lista preliminar de inscri\u00e7\u00f5es homologadas<br><\/s><\/a><a href=\"https:\/\/www.ifbaiano.edu.br\/unidades\/bonfim\/files\/2024\/12\/EAD_sistem_2025-Lista-de-Inscricoes-Homologadas-1.pdf\"><s>Lista de inscri\u00e7\u00f5es homologadas p\u00f3s recursos<br><\/s><\/a><a rel=\"noreferrer noopener\" href=\"https:\/\/www.ifbaiano.edu.br\/unidades\/bonfim\/files\/2024\/12\/EAD_sistem_2025-Resultado-Preliminar-Inscricoes-Homologadas-8.pdf\" target=\"_blank\">Lista preliminar de inscri\u00e7\u00f5es homologadas<\/a><br><a href=\"https:\/\/www.ifbaiano.edu.br\/unidades\/bonfim\/files\/2024\/12\/Edital-no54-04-de-dezembro-de-2024-Retificacao-01-do-edital-no4230-de-setembro-de-2024.pdf\">Retifica\u00e7\u00e3o 01<\/a> <sub><sup>Cronograma<\/sup><\/sub> <br><a href=\"https:\/\/www.ifbaiano.edu.br\/unidades\/bonfim\/files\/2024\/09\/Edital-n-42.pdf\">Edital N\u00ba 42, de 30 de setembro de 2024<\/a><br><a href=\"https:\/\/www.ifbaiano.edu.br\/unidades\/bonfim\/files\/2024\/10\/Anexo-I-Declaracao-de-Escola-Publica.pdf\">Anexo I &#8211; Declara\u00e7\u00e3o de Escola P\u00fablica<\/a><br><a href=\"https:\/\/www.ifbaiano.edu.br\/unidades\/bonfim\/files\/2024\/10\/Anexo-II-Auto-Declaracao-de-Renda.pdf\">Anexo II &#8211; Auto Declara\u00e7\u00e3o de Renda<\/a><br><a href=\"https:\/\/www.ifbaiano.edu.br\/unidades\/bonfim\/files\/2024\/10\/Anexo-IV-Declaracao-Quilombola.pdf\">Anexo IV &#8211; Declara\u00e7\u00e3o Quilombola<\/a><br><a href=\"https:\/\/www.ifbaiano.edu.br\/unidades\/bonfim\/files\/2024\/10\/Anexo-VI-Quadro-de-Enderecos-do-Polos.pdf\">Anexo VI &#8211; Quadro de Endere\u00e7os do Polos<\/a><a rel=\"noreferrer noopener\" href=\"https:\/\/www.ifbaiano.edu.br\/unidades\/bonfim\/files\/2024\/03\/2a-CHAMADA_HOMOL_MATR_BONFIM_VENDAS.pdf\" target=\"_blank\"><br><\/a><\/td><\/tr><\/tbody><\/table><\/figure>\n","protected":false},"excerpt":{"rendered":"<p>PROCESSO SELETIVO PARA INGRESSO DE ESTUDANTES NOS CURSOS DA EDUCA\u00c7\u00c3O PROFISSIONAL T\u00c9CNICA DE N\u00cdVEL M\u00c9DIO NA FORMA SUBSEQUENTE AO ENSINO M\u00c9DIO &#8211; MODALIDADE EAD 2025 APRESENTA\u00c7\u00c3O O DIRETOR-GERAL DO INSTITUTO FEDERAL DE EDUCA\u00c7\u00c3O, CI\u00caNCIA E TECNOLOGIA BAIANO (IF BAIANO) CAMPUS SENHOR DO BONFIM, no uso de suas atribui\u00e7\u00f5es, torna p\u00fablica a abertura de inscri\u00e7\u00f5es para [&hellip;]<\/p>\n","protected":false},"author":136,"featured_media":0,"parent":0,"menu_order":0,"comment_status":"closed","ping_status":"closed","template":"","meta":[],"_links":{"self":[{"href":"https:\/\/www.ifbaiano.edu.br\/unidades\/bonfim\/wp-json\/wp\/v2\/pages\/19162"}],"collection":[{"href":"https:\/\/www.ifbaiano.edu.br\/unidades\/bonfim\/wp-json\/wp\/v2\/pages"}],"about":[{"href":"https:\/\/www.ifbaiano.edu.br\/unidades\/bonfim\/wp-json\/wp\/v2\/types\/page"}],"author":[{"embeddable":true,"href":"https:\/\/www.ifbaiano.edu.br\/unidades\/bonfim\/wp-json\/wp\/v2\/users\/136"}],"replies":[{"embeddable":true,"href":"https:\/\/www.ifbaiano.edu.br\/unidades\/bonfim\/wp-json\/wp\/v2\/comments?post=19162"}],"version-history":[{"count":56,"href":"https:\/\/www.ifbaiano.edu.br\/unidades\/bonfim\/wp-json\/wp\/v2\/pages\/19162\/revisions"}],"predecessor-version":[{"id":20395,"href":"https:\/\/www.ifbaiano.edu.br\/unidades\/bonfim\/wp-json\/wp\/v2\/pages\/19162\/revisions\/20395"}],"wp:attachment":[{"href":"https:\/\/www.ifbaiano.edu.br\/unidades\/bonfim\/wp-json\/wp\/v2\/media?parent=19162"}],"curies":[{"name":"wp","href":"https:\/\/api.w.org\/{rel}","templated":true}]}}