{"id":19658,"date":"2024-12-18T15:29:07","date_gmt":"2024-12-18T18:29:07","guid":{"rendered":"https:\/\/www.ifbaiano.edu.br\/unidades\/bonfim\/?page_id=19658"},"modified":"2025-03-05T16:29:40","modified_gmt":"2025-03-05T19:29:40","slug":"licenciatura-em-quimica-2025","status":"publish","type":"page","link":"https:\/\/www.ifbaiano.edu.br\/unidades\/bonfim\/licenciatura-em-quimica-2025\/","title":{"rendered":"Licenciatura em Qu\u00edmica 2025"},"content":{"rendered":"\n<figure class=\"wp-block-image size-full is-resized\"><a href=\"https:\/\/www.ifbaiano.edu.br\/unidades\/bonfim\/files\/2024\/12\/WhatsApp-Image-2024-12-18-at-1.31.55-PM.jpeg\"><img decoding=\"async\" loading=\"lazy\" src=\"https:\/\/www.ifbaiano.edu.br\/unidades\/bonfim\/files\/2024\/12\/WhatsApp-Image-2024-12-18-at-1.31.55-PM.jpeg\" alt=\"\" class=\"wp-image-19663\" width=\"1024\" height=\"256\" \/><\/a><\/figure>\n\n\n\n<h2 class=\"wp-block-heading\">PROCESSO SELETIVO PARA INGRESSO DE ESTUDANTES NO CURSO DE GRADUA\u00c7\u00c3O LICENCIATURA EM QU\u00cdMICA<\/h2>\n\n\n\n<figure class=\"wp-block-table is-style-stripes\"><table class=\"has-black-color has-vivid-cyan-blue-to-vivid-purple-gradient-background has-text-color has-background\"><thead><tr><th class=\"has-text-align-left\" data-align=\"left\">APRESENTA\u00c7\u00c3O<\/th><\/tr><\/thead><\/table><\/figure>\n\n\n\n<p>O DIRETOR-GERAL DO INSTITUTO FEDERAL DE EDUCA\u00c7\u00c3O, CI\u00caNCIA E TECNOLOGIA BAIANO \u2013 CAMPUS SENHOR DO BONFIM, no uso de suas atribui\u00e7\u00f5es delegadas pela Portaria n\u00b0 283 de 18 de mar\u00e7o de 2022. Publicada no Di\u00e1rio Oficial de Uni\u00e3o do dia 21 de mar\u00e7o de 2022. Se\u00e7\u00e3o 2. p\u00e1gina 54, e de acordo com as disposi\u00e7\u00f5es contidas na Lei n\u00b0 11.892, de 29\/12\/2008, e na Lei n\u00b0 8.112, de 11\/12\/1990, no Regimento Geral do IF Baiano e na Portaria Normativa 13\/2022 &#8211; RETGAB\/RET\/IFBAIANO, de 11 de mar\u00e7o de 2022 e suas altera\u00e7\u00f5es, torna p\u00fablico o presente Edital, para preenchimento de vagas no curso de Gradua\u00e7\u00e3o em Licenciatura em Qu\u00edmica ofertado pelo IF Baiano Campus Senhor do Bonfim para ingresso em 2025.1<\/p>\n\n\n\n<figure class=\"wp-block-table is-style-stripes\"><table class=\"has-black-color has-vivid-cyan-blue-to-vivid-purple-gradient-background has-text-color has-background\"><thead><tr><th class=\"has-text-align-left\" data-align=\"left\">VAGAS OFERTADAS<\/th><\/tr><\/thead><tbody><tr><td class=\"has-text-align-left\" data-align=\"left\"><strong><code>Processo seletivo local   -  17 Vagas <\/code><\/strong><strong><code> <\/code><\/strong><\/td><\/tr><\/tbody><\/table><figcaption class=\"wp-element-caption\"><mark class=\"has-inline-color has-vivid-red-color\"><strong>P\u00fablico Alvo:<\/strong>\u00a0Estudantes que est\u00e3o concluindo ou conclu\u00edram o ensino m\u00e9dio.<\/mark><\/figcaption><\/figure>\n\n\n\n<p><\/p>\n\n\n\n<figure class=\"wp-block-table is-style-stripes\"><table class=\"has-black-color has-text-color has-background\" style=\"background:linear-gradient(135deg,rgb(181,217,204) 0%,rgb(152,150,240) 97%)\"><thead><tr><th class=\"has-text-align-left\" data-align=\"left\">INSCRI\u00c7\u00d5ES<\/th><\/tr><\/thead><tbody><tr><td class=\"has-text-align-left\" data-align=\"left\"><strong><code><strong><mark><a href=\"http:\/\/opinanovo.ifbaiano.edu.br\/index.php\/744994?lang=pt-BR\">CLIQUE AQUI PARA REALIZAR SUA INSCRI\u00c7\u00c3O!<\/a><\/mark><\/strong><\/code><\/strong><\/td><\/tr><\/tbody><\/table><\/figure>\n\n\n\n<figure class=\"wp-block-table is-style-stripes\"><table class=\"has-black-color has-vivid-cyan-blue-to-vivid-purple-gradient-background has-text-color has-background\"><thead><tr><th class=\"has-text-align-left\" data-align=\"left\"><strong>EDITAIS E DOCUMENTOS<\/strong><\/th><\/tr><\/thead><tbody><tr><td class=\"has-text-align-left\" data-align=\"left\"><a href=\"https:\/\/www.ifbaiano.edu.br\/unidades\/bonfim\/files\/2025\/03\/Processo-Seletivo-Superior-Quimica-TERCEIRA-CHAMADA.pdf\">Terceira chamada para matr\u00edculas<br><\/a><a href=\"https:\/\/www.ifbaiano.edu.br\/unidades\/bonfim\/files\/2025\/03\/Processo-Seletivo-Superior-Quimica-SEGUNDA-CHAMADA.pdf\">Segunda chamada para matr\u00edculas<br><\/a><a href=\"https:\/\/www.ifbaiano.edu.br\/unidades\/bonfim\/files\/2025\/02\/Processo-Seletivo-Superior-Quimica-Anexo-II-Lista-de-espera-1.pdf\">Retifica\u00e7\u00e3o \u00e0 Lista de espera<\/a> <mark style=\"background-color:#fcb900\" class=\"has-inline-color has-vivid-red-color\">Novo!<\/mark><br><a href=\"https:\/\/www.ifbaiano.edu.br\/unidades\/bonfim\/files\/2025\/02\/Processo-Seletivo-Superior-Quimica-Anexo-I-Aprovados-1-1.pdf\">Retifica\u00e7\u00e3o \u00e0 Lista de aprovados e convoca\u00e7\u00e3o para a 1\u00aa chamada de matr\u00edculas <\/a><mark style=\"background-color:#fcb900\" class=\"has-inline-color has-vivid-red-color\">Novo!<\/mark><br><a href=\"https:\/\/www.ifbaiano.edu.br\/unidades\/bonfim\/files\/2025\/02\/Processo-Seletivo-Superior-Quimica-Resultado-FINAL.pdf\">Retifica\u00e7\u00e3o ao Resultado final da 2\u00aa Etapa de provas &#8211; Entrevista <\/a><mark style=\"background-color:#fcb900\" class=\"has-inline-color has-vivid-red-color\">Novo!<\/mark><br><a href=\"https:\/\/www.ifbaiano.edu.br\/unidades\/bonfim\/files\/2025\/02\/Edital-de-matriculas-Licenciatura-em-quimica.pdf\">Edital de Matr\u00edculas &#8211; Processo seletivo local &#8211; Licenciatura em Qu\u00edmica <\/a><mark style=\"background-color:#fcb900\" class=\"has-inline-color has-vivid-red-color\">Novo!<\/mark><br><a href=\"https:\/\/www.ifbaiano.edu.br\/unidades\/bonfim\/files\/2025\/02\/Processo-Seletivo-Superior-Quimica-Resultado-final-Banca-de-Heteroidentificacao.pdf\">Resultado final da banca de heteroidentifica\u00e7\u00e3o \u00e9tnico-racial<\/a> <mark style=\"background-color:#fcb900\" class=\"has-inline-color has-vivid-red-color\">Novo!<\/mark><br><a href=\"https:\/\/www.ifbaiano.edu.br\/unidades\/bonfim\/files\/2025\/02\/Processo-Seletivo-Superior-Quimica-Resultado-dos-Recursos-BANCA.pdf\">Resultado dos recursos contra o resultado da banca de heteroidentifica\u00e7\u00e3o \u00e9tnico-racial<\/a><br><a href=\"https:\/\/www.ifbaiano.edu.br\/unidades\/bonfim\/files\/2025\/02\/Processo-Seletivo-Superior-Quimica-Anexo-II-Lista-de-espera.pdf\"><s>Lista de espera<\/s><br><\/a><a href=\"https:\/\/www.ifbaiano.edu.br\/unidades\/bonfim\/files\/2025\/02\/Processo-Seletivo-Superior-Quimica-Anexo-I-Aprovados-1.pdf\"><s>Lista de aprovados e convoca\u00e7\u00e3o para a 1\u00aa chamada de matr\u00edculas<br><\/s><\/a><a href=\"https:\/\/www.ifbaiano.edu.br\/unidades\/bonfim\/files\/2025\/02\/Processo-Seletivo-Superior-Quimica-Resultado-final-Entrevista.pdf\"><s>Resultado final da 2\u00aa Etapa de provas &#8211; Entrevista<br><\/s><\/a><a href=\"https:\/\/www.ifbaiano.edu.br\/unidades\/bonfim\/files\/2025\/02\/Processo-Seletivo-Superior-Quimica-Resultado-Preliminar-Banca-de-Heteroidentificacao.pdf\">Resultado preliminar da banca de heteroidentifica\u00e7\u00e3o \u00e9tnico-racial<br><\/a><a href=\"https:\/\/www.ifbaiano.edu.br\/unidades\/bonfim\/files\/2025\/02\/Curriculo-dos-membros-da-banca-de-avaliacao-da-autodeclaracao-Prosel-2025-EDITAL-58.pdf\">Curr\u00edculo da banca de heteroidentifica\u00e7\u00e3o<br><\/a><a href=\"https:\/\/www.ifbaiano.edu.br\/unidades\/bonfim\/files\/2025\/02\/Processo-Seletivo-Superior-Quimica-Convocacao-QUIMICA-Banca-de-Heteroidentificacao-1.pdf\">Convoca\u00e7\u00e3o para a banca de heteroidentifica\u00e7\u00e3o<br><\/a><a href=\"https:\/\/www.ifbaiano.edu.br\/unidades\/bonfim\/files\/2025\/02\/Processo-Seletivo-Superior-Quimica-Resultado-dos-Recursos-Entrevistas.pdf\">Resultado dos recursos contra a 2\u00aa Etapa de provas \u2013 Prova escrita<br><\/a><a href=\"https:\/\/www.ifbaiano.edu.br\/unidades\/bonfim\/files\/2025\/02\/Processo-Seletivo-Superior-Quimica-Retificacao-ao-Resultado-preliminar-Entrevista.pdf\">Retifica\u00e7\u00e3o do Resultado preliminar da 2\u00aa Etapa &#8211; Entrevistas<\/a><br><a href=\"https:\/\/www.ifbaiano.edu.br\/unidades\/bonfim\/files\/2025\/02\/Processo-Seletivo-Superior-Quimica-Resultado-preliminar-das-Entrevistas.pdf\"><s>Resultado preliminar da 2\u00aa Etapa &#8211; Entrevistas<\/s><br><\/a><a href=\"https:\/\/www.ifbaiano.edu.br\/unidades\/bonfim\/files\/2025\/01\/NORMAS-E-ORIENTACOES-PARA-A-ENTREVISTA.docx.pdf\">Normas e orienta\u00e7\u00f5es para a entrevista<br><\/a><a href=\"https:\/\/www.ifbaiano.edu.br\/unidades\/bonfim\/files\/2025\/01\/Processo-Seletivo-Superior-Quimica-Copia-de-RESULTADO-FINAL-E-CONVOCACAO-1.pdf\">Resultado final da 1\u00aa Etapa e Convoca\u00e7\u00e3o para 2\u00aa Etapa.<br><\/a><a href=\"https:\/\/www.ifbaiano.edu.br\/unidades\/bonfim\/files\/2025\/01\/Processo-Seletivo-Superior-Quimica-Resultado-dos-Recursos-Analise-do-historico-1.pdf\">Resultado dos recursos contra o resultado preliminar da an\u00e1lise do hist\u00f3rico escolar<br><\/a><a href=\"https:\/\/www.ifbaiano.edu.br\/unidades\/bonfim\/files\/2025\/01\/Documento-6.pdf\">3\u00aa Retifica\u00e7\u00e3o ao Edital n\u00ba 58<br><\/a><a href=\"https:\/\/www.ifbaiano.edu.br\/unidades\/bonfim\/files\/2025\/01\/Retificacao-ao-edital-no-58.pdf\"><s>3\u00aa Retifica\u00e7\u00e3o ao Edital n\u00ba 58<br><\/s><\/a><a href=\"https:\/\/www.ifbaiano.edu.br\/unidades\/bonfim\/files\/2025\/01\/Processo-Seletivo-Superior-Quimica-Resultado-Parcial-Analise-do-Historico-1.pdf\">RESULTADO PRELIMINAR DA AN\u00c1LISE DO HIST\u00d3RICO ESCOLAR<br><\/a><a href=\"https:\/\/www.ifbaiano.edu.br\/unidades\/bonfim\/files\/2025\/01\/Processo-Seletivo-Superior-Quimica-Inscricoes-Homologadas-1.pdf\">INSCRI\u00c7\u00d5ES HOMOLOGADAS &#8211; p\u00f3s recursos<br><\/a><a href=\"https:\/\/www.ifbaiano.edu.br\/unidades\/bonfim\/files\/2025\/01\/Processo-Seletivo-Superior-Quimica-Resultado-dos-Recursos-Inscricoes-Homologadas-2.pdf\">Resultado dos recursos contra a Lista preliminar de inscri\u00e7\u00f5es homologadas<br><\/a><a href=\"https:\/\/www.ifbaiano.edu.br\/unidades\/bonfim\/files\/2025\/01\/2-retificacao_ed-58.pdf\">2\u00aa Retifica\u00e7\u00e3o ao Edital n\u00ba 58<br><\/a><a href=\"https:\/\/www.ifbaiano.edu.br\/unidades\/bonfim\/files\/2025\/01\/Processo-Seletivo-Superior-Quimica-Resultado-Preliminar-Inscricoes-Homologadas.pdf\">LISTA PRELIMINAR DE INSCRI\u00c7\u00d5ES HOMOLOGADAS<br><\/a><a rel=\"noreferrer noopener\" href=\"https:\/\/www.ifbaiano.edu.br\/unidades\/bonfim\/files\/2025\/01\/ret_quimica.pdf\" target=\"_blank\">Retifica\u00e7\u00e3o ao cronograma do Edital n\u00ba 58<br><\/a><a rel=\"noreferrer noopener\" href=\"https:\/\/www.ifbaiano.edu.br\/unidades\/bonfim\/files\/2024\/12\/Edital-no-58-de-18-dezembro-de-2024-Edital-58-Edital-de-Selecao-Prosel-curso-graduacao-Licenciatura-em-Quimica-2025.1.pdf\" target=\"_blank\">Edital n\u00ba 58 de 18 de dezembro de 2024 <br><\/a>_____________________________________________________<br><a href=\"https:\/\/www.ifbaiano.edu.br\/unidades\/bonfim\/files\/2024\/12\/ANEXO-I-QUIMICA.pdf\">ANEXO I &#8211; EQUIVAL\u00caNCIA DE CONCEITOS E NOTAS<br><\/a><a href=\"https:\/\/www.ifbaiano.edu.br\/unidades\/bonfim\/files\/2024\/12\/anexo-II.pdf\">ANEXO II &#8211; FORMUL\u00c1RIO PARA RECURSO<br><\/a><a href=\"https:\/\/www.ifbaiano.edu.br\/unidades\/bonfim\/files\/2024\/12\/anexo-III.pdf\">ANEXO III &#8211; AUTODECLARA\u00c7\u00c3O DE RENDA<br><\/a><a href=\"https:\/\/www.ifbaiano.edu.br\/unidades\/bonfim\/files\/2024\/12\/ANEXO-IV-quimica.pdf\">ANEXO IV &#8211; AUTODECLARA\u00c7\u00c3O \u00c9TNICO-RACIAL<br><\/a><a href=\"https:\/\/www.ifbaiano.edu.br\/unidades\/bonfim\/files\/2024\/12\/anexo-V.pdf\">ANEXO V &#8211; DECLARA\u00c7\u00c3O DE RECONHECIMENTO DE PERTENCIMENTO E DE V\u00cdNCULO COM COMUNIDADE QUILOMBOLA<br><\/a><a href=\"https:\/\/www.ifbaiano.edu.br\/unidades\/bonfim\/files\/2024\/12\/anexo-VI-quimica.pdf\">ANEXO VI &#8211; BAREMA DE AVALIA\u00c7\u00c3O DA ENTREVISTA<\/a><br><br>_____________________________________________________<br><strong><mark style=\"background-color:#fcb900\" class=\"has-inline-color has-vivid-red-color\">ANEXOS AO EDITAL DE MATR\u00cdCULAS<br><\/mark><\/strong><a href=\"https:\/\/www.ifbaiano.edu.br\/unidades\/bonfim\/files\/2025\/02\/Anexo-III-AUTODECLARACAO-DE-RENDA.pdf\">ANEXO III &#8211; AUTODECLARA\u00c7\u00c3O DE RENDA<br><\/a><a href=\"https:\/\/www.ifbaiano.edu.br\/unidades\/bonfim\/files\/2025\/02\/Anexo-IV-FORMULARIO-PARA-RECURSOS-.pdf\">ANEXO IV &#8211; <strong>FORMUL\u00c1RIO PARA RECURSO<\/strong><br><\/a><a href=\"https:\/\/www.ifbaiano.edu.br\/unidades\/bonfim\/files\/2025\/02\/Anexo-V-DECLARACAO-QUILOMBOLA.pdf\">ANEXO V &#8211; <strong>DECLARA\u00c7\u00c3O DE RECONHECIMENTO DE PERTENCIMENTO E DE V\u00cdNCULO COM COMUNIDADE QUILOMBOLA<\/strong><br><\/a><a href=\"https:\/\/www.ifbaiano.edu.br\/unidades\/bonfim\/files\/2025\/02\/Anexo-VI-FICHA-DE-MATRICULA.pdf\">ANEXO VI &#8211; <strong>FICHA DE MATR\u00cdCULA<\/strong><br><\/a><a href=\"https:\/\/www.ifbaiano.edu.br\/unidades\/bonfim\/files\/2025\/02\/Anexo-VII-DECLARACAO-DE-CONCLUSAO-ENSINO-MEDIO.pdf\">ANEXO VII &#8211; <strong>DECLARA\u00c7\u00c3O DE CONCLUS\u00c3O DO ENSINO M\u00c9DIO<\/strong><br><\/a><a href=\"https:\/\/www.ifbaiano.edu.br\/unidades\/bonfim\/files\/2025\/02\/Anexo-VIII-TERMO-DE-COMPROMISSO-HISTORICO.pdf\">ANEXO VIII &#8211; <strong>TERMO DE COMPROMISSO DE ENTREGA DE DOCUMENTO\u00a0<\/strong>(<strong><em>CERTIFICADO DE CONCLUS\u00c3O E HIST\u00d3RICO ESCOLAR<\/em><\/strong>)<br><\/a><a href=\"https:\/\/www.ifbaiano.edu.br\/unidades\/bonfim\/files\/2025\/02\/Anexo-IX-TERMO-DE-COMPROMISSO-IDENTIFICACAO.pdf\">ANEXO IX &#8211; <strong>TERMO DE COMPROMISSO DE ENTREGA DE DOCUMENTO\u00a0<\/strong>(<strong><em>DOCUMENTO DE IDENTIFICA\u00c7\u00c3O\/CERTID\u00c3O DE NASCIMENTO OU CASAMENTO<\/em><\/strong>)<\/a><\/td><\/tr><\/tbody><\/table><figcaption class=\"wp-element-caption\"><strong>Contato<\/strong>: (71) 99356-0032&nbsp;WhatsApp<br><strong>Email<\/strong>: prosel@bonfim.ifbaiano.edu.br<br><strong>Endere\u00e7o<\/strong>:&nbsp;Estrada da Igara, s\/n &#8211; Zona Rural, Senhor do Bonfim &#8211; Bahia, CEP: 48970-000<\/figcaption><\/figure>\n","protected":false},"excerpt":{"rendered":"<p>PROCESSO SELETIVO PARA INGRESSO DE ESTUDANTES NO CURSO DE GRADUA\u00c7\u00c3O LICENCIATURA EM QU\u00cdMICA APRESENTA\u00c7\u00c3O O DIRETOR-GERAL DO INSTITUTO FEDERAL DE EDUCA\u00c7\u00c3O, CI\u00caNCIA E TECNOLOGIA BAIANO \u2013 CAMPUS SENHOR DO BONFIM, no uso de suas atribui\u00e7\u00f5es delegadas pela Portaria n\u00b0 283 de 18 de mar\u00e7o de 2022. Publicada no Di\u00e1rio Oficial de Uni\u00e3o do dia 21 [&hellip;]<\/p>\n","protected":false},"author":136,"featured_media":0,"parent":0,"menu_order":0,"comment_status":"closed","ping_status":"closed","template":"","meta":[],"_links":{"self":[{"href":"https:\/\/www.ifbaiano.edu.br\/unidades\/bonfim\/wp-json\/wp\/v2\/pages\/19658"}],"collection":[{"href":"https:\/\/www.ifbaiano.edu.br\/unidades\/bonfim\/wp-json\/wp\/v2\/pages"}],"about":[{"href":"https:\/\/www.ifbaiano.edu.br\/unidades\/bonfim\/wp-json\/wp\/v2\/types\/page"}],"author":[{"embeddable":true,"href":"https:\/\/www.ifbaiano.edu.br\/unidades\/bonfim\/wp-json\/wp\/v2\/users\/136"}],"replies":[{"embeddable":true,"href":"https:\/\/www.ifbaiano.edu.br\/unidades\/bonfim\/wp-json\/wp\/v2\/comments?post=19658"}],"version-history":[{"count":27,"href":"https:\/\/www.ifbaiano.edu.br\/unidades\/bonfim\/wp-json\/wp\/v2\/pages\/19658\/revisions"}],"predecessor-version":[{"id":20528,"href":"https:\/\/www.ifbaiano.edu.br\/unidades\/bonfim\/wp-json\/wp\/v2\/pages\/19658\/revisions\/20528"}],"wp:attachment":[{"href":"https:\/\/www.ifbaiano.edu.br\/unidades\/bonfim\/wp-json\/wp\/v2\/media?parent=19658"}],"curies":[{"name":"wp","href":"https:\/\/api.w.org\/{rel}","templated":true}]}}