{"id":19988,"date":"2025-01-19T16:40:00","date_gmt":"2025-01-19T19:40:00","guid":{"rendered":"https:\/\/www.ifbaiano.edu.br\/unidades\/bonfim\/?page_id=19988"},"modified":"2025-01-19T20:29:01","modified_gmt":"2025-01-19T23:29:01","slug":"curso-tecnico-em-multimeios-didaticos","status":"publish","type":"page","link":"https:\/\/www.ifbaiano.edu.br\/unidades\/bonfim\/curso-tecnico-em-multimeios-didaticos\/","title":{"rendered":"CURSO T\u00c9CNICO EM MULTIMEIOS DID\u00c1TICOS"},"content":{"rendered":"\n<p class=\"has-medium-font-size\"><strong>APRESENTA\u00c7\u00c3O <\/strong><\/p>\n\n\n\n<figure class=\"wp-block-image size-large\"><a href=\"https:\/\/www.ifbaiano.edu.br\/unidades\/bonfim\/files\/2025\/01\/9312-mmd3.webp\"><img decoding=\"async\" loading=\"lazy\" width=\"1024\" height=\"582\" src=\"https:\/\/www.ifbaiano.edu.br\/unidades\/bonfim\/files\/2025\/01\/9312-mmd3-1024x582.webp\" alt=\"\" class=\"wp-image-20052\" srcset=\"https:\/\/www.ifbaiano.edu.br\/unidades\/bonfim\/files\/2025\/01\/9312-mmd3-1024x582.webp 1024w, https:\/\/www.ifbaiano.edu.br\/unidades\/bonfim\/files\/2025\/01\/9312-mmd3-300x171.webp 300w, https:\/\/www.ifbaiano.edu.br\/unidades\/bonfim\/files\/2025\/01\/9312-mmd3-768x437.webp 768w, https:\/\/www.ifbaiano.edu.br\/unidades\/bonfim\/files\/2025\/01\/9312-mmd3-100x57.webp 100w, https:\/\/www.ifbaiano.edu.br\/unidades\/bonfim\/files\/2025\/01\/9312-mmd3.webp 1087w\" sizes=\"(max-width: 1024px) 100vw, 1024px\" \/><\/a><\/figure>\n\n\n\n<p style=\"font-size:16px\">O Curso T\u00e9cnico em Multimeios Did\u00e1ticos Subsequente ao Ensino M\u00e9dio baseia-se nos princ\u00edpios filos\u00f3ficos e pol\u00edticos que regem a educa\u00e7\u00e3o nacional, preocupa-se com a forma\u00e7\u00e3o profissional, humana e cidad\u00e3 focada na autonomia, independ\u00eancia, atrav\u00e9s de uma proposta pedag\u00f3gica que priorize a rela\u00e7\u00e3o entre teoria e a pr\u00e1tica baseada em compet\u00eancias.<\/p>\n\n\n\n<p style=\"font-size:16px\">A oferta desse curso na modalidade EAD promover\u00e1 a democratiza\u00e7\u00e3o do ensino profissional e tecnol\u00f3gico do instituto, por meio do ensino t\u00e9cnico nos diversos territ\u00f3rios de identidade baianos, atingindo a popula\u00e7\u00e3o em espa\u00e7os long\u00ednquos, atualmente operantes nas cidades de Caldeir\u00e3o Grande, Campo Formoso, Capim Grosso, Mundo Novo, Piritiba, Ponto Novo, Remanso e Senhor do Bonfim.<\/p>\n\n\n\n<p style=\"font-size:16px\">Sob a \u00e9gide da legisla\u00e7\u00e3o institucional e nacional vigente este curso pretende formar um egresso que: realize atividades de registro e controle escolar; organize registros escolares; controle os arquivos da vida acad\u00eamica dos alunos e das alunas; elabore o mapeamento de acad\u00eamicos para conclus\u00e3o de cursos; operacionalize os processos de matr\u00edcula e transfer\u00eancia de estudantes, dentre outras atividades afins em prol da manuten\u00e7\u00e3o de uma escola cada vez mais democr\u00e1tica.<\/p>\n\n\n\n<p class=\"has-text-align-left\" style=\"font-size:16px\">O Curso T\u00e9cnico em Multimeios Did\u00e1ticos do IF Baiano \u00e9 ofertado na modalidade a dist\u00e2ncia, articulado de forma subsequente, com regime de matr\u00edcula semestral. Sua carga hor\u00e1ria total \u00e9 de 1.200 horas, distribu\u00eddas em 80% de estudos\/atividades virtuais e 20% de encontros presenciais, estes que ocorrem nos polos de EaD, conforme turnos e dias definidos por cada campus.<\/p>\n\n\n\n<p class=\"has-medium-font-size\"><strong>OBJETIVO<\/strong><\/p>\n\n\n\n<p style=\"font-size:16px\">Promover forma\u00e7\u00e3o profissional t\u00e9cnica para profissionais da educa\u00e7\u00e3o, que atuam em \u00e1reas de apoio \u00e0s atividades pedag\u00f3gicas e administrativas nas escolas p\u00fablicas de educa\u00e7\u00e3o b\u00e1sica, dando-lhes condi\u00e7\u00f5es para um entendimento da educa\u00e7\u00e3o e da escola como espa\u00e7os coletivos de forma\u00e7\u00e3o humana, de diversidade \u00e9tnico e cultural, bem como de desenvolvimento de compet\u00eancias para atuar numa habilita\u00e7\u00e3o espec\u00edfica, sem perder a no\u00e7\u00e3o da totalidade da fun\u00e7\u00e3o social da educa\u00e7\u00e3o.&nbsp;<\/p>\n\n\n\n<p class=\"has-medium-font-size\"><strong>PERFIL DO EGRESSO<\/strong><\/p>\n\n\n\n<figure class=\"wp-block-image size-full\"><a href=\"https:\/\/www.ifbaiano.edu.br\/unidades\/bonfim\/files\/2025\/01\/8928-mmd2.webp\"><img decoding=\"async\" loading=\"lazy\" width=\"261\" height=\"169\" src=\"https:\/\/www.ifbaiano.edu.br\/unidades\/bonfim\/files\/2025\/01\/8928-mmd2.webp\" alt=\"\" class=\"wp-image-20051\" srcset=\"https:\/\/www.ifbaiano.edu.br\/unidades\/bonfim\/files\/2025\/01\/8928-mmd2.webp 261w, https:\/\/www.ifbaiano.edu.br\/unidades\/bonfim\/files\/2025\/01\/8928-mmd2-100x65.webp 100w\" sizes=\"(max-width: 261px) 100vw, 261px\" \/><\/a><\/figure>\n\n\n\n<p style=\"font-size:16px\">O profissional do T\u00e9cnico em Multimeios Did\u00e1ticos, na forma subsequente deve demonstrar conhecimentos, saberes, valores e habilidades que o credenciam como educador dos espa\u00e7os e ambientes de comunica\u00e7\u00e3o e tecnologia na escola. O T\u00e9cnico ser\u00e1 capaz de planejar, executar, controlar e avaliar a\u00e7\u00f5es que relacionem tecnologias, comunica\u00e7\u00e3o e aprendizagem no contexto educacional e de associar a infraestrutura tecnol\u00f3gica ao desenvolvimento da pr\u00e1tica educativa em cursos presenciais e a dist\u00e2ncia.<\/p>\n\n\n\n<p class=\"has-medium-font-size\"><strong>\u00c1REA DE ATUA\u00c7\u00c3O<\/strong><\/p>\n\n\n\n<p style=\"font-size:16px\">O t\u00e9cnico em Multimeios Did\u00e1ticos podem atuar em escolas e centros de forma\u00e7\u00e3o profissional, associa\u00e7\u00f5es comunit\u00e1rias, \u00f3rg\u00e3os de sistemas educacionais e redes de ensino para associar a infraestrutura tecnol\u00f3gica ao desenvolvimento da a\u00e7\u00e3o educativa em cursos presenciais e a dist\u00e2ncia.<\/p>\n\n\n\n<p class=\"has-medium-font-size\"><strong>P\u00daBLICO-ALVO<\/strong><\/p>\n\n\n\n<p style=\"font-size:16px\">A proposta destina-se a estudantes egressos do ensino m\u00e9dio ou cursos equivalentes, que necessitam ampliar a sua forma\u00e7\u00e3o profissional, desde que sejam portadores de diploma do n\u00edvel m\u00e9dio devidamente reconhecido e registrado nos \u00f3rg\u00e3os competentes.<\/p>\n\n\n\n<p class=\"has-medium-font-size\"><strong>COMO INGRESSAR?<\/strong><\/p>\n\n\n\n<p style=\"font-size:16px\">O ingresso do aluno no curso t\u00e9cnico EAD em Multimeios Did\u00e1ticos Subsequente ao Ensino M\u00e9dio ocorre mediante a um processo seletivo unificado do IF Baiano. A divulga\u00e7\u00e3o do Edital Seletivo ocorre geralmente no segundo semestre do ano em que se finda os trabalhos da turma vigente.<\/p>\n\n\n\n<p class=\"has-medium-font-size\"><strong>COORDENA\u00c7\u00d5ES<\/strong><\/p>\n\n\n\n<figure class=\"wp-block-image size-full is-resized\"><a href=\"https:\/\/www.ifbaiano.edu.br\/unidades\/bonfim\/files\/2024\/10\/foto-CEAD-00.png\"><img decoding=\"async\" loading=\"lazy\" src=\"https:\/\/www.ifbaiano.edu.br\/unidades\/bonfim\/files\/2024\/10\/foto-CEAD-00.png\" alt=\"\" class=\"wp-image-19330\" width=\"237\" height=\"304\" \/><\/a><\/figure>\n\n\n\n<p class=\"has-medium-font-size\"><strong>MEDIADORES POR POLOS<\/strong><\/p>\n\n\n\n<ol>\n<li style=\"font-size:16px\"><strong>Campo Formoso<\/strong>: Mediadora Presencial e Mediadora Virtual \u2013<mark style=\"background-color:#ffffff\" class=\"has-inline-color has-vivid-red-color\">&nbsp;<em>Cristielen Da Silva Batista<\/em><\/mark><\/li>\n\n\n\n<li style=\"font-size:16px\"><strong>Capim Grosso:<\/strong> Mediador Presencial <mark style=\"background-color:#ffffff\" class=\"has-inline-color\">\u2013 <\/mark><em><mark style=\"background-color:#ffffff\" class=\"has-inline-color has-vivid-red-color\">Dulcilene Trindade da Cruz Silva<\/mark><\/em> e Mediador Virtual <mark style=\"background-color:#ffffff\" class=\"has-inline-color\">\u2013 <\/mark><em><mark style=\"background-color:#ffffff\" class=\"has-inline-color has-vivid-red-color\">Larissa Silva Souza<\/mark><\/em><\/li>\n\n\n\n<li style=\"font-size:16px\"><strong>Mundo Novo<\/strong>: Mediador Presencial \u2013<mark style=\"background-color:#ffffff\" class=\"has-inline-color has-vivid-red-color\"> <em>Aislane Souza Alves Gon\u00e7alves,<\/em><\/mark><em><mark style=\"background-color:#ffffff\" class=\"has-inline-color has-vivid-red-color\"> R<\/mark><\/em><mark style=\"background-color:#ffffff\" class=\"has-inline-color has-vivid-red-color\"><em>illare da Silva Barreiros Correia<\/em> <\/mark>e Mediador Virtual \u2013<mark style=\"background-color:#ffffff\" class=\"has-inline-color has-vivid-red-color\"> <em>P<\/em><\/mark><em><mark style=\"background-color:#ffffff\" class=\"has-inline-color has-vivid-red-color\">aulo Leonardo Lima Ribeiro<\/mark><\/em><\/li>\n\n\n\n<li style=\"font-size:16px\"><strong>Ponto Novo<\/strong>: Mediador Presencial e Mediador Virtual \u2013<em><mark style=\"background-color:#ffffff\" class=\"has-inline-color has-vivid-red-color\"> Fernando de Jesus<\/mark><\/em><\/li>\n\n\n\n<li style=\"font-size:16px\"><strong>Remanso<\/strong>: Mediador Presencial \u2013<mark style=\"background-color:#ffffff\" class=\"has-inline-color has-vivid-red-color\"> <em>Cintia Gomes Viana de Lira<\/em><\/mark><mark><mark style=\"background-color:#ffffff\" class=\"has-inline-color\">&nbsp;<\/mark><\/mark><mark style=\"background-color:#ffffff\" class=\"has-inline-color\">e<\/mark> Mediador Virtual \u2013&nbsp;<em><mark><mark style=\"background-color:#ffffff\" class=\"has-inline-color has-vivid-red-color\">Leonardo Rodrigues dos Santos<\/mark><\/mark><\/em><\/li>\n\n\n\n<li style=\"font-size:16px\"><strong>Senhor do Bonfim<\/strong>: Mediador Presencial \u2013<mark style=\"background-color:#ffffff\" class=\"has-inline-color has-vivid-red-color\">&nbsp;<em>Leonice Francisca de Souza<\/em>&nbsp;<\/mark>e Mediador Virtual \u2013<mark style=\"background-color:#ffffff\" class=\"has-inline-color has-vivid-red-color\">&nbsp;<em>V<\/em><\/mark><em><mark style=\"background-color:#ffffff\" class=\"has-inline-color has-vivid-red-color\">anessa Gomes Lopes Angelim<\/mark><\/em><mark style=\"background-color:#ffffff\" class=\"has-inline-color has-vivid-red-color\">, Debora Felix dos Santos<\/mark><\/li>\n<\/ol>\n\n\n\n<p class=\"has-medium-font-size\"><strong>DURA\u00c7\u00c3O DO CURSO<\/strong><\/p>\n\n\n\n<p style=\"font-size:16px\">O curso de EAD em Multimeios Did\u00e1ticos modalidade Subsequente tem a dura\u00e7\u00e3o regular de 18 meses, com o per\u00edodo m\u00e1ximo de integraliza\u00e7\u00e3o de 36 meses.<\/p>\n\n\n\n<p class=\"has-medium-font-size\"><strong>MATRIZ CURRICULAR E CARGA HOR\u00c1RIA DO CURSO<\/strong><\/p>\n\n\n\n<p style=\"font-size:16px\">O curso de EAD de Secretaria Escolar est\u00e1 dividido em tr\u00eas Semestres, disposto de cada disciplina e suas respectivas cargas hor\u00e1rias, conforme a descri\u00e7\u00e3o da tabela abaixo.<\/p>\n\n\n\n<p class=\"has-medium-font-size\"><strong>M\u00d3DULO I<\/strong><\/p>\n\n\n\n<figure class=\"wp-block-image size-large\"><a href=\"https:\/\/www.ifbaiano.edu.br\/unidades\/bonfim\/files\/2025\/01\/5931-MD-01.webp\"><img decoding=\"async\" loading=\"lazy\" width=\"1024\" height=\"397\" src=\"https:\/\/www.ifbaiano.edu.br\/unidades\/bonfim\/files\/2025\/01\/5931-MD-01-1024x397.webp\" alt=\"\" class=\"wp-image-19991\" srcset=\"https:\/\/www.ifbaiano.edu.br\/unidades\/bonfim\/files\/2025\/01\/5931-MD-01-1024x397.webp 1024w, https:\/\/www.ifbaiano.edu.br\/unidades\/bonfim\/files\/2025\/01\/5931-MD-01-300x116.webp 300w, https:\/\/www.ifbaiano.edu.br\/unidades\/bonfim\/files\/2025\/01\/5931-MD-01-768x297.webp 768w, https:\/\/www.ifbaiano.edu.br\/unidades\/bonfim\/files\/2025\/01\/5931-MD-01-100x39.webp 100w, https:\/\/www.ifbaiano.edu.br\/unidades\/bonfim\/files\/2025\/01\/5931-MD-01.webp 1247w\" sizes=\"(max-width: 1024px) 100vw, 1024px\" \/><\/a><\/figure>\n\n\n\n<p class=\"has-medium-font-size\"><strong>M\u00d3DULO II<\/strong><\/p>\n\n\n\n<figure class=\"wp-block-image size-large\"><a href=\"https:\/\/www.ifbaiano.edu.br\/unidades\/bonfim\/files\/2025\/01\/6686-MD-02.webp\"><img decoding=\"async\" loading=\"lazy\" width=\"1024\" height=\"431\" src=\"https:\/\/www.ifbaiano.edu.br\/unidades\/bonfim\/files\/2025\/01\/6686-MD-02-1024x431.webp\" alt=\"\" class=\"wp-image-19994\" srcset=\"https:\/\/www.ifbaiano.edu.br\/unidades\/bonfim\/files\/2025\/01\/6686-MD-02-1024x431.webp 1024w, https:\/\/www.ifbaiano.edu.br\/unidades\/bonfim\/files\/2025\/01\/6686-MD-02-300x126.webp 300w, https:\/\/www.ifbaiano.edu.br\/unidades\/bonfim\/files\/2025\/01\/6686-MD-02-768x323.webp 768w, https:\/\/www.ifbaiano.edu.br\/unidades\/bonfim\/files\/2025\/01\/6686-MD-02-100x42.webp 100w, https:\/\/www.ifbaiano.edu.br\/unidades\/bonfim\/files\/2025\/01\/6686-MD-02.webp 1259w\" sizes=\"(max-width: 1024px) 100vw, 1024px\" \/><\/a><\/figure>\n\n\n\n<p class=\"has-medium-font-size\"><strong>M\u00d3DULO III<\/strong><\/p>\n\n\n\n<figure class=\"wp-block-image size-large\"><a href=\"https:\/\/www.ifbaiano.edu.br\/unidades\/bonfim\/files\/2025\/01\/6724-MD-03.webp\"><img decoding=\"async\" loading=\"lazy\" width=\"1024\" height=\"392\" src=\"https:\/\/www.ifbaiano.edu.br\/unidades\/bonfim\/files\/2025\/01\/6724-MD-03-1024x392.webp\" alt=\"\" class=\"wp-image-19995\" srcset=\"https:\/\/www.ifbaiano.edu.br\/unidades\/bonfim\/files\/2025\/01\/6724-MD-03-1024x392.webp 1024w, https:\/\/www.ifbaiano.edu.br\/unidades\/bonfim\/files\/2025\/01\/6724-MD-03-300x115.webp 300w, https:\/\/www.ifbaiano.edu.br\/unidades\/bonfim\/files\/2025\/01\/6724-MD-03-768x294.webp 768w, https:\/\/www.ifbaiano.edu.br\/unidades\/bonfim\/files\/2025\/01\/6724-MD-03-100x38.webp 100w, https:\/\/www.ifbaiano.edu.br\/unidades\/bonfim\/files\/2025\/01\/6724-MD-03.webp 1236w\" sizes=\"(max-width: 1024px) 100vw, 1024px\" \/><\/a><\/figure>\n\n\n\n<p>CARGA HOR\u00c1RIA DO EIXO TECNOL\u00d3GICO:\u00a0<strong>1200 horas<\/strong><\/p>\n\n\n\n<div style=\"height:29px\" aria-hidden=\"true\" class=\"wp-block-spacer\"><\/div>\n\n\n\n<p class=\"has-medium-font-size\"><strong>CRIT\u00c9RIOS DE AVALIA\u00c7\u00c3O<\/strong><\/p>\n\n\n\n<p style=\"font-size:16px\">Ser\u00e1 considerado o desempenho acad\u00eamico do estudante, em todos os componentes curriculares, igual ou superior a 6,0 (seis pontos) E a frequ\u00eancia m\u00ednima de 75% (setenta e cinco por cento), considerando o somat\u00f3rio das atividades presenciais e online.<\/p>\n\n\n\n<p style=\"font-size:16px\">As notas das atividades avaliativas ser\u00e3o atribu\u00eddas pelo professor mediador presencial e virtual conforme crit\u00e9rio definido pelo professor formador da disciplina, em uma escala de 0,0 (zero) a 10,0 (dez), obedecendo o seguinte peso:<\/p>\n\n\n\n<p style=\"font-size:16px\">I \u2013 Avali\u00e7\u00f5es online ter\u00e3o peso 80% que constituir\u00e1 a M\u00e9dia a Dist\u00e2ncia (MD);<\/p>\n\n\n\n<p style=\"font-size:16px\">II \u2013 Avali\u00e7\u00f5es presenciais ter\u00e3o peso 20% que constituir\u00e1 a M\u00e9dia Presencial (MP);<\/p>\n\n\n\n<p class=\"has-medium-font-size\"><strong>INFORMA\u00c7\u00c3O SOBRE O T\u00cdTULO E CERTIFICADOS<\/strong><\/p>\n\n\n\n<p style=\"font-size:16px\">Diploma de t\u00e9cnico em Multimeios Did\u00e1ticos ser\u00e1 emitido pelo instituto Federal Baiano Senhor do Bonfim-Ba.<\/p>\n\n\n\n<p style=\"font-size:16px\">Ao t\u00e9rmino de cada semestre, o\/a estudante poder\u00e1 requerer o Certificado de Qualifica\u00e7\u00e3o Profissional (Certifica\u00e7\u00e3o Intermedi\u00e1ria), Desde que tenha cumprido, com aprova\u00e7\u00e3o as disciplinas requeridas para as respectivas certifica\u00e7\u00f5es, conforme apresentado nesta se\u00e7\u00e3o.<\/p>\n\n\n\n<p style=\"font-size:16px\">Os certificados e hist\u00f3ricos do Curso T\u00e9cnico em Secretaria Escolar Subsequente ao Ensino M\u00e9dio ser\u00e1 emitido pela SRA do Campus de Senhor do Bonfim para o\/a estudante que estiver regularmente matriculado\/a.<\/p>\n\n\n\n<p class=\"has-medium-font-size\"><strong>CONTATOS DOS COORDENADORES DE POLO<\/strong><\/p>\n\n\n\n<ol>\n<li style=\"font-size:16px\"><strong>Campo Formoso<\/strong>: neumacarmem@gmail.com \u2013&nbsp;<em><mark style=\"background-color:#ffffff\" class=\"has-inline-color has-vivid-red-color\">Neuma Carmem Oliveira Liro Braga<\/mark><\/em><\/li>\n\n\n\n<li style=\"font-size:16px\"><strong>Ponto Novo<\/strong>: normeiderodrigues42@gmail.com \u2013<mark style=\"background-color:#ffffff\" class=\"has-inline-color has-vivid-red-color\">&nbsp;<em>Normeide Rodrigues da Silva<\/em><\/mark><\/li>\n\n\n\n<li style=\"font-size:16px\"><strong>Remanso<\/strong>: renatolirarso@hotmail.com \u2013&nbsp;<em><mark style=\"background-color:#ffffff\" class=\"has-inline-color has-vivid-red-color\">Renato Lu\u00eds de Lira<\/mark><\/em><\/li>\n\n\n\n<li style=\"font-size:16px\"><strong>Senhor do Bonfim<\/strong>: auda.silva@ifbaiano.edu.br \u2013\u00a0<em><mark style=\"background-color:#ffffff\" class=\"has-inline-color has-vivid-red-color\">Auda Ribeiro Silva<\/mark><\/em><\/li>\n\n\n\n<li style=\"font-size:16px\"><strong>Mundo Novo<\/strong>: izabel.silva@gsaladeaula.com.br &#8211;  <em><mark style=\"background-color:#ffffff\" class=\"has-inline-color has-vivid-red-color\">Izabel Concei\u00e7\u00e3o Costa da Silva<\/mark><\/em><\/li>\n\n\n\n<li style=\"font-size:16px\"><strong>Capim Grosso:<\/strong> neidesun1@hotmail.com &#8211; <em><mark style=\"background-color:#ffffff\" class=\"has-inline-color has-vivid-red-color\">Ivaneide Almeida Silva<\/mark><\/em><\/li>\n<\/ol>\n\n\n\n<p class=\"has-medium-font-size\"><strong>COORDENA\u00c7\u00c3O GERAL<\/strong><\/p>\n\n\n\n<ol>\n<li style=\"font-size:16px\"><strong>CEAD<\/strong>: cead.sbf@ead.ifbaiano.edu.br \u2013\u00a0<em><mark style=\"background-color:#ffffff\" class=\"has-inline-color has-vivid-red-color\">Sandro Ferreira de Lima <\/mark><\/em><\/li>\n\n\n\n<li style=\"font-size:16px\"><strong>Coordenadora de Multimeios Did\u00e1ticos<\/strong>: curso.multimeios.sbf@ead.ifbaiano.edu.br \u2013\u00a0<em><mark style=\"background-color:#ffffff\" class=\"has-inline-color has-vivid-red-color\">Indira C. M. G. Caldas <\/mark><\/em><\/li>\n\n\n\n<li style=\"font-size:16px\"><strong>Coordenadora do Polo<\/strong> <strong>Senhor do Bonfim<\/strong>: auda.silva@ifbaiano.edu.br \u2013\u00a0<em><mark style=\"background-color:#ffffff\" class=\"has-inline-color has-vivid-red-color\">Auda Ribeiro Silva <\/mark><\/em><\/li>\n<\/ol>\n\n\n\n<p class=\"has-medium-font-size\"><strong>INFORMA\u00c7\u00d5ES SOBRE T\u00cdTULO E CERTIFICADO<\/strong><\/p>\n\n\n\n<p style=\"font-size:16px\">Diploma de T\u00e9cnico em Multimeios Did\u00e1ticos ser\u00e1 emitido pelo Instituto Federal Baiano. Buscar todas as informa\u00e7\u00f5es na SRA &#8211; Secret\u00e1ria de Registros Acad\u00eamico do Campus de Senhor do Bonfim-Ba.<\/p>\n\n\n\n<p class=\"has-medium-font-size\"><strong>PROJETO PEDAG\u00d3GICO DO CURSO<\/strong><\/p>\n\n\n\n<p style=\"font-size:16px\">O Projeto Pedag\u00f3gico do Curso (PPC) T\u00e9cnico em Multimeios Did\u00e1ticos Subsequente ao Ensino M\u00e9dio, na modalidade a dist\u00e2ncia, tem perspectiva de educa\u00e7\u00e3o interativa, significativa e flex\u00edvel, pertencente ao Eixo Tecnol\u00f3gico de Desenvolvimento Educacional e Social do Cat\u00e1logo Nacional de Cursos T\u00e9cnicos (CNCT).<\/p>\n\n\n\n<p style=\"font-size:18px\"><a href=\"https:\/\/www.ifbaiano.edu.br\/unidades\/bonfim\/files\/2025\/01\/PPC-Multimeios-Didaticos_versao-final.pdf\" target=\"_blank\" rel=\"noreferrer noopener\">Projeto Pedag\u00f3gico do Curso<\/a><\/p>\n\n\n\n<p style=\"font-size:18px\"><a href=\"https:\/\/www.ifbaiano.edu.br\/unidades\/bonfim\/files\/2024\/09\/Organizacao-Didatica-da-EPTNM.pdf\">Organizacao-Didatica-da-EPTNM<\/a><\/p>\n\n\n\n<p style=\"font-size:18px\"><a href=\"https:\/\/www.ifbaiano.edu.br\/unidades\/bonfim\/files\/2024\/09\/regulamento_ead.pdf\">Regulamento da EAD<\/a><\/p>\n\n\n\n<p style=\"font-size:18px\"><a href=\"https:\/\/www.ifbaiano.edu.br\/unidades\/bonfim\/files\/2024\/09\/guia_estudante.pdf\">Guia do Estudante<\/a><\/p>\n\n\n\n<p style=\"font-size:18px\"><a href=\"https:\/\/www.ifbaiano.edu.br\/unidades\/bonfim\/files\/2024\/09\/manual_moodle.pdf\">Manual do Moodle<\/a><\/p>\n","protected":false},"excerpt":{"rendered":"<p>APRESENTA\u00c7\u00c3O O Curso T\u00e9cnico em Multimeios Did\u00e1ticos Subsequente ao Ensino M\u00e9dio baseia-se nos princ\u00edpios filos\u00f3ficos e pol\u00edticos que regem a educa\u00e7\u00e3o nacional, preocupa-se com a forma\u00e7\u00e3o profissional, humana e cidad\u00e3 focada na autonomia, independ\u00eancia, atrav\u00e9s de uma proposta pedag\u00f3gica que priorize a rela\u00e7\u00e3o entre teoria e a pr\u00e1tica baseada em compet\u00eancias. A oferta desse curso [&hellip;]<\/p>\n","protected":false},"author":178,"featured_media":0,"parent":0,"menu_order":0,"comment_status":"closed","ping_status":"closed","template":"","meta":[],"_links":{"self":[{"href":"https:\/\/www.ifbaiano.edu.br\/unidades\/bonfim\/wp-json\/wp\/v2\/pages\/19988"}],"collection":[{"href":"https:\/\/www.ifbaiano.edu.br\/unidades\/bonfim\/wp-json\/wp\/v2\/pages"}],"about":[{"href":"https:\/\/www.ifbaiano.edu.br\/unidades\/bonfim\/wp-json\/wp\/v2\/types\/page"}],"author":[{"embeddable":true,"href":"https:\/\/www.ifbaiano.edu.br\/unidades\/bonfim\/wp-json\/wp\/v2\/users\/178"}],"replies":[{"embeddable":true,"href":"https:\/\/www.ifbaiano.edu.br\/unidades\/bonfim\/wp-json\/wp\/v2\/comments?post=19988"}],"version-history":[{"count":13,"href":"https:\/\/www.ifbaiano.edu.br\/unidades\/bonfim\/wp-json\/wp\/v2\/pages\/19988\/revisions"}],"predecessor-version":[{"id":20054,"href":"https:\/\/www.ifbaiano.edu.br\/unidades\/bonfim\/wp-json\/wp\/v2\/pages\/19988\/revisions\/20054"}],"wp:attachment":[{"href":"https:\/\/www.ifbaiano.edu.br\/unidades\/bonfim\/wp-json\/wp\/v2\/media?parent=19988"}],"curies":[{"name":"wp","href":"https:\/\/api.w.org\/{rel}","templated":true}]}}