{"id":20771,"date":"2025-04-15T10:59:32","date_gmt":"2025-04-15T13:59:32","guid":{"rendered":"https:\/\/www.ifbaiano.edu.br\/unidades\/bonfim\/?page_id=20771"},"modified":"2025-09-23T14:43:56","modified_gmt":"2025-09-23T17:43:56","slug":"calendario-academico-2025","status":"publish","type":"page","link":"https:\/\/www.ifbaiano.edu.br\/unidades\/bonfim\/calendario-academico-2025\/","title":{"rendered":"Calend\u00e1rio Acad\u00eamico &#8211; 2025"},"content":{"rendered":"\n<hr class=\"wp-block-separator has-alpha-channel-opacity\" \/>\n\n\n\n<p><a href=\"https:\/\/www.ifbaiano.edu.br\/unidades\/bonfim\/files\/2025\/09\/Calendario-Academico-2025-Curso-Tecnico-em-Informatica.pdf\">Curso T\u00e9cnico Integrado Inform\u00e1tica<\/a><\/p>\n\n\n\n<hr class=\"wp-block-separator has-alpha-channel-opacity\" \/>\n\n\n\n<p><a href=\"https:\/\/www.ifbaiano.edu.br\/unidades\/bonfim\/files\/2025\/04\/Calendario-Academico-2025-Curso-Tecnico-em-Agrimensura.pdf\" data-type=\"URL\" data-id=\"https:\/\/www.ifbaiano.edu.br\/unidades\/bonfim\/files\/2025\/04\/Calendario-Academico-2025-Curso-Tecnico-em-Agrimensura.pdf\">Curso T\u00e9cnico em Agrimensura<\/a><\/p>\n\n\n\n<hr class=\"wp-block-separator has-alpha-channel-opacity\" \/>\n\n\n\n<p><a href=\"https:\/\/www.ifbaiano.edu.br\/unidades\/bonfim\/files\/2025\/04\/Calendario-Academico-2025-Curso-Tecnico-em-Alimentos.pdf\" data-type=\"URL\" data-id=\"https:\/\/www.ifbaiano.edu.br\/unidades\/bonfim\/files\/2025\/04\/Calendario-Academico-2025-Curso-Tecnico-em-Alimentos.pdf\">Curso T\u00e9cnico em Alimentos Subsequente ao Ensino M\u00e9dio<\/a><\/p>\n\n\n\n<hr class=\"wp-block-separator has-alpha-channel-opacity\" \/>\n\n\n\n<p><a href=\"https:\/\/www.ifbaiano.edu.br\/unidades\/bonfim\/files\/2025\/04\/Calendario-Academico-2025-SubInformatica.pdf\" data-type=\"URL\" data-id=\"https:\/\/www.ifbaiano.edu.br\/unidades\/bonfim\/files\/2025\/04\/Calendario-Academico-2025-SubInformatica.pdf\">Curso T\u00e9cnico Subsequente em Inform\u00e1tica<\/a><\/p>\n\n\n\n<hr class=\"wp-block-separator has-alpha-channel-opacity\" \/>\n\n\n\n<p><a href=\"https:\/\/www.ifbaiano.edu.br\/unidades\/bonfim\/files\/2025\/04\/Calendario-Academico-2025-LCA-e-LCC.pdf\" data-type=\"URL\" data-id=\"https:\/\/www.ifbaiano.edu.br\/unidades\/bonfim\/files\/2025\/04\/Calendario-Academico-2025-LCA-e-LCC.pdf\">Curso de Licenciatura em Ci\u00eancias Agr\u00e1rias e Curso de Licenciatura em Ci\u00eancias da Computa\u00e7\u00e3o<\/a><\/p>\n\n\n\n<hr class=\"wp-block-separator has-alpha-channel-opacity\" \/>\n\n\n\n<p><a href=\"https:\/\/www.ifbaiano.edu.br\/unidades\/bonfim\/files\/2025\/04\/Calendario-Academico-2025-Curso-Tecnico-em-Agroindustria-Informatica.pdf\" data-type=\"URL\" data-id=\"https:\/\/www.ifbaiano.edu.br\/unidades\/bonfim\/files\/2025\/04\/Calendario-Academico-2025-Curso-Tecnico-em-Agroindustria-Informatica.pdf\">Curso T\u00e9cnico em Agroind\u00fastria\/Inform\u00e1tica Integrado ao Ensino M\u00e9dio<\/a><\/p>\n\n\n\n<hr class=\"wp-block-separator has-alpha-channel-opacity\" \/>\n\n\n\n<p><a href=\"https:\/\/www.ifbaiano.edu.br\/unidades\/bonfim\/files\/2025\/04\/Calendario-Academico-2025-Tecnico-em-Zootecnia.pdf\" data-type=\"URL\" data-id=\"https:\/\/www.ifbaiano.edu.br\/unidades\/bonfim\/files\/2025\/04\/Calendario-Academico-2025-Tecnico-em-Zootecnia.pdf\">Curso T\u00e9cnico em Zootecnia Subsequente ao Ensino M\u00e9dio<\/a><\/p>\n\n\n\n<hr class=\"wp-block-separator has-alpha-channel-opacity\" \/>\n\n\n\n<p><a href=\"https:\/\/www.ifbaiano.edu.br\/unidades\/bonfim\/files\/2025\/04\/Calendario-2025-Tec-Agropecuaria.pdf\" data-type=\"URL\" data-id=\"https:\/\/www.ifbaiano.edu.br\/unidades\/bonfim\/files\/2025\/04\/Calendario-2025-Tec-Agropecuaria.pdf\">Curso T\u00e9cnico em Agropecu\u00e1ria Integrado ao Ensino M\u00e9dio<\/a><\/p>\n","protected":false},"excerpt":{"rendered":"<p>Curso T\u00e9cnico Integrado Inform\u00e1tica Curso T\u00e9cnico em Agrimensura Curso T\u00e9cnico em Alimentos Subsequente ao Ensino M\u00e9dio Curso T\u00e9cnico Subsequente em Inform\u00e1tica Curso de Licenciatura em Ci\u00eancias Agr\u00e1rias e Curso de Licenciatura em Ci\u00eancias da Computa\u00e7\u00e3o Curso T\u00e9cnico em Agroind\u00fastria\/Inform\u00e1tica Integrado ao Ensino M\u00e9dio Curso T\u00e9cnico em Zootecnia Subsequente ao Ensino M\u00e9dio Curso T\u00e9cnico em Agropecu\u00e1ria [&hellip;]<\/p>\n","protected":false},"author":158,"featured_media":0,"parent":0,"menu_order":0,"comment_status":"closed","ping_status":"closed","template":"","meta":[],"_links":{"self":[{"href":"https:\/\/www.ifbaiano.edu.br\/unidades\/bonfim\/wp-json\/wp\/v2\/pages\/20771"}],"collection":[{"href":"https:\/\/www.ifbaiano.edu.br\/unidades\/bonfim\/wp-json\/wp\/v2\/pages"}],"about":[{"href":"https:\/\/www.ifbaiano.edu.br\/unidades\/bonfim\/wp-json\/wp\/v2\/types\/page"}],"author":[{"embeddable":true,"href":"https:\/\/www.ifbaiano.edu.br\/unidades\/bonfim\/wp-json\/wp\/v2\/users\/158"}],"replies":[{"embeddable":true,"href":"https:\/\/www.ifbaiano.edu.br\/unidades\/bonfim\/wp-json\/wp\/v2\/comments?post=20771"}],"version-history":[{"count":6,"href":"https:\/\/www.ifbaiano.edu.br\/unidades\/bonfim\/wp-json\/wp\/v2\/pages\/20771\/revisions"}],"predecessor-version":[{"id":22533,"href":"https:\/\/www.ifbaiano.edu.br\/unidades\/bonfim\/wp-json\/wp\/v2\/pages\/20771\/revisions\/22533"}],"wp:attachment":[{"href":"https:\/\/www.ifbaiano.edu.br\/unidades\/bonfim\/wp-json\/wp\/v2\/media?parent=20771"}],"curies":[{"name":"wp","href":"https:\/\/api.w.org\/{rel}","templated":true}]}}