{"id":20793,"date":"2025-04-15T11:21:31","date_gmt":"2025-04-15T14:21:31","guid":{"rendered":"https:\/\/www.ifbaiano.edu.br\/unidades\/bonfim\/?page_id=20793"},"modified":"2025-05-08T14:43:49","modified_gmt":"2025-05-08T17:43:49","slug":"estagios","status":"publish","type":"page","link":"https:\/\/www.ifbaiano.edu.br\/unidades\/bonfim\/estagios\/","title":{"rendered":"Est\u00e1gios"},"content":{"rendered":"\n<strong><div id=\"TituloMenu\" class=\"dnone\"> Sobre<\/div> <\/strong><\/p><p>\n\n\n\n<p>\u201cO est\u00e1gio curricular supervisionado caracteriza-se por ser ato educativo escolar, que possui acompanhamento efetivo de professor(a) orientador(a) do IF Baiano e de supervisor(a) da unidade concedente, desenvolvido no ambiente de trabalho e visando \u00e0 forma\u00e7\u00e3o \u00e9tica e cidad\u00e3 dos(as) estagi\u00e1rios(as) para o trabalho\u201d.<br><strong>Est\u00e1gio curricular obrigat\u00f3rio:<\/strong><br>\u201cO est\u00e1gio obrigat\u00f3rio ser\u00e1 aquele definido como tal no PPC, sendo requisito para a conclus\u00e3o dos cursos, no \u00e2mbito do IF Baiano.\u201d<br><strong>Est\u00e1gio n\u00e3o obrigat\u00f3rio:<\/strong><br>\u201cO est\u00e1gio n\u00e3o obrigat\u00f3rio ser\u00e1 aquele desenvolvido como atividade opcional, acrescida \u00e0 carga hor\u00e1ria regular e obrigat\u00f3ria do curso.\u201d<\/p>\n\n\n\n<hr class=\"wp-block-separator has-alpha-channel-opacity\" \/>\n\n\n\n<p><strong>Fluxo para iniciar o est\u00e1gio no IF Baiano<\/strong><\/p>\n\n\n\n<p><\/p>\n\n\n\n<figure class=\"wp-block-image size-full\"><a href=\"https:\/\/www.ifbaiano.edu.br\/unidades\/bonfim\/files\/2025\/04\/6940-Estagio.webp\"><img decoding=\"async\" loading=\"lazy\" width=\"988\" height=\"460\" src=\"https:\/\/www.ifbaiano.edu.br\/unidades\/bonfim\/files\/2025\/04\/6940-Estagio.webp\" alt=\"\" class=\"wp-image-20796\" srcset=\"https:\/\/www.ifbaiano.edu.br\/unidades\/bonfim\/files\/2025\/04\/6940-Estagio.webp 988w, https:\/\/www.ifbaiano.edu.br\/unidades\/bonfim\/files\/2025\/04\/6940-Estagio-300x140.webp 300w, https:\/\/www.ifbaiano.edu.br\/unidades\/bonfim\/files\/2025\/04\/6940-Estagio-768x358.webp 768w, https:\/\/www.ifbaiano.edu.br\/unidades\/bonfim\/files\/2025\/04\/6940-Estagio-100x47.webp 100w\" sizes=\"(max-width: 988px) 100vw, 988px\" \/><\/a><\/figure>\n\n\n\n<p><a href=\"https:\/\/ifbaiano.edu.br\/portal\/ensino\/wp-content\/uploads\/sites\/2\/2024\/01\/MODULO-ESTAGIOS-NO-SISTEMA-UNIFICADO-DE-ADMINISTRACAO-PUBLICA-SUAP.pdf\">Clique aqui&nbsp;<\/a>&nbsp;para ter acesso ao tutorial sobre o M\u00f3dulo Est\u00e1gio no SUAP.<\/p>\n\n\n\n<strong><div id=\"TituloMenu\" class=\"dnone\"> Legisla\u00e7\u00f5es e Normas do IF Baiano<\/div> <\/strong><\/p><p>\n\n\n\n<p><a rel=\"noreferrer noopener\" href=\"https:\/\/ifbaiano.edu.br\/portal\/ensino\/wp-content\/uploads\/sites\/2\/2024\/04\/lei11788_25_09_08.pdf\" target=\"_blank\">Lei n\u00ba 11.788 de 25 de setembro de 2008<\/a><br><a rel=\"noreferrer noopener\" href=\"https:\/\/ifbaiano.edu.br\/portal\/ensino\/wp-content\/uploads\/sites\/2\/2024\/04\/Resolucao-84.2020-OS-CONSUP.IFBAIANO-DE-22-DE-SETEMBRO-DE-2020.pdf\" target=\"_blank\">Resolu\u00e7\u00e3o 84\/2020 \u2013 OS-CONSUP\/IFBAIANO, DE 22 DE SETEMBRO DE 2020<\/a><br><a rel=\"noreferrer noopener\" href=\"https:\/\/ifbaiano.edu.br\/portal\/ensino\/wp-content\/uploads\/sites\/2\/2024\/04\/Resolucao-136.2021-OS-CONSUP.IFBAIANO-DE-11-DE-JUNHO-DE-2021.pdf\" target=\"_blank\">Resolu\u00e7\u00e3o 136\/2021 \u2013 OS-CONSUP\/IFBAIANO, DE 11 DE JUNHO DE 2021<\/a><\/p>\n\n\n\n<strong><div id=\"TituloMenu\" class=\"dnone\"> formul\u00e1rios para est\u00e1gios<\/div> <\/strong><\/p><p>\n\n\n\n<p><\/p>\n\n\n\n<ul>\n<li><a rel=\"noreferrer noopener\" href=\"https:\/\/ifbaiano.edu.br\/portal\/ensino\/wp-content\/uploads\/sites\/2\/2024\/04\/AVALIACAO-DE-APRESENTACAO-ORAL-DE-ESTAGIO.pdf\" target=\"_blank\">Avalia\u00e7\u00e3o de apresenta\u00e7\u00e3o oral de est\u00e1gio;<\/a><\/li>\n\n\n\n<li><a href=\"https:\/\/ifbaiano.edu.br\/portal\/ensino\/wp-content\/uploads\/sites\/2\/2024\/04\/AVALIACAO-DE-RELATORIO-DE-ESTAGIO.pdf\" target=\"_blank\" rel=\"noreferrer noopener\">Avalia\u00e7\u00e3o de relat\u00f3rio de est\u00e1gio;<\/a><\/li>\n\n\n\n<li><a href=\"https:\/\/ifbaiano.edu.br\/portal\/ensino\/wp-content\/uploads\/sites\/2\/2024\/04\/CONTROLE-DE-FREQUENCIA-EM-ESTAGIO-CURRICULAR-OBRIGATORIO.pdf\" target=\"_blank\" rel=\"noreferrer noopener\">Controle de frequ\u00eancia em est\u00e1gio curricular obrigat\u00f3rio;<\/a><\/li>\n\n\n\n<li><a href=\"https:\/\/ifbaiano.edu.br\/portal\/ensino\/wp-content\/uploads\/sites\/2\/2024\/04\/DECLARACAO-DE-CONCLUSAO-DE-ESTAGIO.pdf\" target=\"_blank\" rel=\"noreferrer noopener\">Declara\u00e7\u00e3o de conclus\u00e3o de est\u00e1gio;<\/a><\/li>\n\n\n\n<li><a href=\"https:\/\/ifbaiano.edu.br\/portal\/ensino\/wp-content\/uploads\/sites\/2\/2024\/04\/DECLARACAO-PARA-ESTAGIO-DO-COORDENADOR-DO-CURSO.pdf\" target=\"_blank\" rel=\"noreferrer noopener\">Declara\u00e7\u00e3o para est\u00e1gio do coordenador do curso;<\/a><\/li>\n\n\n\n<li><a rel=\"noreferrer noopener\" href=\"https:\/\/ifbaiano.edu.br\/portal\/ensino\/wp-content\/uploads\/sites\/2\/2024\/04\/DECLARACAO-PARA-ESTAGIOS-DA-SRA.pdf\" target=\"_blank\">Declara\u00e7\u00e3o para est\u00e1gio da SRA;<\/a><\/li>\n\n\n\n<li><a href=\"https:\/\/ifbaiano.edu.br\/portal\/ensino\/wp-content\/uploads\/sites\/2\/2024\/04\/DECLARACAO-DE-EXPERIENCIA-PROFISSIONAL.pdf\" target=\"_blank\" rel=\"noreferrer noopener\">Declara\u00e7\u00e3o de experi\u00eancia profissional;<\/a><\/li>\n\n\n\n<li><a href=\"https:\/\/ifbaiano.edu.br\/portal\/ensino\/wp-content\/uploads\/sites\/2\/2024\/04\/FICHA-DE-AVALIACAO-DO-SUPERVISOR.pdf\" target=\"_blank\" rel=\"noreferrer noopener\">Ficha de avalia\u00e7\u00e3o do supervisor;<\/a><\/li>\n\n\n\n<li><a href=\"https:\/\/ifbaiano.edu.br\/portal\/ensino\/wp-content\/uploads\/sites\/2\/2024\/04\/PLANO-DE-ATIVIDADES-DE-ESTAGIO-CURRICULAR.pdf\" target=\"_blank\" rel=\"noreferrer noopener\">Plano de atividades de est\u00e1gio curricular;<\/a><\/li>\n\n\n\n<li><a rel=\"noreferrer noopener\" href=\"https:\/\/ifbaiano.edu.br\/portal\/ensino\/wp-content\/uploads\/sites\/2\/2024\/04\/REQUERIMENTO-DE-ESTAGIO.pdf\" target=\"_blank\">Requerimento de Est\u00e1gio<\/a>;<\/li>\n\n\n\n<li><a rel=\"noreferrer noopener\" href=\"https:\/\/ifbaiano.edu.br\/portal\/ensino\/wp-content\/uploads\/sites\/2\/2024\/04\/RELATORIO-DE-ATIVIDADES-DE-ESTAGIO.pdf\" target=\"_blank\">Relat\u00f3rio de atividades de est\u00e1gio;<\/a><\/li>\n\n\n\n<li><a rel=\"noreferrer noopener\" href=\"https:\/\/ifbaiano.edu.br\/portal\/ensino\/wp-content\/uploads\/sites\/2\/2024\/04\/REQUERIMENTO-PARA-APROVEITAMENTO-DE-CARGA-HORARIA-COMO-ESTAGIO-CURRICULAR-OBRIGATORIO.pdf\" target=\"_blank\">Requerimento para aproveitamento de carga hor\u00e1ria como est\u00e1gio curricular obrigat\u00f3rio;<\/a><\/li>\n\n\n\n<li><a rel=\"noreferrer noopener\" href=\"https:\/\/ifbaiano.edu.br\/portal\/ensino\/wp-content\/uploads\/sites\/2\/2024\/04\/REQUERIMENTO-PARA-PRORROGACAO-DO-PRAZO-DE-ENTREGA-DO-RELATORIO-FINAL-DE-ESTAGIO-CURRICULAR-OBRIGATORIO.pdf\" target=\"_blank\">Requerimento para prorroga\u00e7\u00e3o do prazo de entrega do relat\u00f3rio final de est\u00e1gio curricular obrigat\u00f3rio;<\/a><\/li>\n\n\n\n<li><a href=\"https:\/\/ifbaiano.edu.br\/portal\/ensino\/wp-content\/uploads\/sites\/2\/2024\/04\/REQUERIMENTO-PARA-SUBSTITUICAO-DE-DOCENTE-ORIENTADORA-DE-ESTAGIO.pdf\" target=\"_blank\" rel=\"noreferrer noopener\">Requerimento para substitui\u00e7\u00e3o de docente orientador(a) de est\u00e1gio;<\/a><\/li>\n\n\n\n<li><a href=\"https:\/\/ifbaiano.edu.br\/portal\/ensino\/wp-content\/uploads\/sites\/2\/2024\/04\/RESCISAO-DO-TERMO-DE-COMPROMISSO-DE-ESTAGIO.pdf\" target=\"_blank\" rel=\"noreferrer noopener\">Rescis\u00e3o do termo de compromisso de est\u00e1gio;<\/a><\/li>\n\n\n\n<li><a href=\"https:\/\/ifbaiano.edu.br\/portal\/ensino\/wp-content\/uploads\/sites\/2\/2024\/04\/TERMO-ADITIVO-DE-ESTAGIO.pdf\" target=\"_blank\" rel=\"noreferrer noopener\">Termo aditivo de est\u00e1gio;<\/a><\/li>\n\n\n\n<li><a href=\"https:\/\/ifbaiano.edu.br\/portal\/ensino\/wp-content\/uploads\/sites\/2\/2024\/04\/TERMO-DE-REALIZACAO-DE-ESTAGIO-dos-cursos-EPTNM.pdf\" target=\"_blank\" rel=\"noreferrer noopener\">Termo de realiza\u00e7\u00e3o de est\u00e1gio dos cursos EPTNM;<\/a><\/li>\n\n\n\n<li><a rel=\"noreferrer noopener\" href=\"https:\/\/ifbaiano.edu.br\/portal\/ensino\/wp-content\/uploads\/sites\/2\/2024\/04\/TERMO-DE-REALIZACAO-DO-ESTAGIO-CURSOS-DE-GRADUACAO.pdf\" target=\"_blank\">Termo de realiza\u00e7\u00e3o do est\u00e1gio cursos de gradua\u00e7\u00e3o;<\/a><\/li>\n<\/ul>\n\n\n\n<strong><div id=\"TituloMenu\" class=\"dnone\"> manuais para est\u00e1gios<\/div> <\/strong><\/p><p>\n\n\n\n<div class=\"wp-block-buttons is-layout-flex\">\n<div class=\"wp-block-button has-custom-width wp-block-button__width-50\"><a class=\"wp-block-button__link has-white-color has-text-color has-background wp-element-button\" href=\"https:\/\/ifbaiano.edu.br\/portal\/ensino\/wp-content\/uploads\/sites\/2\/2025\/03\/MODULO-ESTAGIOS-NO-SUAP.pdf\" style=\"background-color:#055134\" target=\"_blank\" rel=\"noreferrer noopener\">Tutorial M\u00f3dulo Est\u00e1gio no SUAP<\/a><\/div>\n<\/div>\n\n\n\n<hr class=\"wp-block-separator has-alpha-channel-opacity\" \/>\n\n\n\n<div class=\"wp-block-buttons is-layout-flex\">\n<div class=\"wp-block-button has-custom-width wp-block-button__width-50\"><a class=\"wp-block-button__link has-white-color has-text-color has-background wp-element-button\" href=\"https:\/\/ifbaiano.edu.br\/portal\/ensino\/wp-content\/uploads\/sites\/2\/2025\/03\/Manual-de-estagio-para-DOCENTES.pdf\" style=\"background-color:#055134\" target=\"_blank\" rel=\"noreferrer noopener\">Manual do est\u00e1gio para docentes<\/a><\/div>\n<\/div>\n\n\n\n<hr class=\"wp-block-separator has-alpha-channel-opacity\" \/>\n\n\n\n<div class=\"wp-block-buttons is-layout-flex\">\n<div class=\"wp-block-button has-custom-width wp-block-button__width-50\"><a class=\"wp-block-button__link has-white-color has-text-color has-background wp-element-button\" href=\"https:\/\/ifbaiano.edu.br\/portal\/ensino\/wp-content\/uploads\/sites\/2\/2025\/03\/Manual-de-estagio-para-ESTUDANTES.pdf\" style=\"background-color:#055134\" target=\"_blank\" rel=\"noreferrer noopener\">Manual do est\u00e1gio para estudantes<\/a><\/div>\n<\/div>\n\n\n\n<hr class=\"wp-block-separator has-alpha-channel-opacity\" \/>\n\n\n\n<div class=\"wp-block-buttons is-layout-flex\">\n<div class=\"wp-block-button has-custom-width wp-block-button__width-50\"><a class=\"wp-block-button__link has-white-color has-text-color has-background wp-element-button\" href=\"https:\/\/ifbaiano.edu.br\/portal\/ensino\/wp-content\/uploads\/sites\/2\/2025\/03\/Manual-de-estagio-para-SUPERVISOR.pdf\" style=\"background-color:#055134\" target=\"_blank\" rel=\"noreferrer noopener\">Manual do est\u00e1gio para supervisor<\/a><\/div>\n<\/div>\n\n\n\n<p><\/p>\n\n\n\n<p><\/p>\n","protected":false},"excerpt":{"rendered":"<p>Sobre \u201cO est\u00e1gio curricular supervisionado caracteriza-se por ser ato educativo escolar, que possui acompanhamento efetivo de professor(a) orientador(a) do IF Baiano e de supervisor(a) da unidade concedente, desenvolvido no ambiente de trabalho e visando \u00e0 forma\u00e7\u00e3o \u00e9tica e cidad\u00e3 dos(as) estagi\u00e1rios(as) para o trabalho\u201d.Est\u00e1gio curricular obrigat\u00f3rio:\u201cO est\u00e1gio obrigat\u00f3rio ser\u00e1 aquele definido como tal no PPC, [&hellip;]<\/p>\n","protected":false},"author":158,"featured_media":0,"parent":0,"menu_order":0,"comment_status":"closed","ping_status":"closed","template":"","meta":[],"_links":{"self":[{"href":"https:\/\/www.ifbaiano.edu.br\/unidades\/bonfim\/wp-json\/wp\/v2\/pages\/20793"}],"collection":[{"href":"https:\/\/www.ifbaiano.edu.br\/unidades\/bonfim\/wp-json\/wp\/v2\/pages"}],"about":[{"href":"https:\/\/www.ifbaiano.edu.br\/unidades\/bonfim\/wp-json\/wp\/v2\/types\/page"}],"author":[{"embeddable":true,"href":"https:\/\/www.ifbaiano.edu.br\/unidades\/bonfim\/wp-json\/wp\/v2\/users\/158"}],"replies":[{"embeddable":true,"href":"https:\/\/www.ifbaiano.edu.br\/unidades\/bonfim\/wp-json\/wp\/v2\/comments?post=20793"}],"version-history":[{"count":10,"href":"https:\/\/www.ifbaiano.edu.br\/unidades\/bonfim\/wp-json\/wp\/v2\/pages\/20793\/revisions"}],"predecessor-version":[{"id":21612,"href":"https:\/\/www.ifbaiano.edu.br\/unidades\/bonfim\/wp-json\/wp\/v2\/pages\/20793\/revisions\/21612"}],"wp:attachment":[{"href":"https:\/\/www.ifbaiano.edu.br\/unidades\/bonfim\/wp-json\/wp\/v2\/media?parent=20793"}],"curies":[{"name":"wp","href":"https:\/\/api.w.org\/{rel}","templated":true}]}}