{"id":20803,"date":"2025-04-15T11:34:12","date_gmt":"2025-04-15T14:34:12","guid":{"rendered":"https:\/\/www.ifbaiano.edu.br\/unidades\/bonfim\/?page_id=20803"},"modified":"2025-04-15T11:34:13","modified_gmt":"2025-04-15T14:34:13","slug":"estagio-2023","status":"publish","type":"page","link":"https:\/\/www.ifbaiano.edu.br\/unidades\/bonfim\/estagio-2023\/","title":{"rendered":"Est\u00e1gio &#8211; 2023"},"content":{"rendered":"\n<hr class=\"wp-block-separator has-alpha-channel-opacity\" \/>\n\n\n\n<p class=\"has-small-font-size\"><a href=\"https:\/\/www.ifbaiano.edu.br\/unidades\/bonfim\/files\/2023\/08\/Retificacao-Selecao-de-estagio-curso-tecnico-em-agropecuaria-e-alimentos.pdf\">RETIFICA\u00c7\u00c3O \u2013 SELE\u00c7\u00c3O DE EST\u00c1GIO CURRICULAR PARA ALUNOS DO CURSO T\u00c9CNICO EM AGROPECU\u00c1RIA E ALIMENTOS<\/a><\/p>\n\n\n\n<p class=\"has-small-font-size\"><a href=\"https:\/\/www.ifbaiano.edu.br\/unidades\/bonfim\/files\/2023\/08\/Edital-Interno-no-36_2023-Estagio-CURSO-TECNICO-EM-AGROPECUARIA-E-ALIMENTOS.pdf\">SELE\u00c7\u00c3O DE EST\u00c1GIO CURRICULAR PARA ALUNOS DO CURSO T\u00c9CNICO EM AGROPECU\u00c1RIA E ALIMENTOS<\/a><\/p>\n","protected":false},"excerpt":{"rendered":"<p>RETIFICA\u00c7\u00c3O \u2013 SELE\u00c7\u00c3O DE EST\u00c1GIO CURRICULAR PARA ALUNOS DO CURSO T\u00c9CNICO EM AGROPECU\u00c1RIA E ALIMENTOS SELE\u00c7\u00c3O DE EST\u00c1GIO CURRICULAR PARA ALUNOS DO CURSO T\u00c9CNICO EM AGROPECU\u00c1RIA E ALIMENTOS<\/p>\n","protected":false},"author":158,"featured_media":0,"parent":0,"menu_order":0,"comment_status":"closed","ping_status":"closed","template":"","meta":[],"_links":{"self":[{"href":"https:\/\/www.ifbaiano.edu.br\/unidades\/bonfim\/wp-json\/wp\/v2\/pages\/20803"}],"collection":[{"href":"https:\/\/www.ifbaiano.edu.br\/unidades\/bonfim\/wp-json\/wp\/v2\/pages"}],"about":[{"href":"https:\/\/www.ifbaiano.edu.br\/unidades\/bonfim\/wp-json\/wp\/v2\/types\/page"}],"author":[{"embeddable":true,"href":"https:\/\/www.ifbaiano.edu.br\/unidades\/bonfim\/wp-json\/wp\/v2\/users\/158"}],"replies":[{"embeddable":true,"href":"https:\/\/www.ifbaiano.edu.br\/unidades\/bonfim\/wp-json\/wp\/v2\/comments?post=20803"}],"version-history":[{"count":1,"href":"https:\/\/www.ifbaiano.edu.br\/unidades\/bonfim\/wp-json\/wp\/v2\/pages\/20803\/revisions"}],"predecessor-version":[{"id":20804,"href":"https:\/\/www.ifbaiano.edu.br\/unidades\/bonfim\/wp-json\/wp\/v2\/pages\/20803\/revisions\/20804"}],"wp:attachment":[{"href":"https:\/\/www.ifbaiano.edu.br\/unidades\/bonfim\/wp-json\/wp\/v2\/media?parent=20803"}],"curies":[{"name":"wp","href":"https:\/\/api.w.org\/{rel}","templated":true}]}}