{"id":20805,"date":"2025-04-15T11:37:07","date_gmt":"2025-04-15T14:37:07","guid":{"rendered":"https:\/\/www.ifbaiano.edu.br\/unidades\/bonfim\/?page_id=20805"},"modified":"2025-04-15T11:37:07","modified_gmt":"2025-04-15T14:37:07","slug":"estagio-2019","status":"publish","type":"page","link":"https:\/\/www.ifbaiano.edu.br\/unidades\/bonfim\/estagio-2019\/","title":{"rendered":"Est\u00e1gio &#8211; 2019"},"content":{"rendered":"\n<hr class=\"wp-block-separator has-alpha-channel-opacity\" \/>\n\n\n\n<p>A sele\u00e7\u00e3o \u00e9 destinada aos discentes regularmente matriculados no curso T\u00e9cnico de Inform\u00e1tica do Instituto Federal Baiano \u2013&nbsp;<em>Campus&nbsp;<\/em>Senhor do Bonfim.<\/p>\n\n\n\n<p>Conforme o Edital Interno N\u00ba 37\/2019, de 30 de julho de 2019, est\u00e3o dispon\u00edveis 2 (duas) vagas, 1 (uma) para o N\u00facleo de Rela\u00e7\u00f5es Institucionais e 1 (uma) para o N\u00facleo de Gest\u00e3o de Tecnologia da Informa\u00e7\u00e3o.<\/p>\n\n\n\n<p>Para maiores informa\u00e7\u00f5es sobre os procedimentos para a inscri\u00e7\u00e3o clique no link a seguir:\u00a0<a href=\"https:\/\/www.ifbaiano.edu.br\/unidades\/bonfim\/files\/2019\/07\/Edital-n%C2%BA-37-2019-Estagio-de-Informatica.pdf\">Edital N\u00ba 37\/2019.<\/a><\/p>\n\n\n\n<p><a href=\"https:\/\/www.ifbaiano.edu.br\/unidades\/bonfim\/files\/2019\/08\/Rela%C3%A7%C3%A3o-dos-homologados-Sele%C3%A7%C3%A3o-Estagi%C3%A1rios-NRI-e-TI.pdf\">Homologado \u2013 Edital 37\/2019<\/a><\/p>\n\n\n\n<p><a href=\"https:\/\/www.ifbaiano.edu.br\/unidades\/bonfim\/files\/2019\/08\/Resultado-Final-2.pdf\">Resultado da Sele\u00e7\u00e3o de Est\u00e1gio<\/a><\/p>\n","protected":false},"excerpt":{"rendered":"<p>A sele\u00e7\u00e3o \u00e9 destinada aos discentes regularmente matriculados no curso T\u00e9cnico de Inform\u00e1tica do Instituto Federal Baiano \u2013&nbsp;Campus&nbsp;Senhor do Bonfim. Conforme o Edital Interno N\u00ba 37\/2019, de 30 de julho de 2019, est\u00e3o dispon\u00edveis 2 (duas) vagas, 1 (uma) para o N\u00facleo de Rela\u00e7\u00f5es Institucionais e 1 (uma) para o N\u00facleo de Gest\u00e3o de Tecnologia [&hellip;]<\/p>\n","protected":false},"author":158,"featured_media":0,"parent":0,"menu_order":0,"comment_status":"closed","ping_status":"closed","template":"","meta":[],"_links":{"self":[{"href":"https:\/\/www.ifbaiano.edu.br\/unidades\/bonfim\/wp-json\/wp\/v2\/pages\/20805"}],"collection":[{"href":"https:\/\/www.ifbaiano.edu.br\/unidades\/bonfim\/wp-json\/wp\/v2\/pages"}],"about":[{"href":"https:\/\/www.ifbaiano.edu.br\/unidades\/bonfim\/wp-json\/wp\/v2\/types\/page"}],"author":[{"embeddable":true,"href":"https:\/\/www.ifbaiano.edu.br\/unidades\/bonfim\/wp-json\/wp\/v2\/users\/158"}],"replies":[{"embeddable":true,"href":"https:\/\/www.ifbaiano.edu.br\/unidades\/bonfim\/wp-json\/wp\/v2\/comments?post=20805"}],"version-history":[{"count":1,"href":"https:\/\/www.ifbaiano.edu.br\/unidades\/bonfim\/wp-json\/wp\/v2\/pages\/20805\/revisions"}],"predecessor-version":[{"id":20806,"href":"https:\/\/www.ifbaiano.edu.br\/unidades\/bonfim\/wp-json\/wp\/v2\/pages\/20805\/revisions\/20806"}],"wp:attachment":[{"href":"https:\/\/www.ifbaiano.edu.br\/unidades\/bonfim\/wp-json\/wp\/v2\/media?parent=20805"}],"curies":[{"name":"wp","href":"https:\/\/api.w.org\/{rel}","templated":true}]}}