{"id":20810,"date":"2025-04-15T11:44:14","date_gmt":"2025-04-15T14:44:14","guid":{"rendered":"https:\/\/www.ifbaiano.edu.br\/unidades\/bonfim\/?page_id=20810"},"modified":"2025-04-15T11:44:15","modified_gmt":"2025-04-15T14:44:15","slug":"estagio-2022","status":"publish","type":"page","link":"https:\/\/www.ifbaiano.edu.br\/unidades\/bonfim\/estagio-2022\/","title":{"rendered":"Est\u00e1gio &#8211; 2022"},"content":{"rendered":"\n<hr class=\"wp-block-separator has-alpha-channel-opacity\" \/>\n\n\n\n<p class=\"has-small-font-size\"><a href=\"https:\/\/www.ifbaiano.edu.br\/unidades\/bonfim\/2022\/10\/07\/publicado-edital-de-selecao-de-estagio-curricular-para-estudantes-do-curso-tecnico-integrado-em-agropecuaria\/\" data-type=\"URL\" data-id=\"https:\/\/www.ifbaiano.edu.br\/unidades\/bonfim\/2022\/10\/07\/publicado-edital-de-selecao-de-estagio-curricular-para-estudantes-do-curso-tecnico-integrado-em-agropecuaria\/\">Est\u00e1gio curricular para estudantes do curso t\u00e9cnico integrado em agropecu\u00e1ria<\/a><\/p>\n\n\n\n<hr class=\"wp-block-separator has-alpha-channel-opacity\" \/>\n\n\n\n<p class=\"has-small-font-size\"><a href=\"https:\/\/www.ifbaiano.edu.br\/unidades\/bonfim\/2022\/10\/07\/publicado-edital-de-selecao-de-estagio-para-estudantes-do-curso-tecnico-subsequente-em-informatica\/\" data-type=\"URL\" data-id=\"https:\/\/www.ifbaiano.edu.br\/unidades\/bonfim\/2022\/10\/07\/publicado-edital-de-selecao-de-estagio-para-estudantes-do-curso-tecnico-subsequente-em-informatica\/\">Est\u00e1gio para estudantes do curso t\u00e9cnico subsequente em inform\u00e1tica<\/a><\/p>\n\n\n\n<hr class=\"wp-block-separator has-alpha-channel-opacity\" \/>\n\n\n\n<p class=\"has-small-font-size\"><a href=\"https:\/\/www.ifbaiano.edu.br\/unidades\/bonfim\/2022\/09\/19\/selecao-de-estagio-curricular-para-alunos-do-curso-tecnico-em-alimentos\/\" data-type=\"URL\" data-id=\"https:\/\/www.ifbaiano.edu.br\/unidades\/bonfim\/2022\/09\/19\/selecao-de-estagio-curricular-para-alunos-do-curso-tecnico-em-alimentos\/\">Est\u00e1gio curricular para alunos do curso t\u00e9cnico em alimentos<\/a><\/p>\n","protected":false},"excerpt":{"rendered":"<p>Est\u00e1gio curricular para estudantes do curso t\u00e9cnico integrado em agropecu\u00e1ria Est\u00e1gio para estudantes do curso t\u00e9cnico subsequente em inform\u00e1tica Est\u00e1gio curricular para alunos do curso t\u00e9cnico em alimentos<\/p>\n","protected":false},"author":158,"featured_media":0,"parent":0,"menu_order":0,"comment_status":"closed","ping_status":"closed","template":"","meta":[],"_links":{"self":[{"href":"https:\/\/www.ifbaiano.edu.br\/unidades\/bonfim\/wp-json\/wp\/v2\/pages\/20810"}],"collection":[{"href":"https:\/\/www.ifbaiano.edu.br\/unidades\/bonfim\/wp-json\/wp\/v2\/pages"}],"about":[{"href":"https:\/\/www.ifbaiano.edu.br\/unidades\/bonfim\/wp-json\/wp\/v2\/types\/page"}],"author":[{"embeddable":true,"href":"https:\/\/www.ifbaiano.edu.br\/unidades\/bonfim\/wp-json\/wp\/v2\/users\/158"}],"replies":[{"embeddable":true,"href":"https:\/\/www.ifbaiano.edu.br\/unidades\/bonfim\/wp-json\/wp\/v2\/comments?post=20810"}],"version-history":[{"count":1,"href":"https:\/\/www.ifbaiano.edu.br\/unidades\/bonfim\/wp-json\/wp\/v2\/pages\/20810\/revisions"}],"predecessor-version":[{"id":20811,"href":"https:\/\/www.ifbaiano.edu.br\/unidades\/bonfim\/wp-json\/wp\/v2\/pages\/20810\/revisions\/20811"}],"wp:attachment":[{"href":"https:\/\/www.ifbaiano.edu.br\/unidades\/bonfim\/wp-json\/wp\/v2\/media?parent=20810"}],"curies":[{"name":"wp","href":"https:\/\/api.w.org\/{rel}","templated":true}]}}