{"id":20838,"date":"2025-04-15T14:16:26","date_gmt":"2025-04-15T17:16:26","guid":{"rendered":"https:\/\/www.ifbaiano.edu.br\/unidades\/bonfim\/?page_id=20838"},"modified":"2025-06-11T07:27:16","modified_gmt":"2025-06-11T10:27:16","slug":"sra-secretaria-de-registros-academicos","status":"publish","type":"page","link":"https:\/\/www.ifbaiano.edu.br\/unidades\/bonfim\/sra-secretaria-de-registros-academicos\/","title":{"rendered":"SRA &#8211; Secretaria de Registros Acad\u00eamicos"},"content":{"rendered":"\n<strong><div id=\"TituloMenu\" class=\"dnone\"> o que \u00e9 a sra?<\/div> <\/strong><\/p><p>\n\n\n\n<p>A Secretaria de Registros Acad\u00eamicos (SRA) \u00e9 um setor vinculado \u00e0 Dire\u00e7\u00e3o Acad\u00eamica, respons\u00e1vel pelo registro, verifica\u00e7\u00e3o, controle, manuten\u00e7\u00e3o e arquivamento documentos que integram a vida acad\u00eamica dos discentes, desde o ingresso na institui\u00e7\u00e3o at\u00e9 a conclus\u00e3o do curso; receber protocolos acad\u00eamicos referentes \u00e0 solicita\u00e7\u00f5es discentes;&nbsp;tramitar as solicita\u00e7\u00f5es discentes: declara\u00e7\u00f5es, hist\u00f3rico escolar, diplomas e outros renova\u00e7\u00e3o de matr\u00edcula, trancamento de matr\u00edcula, mudan\u00e7a de turno,&nbsp;<em>aproveitamento de estudos,<\/em>&nbsp;exerc\u00edcio domiciliar, revis\u00e3o de avalia\u00e7\u00e3o, segunda chamada de avalia\u00e7\u00f5es, cola\u00e7\u00e3o de grau e demais documentos referentes \u00e0 quest\u00f5es acad\u00eamicas. Compete ainda \u00e0 SRA realizar atendimentos a servidores, discentes e \u00e0 comunidade externa fornecendo informa\u00e7\u00f5es e encaminhando solicita\u00e7\u00f5es.<\/p>\n\n\n\n<p>Toda solicita\u00e7\u00e3o dos alunos, deve ser feita mediamente requerimento especifico a ser preenchido e entregue na Secretaria de Registros Acad\u00eamicos, que o encaminhar\u00e1 aos setores competentes. Devem ser anexados ao requerimento documentos que comprovem e justifiquem, quando for o caso, os motivos da solicita\u00e7\u00e3o, respeitadas as datas e os prazos estabelecidos.<\/p>\n\n\n\n<p><strong>O ALUNO, POSTERIORMENTE, DEVER\u00c1 RETORNAR \u00c0 SECRETARIA DO CURSO PARA SABER SE O PEDIDO FOI ACEITO (DEFERIDO) OU N\u00c3O ACEITO (INDEFERIDO)<\/strong><\/p>\n\n\n\n<hr class=\"wp-block-separator has-alpha-channel-opacity\" \/>\n\n\n\n<p class=\"has-text-align-center has-small-font-size\">                                 <strong>PRAZOS PARA EMISS\u00c3O E SOLICITA\u00c7\u00c3O DE DOCUMENTOS NA SRA<\/strong><\/p>\n\n\n\n<figure class=\"wp-block-image size-large\"><a href=\"https:\/\/www.ifbaiano.edu.br\/unidades\/bonfim\/files\/2025\/04\/5418-prazos-sra.webp\"><img decoding=\"async\" loading=\"lazy\" width=\"1024\" height=\"323\" src=\"https:\/\/www.ifbaiano.edu.br\/unidades\/bonfim\/files\/2025\/04\/5418-prazos-sra-1024x323.webp\" alt=\"\" class=\"wp-image-20824\" srcset=\"https:\/\/www.ifbaiano.edu.br\/unidades\/bonfim\/files\/2025\/04\/5418-prazos-sra-1024x323.webp 1024w, https:\/\/www.ifbaiano.edu.br\/unidades\/bonfim\/files\/2025\/04\/5418-prazos-sra-300x95.webp 300w, https:\/\/www.ifbaiano.edu.br\/unidades\/bonfim\/files\/2025\/04\/5418-prazos-sra-768x242.webp 768w, https:\/\/www.ifbaiano.edu.br\/unidades\/bonfim\/files\/2025\/04\/5418-prazos-sra-100x32.webp 100w, https:\/\/www.ifbaiano.edu.br\/unidades\/bonfim\/files\/2025\/04\/5418-prazos-sra.webp 1040w\" sizes=\"(max-width: 1024px) 100vw, 1024px\" \/><\/a><\/figure>\n\n\n\n<div class=\"wp-block-columns is-layout-flex wp-container-3\">\n<div class=\"wp-block-column is-layout-flow\"><div class=\"wp-block-image\">\n<figure class=\"aligncenter size-full\"><a href=\"https:\/\/www.ifbaiano.edu.br\/unidades\/bonfim\/files\/2025\/01\/1983-cronograma-de-colacao-de-grau-atualizada.webp\"><img decoding=\"async\" loading=\"lazy\" width=\"638\" height=\"382\" src=\"https:\/\/www.ifbaiano.edu.br\/unidades\/bonfim\/files\/2025\/01\/1983-cronograma-de-colacao-de-grau-atualizada.webp\" alt=\"\" class=\"wp-image-20075\" srcset=\"https:\/\/www.ifbaiano.edu.br\/unidades\/bonfim\/files\/2025\/01\/1983-cronograma-de-colacao-de-grau-atualizada.webp 638w, https:\/\/www.ifbaiano.edu.br\/unidades\/bonfim\/files\/2025\/01\/1983-cronograma-de-colacao-de-grau-atualizada-300x180.webp 300w, https:\/\/www.ifbaiano.edu.br\/unidades\/bonfim\/files\/2025\/01\/1983-cronograma-de-colacao-de-grau-atualizada-100x60.webp 100w\" sizes=\"(max-width: 638px) 100vw, 638px\" \/><\/a><\/figure><\/div><\/div>\n\n\n\n<div class=\"wp-block-column is-layout-flow\"><div class=\"wp-block-image\">\n<figure class=\"aligncenter size-full is-resized\"><a href=\"https:\/\/www.ifbaiano.edu.br\/unidades\/bonfim\/files\/2025\/01\/5180-SOLICITACAO-DE-DIPLOMA-AVISO.webp\"><img decoding=\"async\" loading=\"lazy\" src=\"https:\/\/www.ifbaiano.edu.br\/unidades\/bonfim\/files\/2025\/01\/5180-SOLICITACAO-DE-DIPLOMA-AVISO.webp\" alt=\"\" class=\"wp-image-20244\" width=\"456\" height=\"277\" srcset=\"https:\/\/www.ifbaiano.edu.br\/unidades\/bonfim\/files\/2025\/01\/5180-SOLICITACAO-DE-DIPLOMA-AVISO.webp 582w, https:\/\/www.ifbaiano.edu.br\/unidades\/bonfim\/files\/2025\/01\/5180-SOLICITACAO-DE-DIPLOMA-AVISO-300x182.webp 300w, https:\/\/www.ifbaiano.edu.br\/unidades\/bonfim\/files\/2025\/01\/5180-SOLICITACAO-DE-DIPLOMA-AVISO-100x61.webp 100w\" sizes=\"(max-width: 456px) 100vw, 456px\" \/><\/a><\/figure><\/div><\/div>\n<\/div>\n\n\n\n<p><strong>Hor\u00e1rio de Funcionamento SRA<\/strong><br>Segunda a sexta-feira, das 8h \u00e0s 21h, excetos feriados.<\/p>\n\n\n\n<p><strong>COMO SE D\u00c1 O CONTATO DO DISCENTE COM A SRA?<\/strong><br>Presencialmente no setor do <em>Campus<\/em>.<br>Atrav\u00e9s do Telefone: <strong>(74) 9 9100-0424.<\/strong><br>Via e-mail institucional: <a href=\"mailto:secretaria.escolar@bonfim.ifbaiano.edu.br\">secretaria.escolar@bonfim.ifbaiano.edu.br<\/a>                                            <\/p>\n","protected":false},"excerpt":{"rendered":"<p>o que \u00e9 a sra? A Secretaria de Registros Acad\u00eamicos (SRA) \u00e9 um setor vinculado \u00e0 Dire\u00e7\u00e3o Acad\u00eamica, respons\u00e1vel pelo registro, verifica\u00e7\u00e3o, controle, manuten\u00e7\u00e3o e arquivamento documentos que integram a vida acad\u00eamica dos discentes, desde o ingresso na institui\u00e7\u00e3o at\u00e9 a conclus\u00e3o do curso; receber protocolos acad\u00eamicos referentes \u00e0 solicita\u00e7\u00f5es discentes;&nbsp;tramitar as solicita\u00e7\u00f5es discentes: declara\u00e7\u00f5es, [&hellip;]<\/p>\n","protected":false},"author":158,"featured_media":0,"parent":0,"menu_order":0,"comment_status":"closed","ping_status":"closed","template":"","meta":[],"_links":{"self":[{"href":"https:\/\/www.ifbaiano.edu.br\/unidades\/bonfim\/wp-json\/wp\/v2\/pages\/20838"}],"collection":[{"href":"https:\/\/www.ifbaiano.edu.br\/unidades\/bonfim\/wp-json\/wp\/v2\/pages"}],"about":[{"href":"https:\/\/www.ifbaiano.edu.br\/unidades\/bonfim\/wp-json\/wp\/v2\/types\/page"}],"author":[{"embeddable":true,"href":"https:\/\/www.ifbaiano.edu.br\/unidades\/bonfim\/wp-json\/wp\/v2\/users\/158"}],"replies":[{"embeddable":true,"href":"https:\/\/www.ifbaiano.edu.br\/unidades\/bonfim\/wp-json\/wp\/v2\/comments?post=20838"}],"version-history":[{"count":8,"href":"https:\/\/www.ifbaiano.edu.br\/unidades\/bonfim\/wp-json\/wp\/v2\/pages\/20838\/revisions"}],"predecessor-version":[{"id":21956,"href":"https:\/\/www.ifbaiano.edu.br\/unidades\/bonfim\/wp-json\/wp\/v2\/pages\/20838\/revisions\/21956"}],"wp:attachment":[{"href":"https:\/\/www.ifbaiano.edu.br\/unidades\/bonfim\/wp-json\/wp\/v2\/media?parent=20838"}],"curies":[{"name":"wp","href":"https:\/\/api.w.org\/{rel}","templated":true}]}}