{"id":20848,"date":"2025-04-15T14:43:40","date_gmt":"2025-04-15T17:43:40","guid":{"rendered":"https:\/\/www.ifbaiano.edu.br\/unidades\/bonfim\/?page_id=20848"},"modified":"2025-04-15T14:47:41","modified_gmt":"2025-04-15T17:47:41","slug":"politicas-e-regulamentos","status":"publish","type":"page","link":"https:\/\/www.ifbaiano.edu.br\/unidades\/bonfim\/politicas-e-regulamentos\/","title":{"rendered":"Pol\u00edticas e Regulamentos"},"content":{"rendered":"\n<hr class=\"wp-block-separator has-alpha-channel-opacity\" \/>\n\n\n\n<p><a href=\"https:\/\/www.ifbaiano.edu.br\/unidades\/bonfim\/files\/2025\/04\/Politica-da-diversidade-e-inclusao.pdf\" data-type=\"URL\" data-id=\"https:\/\/www.ifbaiano.edu.br\/unidades\/bonfim\/files\/2025\/04\/Politica-da-diversidade-e-inclusao.pdf\">Pol\u00edtica de Diversidade e Inclus\u00e3o<\/a><\/p>\n\n\n\n<p><a href=\"https:\/\/www.ifbaiano.edu.br\/unidades\/bonfim\/files\/2025\/04\/POLITICA_DE_QUALIDADE_DE_ENSINO.pdf\" data-type=\"URL\" data-id=\"https:\/\/www.ifbaiano.edu.br\/unidades\/bonfim\/files\/2025\/04\/POLITICA_DE_QUALIDADE_DE_ENSINO.pdf\">Pol\u00edtica de Qualidade de Ensino<\/a><\/p>\n\n\n\n<p><a href=\"https:\/\/www.ifbaiano.edu.br\/unidades\/bonfim\/files\/2025\/04\/Regulamento-de-monitoria-de-ensino.pdf\" data-type=\"URL\" data-id=\"https:\/\/www.ifbaiano.edu.br\/unidades\/bonfim\/files\/2025\/04\/Regulamento-de-monitoria-de-ensino.pdf\">Regulamento de Monitoria de Ensino<\/a><\/p>\n\n\n\n<p><a href=\"https:\/\/www.ifbaiano.edu.br\/unidades\/bonfim\/files\/2025\/04\/Regulamento-do-programa-de-tutoria-academica.pdf\" data-type=\"URL\" data-id=\"https:\/\/www.ifbaiano.edu.br\/unidades\/bonfim\/files\/2025\/04\/Regulamento-do-programa-de-tutoria-academica.pdf\">Regulamento do Programa de Tutoria Acad\u00eamica<\/a><\/p>\n\n\n\n<p><a href=\"https:\/\/www.ifbaiano.edu.br\/unidades\/bonfim\/files\/2025\/04\/REGULAMENTO_DE_ESTAGIO_CURRICULAR_DA_EPTNM.pdf\" data-type=\"URL\" data-id=\"https:\/\/www.ifbaiano.edu.br\/unidades\/bonfim\/files\/2025\/04\/REGULAMENTO_DE_ESTAGIO_CURRICULAR_DA_EPTNM.pdf\">Regulamento de Est\u00e1gio Curricular<\/a><\/p>\n","protected":false},"excerpt":{"rendered":"<p>Pol\u00edtica de Diversidade e Inclus\u00e3o Pol\u00edtica de Qualidade de Ensino Regulamento de Monitoria de Ensino Regulamento do Programa de Tutoria Acad\u00eamica Regulamento de Est\u00e1gio Curricular<\/p>\n","protected":false},"author":158,"featured_media":0,"parent":0,"menu_order":0,"comment_status":"closed","ping_status":"closed","template":"","meta":[],"_links":{"self":[{"href":"https:\/\/www.ifbaiano.edu.br\/unidades\/bonfim\/wp-json\/wp\/v2\/pages\/20848"}],"collection":[{"href":"https:\/\/www.ifbaiano.edu.br\/unidades\/bonfim\/wp-json\/wp\/v2\/pages"}],"about":[{"href":"https:\/\/www.ifbaiano.edu.br\/unidades\/bonfim\/wp-json\/wp\/v2\/types\/page"}],"author":[{"embeddable":true,"href":"https:\/\/www.ifbaiano.edu.br\/unidades\/bonfim\/wp-json\/wp\/v2\/users\/158"}],"replies":[{"embeddable":true,"href":"https:\/\/www.ifbaiano.edu.br\/unidades\/bonfim\/wp-json\/wp\/v2\/comments?post=20848"}],"version-history":[{"count":2,"href":"https:\/\/www.ifbaiano.edu.br\/unidades\/bonfim\/wp-json\/wp\/v2\/pages\/20848\/revisions"}],"predecessor-version":[{"id":20856,"href":"https:\/\/www.ifbaiano.edu.br\/unidades\/bonfim\/wp-json\/wp\/v2\/pages\/20848\/revisions\/20856"}],"wp:attachment":[{"href":"https:\/\/www.ifbaiano.edu.br\/unidades\/bonfim\/wp-json\/wp\/v2\/media?parent=20848"}],"curies":[{"name":"wp","href":"https:\/\/api.w.org\/{rel}","templated":true}]}}