{"id":20878,"date":"2025-04-16T07:52:17","date_gmt":"2025-04-16T10:52:17","guid":{"rendered":"https:\/\/www.ifbaiano.edu.br\/unidades\/bonfim\/?page_id=20878"},"modified":"2026-03-06T13:08:40","modified_gmt":"2026-03-06T16:08:40","slug":"apresentacao","status":"publish","type":"page","link":"https:\/\/www.ifbaiano.edu.br\/unidades\/bonfim\/apresentacao\/","title":{"rendered":"Apresenta\u00e7\u00e3o"},"content":{"rendered":"\n<p>A Biblioteca do Instituto Federal de Educa\u00e7\u00e3o, Ci\u00eancia e Tecnologia Baiano, localizada no Campus Senhor do Bonfim, desempenha um papel fundamental no apoio \u00e0s atividades de pesquisa, ensino e extens\u00e3o, proporcionando recursos e servi\u00e7os essenciais para a comunidade acad\u00eamica e o p\u00fablico externo. Assim, a Biblioteca tem por objetivo reunir, organizar e disseminar informa\u00e7\u00f5es para o usu\u00e1rio final.<\/p>\n\n\n\n<p>Acessando&nbsp;<a href=\"http:\/\/pergamum.ifbaiano.edu.br\/\">pergamum.ifbaiano.edu.br<\/a>, \u00e9 poss\u00edvel renovar empr\u00e9stimos, reservar exemplares e pesquisar todo o acervo.<\/p>\n\n\n\n<p><strong>EQUIPE<\/strong><\/p>\n\n\n\n<figure class=\"wp-block-table\"><table><tbody><tr><td><strong>Catiane Santos de Almeida Bittencourt<\/strong><br>Cargo: Bibliotec\u00e1rio \u2013 Documentalista<br>E-mail: catiane.bittencourt@ifbaiano.edu.br<\/td><td><strong>Rosevana de Jesus Brito<\/strong><br>Cargo: Auxiliar de Biblioteca<br>E-mail: rosevana.brito@ifbaiano.edu.br<\/td><\/tr><tr><td><strong>Glaucia Pinheiro Silva Santana<\/strong><br>Cargo: Auxiliar de Biblioteca<br>E-mail: glaucia.santana@ifbaiano.edu.br<\/td><td><strong>Ynaiara Sonsiaray Jambeiro Cruz e Souza<br><\/strong>Cargo: Auxiliar de Biblioteca<br>E-mail: ynaiara.souza@ifbaiano.edu.br<\/td><\/tr><tr><td><strong>Nery Rafhael Barbosa GalvaoSouza<br><\/strong>Cargo: Auxiliar de Biblioteca<br>E-mail: nery.galvao@ifbaiano.edu.br<\/td><td><\/td><\/tr><\/tbody><\/table><\/figure>\n\n\n\n<p><strong>HOR\u00c1RIO DE FUNCIONAMENTO<\/strong><\/p>\n\n\n\n<p>Segunda\u00a0as Sexta-feira\u00a0d\u00e1s 07:30 \u00e1s 21:00<br>S\u00e1bados d\u00e1s 07:00 \u00e1s 11:30<\/p>\n\n\n\n<p><strong>CONTATO<\/strong><\/p>\n\n\n\n<p><strong>Telefone<\/strong>: (74) 3542-4000<\/p>\n\n\n\n<p><strong>E-mail:<\/strong> biblioteca@bonfim.ifbaiano.edu.br<\/p>\n\n\n\n<p><strong>Instagram<\/strong>: @bibliotecaifabianosbf<\/p>\n\n\n\n<p><strong>Ramal<\/strong>: 4027<\/p>\n","protected":false},"excerpt":{"rendered":"<p>A Biblioteca do Instituto Federal de Educa\u00e7\u00e3o, Ci\u00eancia e Tecnologia Baiano, localizada no Campus Senhor do Bonfim, desempenha um papel fundamental no apoio \u00e0s atividades de pesquisa, ensino e extens\u00e3o, proporcionando recursos e servi\u00e7os essenciais para a comunidade acad\u00eamica e o p\u00fablico externo. Assim, a Biblioteca tem por objetivo reunir, organizar e disseminar informa\u00e7\u00f5es para [&hellip;]<\/p>\n","protected":false},"author":158,"featured_media":0,"parent":0,"menu_order":0,"comment_status":"closed","ping_status":"closed","template":"","meta":[],"_links":{"self":[{"href":"https:\/\/www.ifbaiano.edu.br\/unidades\/bonfim\/wp-json\/wp\/v2\/pages\/20878"}],"collection":[{"href":"https:\/\/www.ifbaiano.edu.br\/unidades\/bonfim\/wp-json\/wp\/v2\/pages"}],"about":[{"href":"https:\/\/www.ifbaiano.edu.br\/unidades\/bonfim\/wp-json\/wp\/v2\/types\/page"}],"author":[{"embeddable":true,"href":"https:\/\/www.ifbaiano.edu.br\/unidades\/bonfim\/wp-json\/wp\/v2\/users\/158"}],"replies":[{"embeddable":true,"href":"https:\/\/www.ifbaiano.edu.br\/unidades\/bonfim\/wp-json\/wp\/v2\/comments?post=20878"}],"version-history":[{"count":7,"href":"https:\/\/www.ifbaiano.edu.br\/unidades\/bonfim\/wp-json\/wp\/v2\/pages\/20878\/revisions"}],"predecessor-version":[{"id":23549,"href":"https:\/\/www.ifbaiano.edu.br\/unidades\/bonfim\/wp-json\/wp\/v2\/pages\/20878\/revisions\/23549"}],"wp:attachment":[{"href":"https:\/\/www.ifbaiano.edu.br\/unidades\/bonfim\/wp-json\/wp\/v2\/media?parent=20878"}],"curies":[{"name":"wp","href":"https:\/\/api.w.org\/{rel}","templated":true}]}}