{"id":20923,"date":"2025-04-16T10:01:09","date_gmt":"2025-04-16T13:01:09","guid":{"rendered":"https:\/\/www.ifbaiano.edu.br\/unidades\/bonfim\/?page_id=20923"},"modified":"2025-04-16T10:01:09","modified_gmt":"2025-04-16T13:01:09","slug":"programa-de-gestao-teletrabalho-2023","status":"publish","type":"page","link":"https:\/\/www.ifbaiano.edu.br\/unidades\/bonfim\/programa-de-gestao-teletrabalho-2023\/","title":{"rendered":"Programa de Gest\u00e3o \u2013 TELETRABALHO 2023"},"content":{"rendered":"\n<p>O DIRETOR-GERAL DO INSTITUTO FEDERAL DE EDUCA\u00c7\u00c3O, CI\u00caNCIA E TECNOLOGIA BAIANO- CAMPUS SENHOR DO BONFIM, no uso de suas atribui\u00e7\u00f5es legais delegadas pela Portaria n\u00ba. 283, de 18\/03\/2022, publicada no D.O.U de 21\/03\/2022, Se\u00e7\u00e3o 2, p\u00e1gina 26, e de acordo com as disposi\u00e7\u00f5es contidas na Lei n\u00ba 11.892, de 29\/12\/2018, e na Lei n\u00ba 8.112\/1990, e, tendo em vista a Resolu\u00e7\u00e3o CONSUP 182\/2022 &#8211; OS-CONSUP\/IF BAIANO, de 1 de fevereiro de 2022, que aprova o Programa de Gest\u00e3o do Teletrabalho no \u00e2mbito do IF Baiano, e conforme disposi\u00e7\u00f5es contidas na Portaria 02\/2022\/RET-SCS\/RETGA, de 18 de fevereiro de 2022 e Nota T\u00e9cnica SEI 32923\/2021\/ME, torna p\u00fablica a abertura do EDITAL DE INSCRI\u00c7\u00c3O DE SERVIDORES PARA ADES\u00c3O AO PROGRAMA DE GEST\u00c3O DO TELETRABALHOPARCIAL NO IF BAIANO CAMPUS SR. DO BONFIM.<\/p>\n\n\n\n<hr class=\"wp-block-separator has-alpha-channel-opacity\" \/>\n\n\n\n<p class=\"has-small-font-size\">Editais e Documentos<\/p>\n\n\n\n<ul>\n<li><a href=\"https:\/\/www.ifbaiano.edu.br\/unidades\/bonfim\/files\/2023\/10\/Homologacao-do-Resultado-final-Teletrabalho-chamada-publica-no-02.2023.pdf\">Homologa\u00e7\u00e3o do Resultado final \u2013 Teletrabalho \u2013 chamada p\u00fablica n\u00ba 02.2023<\/a><\/li>\n\n\n\n<li><a href=\"https:\/\/www.ifbaiano.edu.br\/unidades\/bonfim\/files\/2023\/10\/Chamada-publica-02-resultado-preliminar-classificacao-teletrabalho.pdf\">Chamada p\u00fablica 02- resultado preliminar classifica\u00e7\u00e3o teletrabalho<\/a><\/li>\n\n\n\n<li><a href=\"https:\/\/www.ifbaiano.edu.br\/unidades\/bonfim\/files\/2023\/10\/RESULTADO-PRELIMINAR-DAS-INSCRICOES-DA-CHAMADA-PUBLICA-No-022023SBF-GAB-IFBAIANO-TELETRABALHO-.pdf\">Resultado preliminar \u2013 chamada p\u00fablica n\u202202-2023<\/a><\/li>\n\n\n\n<li><a href=\"https:\/\/www.ifbaiano.edu.br\/unidades\/bonfim\/files\/2023\/09\/CHAMADA-PUBLICA-No-02_2023_SBF-GAB-IFBAIANO-DE-28-DE-SETEMBRO-DE-2023-Teletrabalho.pdf\">CHAMADA P\u00daBLICA N\u00ba 02_2023_SBF-GAB-IFBAIANO, DE 28 DE SETEMBRO DE 2023 \u2013 Teletrabalho<\/a><\/li>\n\n\n\n<li><a href=\"https:\/\/www.ifbaiano.edu.br\/unidades\/bonfim\/files\/2023\/05\/Resultado-final-da-inscricoes-chamada-publica-n-01-2023.pdf\">Resultado final da inscri\u00e7\u00f5es \u2013 chamada p\u00fablica n 01-2023<\/a><\/li>\n\n\n\n<li><a href=\"https:\/\/www.ifbaiano.edu.br\/unidades\/bonfim\/files\/2023\/05\/RESULTADO-PRELIMINAR-DAS-INSCRICOES-CHAMADA-PUBLICA-PARA-O-TELETRABALHO-No-012023.pdf\">Resultado preliminar da inscri\u00e7\u00f5es \u2013 chamada p\u00fablica n 01-2023<\/a><\/li>\n\n\n\n<li><a href=\"https:\/\/www.ifbaiano.edu.br\/unidades\/bonfim\/files\/2023\/05\/CHAMADA-PUBLICA-No-01_2023_SBF-GAB-IFBAIANO-DE-04-DE-MAIO-DE-2023.pdf\">Chamada p\u00fablica n\u00ba 01_2023_SBF-GAB-IFBAIANO, de 04 de maio de 2023<\/a><\/li>\n\n\n\n<li><a href=\"https:\/\/www.ifbaiano.edu.br\/unidades\/bonfim\/files\/2023\/05\/Homologacao-do-Edital-no-19_2023-Adesao-ao-Programa-de-Gestao-Teletrabalho-Regime-Parcial-Fluxo-Continuo.pdf\">Homolaga\u00e7\u00e3o do Edital n\u00ba 19\/2023 \u2013 Ades\u00e3o ao Programa de Gest\u00e3o Teletrabalho \u2013 Regime Parcial (Fluxo Cont\u00ednuo)<\/a><\/li>\n\n\n\n<li><a href=\"https:\/\/www.ifbaiano.edu.br\/unidades\/bonfim\/files\/2023\/04\/EDITAL-No-19-DE-28-ABRIL-DE-2023-EDITAL-DE-INSCRICAO-PARA-ADESAO-AO-PROGRAMA-DE-GESTAO-DO-TELETRABALHO-%E2%80%93-FLUXO-CONTINUO-REGIME-DE-EXECUCAO-PARCIAL.pdf\">Edital n\u00ba 19\/2023 \u2013 Ades\u00e3o ao Programa de Gest\u00e3o Teletrabalho \u2013 Regime Parcial (Fluxo Cont\u00ednuo<\/a>)<\/li>\n\n\n\n<li><a href=\"https:\/\/www.ifbaiano.edu.br\/unidades\/bonfim\/files\/2022\/07\/LISTA-DE-HOMOLOGACAO-DO-TELETRABALHO.pdf\">Resultado preliminar das inscri\u00e7\u00f5es<\/a><\/li>\n\n\n\n<li><a href=\"https:\/\/www.ifbaiano.edu.br\/unidades\/bonfim\/files\/2023\/02\/Edital-09-de-17-fevereiro-de-2023-TELETRABALHO.pdf\">Edital n\u00ba 09\/2023 \u2013 Ades\u00e3o ao Programa de Gest\u00e3o Teletrabalho \u2013 Regime Integral (Fluxo Cont\u00ednuo<\/a>)<\/li>\n<\/ul>\n","protected":false},"excerpt":{"rendered":"<p>O DIRETOR-GERAL DO INSTITUTO FEDERAL DE EDUCA\u00c7\u00c3O, CI\u00caNCIA E TECNOLOGIA BAIANO- CAMPUS SENHOR DO BONFIM, no uso de suas atribui\u00e7\u00f5es legais delegadas pela Portaria n\u00ba. 283, de 18\/03\/2022, publicada no D.O.U de 21\/03\/2022, Se\u00e7\u00e3o 2, p\u00e1gina 26, e de acordo com as disposi\u00e7\u00f5es contidas na Lei n\u00ba 11.892, de 29\/12\/2018, e na Lei n\u00ba 8.112\/1990, [&hellip;]<\/p>\n","protected":false},"author":158,"featured_media":0,"parent":0,"menu_order":0,"comment_status":"closed","ping_status":"closed","template":"","meta":[],"_links":{"self":[{"href":"https:\/\/www.ifbaiano.edu.br\/unidades\/bonfim\/wp-json\/wp\/v2\/pages\/20923"}],"collection":[{"href":"https:\/\/www.ifbaiano.edu.br\/unidades\/bonfim\/wp-json\/wp\/v2\/pages"}],"about":[{"href":"https:\/\/www.ifbaiano.edu.br\/unidades\/bonfim\/wp-json\/wp\/v2\/types\/page"}],"author":[{"embeddable":true,"href":"https:\/\/www.ifbaiano.edu.br\/unidades\/bonfim\/wp-json\/wp\/v2\/users\/158"}],"replies":[{"embeddable":true,"href":"https:\/\/www.ifbaiano.edu.br\/unidades\/bonfim\/wp-json\/wp\/v2\/comments?post=20923"}],"version-history":[{"count":1,"href":"https:\/\/www.ifbaiano.edu.br\/unidades\/bonfim\/wp-json\/wp\/v2\/pages\/20923\/revisions"}],"predecessor-version":[{"id":20924,"href":"https:\/\/www.ifbaiano.edu.br\/unidades\/bonfim\/wp-json\/wp\/v2\/pages\/20923\/revisions\/20924"}],"wp:attachment":[{"href":"https:\/\/www.ifbaiano.edu.br\/unidades\/bonfim\/wp-json\/wp\/v2\/media?parent=20923"}],"curies":[{"name":"wp","href":"https:\/\/api.w.org\/{rel}","templated":true}]}}