{"id":20925,"date":"2025-04-16T10:02:43","date_gmt":"2025-04-16T13:02:43","guid":{"rendered":"https:\/\/www.ifbaiano.edu.br\/unidades\/bonfim\/?page_id=20925"},"modified":"2025-04-16T10:02:46","modified_gmt":"2025-04-16T13:02:46","slug":"programa-de-gestao-teletrabalho-2024","status":"publish","type":"page","link":"https:\/\/www.ifbaiano.edu.br\/unidades\/bonfim\/programa-de-gestao-teletrabalho-2024\/","title":{"rendered":"Programa de Gest\u00e3o \u2013 TELETRABALHO 2024"},"content":{"rendered":"\n<p>O DIRETOR-GERAL DO INSTITUTO FEDERAL DE EDUCA\u00c7\u00c3O, CI\u00caNCIA E TECNOLOGIA BAIANO- CAMPUS SENHOR DO BONFIM, no uso de suas atribui\u00e7\u00f5es legais delegadas pela Portaria n\u00ba. 283, de 18\/03\/2022, publicada no D.O.U de 21\/03\/2022, Se\u00e7\u00e3o 2, p\u00e1gina 26, e de acordo com as disposi\u00e7\u00f5es contidas na Lei n\u00ba 11.892, de 29\/12\/2018, e na Lei n\u00ba 8.112\/1990, e, tendo em vista a Resolu\u00e7\u00e3o CONSUP 182\/2022 &#8211; OS-CONSUP\/IF BAIANO, de 1 de fevereiro de 2022, que aprova o Programa de Gest\u00e3o do Teletrabalho no \u00e2mbito do IF Baiano, e conforme disposi\u00e7\u00f5es contidas na Portaria 02\/2022\/RET-SCS\/RETGA, de 18 de fevereiro de 2022 e Nota T\u00e9cnica SEI 32923\/2021\/ME, torna p\u00fablica a abertura do EDITAL DE INSCRI\u00c7\u00c3O DE SERVIDORES PARA ADES\u00c3O AO PROGRAMA DE GEST\u00c3O DO TELETRABALHOPARCIAL NO IF BAIANO CAMPUS SR. DO BONFIM<\/p>\n\n\n\n<hr class=\"wp-block-separator has-alpha-channel-opacity\" \/>\n\n\n\n<p class=\"has-small-font-size\">Editais e Documentos<\/p>\n\n\n\n<ul>\n<li><a href=\"https:\/\/www.ifbaiano.edu.br\/unidades\/bonfim\/files\/2024\/08\/PORTARIA-87_2024-de-13-de-agosto-de-2024-Homologacao-Teletrabalho-Integral.pdf\">PORTARIA 87_2024 , de 13 de agosto de 2024 -Homologa\u00e7\u00e3o Teletrabalho Integral<\/a><\/li>\n\n\n\n<li><a href=\"https:\/\/www.ifbaiano.edu.br\/unidades\/bonfim\/files\/2024\/08\/PORTARIA-86_2024-de-13-de-agosto-de-2024-Homologacao-Teletrabalho-Parcial.pdf\">PORTARIA 86_2024 , de 13 de agosto de 2024 -Homologa\u00e7\u00e3o Teletrabalho Parcial<\/a><\/li>\n\n\n\n<li><a href=\"https:\/\/www.ifbaiano.edu.br\/unidades\/bonfim\/files\/2024\/08\/HOMOLOGACAO-DO-RESULTADO-FINAL-Teletrabalho-Integral.pdf\">HOMOLOGA\u00c7\u00c3O DO RESULTADO FINAL \u2013 Teletrabalho Integral<\/a><\/li>\n\n\n\n<li><a href=\"https:\/\/www.ifbaiano.edu.br\/unidades\/bonfim\/files\/2024\/08\/HOMOLOGACAO-DO-RESULTADO-FINAL-Teletrabalho-Parcial.pdf\">HOMOLOGA\u00c7\u00c3O DO RESULTADO FINAL \u2013 Teletrabalho Parcial<\/a><\/li>\n\n\n\n<li><a href=\"https:\/\/www.ifbaiano.edu.br\/unidades\/bonfim\/files\/2024\/08\/RESULTADO-PRELIMINAR-DA-CLASSIFICACAO-DOS-CANDIDATOS-Teletrabalho-Integral.pdf\">RESULTADO PRELIMINAR DA CLASSIFICA\u00c7\u00c3O DOS CANDIDATOS \u2013 Teletrabalho Integral<\/a><\/li>\n\n\n\n<li><a href=\"https:\/\/www.ifbaiano.edu.br\/unidades\/bonfim\/files\/2024\/08\/RESULTADO-PRELIMINAR-DA-CLASSIFICACAO-DOS-CANDIDATOS-Teletrabalho-Parcial.pdf\">RESULTADO PRELIMINAR DA CLASSIFICA\u00c7\u00c3O DOS CANDIDATOS \u2013 Teletrabalho Parcial<\/a><\/li>\n\n\n\n<li><a href=\"https:\/\/www.ifbaiano.edu.br\/unidades\/bonfim\/files\/2024\/08\/Resultado-Preliminar-das-Inscricoes-TELETRABALHO-INTEGRAL.pdf\">Resultado Preliminar das Inscri\u00e7\u00f5es \u2013 TELETRABALHO \u2013 INTEGRAL<\/a><\/li>\n\n\n\n<li><a href=\"https:\/\/www.ifbaiano.edu.br\/unidades\/bonfim\/files\/2024\/08\/Resultado-Preliminar-das-Inscricoes-TELETRABALHO-PARCIAL.pdf\">Resultado Preliminar das Inscri\u00e7\u00f5es \u2013 TELETRABALHO \u2013 PARCIAL<\/a><\/li>\n\n\n\n<li><a href=\"https:\/\/www.ifbaiano.edu.br\/unidades\/bonfim\/files\/2024\/07\/RETIFICACAO-DA-CHAMADA-PUBLICA-No-01-TELETRABALHO-INTEGRAL.pdf\">RETIFICA\u00c7\u00c3O DA CHAMADA P\u00daBLICA N\u00ba 01 \u2013 TELETRABALHO INTEGRAL<\/a><\/li>\n\n\n\n<li><a href=\"https:\/\/www.ifbaiano.edu.br\/unidades\/bonfim\/files\/2024\/07\/RETIFICACAO-DA-CHAMADA-PUBLICA-No-03-TELETRABALHO-PARCIAL.pdf\">RETIFICA\u00c7\u00c3O DA CHAMADA P\u00daBLICA N\u00ba 03 \u2013 TELETRABALHO PARCIAL<\/a><\/li>\n\n\n\n<li><a href=\"https:\/\/www.ifbaiano.edu.br\/unidades\/bonfim\/files\/2024\/07\/CHAMADA-PUBLICA-No-01-TELETRABALHO-%E2%80%93-FLUXO-CONTINUO-REGIME-DE-EXECUCAO-INTEGRAL.pdf\">CHAMADA P\u00daBLICA N\u00ba 01 -TELETRABALHO \u2013 FLUXO CONT\u00cdNUO (REGIME DE EXECU\u00c7\u00c3O INTEGRAL)<\/a><\/li>\n\n\n\n<li><a href=\"https:\/\/www.ifbaiano.edu.br\/unidades\/bonfim\/files\/2024\/07\/CHAMADA-PUBLICA-No-03-TELETRABALHO-FLUXO-CONTINUO-REGIME-DE-EXECUCAO-PARCIAL.pdf\">CHAMADA P\u00daBLICA N\u00ba 03 \u2013 TELETRABALHO- FLUXO CONT\u00cdNUO (REGIME DE EXECU\u00c7\u00c3O PARCIAL)<\/a><\/li>\n<\/ul>\n","protected":false},"excerpt":{"rendered":"<p>O DIRETOR-GERAL DO INSTITUTO FEDERAL DE EDUCA\u00c7\u00c3O, CI\u00caNCIA E TECNOLOGIA BAIANO- CAMPUS SENHOR DO BONFIM, no uso de suas atribui\u00e7\u00f5es legais delegadas pela Portaria n\u00ba. 283, de 18\/03\/2022, publicada no D.O.U de 21\/03\/2022, Se\u00e7\u00e3o 2, p\u00e1gina 26, e de acordo com as disposi\u00e7\u00f5es contidas na Lei n\u00ba 11.892, de 29\/12\/2018, e na Lei n\u00ba 8.112\/1990, [&hellip;]<\/p>\n","protected":false},"author":158,"featured_media":0,"parent":0,"menu_order":0,"comment_status":"closed","ping_status":"closed","template":"","meta":[],"_links":{"self":[{"href":"https:\/\/www.ifbaiano.edu.br\/unidades\/bonfim\/wp-json\/wp\/v2\/pages\/20925"}],"collection":[{"href":"https:\/\/www.ifbaiano.edu.br\/unidades\/bonfim\/wp-json\/wp\/v2\/pages"}],"about":[{"href":"https:\/\/www.ifbaiano.edu.br\/unidades\/bonfim\/wp-json\/wp\/v2\/types\/page"}],"author":[{"embeddable":true,"href":"https:\/\/www.ifbaiano.edu.br\/unidades\/bonfim\/wp-json\/wp\/v2\/users\/158"}],"replies":[{"embeddable":true,"href":"https:\/\/www.ifbaiano.edu.br\/unidades\/bonfim\/wp-json\/wp\/v2\/comments?post=20925"}],"version-history":[{"count":1,"href":"https:\/\/www.ifbaiano.edu.br\/unidades\/bonfim\/wp-json\/wp\/v2\/pages\/20925\/revisions"}],"predecessor-version":[{"id":20926,"href":"https:\/\/www.ifbaiano.edu.br\/unidades\/bonfim\/wp-json\/wp\/v2\/pages\/20925\/revisions\/20926"}],"wp:attachment":[{"href":"https:\/\/www.ifbaiano.edu.br\/unidades\/bonfim\/wp-json\/wp\/v2\/media?parent=20925"}],"curies":[{"name":"wp","href":"https:\/\/api.w.org\/{rel}","templated":true}]}}