{"id":20944,"date":"2025-04-16T13:52:43","date_gmt":"2025-04-16T16:52:43","guid":{"rendered":"https:\/\/www.ifbaiano.edu.br\/unidades\/bonfim\/?page_id=20944"},"modified":"2025-04-16T14:31:57","modified_gmt":"2025-04-16T17:31:57","slug":"contatos-2","status":"publish","type":"page","link":"https:\/\/www.ifbaiano.edu.br\/unidades\/bonfim\/contatos-2\/","title":{"rendered":"Contatos"},"content":{"rendered":"\n<p><strong>PROSEL<br><\/strong>Whatsapp: \u00a0(71) 9 9205-0114<\/p>\n\n\n\n<hr class=\"wp-block-separator has-alpha-channel-opacity\" \/>\n\n\n\n<p><strong>Biblioteca<br><\/strong>Telefone: \u00a0(74) 9 7603-0811 Ramal: 4027<br>E-mail: biblioteca@bonfim.ifbaiano.edu.br<\/p>\n\n\n\n<hr class=\"wp-block-separator has-alpha-channel-opacity\" \/>\n\n\n\n<p><strong>CAE \u2013 Coordena\u00e7\u00e3o de Assist\u00eancia Estudantil<br><\/strong>Telefone:  (74) 9 7603-0811 Ramal: 4019<br>E-mail: cae@bonfim.ifbaiano.edu.br<\/p>\n\n\n\n<hr class=\"wp-block-separator has-alpha-channel-opacity\" \/>\n\n\n\n<p><strong>CFC \u2013 Coordena\u00e7\u00e3o Financeira e Cont\u00e1bil<br><\/strong>Telefone: (74) 9 7603-0811 Ramal: 4008<br>E-mail: <\/p>\n\n\n\n<hr class=\"wp-block-separator has-alpha-channel-opacity\" \/>\n\n\n\n<p><strong>CSL \u2013 Coord. de Suprimentos e Log\u00edstica<br><\/strong>Telefone: (74) 9 7603-0811 Ramal: 4007<br>E-mail: csl@bonfim.ifbaiano.edu.br<\/p>\n\n\n\n<hr class=\"wp-block-separator has-alpha-channel-opacity\" \/>\n\n\n\n<p><strong>CUEC \u2013 Coordena\u00e7\u00e3o de Unidade Educativa de Campo<br><\/strong>Telefone: (74) 9 7603-0811 Ramal: 4002<br>E-mail: <\/p>\n\n\n\n<hr class=\"wp-block-separator has-alpha-channel-opacity\" \/>\n\n\n\n<p><strong>DAC\u00a0 \u2013 Diretoria Acad\u00eamica<\/strong><br>Telefone: (74) 9 9100-0297 Ramal: 4102<br>E-mail:\u00a0dac@bonfim.ifbaiano.edu.br<\/p>\n\n\n\n<hr class=\"wp-block-separator has-alpha-channel-opacity\" \/>\n\n\n\n<p><strong>DAD\u00a0 \u2013 Diretoria Administrativa<\/strong><br>Telefone: (74) 9 7603-0811 Ramal: 4005<br>E-mail:<\/p>\n\n\n\n<hr class=\"wp-block-separator has-alpha-channel-opacity\" \/>\n\n\n\n<p><strong>DG \u2013 Dire\u00e7\u00e3o Geral<br><\/strong>Telefone:  (74) 9 7603-0811 Ramal: 4004<br>E-mail: gabinete@bonfim.ifbaiano.edu.br<\/p>\n\n\n\n<hr class=\"wp-block-separator has-alpha-channel-opacity\" \/>\n\n\n\n<p><strong>GABINETE<\/strong>\u00a0<strong>DA DIRE\u00c7\u00c3O GERAL<\/strong><br>Telefone:  (74) 9 7603-0811 Ramal: 4004<br>E-mail: gabinete@bonfim.ifbaiano.edu.br<\/p>\n\n\n\n<hr class=\"wp-block-separator has-alpha-channel-opacity\" \/>\n\n\n\n<p><strong>NAGP \u2013 N\u00facleo de Apoio \u00e0 Gest\u00e3o de Pessoas<br><\/strong>Telefone:  (74) 9 7603-0811 Ramal: 4002<br>E-mail: nagp@bonfim.ifbaiano.edu.br<\/p>\n\n\n\n<hr class=\"wp-block-separator has-alpha-channel-opacity\" \/>\n\n\n\n<p><strong>NAPNE \u2013 N\u00facleo de Atendimento \u00e0s Pessoas com Necessidades Espec\u00edficas<br><\/strong>Telefone:  (74) 9 7603-0811 Ramal: <br>E-mail:\u00a0napne@bonfim.ifbaiano.edu.br<\/p>\n\n\n\n<hr class=\"wp-block-separator has-alpha-channel-opacity\" \/>\n\n\n\n<p><strong>NGTI \u2013 N\u00facleo de Gest\u00e3o de Tecnologia da Informa\u00e7\u00e3o<\/strong><br>Telefone: (74) 9 7603-0811 Ramal: 4009<br>E-mail: ngti@bonfim.ifbaiano.edu.br<\/p>\n\n\n\n<hr class=\"wp-block-separator has-alpha-channel-opacity\" \/>\n\n\n\n<p><strong>NEOF \u2013 N\u00facleo de Execu\u00e7\u00e3o Or\u00e7ament\u00e1ria e Financeira<br><\/strong>Telefone: (74) 9 7603-0811 Ramal: <br>E-mail: <\/p>\n\n\n\n<hr class=\"wp-block-separator has-alpha-channel-opacity\" \/>\n\n\n\n<p><strong>NUAP \u2013 N\u00facleo de Apoio ao Processo de Ensino-Aprendizagem, Perman\u00eancia e \u00caxito<\/strong><br>E-mail: <\/p>\n\n\n\n<hr class=\"wp-block-separator has-alpha-channel-opacity\" \/>\n\n\n\n<p><strong>NULIC \u2013 N\u00facleo de Licita\u00e7\u00f5es<br><\/strong>Telefone: (74) 9 7603-0811  Ramal: <br>E-mail: <\/p>\n\n\n\n<hr class=\"wp-block-separator has-alpha-channel-opacity\" \/>\n\n\n\n<p><strong>NUCOM \u2013 N\u00facleo de Compras<\/strong><br>Telefone: (74) 9 7603-0811 Ramal: <br>E-mail: <\/p>\n\n\n\n<hr class=\"wp-block-separator has-alpha-channel-opacity\" \/>\n\n\n\n<p><strong>NUCON \u2013 N\u00facleo de Contratos<\/strong><br>Telefone: (74) 9 7603-0811 Ramal: <br>E-mail: <\/p>\n\n\n\n<hr class=\"wp-block-separator has-alpha-channel-opacity\" \/>\n\n\n\n<p><strong>ST \u2013 Setor de Transportes<\/strong><\/p>\n\n\n\n<p>Telefone: (74) 9 7603-0811 Ramal: <br>E-mail: <\/p>\n\n\n\n<hr class=\"wp-block-separator has-alpha-channel-opacity\" \/>\n\n\n\n<p><strong>SRA- Secretaria de Registros Acad\u00eamicos<br><\/strong>Telefone: (74) 9 9100-0424 Ramal: 4021<br>E-mail: secretaria.academica@bonfim.ifbaiano.edu.br<\/p>\n","protected":false},"excerpt":{"rendered":"<p>PROSELWhatsapp: \u00a0(71) 9 9205-0114 BibliotecaTelefone: \u00a0(74) 9 7603-0811 Ramal: 4027E-mail: biblioteca@bonfim.ifbaiano.edu.br CAE \u2013 Coordena\u00e7\u00e3o de Assist\u00eancia EstudantilTelefone: (74) 9 7603-0811 Ramal: 4019E-mail: cae@bonfim.ifbaiano.edu.br CFC \u2013 Coordena\u00e7\u00e3o Financeira e Cont\u00e1bilTelefone: (74) 9 7603-0811 Ramal: 4008E-mail: CSL \u2013 Coord. de Suprimentos e Log\u00edsticaTelefone: (74) 9 7603-0811 Ramal: 4007E-mail: csl@bonfim.ifbaiano.edu.br CUEC \u2013 Coordena\u00e7\u00e3o de Unidade Educativa de CampoTelefone: [&hellip;]<\/p>\n","protected":false},"author":158,"featured_media":0,"parent":0,"menu_order":0,"comment_status":"closed","ping_status":"closed","template":"","meta":[],"_links":{"self":[{"href":"https:\/\/www.ifbaiano.edu.br\/unidades\/bonfim\/wp-json\/wp\/v2\/pages\/20944"}],"collection":[{"href":"https:\/\/www.ifbaiano.edu.br\/unidades\/bonfim\/wp-json\/wp\/v2\/pages"}],"about":[{"href":"https:\/\/www.ifbaiano.edu.br\/unidades\/bonfim\/wp-json\/wp\/v2\/types\/page"}],"author":[{"embeddable":true,"href":"https:\/\/www.ifbaiano.edu.br\/unidades\/bonfim\/wp-json\/wp\/v2\/users\/158"}],"replies":[{"embeddable":true,"href":"https:\/\/www.ifbaiano.edu.br\/unidades\/bonfim\/wp-json\/wp\/v2\/comments?post=20944"}],"version-history":[{"count":3,"href":"https:\/\/www.ifbaiano.edu.br\/unidades\/bonfim\/wp-json\/wp\/v2\/pages\/20944\/revisions"}],"predecessor-version":[{"id":20951,"href":"https:\/\/www.ifbaiano.edu.br\/unidades\/bonfim\/wp-json\/wp\/v2\/pages\/20944\/revisions\/20951"}],"wp:attachment":[{"href":"https:\/\/www.ifbaiano.edu.br\/unidades\/bonfim\/wp-json\/wp\/v2\/media?parent=20944"}],"curies":[{"name":"wp","href":"https:\/\/api.w.org\/{rel}","templated":true}]}}