{"id":20968,"date":"2025-04-16T14:46:21","date_gmt":"2025-04-16T17:46:21","guid":{"rendered":"https:\/\/www.ifbaiano.edu.br\/unidades\/bonfim\/?page_id=20968"},"modified":"2025-04-16T14:47:05","modified_gmt":"2025-04-16T17:47:05","slug":"contratos-2","status":"publish","type":"page","link":"https:\/\/www.ifbaiano.edu.br\/unidades\/bonfim\/contratos-2\/","title":{"rendered":"Contratos"},"content":{"rendered":"\n<p>Trata-se da publica\u00e7\u00e3o dos instrumentos de contratos e respectivas altera\u00e7\u00f5es que foram pactuadas pelo Instituto Federal Baiano \u2013 Campus Itapetinga e empresas p\u00fablicas ou privadas, com fundamento na Lei 8.666\/93, Lei 10.520\/02 e Lei 12.462\/11.<\/p>\n\n\n\n<ol>\n<li>Acesse o\u00a0<strong><a href=\"https:\/\/contratos.comprasnet.gov.br\/transparencia\/contratos?orgao=%5B%2226404%22%5D&amp;unidade=158435\" data-type=\"URL\" data-id=\"https:\/\/contratos.comprasnet.gov.br\/transparencia\/contratos?orgao=%5B%2226404%22%5D&amp;unidade=158435\" target=\"_blank\" rel=\"noreferrer noopener\">Consulta Contratos do <\/a><a rel=\"noreferrer noopener\" href=\"https:\/\/contratos.comprasnet.gov.br\/transparencia\/contratos?orgao=%5B%2226404%22%5D&amp;unidade=158435\" data-type=\"URL\" data-id=\"https:\/\/contratos.comprasnet.gov.br\/transparencia\/contratos?orgao=%5B%2226404%22%5D&amp;unidade=158435\" target=\"_blank\">Comprasnet<\/a><\/strong>.<\/li>\n\n\n\n<li>Clique na imagem do olho na coluna a\u00e7\u00f5es a direita, conforme imagem exemplo:<\/li>\n<\/ol>\n\n\n\n<figure class=\"wp-block-image\"><a href=\"https:\/\/www.ifbaiano.edu.br\/unidades\/itapetinga\/files\/2024\/04\/image-1.png\"><img decoding=\"async\" src=\"https:\/\/www.ifbaiano.edu.br\/unidades\/itapetinga\/files\/2024\/04\/image-1.png\" alt=\"\" class=\"wp-image-42095\" \/><\/a><\/figure>\n\n\n\n<p>3.Visualize as informa\u00e7\u00f5es do contrato e verifique os documentos que integram como anexo.<\/p>\n","protected":false},"excerpt":{"rendered":"<p>Trata-se da publica\u00e7\u00e3o dos instrumentos de contratos e respectivas altera\u00e7\u00f5es que foram pactuadas pelo Instituto Federal Baiano \u2013 Campus Itapetinga e empresas p\u00fablicas ou privadas, com fundamento na Lei 8.666\/93, Lei 10.520\/02 e Lei 12.462\/11. 3.Visualize as informa\u00e7\u00f5es do contrato e verifique os documentos que integram como anexo.<\/p>\n","protected":false},"author":158,"featured_media":0,"parent":0,"menu_order":0,"comment_status":"closed","ping_status":"closed","template":"","meta":[],"_links":{"self":[{"href":"https:\/\/www.ifbaiano.edu.br\/unidades\/bonfim\/wp-json\/wp\/v2\/pages\/20968"}],"collection":[{"href":"https:\/\/www.ifbaiano.edu.br\/unidades\/bonfim\/wp-json\/wp\/v2\/pages"}],"about":[{"href":"https:\/\/www.ifbaiano.edu.br\/unidades\/bonfim\/wp-json\/wp\/v2\/types\/page"}],"author":[{"embeddable":true,"href":"https:\/\/www.ifbaiano.edu.br\/unidades\/bonfim\/wp-json\/wp\/v2\/users\/158"}],"replies":[{"embeddable":true,"href":"https:\/\/www.ifbaiano.edu.br\/unidades\/bonfim\/wp-json\/wp\/v2\/comments?post=20968"}],"version-history":[{"count":3,"href":"https:\/\/www.ifbaiano.edu.br\/unidades\/bonfim\/wp-json\/wp\/v2\/pages\/20968\/revisions"}],"predecessor-version":[{"id":20971,"href":"https:\/\/www.ifbaiano.edu.br\/unidades\/bonfim\/wp-json\/wp\/v2\/pages\/20968\/revisions\/20971"}],"wp:attachment":[{"href":"https:\/\/www.ifbaiano.edu.br\/unidades\/bonfim\/wp-json\/wp\/v2\/media?parent=20968"}],"curies":[{"name":"wp","href":"https:\/\/api.w.org\/{rel}","templated":true}]}}