{"id":20980,"date":"2025-04-16T15:01:06","date_gmt":"2025-04-16T18:01:06","guid":{"rendered":"https:\/\/www.ifbaiano.edu.br\/unidades\/bonfim\/?page_id=20980"},"modified":"2025-04-16T15:10:17","modified_gmt":"2025-04-16T18:10:17","slug":"agenda-do-diretor-geral-2023","status":"publish","type":"page","link":"https:\/\/www.ifbaiano.edu.br\/unidades\/bonfim\/agenda-do-diretor-geral-2023\/","title":{"rendered":"Agenda do Diretor Geral &#8211; 2023"},"content":{"rendered":"\n<p>A agenda poder\u00e1 sofrer altera\u00e7\u00f5es. O agendamento de compromissos para o diretor dever\u00e1<br>ser realizado mediante consulta pr\u00e9via com a Chefia de Gabinete.<\/p>\n\n\n\n<p>Consulte as&nbsp;<a rel=\"noreferrer noopener\" href=\"https:\/\/ifbaiano.edu.br\/portal\/wp-content\/uploads\/2020\/10\/orientacoes-agenda-de-compromissos-publicos-if-baiano.pdf\" target=\"_blank\">orienta\u00e7\u00f5es sobre a Agenda de Compromissos P\u00fablicos<\/a>.<\/p>\n\n\n\n<hr class=\"wp-block-separator has-alpha-channel-opacity\" \/>\n\n\n\n<hr class=\"wp-block-separator has-alpha-channel-opacity\" \/>\n\n\n\n<p><a href=\"https:\/\/www.ifbaiano.edu.br\/unidades\/bonfim\/files\/2023\/12\/Agenda-do-Diretor-Geral-de-25-a-29-de-dezembro.pdf\">Agenda do Diretor Geral de 25 a 29 de dezembro de 2023<\/a><\/p>\n\n\n\n<p><a href=\"https:\/\/www.ifbaiano.edu.br\/unidades\/bonfim\/files\/2023\/12\/Agenda-do-Diretor-Geral-de-18-a-22-de-dezembro.pdf\">Agenda do Diretor Geral de 18 a 22 de dezembro de 2023<\/a><\/p>\n\n\n\n<p><a href=\"https:\/\/www.ifbaiano.edu.br\/unidades\/bonfim\/files\/2023\/12\/Agenda-do-Diretor-Geral-de-11-a-15-de-dezembro.pdf\">Agenda do Diretor Geral de 11 a 15 de dezembro de 2023<\/a><\/p>\n\n\n\n<p><a href=\"https:\/\/www.ifbaiano.edu.br\/unidades\/bonfim\/files\/2023\/12\/Agenda-do-Diretor-Geral-de-04-a-08-de-dezembro.pdf\">Agenda do Diretor Geral de 04 a 08 de dezembro de 2023<\/a><\/p>\n\n\n\n<p><a href=\"https:\/\/www.ifbaiano.edu.br\/unidades\/bonfim\/files\/2023\/11\/Agenda-do-Diretor-Geral-de-27-de-novembro-a-01-de-dezembro.pdf\">Agenda do Diretor Geral de 27 de novembro a 01 de dezembro de 2023<\/a><\/p>\n\n\n\n<hr class=\"wp-block-separator has-alpha-channel-opacity\" \/>\n\n\n\n<p><a href=\"https:\/\/www.ifbaiano.edu.br\/unidades\/bonfim\/files\/2023\/11\/Agenda-do-Diretor-Geral-de-20-a-24-de-novembro.pdf\">Agenda do Diretor Geral de 20 a 24 de novembro de 2023<\/a><\/p>\n\n\n\n<p><a href=\"https:\/\/www.ifbaiano.edu.br\/unidades\/bonfim\/files\/2023\/11\/Agenda-do-Diretor-Geral-de-13-a-17-de-novembro.pdf\">Agenda do Diretor Geral de 13 a 17 de novembro de 2023<\/a><\/p>\n\n\n\n<p><a href=\"https:\/\/www.ifbaiano.edu.br\/unidades\/bonfim\/files\/2023\/11\/Agenda-do-Diretor-Geral-de-06-a-10-de-novembro.pdf\">Agenda do Diretor Geral de 06 a 10 de novembro de 2023<\/a><\/p>\n\n\n\n<p><a href=\"https:\/\/www.ifbaiano.edu.br\/unidades\/bonfim\/files\/2023\/10\/Agenda-do-Diretor-Geral-de-30-de-outubro-a-03-de-novembro.pdf\">Agenda do Diretor Geral de 30 de outubro a 03 de novembro de 2023<\/a><\/p>\n\n\n\n<hr class=\"wp-block-separator has-alpha-channel-opacity\" \/>\n\n\n\n<p><a href=\"https:\/\/www.ifbaiano.edu.br\/unidades\/bonfim\/files\/2023\/10\/Agenda-do-Diretor-Geral-de-23-a-27-de-outubro-1.pdf\">Agenda do Diretor Geral de 23 a 27 de outubrode 2023<\/a><\/p>\n\n\n\n<p><a href=\"https:\/\/www.ifbaiano.edu.br\/unidades\/bonfim\/files\/2023\/10\/Agenda-do-Diretor-Geral-de-16-a-20-de-outubro-1.pdf\">Agenda do Diretor Geral de 16 a 20 de outubro de 2023<\/a><\/p>\n\n\n\n<p><a href=\"https:\/\/www.ifbaiano.edu.br\/unidades\/bonfim\/files\/2023\/10\/Agenda-do-Diretor-Geral-de-09-a-13-de-outubro.pdf\">Agenda do Diretor Geral de 09 a 13 de outubro de 2023<\/a><\/p>\n\n\n\n<p><a href=\"https:\/\/www.ifbaiano.edu.br\/unidades\/bonfim\/files\/2023\/10\/Agenda-do-Diretor-Geral-de-02-a-06-de-outubro.pdf\">Agenda do Diretor Geral de 02 a 06 de outubro de 2023<\/a><\/p>\n\n\n\n<hr class=\"wp-block-separator has-alpha-channel-opacity\" \/>\n\n\n\n<p><a href=\"https:\/\/www.ifbaiano.edu.br\/unidades\/bonfim\/files\/2023\/09\/Agenda-do-Diretor-Geral-de-25-a-29-de-setembro.pdf\">Agenda do Diretor Geral de 25 a 29 de setembro de 2023<\/a><\/p>\n\n\n\n<p><a href=\"https:\/\/www.ifbaiano.edu.br\/unidades\/bonfim\/files\/2023\/09\/Agenda-do-Diretor-Geral-de-18-a-22-de-setembro-2.pdf\">Agenda do Diretor Geral de 18 a 22 de setembro de 2023<\/a><\/p>\n\n\n\n<p><a href=\"https:\/\/www.ifbaiano.edu.br\/unidades\/bonfim\/files\/2023\/09\/Agenda-do-Diretor-Geral-de-11-a-15-de-setembro.pdf\">Agenda do Diretor Geral de 11 a 15 de setembrode 2023<\/a><\/p>\n\n\n\n<p><a href=\"https:\/\/www.ifbaiano.edu.br\/unidades\/bonfim\/files\/2023\/09\/Agenda-do-Diretor-Geral-de-04-a-08-de-setembro.pdf\">Agenda do Diretor Geral de 04 a 08 de setembro de 2023<\/a><\/p>\n\n\n\n<p><a href=\"https:\/\/www.ifbaiano.edu.br\/unidades\/bonfim\/files\/2023\/08\/Agenda-do-Diretor-Geral-de-28-de-agosto-a-01-de-setembro.pdf\">Agenda do Diretor Geral de 28 de agosto a 01 de setembro de 2023<\/a><\/p>\n\n\n\n<hr class=\"wp-block-separator has-alpha-channel-opacity\" \/>\n\n\n\n<p><a href=\"https:\/\/www.ifbaiano.edu.br\/unidades\/bonfim\/files\/2023\/08\/Agenda-do-Diretor-Geral-de-21-a-25-de-agosto.pdf\">Agenda do Diretor Geral de 21 a 25 de agosto de 2023<\/a><\/p>\n\n\n\n<p><a href=\"https:\/\/www.ifbaiano.edu.br\/unidades\/bonfim\/files\/2023\/08\/Agenda-do-Diretor-Geral-de-07-a-11-de-agosto.pdf\">Agenda do Diretor Geral de 07 a 11 de agosto de 2023<\/a><\/p>\n\n\n\n<p><a href=\"https:\/\/www.ifbaiano.edu.br\/unidades\/bonfim\/files\/2023\/07\/Agenda-do-Diretor-Geral-de-31-de-julho-a-04-de-agosto.pdf\">Agenda do Diretor Geral de 31 de julho a 04 de agosto de 2023<\/a><\/p>\n\n\n\n<hr class=\"wp-block-separator has-alpha-channel-opacity\" \/>\n\n\n\n<p><a href=\"https:\/\/www.ifbaiano.edu.br\/unidades\/bonfim\/files\/2023\/07\/Agenda-do-Diretor-Geral-de-24-a-28-de-julho.pdf\">Agenda do Diretor Geral de 24 a 28 de julho de 2023<\/a><\/p>\n\n\n\n<p><a href=\"https:\/\/www.ifbaiano.edu.br\/unidades\/bonfim\/files\/2023\/07\/Agenda-do-Diretor-Geral-de-10-a-14-de-julho.pdf\">Agenda do Diretor Geral de 10 a 14 de julho de 2023<\/a><\/p>\n\n\n\n<p><a href=\"https:\/\/www.ifbaiano.edu.br\/unidades\/bonfim\/files\/2023\/07\/Agenda-do-Diretor-Geral-de-03-a-07-de-julho.pdf\">Agenda do Diretor Geral de 03 a 07 de julho de 2023<\/a><\/p>\n\n\n\n<hr class=\"wp-block-separator has-alpha-channel-opacity\" \/>\n\n\n\n<p><a href=\"https:\/\/www.ifbaiano.edu.br\/unidades\/bonfim\/files\/2023\/06\/Agenda-do-Diretor-Geral-de-19-a-23-de-junho.pdf\">Agenda do Diretor Geral de 19 a 23 de junho de 2023<\/a><\/p>\n\n\n\n<p><a href=\"https:\/\/www.ifbaiano.edu.br\/unidades\/bonfim\/files\/2023\/06\/Agenda-do-Diretor-Geral-de-12-a-16-de-junho.pdf\">Agenda do Diretor Geral de 12 a 16 de junho de 2023<\/a><\/p>\n\n\n\n<p><a href=\"https:\/\/www.ifbaiano.edu.br\/unidades\/bonfim\/files\/2023\/06\/Agenda-do-Diretor-Geral-de-05-a-09-de-junho-de-2023.pdf\">Agenda do Diretor Geral de 05 a 09 de junho de 2023<\/a><\/p>\n\n\n\n<p><a href=\"https:\/\/www.ifbaiano.edu.br\/unidades\/bonfim\/files\/2023\/05\/Agenda-do-Diretor-Geral-de-29-de-maio-a-02-de-junho.pdf\">Agenda do Diretor Geral de 29 de maio a 02 de junho<\/a><\/p>\n\n\n\n<hr class=\"wp-block-separator has-alpha-channel-opacity\" \/>\n\n\n\n<p><a href=\"https:\/\/www.ifbaiano.edu.br\/unidades\/bonfim\/files\/2023\/05\/Agenda-do-Diretor-Geral-de-22-a-26-de-maio.pdf\">Agenda do Diretor Geral de 22 a 26 de maio de 2023<\/a><\/p>\n\n\n\n<p><a href=\"https:\/\/www.ifbaiano.edu.br\/unidades\/bonfim\/files\/2023\/05\/Agenda-do-Diretor-Geral-de-15-a-19-de-maio.pdf\">Agenda do Diretor Geral de 15 a 19 de maio de 2023<\/a><\/p>\n\n\n\n<p><a href=\"https:\/\/www.ifbaiano.edu.br\/unidades\/bonfim\/files\/2023\/05\/Agenda-do-Diretor-Geral-de-08-a-12-de-maio.pdf\">Agenda do Diretor Geral de 08 a 12 de maio de 2023<\/a><\/p>\n\n\n\n<p><a href=\"https:\/\/www.ifbaiano.edu.br\/unidades\/bonfim\/files\/2023\/05\/Agenda-do-Diretor-Geral-de-01-a-05-de-maio.pdf\">Agenda do Diretor Geral de 01 a 05 de maio de 2023<\/a><\/p>\n\n\n\n<hr class=\"wp-block-separator has-alpha-channel-opacity\" \/>\n\n\n\n<p><a href=\"https:\/\/www.ifbaiano.edu.br\/unidades\/bonfim\/files\/2023\/04\/Agenda-do-Diretor-Geral-de-24-a-28-de-abril.pdf\">Agenda do Diretor Geral de 24 a 28 de abril de 2023<\/a><\/p>\n\n\n\n<p><a href=\"https:\/\/www.ifbaiano.edu.br\/unidades\/bonfim\/files\/2023\/04\/Agenda-do-Diretor-Geral-de-17-a-21-de-abril.pdf\">Agenda do Diretor Geral de 17 a 21 de abril de 2023<\/a><br><br><a href=\"https:\/\/www.ifbaiano.edu.br\/unidades\/bonfim\/files\/2023\/04\/Agenda-do-Diretor-Geral-de-10-a-14-de-abril.pdf\">Agenda do Diretor Geral de 10 a 14 de abril de 2023<\/a><\/p>\n\n\n\n<p><a href=\"https:\/\/www.ifbaiano.edu.br\/unidades\/bonfim\/files\/2023\/03\/Agenda-do-Diretor-Geral-de-03-a-07-de-abril.pdf\">Agenda do Diretor Geral de 03 a 07 de abril de 2023<\/a><\/p>\n\n\n\n<hr class=\"wp-block-separator has-alpha-channel-opacity\" \/>\n\n\n\n<p><a href=\"https:\/\/www.ifbaiano.edu.br\/unidades\/bonfim\/files\/2023\/03\/Agenda-do-Diretor-Geral-de-27-a-31-de-marco.pdf\">Agenda do Diretor Geral de 27 a 31 de mar\u00e7o de 2023<\/a><\/p>\n\n\n\n<p><a href=\"https:\/\/www.ifbaiano.edu.br\/unidades\/bonfim\/files\/2023\/03\/Agenda-do-Diretor-Geral-de-20-a-24-de-marco.pdf\">Agenda do Diretor Geral de 20 a 24 de mar\u00e7o de 2023<\/a><\/p>\n\n\n\n<p><a href=\"https:\/\/www.ifbaiano.edu.br\/unidades\/bonfim\/files\/2023\/03\/Agenda-do-Diretor-Geral-de-13-a-17-de-marco.pdf\">Agenda do Diretor Geral de 13 a 17 de mar\u00e7o de 2023<\/a><\/p>\n\n\n\n<p><a href=\"https:\/\/www.ifbaiano.edu.br\/unidades\/bonfim\/files\/2023\/03\/Agenda-do-Diretor-Geral-de-06-a-10-de-marco.pdf\">Agenda do Diretor Geral de 06 a 10 de mar\u00e7o de 2023<\/a><\/p>\n\n\n\n<p><a href=\"https:\/\/www.ifbaiano.edu.br\/unidades\/bonfim\/files\/2023\/02\/Agenda-do-Diretor-Geral-de-27-de-fevereiro-a-03-de-marco.pdf\">Agenda do Diretor Geral de 27 de fevereiro a 03 de mar\u00e7o de 2023<\/a><\/p>\n\n\n\n<hr class=\"wp-block-separator has-alpha-channel-opacity\" \/>\n\n\n\n<p><a href=\"https:\/\/www.ifbaiano.edu.br\/unidades\/bonfim\/files\/2023\/02\/Agenda-do-Diretor-Geral-de-20-a-24-de-fevereiro.pdf\">Agenda do Diretor Geral de 20 a 24 de&nbsp;<\/a><a href=\"https:\/\/www.ifbaiano.edu.br\/unidades\/bonfim\/files\/2023\/02\/Agenda-do-Diretor-Geral-de-20-a-24-de-fevereiro.pdf\">fevereiro<\/a>&nbsp;<a href=\"https:\/\/www.ifbaiano.edu.br\/unidades\/bonfim\/files\/2023\/02\/Agenda-do-Diretor-Geral-de-20-a-24-de-fevereiro.pdf\">de 2023<\/a><\/p>\n\n\n\n<p><a href=\"https:\/\/www.ifbaiano.edu.br\/unidades\/bonfim\/files\/2023\/02\/Agenda-do-Diretor-Geral-de-13-A-17-de-fevereiro.pdf\">Agenda do Diretor Geral de 13 a 17 de&nbsp;<\/a><a href=\"https:\/\/www.ifbaiano.edu.br\/unidades\/bonfim\/files\/2023\/02\/Agenda-do-Diretor-Geral-de-20-a-24-de-fevereiro.pdf\"><\/a><a href=\"https:\/\/www.ifbaiano.edu.br\/unidades\/bonfim\/files\/2023\/02\/Agenda-do-Diretor-Geral-de-20-a-24-de-fevereiro.pdf\">fevereiro<\/a>&nbsp;<a href=\"https:\/\/www.ifbaiano.edu.br\/unidades\/bonfim\/files\/2023\/02\/Agenda-do-Diretor-Geral-de-20-a-24-de-fevereiro.pdf\">de 2023<\/a><\/p>\n\n\n\n<p><a href=\"https:\/\/www.ifbaiano.edu.br\/unidades\/bonfim\/files\/2023\/02\/Agenda-do-Diretor-Geral-Substituto-de-06-A-10-de-fevereiro.pdf\">Agenda do Diretor Geral Substituto de 06 a 10 de&nbsp;<\/a><a href=\"https:\/\/www.ifbaiano.edu.br\/unidades\/bonfim\/files\/2023\/02\/Agenda-do-Diretor-Geral-de-20-a-24-de-fevereiro.pdf\"><\/a><a href=\"https:\/\/www.ifbaiano.edu.br\/unidades\/bonfim\/files\/2023\/02\/Agenda-do-Diretor-Geral-de-20-a-24-de-fevereiro.pdf\">fevereiro<\/a>&nbsp;<a href=\"https:\/\/www.ifbaiano.edu.br\/unidades\/bonfim\/files\/2023\/02\/Agenda-do-Diretor-Geral-de-20-a-24-de-fevereiro.pdf\">de 2023<\/a><\/p>\n\n\n\n<p><a href=\"https:\/\/www.ifbaiano.edu.br\/unidades\/bonfim\/files\/2023\/01\/Agenda-do-Diretor-Geral-Substituto-de-30-de-Janeiro-a-03-de-fevereiro.pdf\">Agenda do Diretor Geral Substituto de 30 de Janeiro a 03 de&nbsp;<\/a><a href=\"https:\/\/www.ifbaiano.edu.br\/unidades\/bonfim\/files\/2023\/02\/Agenda-do-Diretor-Geral-de-20-a-24-de-fevereiro.pdf\">fevereiro<\/a>&nbsp;<a href=\"https:\/\/www.ifbaiano.edu.br\/unidades\/bonfim\/files\/2023\/02\/Agenda-do-Diretor-Geral-de-20-a-24-de-fevereiro.pdf\">de 2023<\/a><\/p>\n\n\n\n<hr class=\"wp-block-separator has-alpha-channel-opacity\" \/>\n\n\n\n<p><a href=\"https:\/\/www.ifbaiano.edu.br\/unidades\/bonfim\/files\/2023\/01\/Agenda-do-Diretor-Geral-Substituto-de-23-a-27-de-Janeiro.pdf\">Agenda do Diretor Geral Substituto de 23 a 27 de&nbsp;<\/a><a href=\"https:\/\/www.ifbaiano.edu.br\/unidades\/bonfim\/files\/2023\/02\/Agenda-do-Diretor-Geral-de-20-a-24-de-fevereiro.pdf\"><\/a><a href=\"https:\/\/www.ifbaiano.edu.br\/unidades\/bonfim\/files\/2023\/01\/Agenda-do-Diretor-Geral-Substituto-de-23-a-27-de-Janeiro.pdf\">janeiro<\/a><a href=\"https:\/\/www.ifbaiano.edu.br\/unidades\/bonfim\/files\/2023\/02\/Agenda-do-Diretor-Geral-de-20-a-24-de-fevereiro.pdf\">&nbsp;de 2023<\/a><\/p>\n\n\n\n<p><a href=\"https:\/\/www.ifbaiano.edu.br\/unidades\/bonfim\/files\/2023\/01\/Agenda-do-Diretor-Geral-Substituto-de-16-a-20-de-Janeiro.pdf\">Agenda do Diretor Geral de 16 a 20 de&nbsp;<\/a><a href=\"https:\/\/www.ifbaiano.edu.br\/unidades\/bonfim\/files\/2023\/01\/Agenda-do-Diretor-Geral-Substituto-de-23-a-27-de-Janeiro.pdf\">janeiro<\/a><a href=\"https:\/\/www.ifbaiano.edu.br\/unidades\/bonfim\/files\/2023\/02\/Agenda-do-Diretor-Geral-de-20-a-24-de-fevereiro.pdf\">&nbsp;de 2023<\/a><\/p>\n\n\n\n<p><a href=\"https:\/\/www.ifbaiano.edu.br\/unidades\/bonfim\/files\/2023\/01\/Agenda-do-Diretor-Geral-de-09-de-Janeiro-a-13-de-Janeiro.pdf\">Agenda do Diretor Geral de 09 a 13 de&nbsp;<\/a><a href=\"https:\/\/www.ifbaiano.edu.br\/unidades\/bonfim\/files\/2023\/01\/Agenda-do-Diretor-Geral-Substituto-de-23-a-27-de-Janeiro.pdf\"><\/a><a href=\"https:\/\/www.ifbaiano.edu.br\/unidades\/bonfim\/files\/2023\/02\/Agenda-do-Diretor-Geral-de-20-a-24-de-fevereiro.pdf\"><\/a><a href=\"https:\/\/www.ifbaiano.edu.br\/unidades\/bonfim\/files\/2023\/01\/Agenda-do-Diretor-Geral-Substituto-de-23-a-27-de-Janeiro.pdf\">janeiro<\/a><a href=\"https:\/\/www.ifbaiano.edu.br\/unidades\/bonfim\/files\/2023\/02\/Agenda-do-Diretor-Geral-de-20-a-24-de-fevereiro.pdf\">&nbsp;de 2023<\/a><\/p>\n\n\n\n<p><a href=\"https:\/\/www.ifbaiano.edu.br\/unidades\/bonfim\/files\/2023\/01\/Agenda-do-Diretor-Geral-de-02-de-Janeiro-a-06-de-Janeiro.pdf\">Agenda do Diretor Geral de 02 a 06 de&nbsp;<\/a><a href=\"https:\/\/www.ifbaiano.edu.br\/unidades\/bonfim\/files\/2023\/01\/Agenda-do-Diretor-Geral-Substituto-de-23-a-27-de-Janeiro.pdf\">janeiro<\/a><a href=\"https:\/\/www.ifbaiano.edu.br\/unidades\/bonfim\/files\/2023\/02\/Agenda-do-Diretor-Geral-de-20-a-24-de-fevereiro.pdf\">&nbsp;de 2023<\/a><\/p>\n","protected":false},"excerpt":{"rendered":"<p>A agenda poder\u00e1 sofrer altera\u00e7\u00f5es. O agendamento de compromissos para o diretor dever\u00e1ser realizado mediante consulta pr\u00e9via com a Chefia de Gabinete. Consulte as&nbsp;orienta\u00e7\u00f5es sobre a Agenda de Compromissos P\u00fablicos. Agenda do Diretor Geral de 25 a 29 de dezembro de 2023 Agenda do Diretor Geral de 18 a 22 de dezembro de 2023 Agenda [&hellip;]<\/p>\n","protected":false},"author":158,"featured_media":0,"parent":0,"menu_order":0,"comment_status":"closed","ping_status":"closed","template":"","meta":[],"_links":{"self":[{"href":"https:\/\/www.ifbaiano.edu.br\/unidades\/bonfim\/wp-json\/wp\/v2\/pages\/20980"}],"collection":[{"href":"https:\/\/www.ifbaiano.edu.br\/unidades\/bonfim\/wp-json\/wp\/v2\/pages"}],"about":[{"href":"https:\/\/www.ifbaiano.edu.br\/unidades\/bonfim\/wp-json\/wp\/v2\/types\/page"}],"author":[{"embeddable":true,"href":"https:\/\/www.ifbaiano.edu.br\/unidades\/bonfim\/wp-json\/wp\/v2\/users\/158"}],"replies":[{"embeddable":true,"href":"https:\/\/www.ifbaiano.edu.br\/unidades\/bonfim\/wp-json\/wp\/v2\/comments?post=20980"}],"version-history":[{"count":2,"href":"https:\/\/www.ifbaiano.edu.br\/unidades\/bonfim\/wp-json\/wp\/v2\/pages\/20980\/revisions"}],"predecessor-version":[{"id":20992,"href":"https:\/\/www.ifbaiano.edu.br\/unidades\/bonfim\/wp-json\/wp\/v2\/pages\/20980\/revisions\/20992"}],"wp:attachment":[{"href":"https:\/\/www.ifbaiano.edu.br\/unidades\/bonfim\/wp-json\/wp\/v2\/media?parent=20980"}],"curies":[{"name":"wp","href":"https:\/\/api.w.org\/{rel}","templated":true}]}}