{"id":20982,"date":"2025-04-16T15:03:01","date_gmt":"2025-04-16T18:03:01","guid":{"rendered":"https:\/\/www.ifbaiano.edu.br\/unidades\/bonfim\/?page_id=20982"},"modified":"2025-04-16T15:10:25","modified_gmt":"2025-04-16T18:10:25","slug":"agenda-do-diretor-geral-2024","status":"publish","type":"page","link":"https:\/\/www.ifbaiano.edu.br\/unidades\/bonfim\/agenda-do-diretor-geral-2024\/","title":{"rendered":"Agenda do Diretor Geral &#8211; 2024"},"content":{"rendered":"\n<p>A agenda poder\u00e1 sofrer altera\u00e7\u00f5es. O agendamento de compromissos para o diretor dever\u00e1<br>ser realizado mediante consulta pr\u00e9via com a Chefia de Gabinete.<\/p>\n\n\n\n<p>Consulte as&nbsp;<a rel=\"noreferrer noopener\" href=\"https:\/\/ifbaiano.edu.br\/portal\/wp-content\/uploads\/2020\/10\/orientacoes-agenda-de-compromissos-publicos-if-baiano.pdf\" target=\"_blank\">orienta\u00e7\u00f5es sobre a Agenda de Compromissos P\u00fablicos<\/a>.<\/p>\n\n\n\n<hr class=\"wp-block-separator has-alpha-channel-opacity\" \/>\n\n\n\n<hr class=\"wp-block-separator has-alpha-channel-opacity\" \/>\n\n\n\n<p><a rel=\"noreferrer noopener\" href=\"https:\/\/www.ifbaiano.edu.br\/unidades\/bonfim\/files\/2024\/12\/Agenda-do-Diretor-Geral-de-23-a-27-de-Dezembro.pdf\" target=\"_blank\">Agenda do Diretor-Geral de 23 a 27 de dezembro de 2024<\/a><\/p>\n\n\n\n<p><a href=\"https:\/\/www.ifbaiano.edu.br\/unidades\/bonfim\/files\/2024\/12\/Agenda-do-Diretor-Geral-de-16-a-20-de-Dezembro.pdf\">Agenda do Diretor-Geral de 16 a 20 de dezembro de 2024<\/a><\/p>\n\n\n\n<p><a rel=\"noreferrer noopener\" href=\"https:\/\/www.ifbaiano.edu.br\/unidades\/bonfim\/files\/2024\/12\/Agenda-do-Diretor-Geral-de-09-a-13-de-Dezembro.pdf\" target=\"_blank\">Agenda do Diretor-Geral de 09 a 13 de dezembro de 2024<\/a><\/p>\n\n\n\n<p><a href=\"https:\/\/www.ifbaiano.edu.br\/unidades\/bonfim\/files\/2024\/11\/Agenda-do-Diretor-Geral-de-02-a-06-de-Dezembro.pdf\">Agenda do Diretor-Geral de 02 a 06 de dezembro de 2024<\/a><\/p>\n\n\n\n<hr class=\"wp-block-separator has-alpha-channel-opacity\" \/>\n\n\n\n<p><a rel=\"noreferrer noopener\" href=\"https:\/\/www.ifbaiano.edu.br\/unidades\/bonfim\/files\/2024\/11\/Agenda-do-Diretor-Geral-de-25-a-29-de-Novembro.pdf\" target=\"_blank\">Agenda do Diretor-Geral de 25 a 29 de novembro de 2024<\/a><\/p>\n\n\n\n<p><a href=\"https:\/\/www.ifbaiano.edu.br\/unidades\/bonfim\/files\/2024\/11\/Agenda-do-Diretor-Geral-de-18-a-22-de-Novembro.pdf\">Agenda do Diretor-Geral de 18 a 22 de novembro de 2024<\/a><\/p>\n\n\n\n<p><a rel=\"noreferrer noopener\" href=\"https:\/\/www.ifbaiano.edu.br\/unidades\/bonfim\/files\/2024\/11\/Agenda-do-Diretor-Geral-de-11-a-15-de-Novembro.pdf\" target=\"_blank\">Agenda do Diretor-Geral de 11 a 15 de novembro de 2024<\/a><\/p>\n\n\n\n<p><a href=\"https:\/\/www.ifbaiano.edu.br\/unidades\/bonfim\/files\/2024\/11\/Agenda-do-Diretor-Geral-de-04-a-08-de-Novembro.pdf\">Agenda do Diretor-Geral de 04 a 08 de novembro de 2024<\/a><\/p>\n\n\n\n<p><a rel=\"noreferrer noopener\" href=\"https:\/\/www.ifbaiano.edu.br\/unidades\/bonfim\/files\/2024\/10\/Agenda-do-Diretor-Geral-de-28-de-Outubro-a-01-de-Novembro-1.pdf\" target=\"_blank\">Agenda do Diretor-Geral de 28 de outubro a 01 de novembro de 2024<\/a><\/p>\n\n\n\n<hr class=\"wp-block-separator has-alpha-channel-opacity\" \/>\n\n\n\n<p><a href=\"https:\/\/www.ifbaiano.edu.br\/unidades\/bonfim\/files\/2024\/10\/Agenda-do-Diretor-Geral-de-21-a-25-de-Outubro.pdf\">Agenda do Diretor-Geral de 21 a 25 de outubro de 2024<\/a><\/p>\n\n\n\n<p><a href=\"https:\/\/www.ifbaiano.edu.br\/unidades\/bonfim\/files\/2024\/10\/Agenda-do-Diretor-Geral-de-21-a-25-de-Outubro.pdf\">Agenda do Diretor-Geral de 14 a 18 de outubro de 2024<\/a><\/p>\n\n\n\n<p><a href=\"https:\/\/www.ifbaiano.edu.br\/unidades\/bonfim\/files\/2024\/10\/Agenda-do-Diretor-Geral-de-14-a-18-de-Outubro.pdf\">Agenda do Diretor-Geral de 14 a 18 de outubro de 2024<\/a><\/p>\n\n\n\n<p><a href=\"https:\/\/www.ifbaiano.edu.br\/unidades\/bonfim\/files\/2024\/10\/Agenda-do-Diretor-Geral-de-07-a-11-de-Outubro.pdf\">Agenda do Diretor-Geral de 07 a 11 de outubro de 2024<\/a><\/p>\n\n\n\n<p><a href=\"https:\/\/www.ifbaiano.edu.br\/unidades\/bonfim\/files\/2024\/09\/Agenda-do-Diretor-Geral-de-30-de-Setembro-a-04-de-Outubro-2.pdf\">Agenda do Diretor-Geral de 30 de setembro a 04 de outubro de 2024<\/a><\/p>\n\n\n\n<hr class=\"wp-block-separator has-alpha-channel-opacity\" \/>\n\n\n\n<p><a href=\"https:\/\/www.ifbaiano.edu.br\/unidades\/bonfim\/files\/2024\/09\/Agenda-do-Diretor-Geral-de-23-a-27-de-Setembro.pdf\">Agenda do Diretor Geral de 23 a 27 de Setembro de 2024<\/a><\/p>\n\n\n\n<p><a href=\"https:\/\/www.ifbaiano.edu.br\/unidades\/bonfim\/files\/2024\/09\/Agenda-do-Diretor-Geral-de-09-a-13-de-Setembro.pdf\">Agenda do Diretor Geral de 16 a 20 de Setembro de 2024<\/a><\/p>\n\n\n\n<p><a href=\"https:\/\/www.ifbaiano.edu.br\/unidades\/bonfim\/files\/2024\/09\/Agenda-do-Diretor-Geral-de-09-a-13-de-Setembro.pdf\">Agenda do Diretor Geral de 09 a 13 de Setembro de 2024<\/a><\/p>\n\n\n\n<p><a rel=\"noreferrer noopener\" href=\"https:\/\/www.ifbaiano.edu.br\/unidades\/bonfim\/files\/2024\/09\/Agenda-do-Diretor-Geral-de-02-a-06-de-Setembro.pdf\" target=\"_blank\">Agenda do Diretor Geral de 02 a 06 de Setembro de 2024<\/a><\/p>\n\n\n\n<hr class=\"wp-block-separator has-alpha-channel-opacity\" \/>\n\n\n\n<p><a rel=\"noreferrer noopener\" href=\"https:\/\/www.ifbaiano.edu.br\/unidades\/bonfim\/files\/2024\/08\/Agenda-do-Diretor-Geral-de-26-a-30-de-Agosto.pdf\" target=\"_blank\">Agenda do Diretor Geral de 26 a 30 de Agosto de 2024<\/a><\/p>\n\n\n\n<p><a href=\"https:\/\/www.ifbaiano.edu.br\/unidades\/bonfim\/files\/2024\/08\/Agenda-do-Diretor-Geral-de-19-a-23-de-Agosto.pdf\">Agenda do Diretor Geral de 19 a 23 de Agosto de 2024<\/a><\/p>\n\n\n\n<p><a href=\"https:\/\/www.ifbaiano.edu.br\/unidades\/bonfim\/files\/2024\/08\/Agenda-da-Diretora-Geral-Substituta-de-12-a-16-de-Agosto-de2024.pdf\">Agenda da Diretora-Geral Substituta de 12 a 16 de Agosto de 2024<\/a><\/p>\n\n\n\n<p><a href=\"https:\/\/www.ifbaiano.edu.br\/unidades\/bonfim\/files\/2024\/08\/Agenda-da-Diretora-Geral-Substituta-de-05-a-09-de-Agosto-de-2024.pdf\">Agenda da Diretora-Geral Substituta de 05 a 09 de Agosto de 2024<\/a><\/p>\n\n\n\n<p><a href=\"https:\/\/www.ifbaiano.edu.br\/unidades\/bonfim\/files\/2024\/08\/Agenda-do-Diretor-Geral-de-29-de-Julho-a-02-de-Agosto-de-2024.pdf\">Agenda do Diretor Geral de 29 de Julho a 02 de Agosto de 2024<\/a><\/p>\n\n\n\n<hr class=\"wp-block-separator has-alpha-channel-opacity\" \/>\n\n\n\n<p><a href=\"https:\/\/www.ifbaiano.edu.br\/unidades\/bonfim\/files\/2024\/07\/Agenda-do-Diretor-Geral-de-22-a-26-de-Julho-de-2024-1.pdf\">Agenda do Diretor-Geral de 22 a 26 de Julho de 2024<\/a><\/p>\n\n\n\n<p><a href=\"https:\/\/www.ifbaiano.edu.br\/unidades\/bonfim\/files\/2024\/07\/Agenda-do-Diretor-Geral-de-15-a-19-de-Julho-de-2024.pdf\">Agenda do Diretor-Geral de 15 a 19 de Julho de 2024<\/a><\/p>\n\n\n\n<p><a href=\"https:\/\/www.ifbaiano.edu.br\/unidades\/bonfim\/files\/2024\/07\/Agenda-do-Diretor-Geral-de-08-a-12-de-Julho-de-2024.pdf\">Agenda do Diretor Geral de 08 a 12 de Julho de 2024<\/a><\/p>\n\n\n\n<p><a href=\"https:\/\/www.ifbaiano.edu.br\/unidades\/bonfim\/files\/2024\/07\/Agenda-do-Diretor-Geral-de-01-a-05-de-Julho.pdf\">Agenda do Diretor Geral de 01 a 05 de Julho de 2024<\/a><\/p>\n\n\n\n<hr class=\"wp-block-separator has-alpha-channel-opacity\" \/>\n\n\n\n<p><a href=\"https:\/\/www.ifbaiano.edu.br\/unidades\/bonfim\/files\/2024\/06\/Agenda-do-Diretor-Geral-de-24-a-28-de-Junho.pdf\">Agenda do Diretor Geral de 24 a 28 de Junho de 2024<\/a><\/p>\n\n\n\n<p><a href=\"https:\/\/www.ifbaiano.edu.br\/unidades\/bonfim\/files\/2024\/06\/Agenda-do-Diretor-Geral-de-17-a-21-de-Junho-de-2024.pdf\">Agenda do Diretor Geral de 17 a 21 de Junho de 2024<\/a><\/p>\n\n\n\n<p><a href=\"https:\/\/www.ifbaiano.edu.br\/unidades\/bonfim\/files\/2024\/06\/Agenda-do-Diretor-Geral-de-10-a-14-de-Junho.pdf\">Agenda do Diretor Geral de 10 a 14 de Junhode 2024<\/a><\/p>\n\n\n\n<p><a href=\"https:\/\/www.ifbaiano.edu.br\/unidades\/bonfim\/files\/2024\/06\/Agenda-do-Diretor-Geral-de-03-a-07-de-Junho-de-2024.pdf\">Agenda do Diretor Geral de 03 a 07 de Junho de 2024<\/a><\/p>\n\n\n\n<hr class=\"wp-block-separator has-alpha-channel-opacity\" \/>\n\n\n\n<p><a href=\"https:\/\/www.ifbaiano.edu.br\/unidades\/bonfim\/files\/2024\/05\/Agenda-do-Diretor-Geral-de-27-a-31-de-Maio-de-2024.pdf\">Agenda do Diretor Geral de 27 a 31 de Maio de 2024<\/a><\/p>\n\n\n\n<p><a href=\"https:\/\/www.ifbaiano.edu.br\/unidades\/bonfim\/files\/2024\/05\/Agenda-do-Diretor-Geral-de-20-a-24-de-Maio.pdf\">Agenda do Diretor Geral de 20 a 24 de Maio de 2024<\/a><\/p>\n\n\n\n<p><a href=\"https:\/\/www.ifbaiano.edu.br\/unidades\/bonfim\/files\/2024\/05\/Agenda-do-Diretor-Geral-de-13-a-17-de-Maio.pdf\">Agenda do Diretor Geral de 13 a 17 de Maio de 2024<\/a><\/p>\n\n\n\n<p><a href=\"https:\/\/www.ifbaiano.edu.br\/unidades\/bonfim\/files\/2024\/05\/Agenda-do-Diretor-Geral-de-06-a-10-de-Maio.pdf\">Agenda do Diretor Geral de 06 a 10 de Maio de 2024<\/a><\/p>\n\n\n\n<p><a href=\"https:\/\/www.ifbaiano.edu.br\/unidades\/bonfim\/files\/2024\/04\/Agenda-do-Diretor-Geral-de-29-de-Abril-a-03-de-Maio.pdf\">Agenda do Diretor Geral de 29 de Abril a 03 de Maio de 2024<\/a><\/p>\n\n\n\n<hr class=\"wp-block-separator has-alpha-channel-opacity\" \/>\n\n\n\n<p><a href=\"https:\/\/www.ifbaiano.edu.br\/unidades\/bonfim\/files\/2024\/04\/Agenda-do-Diretor-Geral-de-22-a-26-de-Abril.pdf\">Agenda do Diretor Geral de 22 a 26 de Abril de 2024<\/a><\/p>\n\n\n\n<p><a href=\"https:\/\/www.ifbaiano.edu.br\/unidades\/bonfim\/files\/2024\/04\/Agenda-do-Diretor-Geral-de-15-a-19-de-Abril.pdf\">Agenda do Diretor Geral de 15 a 19 de Abril de 2024<\/a><\/p>\n\n\n\n<p><a href=\"https:\/\/www.ifbaiano.edu.br\/unidades\/bonfim\/files\/2024\/04\/Agenda-do-Diretor-Geral-de-08-a-12-de-Abril.pdf\">Agenda do Diretor Geral de 08 a 12 de Abril de 2024<\/a><\/p>\n\n\n\n<p><a href=\"https:\/\/www.ifbaiano.edu.br\/unidades\/bonfim\/files\/2024\/04\/Agenda-do-Diretor-Geral-de-01-a-05-de-Abril.pdf\">Agenda do Diretor Geral de 01 a 05 de Abril de 2024<\/a><\/p>\n\n\n\n<hr class=\"wp-block-separator has-alpha-channel-opacity\" \/>\n\n\n\n<p><a href=\"https:\/\/www.ifbaiano.edu.br\/unidades\/bonfim\/files\/2024\/03\/Agenda-do-Diretor-Geral-de-25-a-29-de-Marco-de-2024.pdf\">Agenda do Diretor Geral de 25 a 29 de Mar\u00e7o de 2024<\/a><\/p>\n\n\n\n<p><a href=\"https:\/\/www.ifbaiano.edu.br\/unidades\/bonfim\/files\/2024\/03\/Agenda-do-Diretor-Geral-de-18-a-22-de-Marco.pdf\">Agenda do Diretor Geral de 18 a 22 de Mar\u00e7o de 2024<\/a><\/p>\n\n\n\n<p><a href=\"https:\/\/www.ifbaiano.edu.br\/unidades\/bonfim\/files\/2024\/03\/Agenda-do-Diretor-Geral-de-11-a-15-de-Marco.pdf\">Agenda do Diretor Geral de 11 a 15 de Mar\u00e7o de 2024<\/a><\/p>\n\n\n\n<p><a href=\"https:\/\/www.ifbaiano.edu.br\/unidades\/bonfim\/files\/2024\/03\/Agenda-do-Diretor-Geral-de-04-a-08-de-Marco.pdf\">Agenda do Diretor Geral de 04 a 08 de Mar\u00e7o de 2024<\/a><\/p>\n\n\n\n<p><a href=\"https:\/\/www.ifbaiano.edu.br\/unidades\/bonfim\/files\/2024\/02\/Agenda-do-Diretor-Geral-de-26-de-Fevereiro-a-01-de-Marco.pdf\">Agenda do Diretor Geral de 26 de Fevereiro a 01 de Mar\u00e7o de 2024<\/a><\/p>\n\n\n\n<hr class=\"wp-block-separator has-alpha-channel-opacity\" \/>\n\n\n\n<p><a href=\"https:\/\/www.ifbaiano.edu.br\/unidades\/bonfim\/files\/2024\/02\/Agenda-do-Diretor-Geral-de-19-a-23-de-Fevereiro-de-2024.pdf\">Agenda do Diretor Geral de 19 a 23 de Fevereiro de 2024<\/a><\/p>\n\n\n\n<p><a href=\"https:\/\/www.ifbaiano.edu.br\/unidades\/bonfim\/files\/2024\/02\/Agenda-do-Diretor-Geral-de-12-a-16-de-Fevereiro.pdf\">Agenda do Diretor Geral de 12 a 16 de Fevereiro de 2024<\/a><\/p>\n\n\n\n<p><a href=\"https:\/\/www.ifbaiano.edu.br\/unidades\/bonfim\/files\/2024\/02\/Agenda-do-Diretor-Geral-de-05-a-09-de-fevereiro.pdf\">Agenda do Diretor Geral de 05 a 09 de fevereiro de 2024<\/a><\/p>\n\n\n\n<p><a href=\"https:\/\/www.ifbaiano.edu.br\/unidades\/bonfim\/files\/2024\/01\/Agenda-do-Diretor-Geral-de-29-de-Janeiro-a-02-de-Fevereiro.pdf\">Agenda do Diretor Geral de 29 de Janeiro a 02 de Fevereiro de 2024<\/a><\/p>\n\n\n\n<hr class=\"wp-block-separator has-alpha-channel-opacity\" \/>\n\n\n\n<p><a href=\"https:\/\/www.ifbaiano.edu.br\/unidades\/bonfim\/files\/2024\/01\/Agenda-do-Diretor-Geral-de-22-a-26-de-Janeiro.pdf\">Agenda do Diretor Geral de 22 a 26 de janeiro de 2024<\/a><\/p>\n\n\n\n<p><a href=\"https:\/\/www.ifbaiano.edu.br\/unidades\/bonfim\/files\/2024\/01\/Agenda-do-Diretor-Geral-de-15-a-19-de-Janeiro-1.pdf\">Agenda do Diretor Geral de 15 a 19 de janeiro de 2024<\/a><\/p>\n\n\n\n<p><a href=\"https:\/\/www.ifbaiano.edu.br\/unidades\/bonfim\/files\/2024\/01\/Agenda-do-Diretor-Geral-de-08-a-12-de-Janeiro.pdf\">Agenda do Diretor Geral de 08 a 12 de janeiro de 2024<\/a><\/p>\n\n\n\n<p><a href=\"https:\/\/www.ifbaiano.edu.br\/unidades\/bonfim\/files\/2024\/01\/Agenda-do-Diretor-Geral-de-01-a-05-de-Janeiro.pdf\">Agenda do Diretor Geral de 01 a 05 de janeiro de 2024<\/a><\/p>\n","protected":false},"excerpt":{"rendered":"<p>A agenda poder\u00e1 sofrer altera\u00e7\u00f5es. O agendamento de compromissos para o diretor dever\u00e1ser realizado mediante consulta pr\u00e9via com a Chefia de Gabinete. Consulte as&nbsp;orienta\u00e7\u00f5es sobre a Agenda de Compromissos P\u00fablicos. Agenda do Diretor-Geral de 23 a 27 de dezembro de 2024 Agenda do Diretor-Geral de 16 a 20 de dezembro de 2024 Agenda do Diretor-Geral [&hellip;]<\/p>\n","protected":false},"author":158,"featured_media":0,"parent":0,"menu_order":0,"comment_status":"closed","ping_status":"closed","template":"","meta":[],"_links":{"self":[{"href":"https:\/\/www.ifbaiano.edu.br\/unidades\/bonfim\/wp-json\/wp\/v2\/pages\/20982"}],"collection":[{"href":"https:\/\/www.ifbaiano.edu.br\/unidades\/bonfim\/wp-json\/wp\/v2\/pages"}],"about":[{"href":"https:\/\/www.ifbaiano.edu.br\/unidades\/bonfim\/wp-json\/wp\/v2\/types\/page"}],"author":[{"embeddable":true,"href":"https:\/\/www.ifbaiano.edu.br\/unidades\/bonfim\/wp-json\/wp\/v2\/users\/158"}],"replies":[{"embeddable":true,"href":"https:\/\/www.ifbaiano.edu.br\/unidades\/bonfim\/wp-json\/wp\/v2\/comments?post=20982"}],"version-history":[{"count":2,"href":"https:\/\/www.ifbaiano.edu.br\/unidades\/bonfim\/wp-json\/wp\/v2\/pages\/20982\/revisions"}],"predecessor-version":[{"id":20993,"href":"https:\/\/www.ifbaiano.edu.br\/unidades\/bonfim\/wp-json\/wp\/v2\/pages\/20982\/revisions\/20993"}],"wp:attachment":[{"href":"https:\/\/www.ifbaiano.edu.br\/unidades\/bonfim\/wp-json\/wp\/v2\/media?parent=20982"}],"curies":[{"name":"wp","href":"https:\/\/api.w.org\/{rel}","templated":true}]}}