{"id":20984,"date":"2025-04-16T15:05:27","date_gmt":"2025-04-16T18:05:27","guid":{"rendered":"https:\/\/www.ifbaiano.edu.br\/unidades\/bonfim\/?page_id=20984"},"modified":"2025-12-29T11:47:57","modified_gmt":"2025-12-29T14:47:57","slug":"agenda-do-diretor-geral-2025","status":"publish","type":"page","link":"https:\/\/www.ifbaiano.edu.br\/unidades\/bonfim\/agenda-do-diretor-geral-2025\/","title":{"rendered":"Agenda do Diretor Geral &#8211; 2025"},"content":{"rendered":"\n<p>A agenda poder\u00e1 sofrer altera\u00e7\u00f5es. O agendamento de compromissos para o diretor dever\u00e1<br>ser realizado mediante consulta pr\u00e9via com a Chefia de Gabinete.<\/p>\n\n\n\n<p>Consulte as&nbsp;<a rel=\"noreferrer noopener\" href=\"https:\/\/ifbaiano.edu.br\/portal\/wp-content\/uploads\/2020\/10\/orientacoes-agenda-de-compromissos-publicos-if-baiano.pdf\" target=\"_blank\">orienta\u00e7\u00f5es sobre a Agenda de Compromissos P\u00fablicos<\/a>.<\/p>\n\n\n\n<hr class=\"wp-block-separator has-alpha-channel-opacity\" \/>\n\n\n\n<ul>\n<li><a rel=\"noreferrer noopener\" href=\"https:\/\/www.ifbaiano.edu.br\/unidades\/bonfim\/files\/2025\/12\/Agenda-do-Diretor-Geral-Substituta-de-29-dez-a-02-de-Janeiro-2025.pdf\" target=\"_blank\">Agenda da Diretora-Geral Substituta de 29 de Dezembro de 2025 a 02 de Janeiro de 2026<\/a><\/li>\n\n\n\n<li><a href=\"https:\/\/www.ifbaiano.edu.br\/unidades\/bonfim\/files\/2025\/12\/Agenda-do-Diretor-Geral-Substituta-de-22-a-26-de-Dezembro-2025.pdf\" data-type=\"URL\" data-id=\"https:\/\/www.ifbaiano.edu.br\/unidades\/bonfim\/files\/2025\/12\/Agenda-do-Diretor-Geral-Substituta-de-22-a-26-de-Dezembro-2025.pdf\">Agenda da Diretora-Geral Substituta de 22 a 26 de Dezembro<\/a><\/li>\n\n\n\n<li><a rel=\"noreferrer noopener\" href=\"https:\/\/www.ifbaiano.edu.br\/unidades\/bonfim\/files\/2025\/12\/Agenda-do-Diretor-Geral-Substituta-de-15-a-19-de-Dezembro-2025.pdf\" target=\"_blank\">Agenda da Diretora-Geral Substituta de 15 a 19 de Dezembro<\/a><\/li>\n\n\n\n<li><a rel=\"noreferrer noopener\" href=\"https:\/\/www.ifbaiano.edu.br\/unidades\/bonfim\/files\/2025\/12\/Agenda-do-Diretor-Geral-Substituto-de-08-a-12-de-Dezembro-2025.pdf\" target=\"_blank\">Agenda do Diretora-Geral Substituta de 08 a 12 de Dezembro<\/a><\/li>\n\n\n\n<li><a href=\"https:\/\/www.ifbaiano.edu.br\/unidades\/bonfim\/files\/2025\/12\/Agenda-do-Diretor-Geral-de-01-a-05-de-Dezembro-2025.pdf\" data-type=\"URL\" data-id=\"https:\/\/www.ifbaiano.edu.br\/unidades\/bonfim\/files\/2025\/12\/Agenda-do-Diretor-Geral-de-01-a-05-de-Dezembro-2025.pdf\">Agenda do Diretor-Geral de 01 a 05 de Dezembro<\/a><\/li>\n<\/ul>\n\n\n\n<hr class=\"wp-block-separator has-alpha-channel-opacity\" \/>\n\n\n\n<ul>\n<li><a rel=\"noreferrer noopener\" href=\"https:\/\/www.ifbaiano.edu.br\/unidades\/bonfim\/files\/2025\/11\/Agenda-do-Diretor-Geral-de-17-a-21-de-Novembro-2025.pdf\" target=\"_blank\">Agenda do Diretor-Geral de 17 a 21 de Novembro<\/a><\/li>\n\n\n\n<li><a href=\"https:\/\/www.ifbaiano.edu.br\/unidades\/bonfim\/files\/2025\/11\/Agenda-do-Diretor-Geral-de-10-a-14-de-Novembro-2025.pdf\" data-type=\"URL\" data-id=\"https:\/\/www.ifbaiano.edu.br\/unidades\/bonfim\/files\/2025\/11\/Agenda-do-Diretor-Geral-de-10-a-14-de-Novembro-2025.pdf\">Agenda do Diretor-Geral de 10 a 14 de Novembro<\/a><\/li>\n\n\n\n<li><a href=\"https:\/\/www.ifbaiano.edu.br\/unidades\/bonfim\/files\/2025\/10\/Agenda-do-Diretor-Geral-de-03-a-07-de-Novembro-2025.pdf\" data-type=\"URL\" data-id=\"https:\/\/www.ifbaiano.edu.br\/unidades\/bonfim\/files\/2025\/10\/Agenda-do-Diretor-Geral-de-03-a-07-de-Novembro-2025.pdf\">Agenda do Diretor-Geral de 03 a 07 de Novembro<\/a><\/li>\n<\/ul>\n\n\n\n<hr class=\"wp-block-separator has-alpha-channel-opacity\" \/>\n\n\n\n<ul>\n<li><a rel=\"noreferrer noopener\" href=\"https:\/\/www.ifbaiano.edu.br\/unidades\/bonfim\/files\/2025\/10\/Agenda-do-Diretor-Geral-de-27-a-31-de-Outubro-2025.pdf\" target=\"_blank\">Agenda do Diretor-Geral de 27 a 31 de Outubro<\/a><\/li>\n\n\n\n<li><a href=\"https:\/\/www.ifbaiano.edu.br\/unidades\/bonfim\/files\/2025\/10\/Agenda-do-Diretor-Geral-de-20-a-24-de-Outubro-2025.pdf\" data-type=\"URL\" data-id=\"https:\/\/www.ifbaiano.edu.br\/unidades\/bonfim\/files\/2025\/10\/Agenda-do-Diretor-Geral-de-20-a-24-de-Outubro-2025.pdf\">Agenda do Diretor-Geral de 20 a 24 de Outubro<\/a><\/li>\n\n\n\n<li><a href=\"https:\/\/www.ifbaiano.edu.br\/unidades\/bonfim\/files\/2025\/10\/Agenda-do-Diretor-Geral-de-13-a-17-de-Outubro-2025.pdf\" data-type=\"URL\" data-id=\"https:\/\/www.ifbaiano.edu.br\/unidades\/bonfim\/files\/2025\/10\/Agenda-do-Diretor-Geral-de-13-a-17-de-Outubro-2025.pdf\">Agenda do Diretor-Geral de 13 a 17 de Outubro<\/a><\/li>\n\n\n\n<li><a href=\"https:\/\/www.ifbaiano.edu.br\/unidades\/bonfim\/files\/2025\/10\/Agenda-do-Diretor-Geral-de-06-a-10-de-Outubro-2025.pdf\" data-type=\"URL\" data-id=\"https:\/\/www.ifbaiano.edu.br\/unidades\/bonfim\/files\/2025\/10\/Agenda-do-Diretor-Geral-de-06-a-10-de-Outubro-2025.pdf\">Agenda do Diretor-Geral de 06 a 10 de Outubro<\/a><\/li>\n<\/ul>\n\n\n\n<hr class=\"wp-block-separator has-alpha-channel-opacity\" \/>\n\n\n\n<ul>\n<li><a href=\"https:\/\/www.ifbaiano.edu.br\/unidades\/bonfim\/files\/2025\/09\/Agenda-do-Diretor-Geral-de-29-de-Setembro-a-03-de-Outubro-2025.pdf\" data-type=\"URL\" data-id=\"https:\/\/www.ifbaiano.edu.br\/unidades\/bonfim\/files\/2025\/09\/Agenda-do-Diretor-Geral-de-29-de-Setembro-a-03-de-Outubro-2025.pdf\">Agenda do Diretor-Geral de 29 a 03 de Outubro<\/a><\/li>\n\n\n\n<li><a rel=\"noreferrer noopener\" href=\"https:\/\/www.ifbaiano.edu.br\/unidades\/bonfim\/files\/2025\/09\/Agenda-do-Diretor-Geral-de-22-a-26-de-Setembro-2025.pdf\" target=\"_blank\">Agenda do Diretor-Geral de 22 a 26 de Setembro<\/a><\/li>\n\n\n\n<li><a href=\"https:\/\/www.ifbaiano.edu.br\/unidades\/bonfim\/files\/2025\/09\/Agenda-do-Diretor-Geral-de-15-a-19-de-Setembro-2025.pdf\" data-type=\"URL\" data-id=\"https:\/\/www.ifbaiano.edu.br\/unidades\/bonfim\/files\/2025\/09\/Agenda-do-Diretor-Geral-de-15-a-19-de-Setembro-2025.pdf\">Agenda do Diretor Geral de 15 a 19 de Setembro<\/a><\/li>\n\n\n\n<li><a rel=\"noreferrer noopener\" href=\"https:\/\/www.ifbaiano.edu.br\/unidades\/bonfim\/files\/2025\/09\/Agenda-do-Diretor-Geral-de-08-a-12-de-Setembro-2025.pdf\" target=\"_blank\">Agenda do Diretor-Geral de 08 a 12 de setembro<\/a><\/li>\n\n\n\n<li><a href=\"https:\/\/www.ifbaiano.edu.br\/unidades\/bonfim\/files\/2025\/09\/Agenda-do-Diretor-Geral-de-01-a-05-de-Setembro-2025.pdf\" data-type=\"URL\" data-id=\"https:\/\/www.ifbaiano.edu.br\/unidades\/bonfim\/files\/2025\/09\/Agenda-do-Diretor-Geral-de-01-a-05-de-Setembro-2025.pdf\">Agenda do Diretor Geral de 01 a 05 de Setembro<\/a><\/li>\n<\/ul>\n\n\n\n<hr class=\"wp-block-separator has-alpha-channel-opacity\" \/>\n\n\n\n<ul>\n<li><a rel=\"noreferrer noopener\" href=\"https:\/\/www.ifbaiano.edu.br\/unidades\/bonfim\/files\/2025\/08\/Agenda-do-Diretor-Geral-de-25-a-29-de-Agosto-2025.pdf\" target=\"_blank\">Agenda do Diretor Geral de 25 a 29 de agosto<\/a><\/li>\n\n\n\n<li><a href=\"https:\/\/www.ifbaiano.edu.br\/unidades\/bonfim\/files\/2025\/08\/Agenda-do-Diretor-Geral-de-18-a-22-de-Agosto-2025.pdf\" data-type=\"URL\" data-id=\"https:\/\/www.ifbaiano.edu.br\/unidades\/bonfim\/files\/2025\/08\/Agenda-do-Diretor-Geral-de-18-a-22-de-Agosto-2025.pdf\">Agenda do Diretor Geral de 18 a 22 de Agosto<\/a><\/li>\n\n\n\n<li><a href=\"https:\/\/www.ifbaiano.edu.br\/unidades\/bonfim\/files\/2025\/08\/Agenda-do-Diretor-Geral-de-11-a-15-de-Agosto-2025.pdf\" data-type=\"URL\" data-id=\"https:\/\/www.ifbaiano.edu.br\/unidades\/bonfim\/files\/2025\/08\/Agenda-do-Diretor-Geral-de-11-a-15-de-Agosto-2025.pdf\">Agenda do Diretor Geral de 11 a 15 de Agosto<\/a><\/li>\n\n\n\n<li><a href=\"https:\/\/www.ifbaiano.edu.br\/unidades\/bonfim\/files\/2025\/08\/Agenda-do-Diretor-Geral-de-04-a-08-de-Agosto-2025.pdf\" data-type=\"URL\" data-id=\"https:\/\/www.ifbaiano.edu.br\/unidades\/bonfim\/files\/2025\/08\/Agenda-do-Diretor-Geral-de-04-a-08-de-Agosto-2025.pdf\">Agenda do Diretor Geral de 04 a 08 de Agosto<\/a><\/li>\n<\/ul>\n\n\n\n<hr class=\"wp-block-separator has-alpha-channel-opacity\" \/>\n\n\n\n<ul>\n<li><a href=\"https:\/\/www.ifbaiano.edu.br\/unidades\/bonfim\/files\/2025\/07\/Agenda-do-Diretor-Geral-de-28-de-Julho-a-01-de-Agosto-2025.pdf\" data-type=\"URL\" data-id=\"https:\/\/www.ifbaiano.edu.br\/unidades\/bonfim\/files\/2025\/07\/Agenda-do-Diretor-Geral-de-28-de-Julho-a-01-de-Agosto-2025.pdf\">Agenda do Diretor Geral de 28 a 01 de Julho de 2025<\/a><\/li>\n\n\n\n<li><a href=\"https:\/\/www.ifbaiano.edu.br\/unidades\/bonfim\/files\/2025\/07\/Agenda-do-Diretor-Geral-de-21-a-25-de-Julho-2025.pdf\" data-type=\"URL\" data-id=\"https:\/\/www.ifbaiano.edu.br\/unidades\/bonfim\/files\/2025\/07\/Agenda-do-Diretor-Geral-de-21-a-25-de-Julho-2025.pdf\">Agenda do Diretor Geral de 21 a 25 de Julho de 2025<\/a><\/li>\n\n\n\n<li><a href=\"https:\/\/www.ifbaiano.edu.br\/unidades\/bonfim\/files\/2025\/07\/Agenda-do-Diretor-Geral-de-14-a-18-de-Julho-2025.pdf\" data-type=\"URL\" data-id=\"https:\/\/www.ifbaiano.edu.br\/unidades\/bonfim\/files\/2025\/07\/Agenda-do-Diretor-Geral-de-14-a-18-de-Julho-2025.pdf\">Agenda do Diretor Geral de 14 a 18 de Julho de 2025<\/a><\/li>\n\n\n\n<li><a href=\"https:\/\/www.ifbaiano.edu.br\/unidades\/bonfim\/files\/2025\/07\/Agenda-do-Diretor-Geral-de-07-a-11-de-Julho-2025.pdf\" data-type=\"URL\" data-id=\"https:\/\/www.ifbaiano.edu.br\/unidades\/bonfim\/files\/2025\/07\/Agenda-do-Diretor-Geral-de-07-a-11-de-Julho-2025.pdf\">Agenda do Diretor Geral de 07 a 11 de Julho de 2025<\/a><\/li>\n<\/ul>\n\n\n\n<hr class=\"wp-block-separator has-alpha-channel-opacity\" \/>\n\n\n\n<ul>\n<li><a rel=\"noreferrer noopener\" href=\"https:\/\/www.ifbaiano.edu.br\/unidades\/bonfim\/files\/2025\/06\/Agenda-do-Diretor-Geral-de-30-de-Junho-a-04-de-Julho-2025.pdf\" target=\"_blank\">Agenda do Diretor-Geral de 30 de junho a 04 de julho de 2025<\/a><\/li>\n\n\n\n<li><a href=\"https:\/\/www.ifbaiano.edu.br\/unidades\/bonfim\/files\/2025\/06\/Agenda-do-Diretor-Geral-de-23-a-27-de-Junho-2025.1.pdf\" data-type=\"URL\" data-id=\"https:\/\/www.ifbaiano.edu.br\/unidades\/bonfim\/files\/2025\/06\/Agenda-do-Diretor-Geral-de-23-a-27-de-Junho-2025.1.pdf\">Agenda do Diretor Geral de 23 a 27 de Junho 2025<\/a><\/li>\n\n\n\n<li><a href=\"https:\/\/www.ifbaiano.edu.br\/unidades\/bonfim\/files\/2025\/06\/Agenda-do-Diretor-Geral-de-16-a-20-de-Jun-2025.1.pdf\" data-type=\"URL\" data-id=\"https:\/\/www.ifbaiano.edu.br\/unidades\/bonfim\/files\/2025\/06\/Agenda-do-Diretor-Geral-de-16-a-20-de-Jun-2025.1.pdf\">Agenda do Diretor Geral de 16 a 20 de Junho de 2025<\/a><\/li>\n\n\n\n<li><a rel=\"noreferrer noopener\" href=\"https:\/\/www.ifbaiano.edu.br\/unidades\/bonfim\/files\/2025\/06\/Agenda-do-Diretor-Geral-de-09-a-13-de-Jun-2025.pdf\" data-type=\"URL\" data-id=\"https:\/\/www.ifbaiano.edu.br\/unidades\/bonfim\/files\/2025\/06\/Agenda-do-Diretor-Geral-de-09-a-13-de-Jun-2025.pdf\" target=\"_blank\">Agenda do Diretor Geral de 09 a 13 de Junho de 2025<\/a><\/li>\n<\/ul>\n\n\n\n<hr class=\"wp-block-separator has-alpha-channel-opacity\" \/>\n\n\n\n<ul>\n<li><a href=\"https:\/\/www.ifbaiano.edu.br\/unidades\/bonfim\/files\/2025\/05\/Agenda-do-Diretor-Geral-de-26-a-30-de-Maio-2025.pdf\" data-type=\"URL\" data-id=\"https:\/\/www.ifbaiano.edu.br\/unidades\/bonfim\/files\/2025\/05\/Agenda-do-Diretor-Geral-de-26-a-30-de-Maio-2025.pdf\" target=\"_blank\" rel=\"noreferrer noopener\">Agenda do Diretor Geral de 26 a 30 de maio de 2025<\/a><\/li>\n\n\n\n<li><a href=\"https:\/\/www.ifbaiano.edu.br\/unidades\/bonfim\/files\/2025\/05\/Agenda-do-Diretor-Geral-de-19-a-23-de-Maio-2025.pdf\" data-type=\"URL\" data-id=\"https:\/\/www.ifbaiano.edu.br\/unidades\/bonfim\/files\/2025\/05\/Agenda-do-Diretor-Geral-de-19-a-23-de-Maio-2025.pdf\" target=\"_blank\" rel=\"noreferrer noopener\">Agenda do Diretor Geral de 19 a 23 de maio de 2025<\/a><\/li>\n\n\n\n<li><a rel=\"noreferrer noopener\" href=\"https:\/\/www.ifbaiano.edu.br\/unidades\/bonfim\/files\/2025\/05\/Agenda-do-Diretor-Geral-de-12-a-16-de-Maio-2025.pdf\" target=\"_blank\">Agenda do Diretor-Geral de 12 a 16 de maio de 2025<\/a><\/li>\n\n\n\n<li><a rel=\"noreferrer noopener\" href=\"https:\/\/www.ifbaiano.edu.br\/unidades\/bonfim\/files\/2025\/05\/Agenda-do-Diretor-Geral-de-05-a-09-de-Maio-2025.pdf\" target=\"_blank\">Agenda do Diretor-Geral de 05 a 09 de maio de 2025<\/a><\/li>\n\n\n\n<li><a href=\"https:\/\/www.ifbaiano.edu.br\/unidades\/bonfim\/files\/2025\/04\/Agenda-do-Diretor-Geral-de-28-de-Abril-a-02-de-Maio-2025.pdf\" target=\"_blank\" rel=\"noreferrer noopener\">Agenda do Diretor- Geral de 28 de abril a 02 de maio de 2025<\/a><\/li>\n<\/ul>\n\n\n\n<hr class=\"wp-block-separator has-alpha-channel-opacity\" \/>\n\n\n\n<ul>\n<li><a href=\"https:\/\/www.ifbaiano.edu.br\/unidades\/bonfim\/files\/2025\/04\/Agenda-do-Diretor-Geral-de-21-a-25-de-Abril-2025.pdf\">Agenda do Diretor-Geral de 21 a 25 de abril de 2025<\/a><\/li>\n\n\n\n<li><a rel=\"noreferrer noopener\" href=\"https:\/\/www.ifbaiano.edu.br\/unidades\/bonfim\/files\/2025\/04\/Agenda-do-Diretor-Geral-de-14-a-18-de-Abril-2025.pdf\" target=\"_blank\">Agenda do Diretor-Geral de 14 a 18 de abril de 2025<\/a><\/li>\n\n\n\n<li><a rel=\"noreferrer noopener\" href=\"https:\/\/www.ifbaiano.edu.br\/unidades\/bonfim\/files\/2025\/04\/Agenda-do-Diretor-Geral-de-07-a-11-de-Abril-2025.pdf\" target=\"_blank\">Agenda do Diretor-Geral de 07 a 11 de abril de 2025<\/a><\/li>\n\n\n\n<li><a href=\"https:\/\/www.ifbaiano.edu.br\/unidades\/bonfim\/files\/2025\/03\/Agenda-do-Diretor-Geral-de-31-de-Marco-a-04-de-Abril-2025.pdf\">Agenda do Diretor-Geral de 31 de mar\u00e7o a 04 de abril de 2025<\/a><\/li>\n<\/ul>\n\n\n\n<hr class=\"wp-block-separator has-alpha-channel-opacity\" \/>\n\n\n\n<ul>\n<li><a rel=\"noreferrer noopener\" href=\"https:\/\/www.ifbaiano.edu.br\/unidades\/bonfim\/files\/2025\/03\/Agenda-do-Diretor-Geral-de-24-a-28-de-Marco-2025.pdf\" target=\"_blank\">Agenda do Diretor-Geral de 24 a 28 de mar\u00e7o de 2025<\/a><\/li>\n\n\n\n<li><a rel=\"noreferrer noopener\" href=\"https:\/\/www.ifbaiano.edu.br\/unidades\/bonfim\/files\/2025\/03\/Agenda-do-Diretor-Geral-de-17-a-21-de-Marco-2025.pdf\" target=\"_blank\">Agenda do Diretor-Geral de 17 a 21 de mar\u00e7o de 2025<\/a><\/li>\n\n\n\n<li><a rel=\"noreferrer noopener\" href=\"https:\/\/www.ifbaiano.edu.br\/unidades\/bonfim\/files\/2025\/03\/Agenda-do-Diretor-Geral-de-10-a-14-de-Marco-2025.pdf\" target=\"_blank\">Agenda do Diretor-Geral de 10 a 14 de mar\u00e7o de 2025<\/a><\/li>\n\n\n\n<li><a rel=\"noreferrer noopener\" href=\"https:\/\/www.ifbaiano.edu.br\/unidades\/bonfim\/files\/2025\/02\/Agenda-do-Diretor-Geral-de-03-a-07-de-Marco-2025.pdf\" target=\"_blank\">Agenda do Diretor-Geral de 03 a 07 de mar\u00e7o de 2025<\/a><\/li>\n<\/ul>\n\n\n\n<hr class=\"wp-block-separator has-alpha-channel-opacity\" \/>\n\n\n\n<ul>\n<li><a rel=\"noreferrer noopener\" href=\"https:\/\/www.ifbaiano.edu.br\/unidades\/bonfim\/files\/2025\/02\/Agenda-do-Diretor-Geral-de-24-a-28-de-Fevereiro-2025.pdf\" target=\"_blank\">Agenda do Diretor-Geral de 24 a 28 de fevereiro de 2025<\/a><\/li>\n\n\n\n<li><a rel=\"noreferrer noopener\" href=\"https:\/\/www.ifbaiano.edu.br\/unidades\/bonfim\/files\/2025\/02\/Agenda-do-Diretor-Geral-de-17-a-21-de-Fevereiro-2025.pdf\" target=\"_blank\">Agenda do Diretor-Geral de 17 a 21 de fevereiro de 2025<\/a><\/li>\n\n\n\n<li><a href=\"https:\/\/www.ifbaiano.edu.br\/unidades\/bonfim\/files\/2025\/02\/Agenda-do-Diretor-Geral-de-10-a-14-de-Fevereiro-2025.pdf\">Agenda do Diretor-Geral de 10 a 14 de fevereiro de 2025<\/a><\/li>\n<\/ul>\n\n\n\n<hr class=\"wp-block-separator has-alpha-channel-opacity\" \/>\n\n\n\n<ul>\n<li><a href=\"https:\/\/www.ifbaiano.edu.br\/unidades\/bonfim\/files\/2025\/02\/Agenda-do-Diretor-Geral-de-03-a-07-de-Fevereiro-2025.pdf\">Agenda da Diretora-Geral Substituta de 03 a 07 de janeiro de 2025<\/a><\/li>\n\n\n\n<li><a href=\"https:\/\/www.ifbaiano.edu.br\/unidades\/bonfim\/files\/2025\/02\/Agenda-do-Diretor-Geral-de-27-a-31-de-Janeiro-2025.pdf\">Agenda da Diretora-Geral Substituta de 27 a 31 de janeiro de 2025<\/a><\/li>\n\n\n\n<li><a rel=\"noreferrer noopener\" href=\"https:\/\/www.ifbaiano.edu.br\/unidades\/bonfim\/files\/2025\/01\/Agenda-do-Diretor-Geral-de-20-a-24-de-Janeiro-2025-1.pdf\" target=\"_blank\">Agenda da Diretora-Geral Substituta de 20 a 24 de janeiro de 2025<\/a><\/li>\n\n\n\n<li><a href=\"https:\/\/www.ifbaiano.edu.br\/unidades\/bonfim\/files\/2025\/01\/Agenda-do-Diretor-Geral-de-13-a-17-de-Janeiro.pdf\">Agenda do Diretor-Geral de 13 a 17 de janeiro de 2025<\/a><\/li>\n\n\n\n<li><a rel=\"noreferrer noopener\" href=\"https:\/\/www.ifbaiano.edu.br\/unidades\/bonfim\/files\/2025\/01\/Agenda-do-Diretor-Geral-de-06-a-10-de-Janeiro.pdf\" target=\"_blank\">Agenda do Diretor-Geral de 06 a 10 de Janeiro de 2025<\/a><\/li>\n\n\n\n<li><a rel=\"noreferrer noopener\" href=\"https:\/\/www.ifbaiano.edu.br\/unidades\/bonfim\/files\/2025\/01\/Agenda-do-Diretor-Geral-de-30-de-Dezembro-a-03-de-Janeiro.pdf\" target=\"_blank\">Agenda do Diretor-Geral de 30 de dezembro a 03 de janeiro de 2025<\/a><\/li>\n<\/ul>\n","protected":false},"excerpt":{"rendered":"<p>A agenda poder\u00e1 sofrer altera\u00e7\u00f5es. O agendamento de compromissos para o diretor dever\u00e1ser realizado mediante consulta pr\u00e9via com a Chefia de Gabinete. Consulte as&nbsp;orienta\u00e7\u00f5es sobre a Agenda de Compromissos P\u00fablicos.<\/p>\n","protected":false},"author":158,"featured_media":0,"parent":0,"menu_order":0,"comment_status":"closed","ping_status":"closed","template":"","meta":[],"_links":{"self":[{"href":"https:\/\/www.ifbaiano.edu.br\/unidades\/bonfim\/wp-json\/wp\/v2\/pages\/20984"}],"collection":[{"href":"https:\/\/www.ifbaiano.edu.br\/unidades\/bonfim\/wp-json\/wp\/v2\/pages"}],"about":[{"href":"https:\/\/www.ifbaiano.edu.br\/unidades\/bonfim\/wp-json\/wp\/v2\/types\/page"}],"author":[{"embeddable":true,"href":"https:\/\/www.ifbaiano.edu.br\/unidades\/bonfim\/wp-json\/wp\/v2\/users\/158"}],"replies":[{"embeddable":true,"href":"https:\/\/www.ifbaiano.edu.br\/unidades\/bonfim\/wp-json\/wp\/v2\/comments?post=20984"}],"version-history":[{"count":42,"href":"https:\/\/www.ifbaiano.edu.br\/unidades\/bonfim\/wp-json\/wp\/v2\/pages\/20984\/revisions"}],"predecessor-version":[{"id":23187,"href":"https:\/\/www.ifbaiano.edu.br\/unidades\/bonfim\/wp-json\/wp\/v2\/pages\/20984\/revisions\/23187"}],"wp:attachment":[{"href":"https:\/\/www.ifbaiano.edu.br\/unidades\/bonfim\/wp-json\/wp\/v2\/media?parent=20984"}],"curies":[{"name":"wp","href":"https:\/\/api.w.org\/{rel}","templated":true}]}}