{"id":20995,"date":"2025-04-16T15:14:22","date_gmt":"2025-04-16T18:14:22","guid":{"rendered":"https:\/\/www.ifbaiano.edu.br\/unidades\/bonfim\/?page_id=20995"},"modified":"2026-01-19T07:24:01","modified_gmt":"2026-01-19T10:24:01","slug":"agenda-do-diretor-geral-2","status":"publish","type":"page","link":"https:\/\/www.ifbaiano.edu.br\/unidades\/bonfim\/agenda-do-diretor-geral-2\/","title":{"rendered":"Agenda do Diretor Geral"},"content":{"rendered":"\n<p><a href=\"https:\/\/www.ifbaiano.edu.br\/unidades\/bonfim\/files\/2021\/03\/orientacoes-agenda-de-compromissos-publicos-if-baiano.pdf\">Orienta\u00e7\u00f5es \u2013 Agenda de Compromissos P\u00fablicos<\/a>.<\/p>\n\n\n\n<p><a href=\"https:\/\/www.ifbaiano.edu.br\/unidades\/bonfim\/agenda-diretor-2018-2022\/\">Agenda do Diretor \u2013 Gest\u00e3o 2018 at\u00e9 2022<\/a><\/p>\n\n\n\n<hr class=\"wp-block-separator has-alpha-channel-opacity\" \/>\n\n\n\n<figure class=\"wp-block-pullquote is-style-default\"><blockquote><p><strong>Gest\u00e3o 2022-2026<\/strong><br><\/p><\/blockquote><\/figure>\n\n\n\n<div class=\"wp-block-columns is-layout-flex wp-container-2\">\n<div class=\"wp-block-column is-layout-flow\">\n<figure class=\"wp-block-image size-full is-resized\"><a href=\"https:\/\/www.ifbaiano.edu.br\/unidades\/bonfim\/agenda-do-diretor-geral-2026\/\"><img decoding=\"async\" loading=\"lazy\" src=\"https:\/\/www.ifbaiano.edu.br\/unidades\/bonfim\/files\/2025\/04\/7117-Calendario.webp\" alt=\"\" class=\"wp-image-20996\" width=\"79\" height=\"80\" srcset=\"https:\/\/www.ifbaiano.edu.br\/unidades\/bonfim\/files\/2025\/04\/7117-Calendario.webp 625w, https:\/\/www.ifbaiano.edu.br\/unidades\/bonfim\/files\/2025\/04\/7117-Calendario-300x300.webp 300w, https:\/\/www.ifbaiano.edu.br\/unidades\/bonfim\/files\/2025\/04\/7117-Calendario-150x150.webp 150w, https:\/\/www.ifbaiano.edu.br\/unidades\/bonfim\/files\/2025\/04\/7117-Calendario-100x100.webp 100w\" sizes=\"(max-width: 79px) 100vw, 79px\" \/><\/a><\/figure>\n\n\n\n<p class=\"has-medium-font-size\"><strong>2026<\/strong><\/p>\n<\/div>\n<\/div>\n\n\n\n<div class=\"wp-block-columns is-layout-flex wp-container-6\">\n<div class=\"wp-block-column is-layout-flow\">\n<figure class=\"wp-block-image size-full is-resized\"><a href=\"https:\/\/www.ifbaiano.edu.br\/unidades\/bonfim\/agenda-do-diretor-geral-2025\/\"><img decoding=\"async\" loading=\"lazy\" src=\"https:\/\/www.ifbaiano.edu.br\/unidades\/bonfim\/files\/2025\/04\/7117-Calendario.webp\" alt=\"\" class=\"wp-image-20996\" width=\"79\" height=\"80\" srcset=\"https:\/\/www.ifbaiano.edu.br\/unidades\/bonfim\/files\/2025\/04\/7117-Calendario.webp 625w, https:\/\/www.ifbaiano.edu.br\/unidades\/bonfim\/files\/2025\/04\/7117-Calendario-300x300.webp 300w, https:\/\/www.ifbaiano.edu.br\/unidades\/bonfim\/files\/2025\/04\/7117-Calendario-150x150.webp 150w, https:\/\/www.ifbaiano.edu.br\/unidades\/bonfim\/files\/2025\/04\/7117-Calendario-100x100.webp 100w\" sizes=\"(max-width: 79px) 100vw, 79px\" \/><\/a><\/figure>\n\n\n\n<p class=\"has-medium-font-size\"><strong>2025<\/strong><\/p>\n<\/div>\n\n\n\n<div class=\"wp-block-column is-layout-flow\">\n<figure class=\"wp-block-image size-full is-resized\"><a href=\"https:\/\/www.ifbaiano.edu.br\/unidades\/bonfim\/agenda-do-diretor-geral-2024\/\"><img decoding=\"async\" loading=\"lazy\" src=\"https:\/\/www.ifbaiano.edu.br\/unidades\/bonfim\/files\/2025\/04\/7117-Calendario.webp\" alt=\"\" class=\"wp-image-20996\" width=\"80\" height=\"81\" srcset=\"https:\/\/www.ifbaiano.edu.br\/unidades\/bonfim\/files\/2025\/04\/7117-Calendario.webp 625w, https:\/\/www.ifbaiano.edu.br\/unidades\/bonfim\/files\/2025\/04\/7117-Calendario-300x300.webp 300w, https:\/\/www.ifbaiano.edu.br\/unidades\/bonfim\/files\/2025\/04\/7117-Calendario-150x150.webp 150w, https:\/\/www.ifbaiano.edu.br\/unidades\/bonfim\/files\/2025\/04\/7117-Calendario-100x100.webp 100w\" sizes=\"(max-width: 80px) 100vw, 80px\" \/><\/a><\/figure>\n\n\n\n<p class=\"has-medium-font-size\"><strong>2024<\/strong><\/p>\n<\/div>\n\n\n\n<div class=\"wp-block-column is-layout-flow\">\n<figure class=\"wp-block-image size-full is-resized\"><a href=\"https:\/\/www.ifbaiano.edu.br\/unidades\/bonfim\/agenda-do-diretor-geral-2023\/\"><img decoding=\"async\" loading=\"lazy\" src=\"https:\/\/www.ifbaiano.edu.br\/unidades\/bonfim\/files\/2025\/04\/7117-Calendario.webp\" alt=\"\" class=\"wp-image-20996\" width=\"80\" height=\"81\" srcset=\"https:\/\/www.ifbaiano.edu.br\/unidades\/bonfim\/files\/2025\/04\/7117-Calendario.webp 625w, https:\/\/www.ifbaiano.edu.br\/unidades\/bonfim\/files\/2025\/04\/7117-Calendario-300x300.webp 300w, https:\/\/www.ifbaiano.edu.br\/unidades\/bonfim\/files\/2025\/04\/7117-Calendario-150x150.webp 150w, https:\/\/www.ifbaiano.edu.br\/unidades\/bonfim\/files\/2025\/04\/7117-Calendario-100x100.webp 100w\" sizes=\"(max-width: 80px) 100vw, 80px\" \/><\/a><\/figure>\n\n\n\n<p class=\"has-medium-font-size\"><strong>2023<\/strong><\/p>\n<\/div>\n<\/div>\n\n\n\n<div class=\"wp-block-columns is-layout-flex wp-container-8\">\n<div class=\"wp-block-column is-layout-flow\">\n<figure class=\"wp-block-image size-full is-resized\"><a href=\"https:\/\/www.ifbaiano.edu.br\/unidades\/bonfim\/agenda-do-diretor-geral-2022\/\"><img decoding=\"async\" loading=\"lazy\" src=\"https:\/\/www.ifbaiano.edu.br\/unidades\/bonfim\/files\/2025\/04\/7117-Calendario.webp\" alt=\"\" class=\"wp-image-20996\" width=\"73\" height=\"74\" srcset=\"https:\/\/www.ifbaiano.edu.br\/unidades\/bonfim\/files\/2025\/04\/7117-Calendario.webp 625w, https:\/\/www.ifbaiano.edu.br\/unidades\/bonfim\/files\/2025\/04\/7117-Calendario-300x300.webp 300w, https:\/\/www.ifbaiano.edu.br\/unidades\/bonfim\/files\/2025\/04\/7117-Calendario-150x150.webp 150w, https:\/\/www.ifbaiano.edu.br\/unidades\/bonfim\/files\/2025\/04\/7117-Calendario-100x100.webp 100w\" sizes=\"(max-width: 73px) 100vw, 73px\" \/><\/a><\/figure>\n\n\n\n<p class=\"has-medium-font-size\"><strong>2022<\/strong><\/p>\n<\/div>\n<\/div>\n\n\n\n<hr class=\"wp-block-separator has-alpha-channel-opacity\" \/>\n","protected":false},"excerpt":{"rendered":"<p>Orienta\u00e7\u00f5es \u2013 Agenda de Compromissos P\u00fablicos. Agenda do Diretor \u2013 Gest\u00e3o 2018 at\u00e9 2022 Gest\u00e3o 2022-2026 2026 2025 2024 2023 2022<\/p>\n","protected":false},"author":158,"featured_media":0,"parent":0,"menu_order":0,"comment_status":"closed","ping_status":"closed","template":"","meta":[],"_links":{"self":[{"href":"https:\/\/www.ifbaiano.edu.br\/unidades\/bonfim\/wp-json\/wp\/v2\/pages\/20995"}],"collection":[{"href":"https:\/\/www.ifbaiano.edu.br\/unidades\/bonfim\/wp-json\/wp\/v2\/pages"}],"about":[{"href":"https:\/\/www.ifbaiano.edu.br\/unidades\/bonfim\/wp-json\/wp\/v2\/types\/page"}],"author":[{"embeddable":true,"href":"https:\/\/www.ifbaiano.edu.br\/unidades\/bonfim\/wp-json\/wp\/v2\/users\/158"}],"replies":[{"embeddable":true,"href":"https:\/\/www.ifbaiano.edu.br\/unidades\/bonfim\/wp-json\/wp\/v2\/comments?post=20995"}],"version-history":[{"count":14,"href":"https:\/\/www.ifbaiano.edu.br\/unidades\/bonfim\/wp-json\/wp\/v2\/pages\/20995\/revisions"}],"predecessor-version":[{"id":23258,"href":"https:\/\/www.ifbaiano.edu.br\/unidades\/bonfim\/wp-json\/wp\/v2\/pages\/20995\/revisions\/23258"}],"wp:attachment":[{"href":"https:\/\/www.ifbaiano.edu.br\/unidades\/bonfim\/wp-json\/wp\/v2\/media?parent=20995"}],"curies":[{"name":"wp","href":"https:\/\/api.w.org\/{rel}","templated":true}]}}