{"id":21047,"date":"2025-04-22T14:33:25","date_gmt":"2025-04-22T17:33:25","guid":{"rendered":"https:\/\/www.ifbaiano.edu.br\/unidades\/bonfim\/?page_id=21047"},"modified":"2025-05-16T15:59:06","modified_gmt":"2025-05-16T18:59:06","slug":"processo-seletivo-simplificado-2025","status":"publish","type":"page","link":"https:\/\/www.ifbaiano.edu.br\/unidades\/bonfim\/processo-seletivo-simplificado-2025\/","title":{"rendered":"PROCESSO SELETIVO SIMPLIFICADO 2025"},"content":{"rendered":"\n<strong><div id=\"TituloMenu\" class=\"dnone\"> editais fixados<\/div> <\/strong><\/p><p>\n\n\n\n<p><a href=\"https:\/\/www.ifbaiano.edu.br\/unidades\/bonfim\/processo-seletivo-para-monitoria-academica-remunerada\/\" data-type=\"URL\" data-id=\"https:\/\/www.ifbaiano.edu.br\/unidades\/bonfim\/processo-seletivo-para-monitoria-academica-remunerada\/\" target=\"_blank\" rel=\"noreferrer noopener\"><strong>Monitoria Acad\u00eamica Remunerada<\/strong><\/a><\/p>\n\n\n\n<hr class=\"wp-block-separator has-alpha-channel-opacity\" \/>\n\n\n\n<p><a href=\"https:\/\/www.ifbaiano.edu.br\/unidades\/bonfim\/selecao-de-estagiario-de-nivel-superior-2025\/\" data-type=\"URL\" data-id=\"https:\/\/www.ifbaiano.edu.br\/unidades\/bonfim\/selecao-de-estagiario-de-nivel-superior-2025\/\" target=\"_blank\" rel=\"noreferrer noopener\"><strong>Estagi\u00e1rio de N\u00edvel Superior<\/strong><\/a><\/p>\n\n\n\n<hr class=\"wp-block-separator has-alpha-channel-opacity\" \/>\n\n\n\n<p><strong><a href=\"https:\/\/www.ifbaiano.edu.br\/unidades\/bonfim\/processo-seletivo-simplificado-para-professor-substituto-de-musica\/\" data-type=\"URL\" data-id=\"https:\/\/www.ifbaiano.edu.br\/unidades\/bonfim\/processo-seletivo-simplificado-para-professor-substituto-de-musica\/\">Professor Substituto de M\u00fasica<\/a><\/strong><\/p>\n","protected":false},"excerpt":{"rendered":"<p>editais fixados Monitoria Acad\u00eamica Remunerada Estagi\u00e1rio de N\u00edvel Superior Professor Substituto de M\u00fasica<\/p>\n","protected":false},"author":158,"featured_media":0,"parent":0,"menu_order":0,"comment_status":"closed","ping_status":"closed","template":"","meta":[],"_links":{"self":[{"href":"https:\/\/www.ifbaiano.edu.br\/unidades\/bonfim\/wp-json\/wp\/v2\/pages\/21047"}],"collection":[{"href":"https:\/\/www.ifbaiano.edu.br\/unidades\/bonfim\/wp-json\/wp\/v2\/pages"}],"about":[{"href":"https:\/\/www.ifbaiano.edu.br\/unidades\/bonfim\/wp-json\/wp\/v2\/types\/page"}],"author":[{"embeddable":true,"href":"https:\/\/www.ifbaiano.edu.br\/unidades\/bonfim\/wp-json\/wp\/v2\/users\/158"}],"replies":[{"embeddable":true,"href":"https:\/\/www.ifbaiano.edu.br\/unidades\/bonfim\/wp-json\/wp\/v2\/comments?post=21047"}],"version-history":[{"count":9,"href":"https:\/\/www.ifbaiano.edu.br\/unidades\/bonfim\/wp-json\/wp\/v2\/pages\/21047\/revisions"}],"predecessor-version":[{"id":21773,"href":"https:\/\/www.ifbaiano.edu.br\/unidades\/bonfim\/wp-json\/wp\/v2\/pages\/21047\/revisions\/21773"}],"wp:attachment":[{"href":"https:\/\/www.ifbaiano.edu.br\/unidades\/bonfim\/wp-json\/wp\/v2\/media?parent=21047"}],"curies":[{"name":"wp","href":"https:\/\/api.w.org\/{rel}","templated":true}]}}