{"id":21086,"date":"2025-04-23T08:07:08","date_gmt":"2025-04-23T11:07:08","guid":{"rendered":"https:\/\/www.ifbaiano.edu.br\/unidades\/bonfim\/?page_id=21086"},"modified":"2025-08-27T18:37:20","modified_gmt":"2025-08-27T21:37:20","slug":"rocessos-seletivos-para-ingresso-de-estudantes-nos-cursos-da-educacao-profissional-tecnica-de-nivel-medio-na-forma-subsequente-ao-ensino-medio-modalidade-presencial","status":"publish","type":"page","link":"https:\/\/www.ifbaiano.edu.br\/unidades\/bonfim\/rocessos-seletivos-para-ingresso-de-estudantes-nos-cursos-da-educacao-profissional-tecnica-de-nivel-medio-na-forma-subsequente-ao-ensino-medio-modalidade-presencial\/","title":{"rendered":"PROCESSOS SELETIVOS PARA INGRESSO DE ESTUDANTES NOS CURSOS DA EDUCA\u00c7\u00c3O PROFISSIONAL T\u00c9CNICA DE N\u00cdVEL M\u00c9DIO NA FORMA\u00a0SUBSEQUENTE AO ENSINO M\u00c9DIO \u2013 MODALIDADE PRESENCIAL"},"content":{"rendered":"\n<p>O DIRETOR-GERAL DO INSTITUTO FEDERAL DE EDUCA\u00c7\u00c3O, CI\u00caNCIA E TECNOLOGIA BAIANO (IF BAIANO) CAMPUS SENHOR DO BONFIM, no uso de suas atribui\u00e7\u00f5es, , torna p\u00fablica a abertura de inscri\u00e7\u00f5es no processo de ingresso de estudantes nos cursos da Educa\u00e7\u00e3o Profissional T\u00e9cnica de N\u00edvel M\u00e9dio Subsequente, na modalidade presencial, no Campus Senhor do Bonfim, conforme o n\u00famero de vagas e os cursos relacionados no Quadro 2 do subitem 2.2 dos editais abeixo.<\/p>\n\n\n\n<hr class=\"wp-block-separator has-alpha-channel-opacity\" \/>\n\n\n\n<p class=\"has-small-font-size\"><mark style=\"background-color:#fcb900\" class=\"has-inline-color\">Editais e Documentos<\/mark><\/p>\n\n\n\n<p><a href=\"https:\/\/www.ifbaiano.edu.br\/unidades\/bonfim\/subsequente-ao-ensino-medio-modalidade-presencial-2026\/\" data-type=\"URL\" data-id=\"https:\/\/www.ifbaiano.edu.br\/unidades\/bonfim\/subsequente-ao-ensino-medio-modalidade-presencial-2026\/\">2026<\/a><\/p>\n\n\n\n<p><a href=\"https:\/\/www.ifbaiano.edu.br\/unidades\/bonfim\/subsequente-ao-ensino-medio-modalidade-presencial-2025-2\/\" data-type=\"URL\" data-id=\"https:\/\/www.ifbaiano.edu.br\/unidades\/bonfim\/subsequente-ao-ensino-medio-modalidade-presencial-2025-2\/\" target=\"_blank\" rel=\"noreferrer noopener\">2025.2<\/a><\/p>\n\n\n\n<p><a href=\"https:\/\/www.ifbaiano.edu.br\/unidades\/bonfim\/subsequente-ao-ensino-medio-modalidade-presencial-2025\/\" data-type=\"URL\" data-id=\"https:\/\/www.ifbaiano.edu.br\/unidades\/bonfim\/subsequente-ao-ensino-medio-modalidade-presencial-2025\/\">2025<\/a><\/p>\n\n\n\n<p><a href=\"https:\/\/www.ifbaiano.edu.br\/unidades\/bonfim\/subsequente-ao-ensino-medio-modalidade-presencial-2024\/\" data-type=\"URL\" data-id=\"https:\/\/www.ifbaiano.edu.br\/unidades\/bonfim\/subsequente-ao-ensino-medio-modalidade-presencial-2024\/\">2024<\/a><\/p>\n\n\n\n<p><a href=\"https:\/\/www.ifbaiano.edu.br\/unidades\/bonfim\/prosel2023-subsequente\/\" data-type=\"URL\" data-id=\"https:\/\/www.ifbaiano.edu.br\/unidades\/bonfim\/prosel2023-subsequente\/\">2023<\/a><\/p>\n","protected":false},"excerpt":{"rendered":"<p>O DIRETOR-GERAL DO INSTITUTO FEDERAL DE EDUCA\u00c7\u00c3O, CI\u00caNCIA E TECNOLOGIA BAIANO (IF BAIANO) CAMPUS SENHOR DO BONFIM, no uso de suas atribui\u00e7\u00f5es, , torna p\u00fablica a abertura de inscri\u00e7\u00f5es no processo de ingresso de estudantes nos cursos da Educa\u00e7\u00e3o Profissional T\u00e9cnica de N\u00edvel M\u00e9dio Subsequente, na modalidade presencial, no Campus Senhor do Bonfim, conforme o [&hellip;]<\/p>\n","protected":false},"author":158,"featured_media":0,"parent":0,"menu_order":0,"comment_status":"closed","ping_status":"closed","template":"","meta":[],"_links":{"self":[{"href":"https:\/\/www.ifbaiano.edu.br\/unidades\/bonfim\/wp-json\/wp\/v2\/pages\/21086"}],"collection":[{"href":"https:\/\/www.ifbaiano.edu.br\/unidades\/bonfim\/wp-json\/wp\/v2\/pages"}],"about":[{"href":"https:\/\/www.ifbaiano.edu.br\/unidades\/bonfim\/wp-json\/wp\/v2\/types\/page"}],"author":[{"embeddable":true,"href":"https:\/\/www.ifbaiano.edu.br\/unidades\/bonfim\/wp-json\/wp\/v2\/users\/158"}],"replies":[{"embeddable":true,"href":"https:\/\/www.ifbaiano.edu.br\/unidades\/bonfim\/wp-json\/wp\/v2\/comments?post=21086"}],"version-history":[{"count":6,"href":"https:\/\/www.ifbaiano.edu.br\/unidades\/bonfim\/wp-json\/wp\/v2\/pages\/21086\/revisions"}],"predecessor-version":[{"id":22377,"href":"https:\/\/www.ifbaiano.edu.br\/unidades\/bonfim\/wp-json\/wp\/v2\/pages\/21086\/revisions\/22377"}],"wp:attachment":[{"href":"https:\/\/www.ifbaiano.edu.br\/unidades\/bonfim\/wp-json\/wp\/v2\/media?parent=21086"}],"curies":[{"name":"wp","href":"https:\/\/api.w.org\/{rel}","templated":true}]}}