{"id":21294,"date":"2025-05-05T08:33:59","date_gmt":"2025-05-05T11:33:59","guid":{"rendered":"https:\/\/www.ifbaiano.edu.br\/unidades\/bonfim\/?page_id=21294"},"modified":"2025-10-14T17:54:43","modified_gmt":"2025-10-14T20:54:43","slug":"bacharelado-em-administracao-2","status":"publish","type":"page","link":"https:\/\/www.ifbaiano.edu.br\/unidades\/bonfim\/bacharelado-em-administracao-2\/","title":{"rendered":"Bacharelado em Administra\u00e7\u00e3o"},"content":{"rendered":"\n<hr class=\"wp-block-separator has-alpha-channel-opacity\" \/>\n\n\n\n<p>O DIRETOR-GERAL DO INSTITUTO FEDERAL DE EDUCA\u00c7\u00c3O, CI\u00caNCIA E TECNOLOGIA BAIANO \u2013 CAMPUS SENHOR DO BONFIM, no uso de suas atribui\u00e7\u00f5es delegadas pela Portaria n\u00b0 283 de 18 de mar\u00e7o de 2022. Publicada no Di\u00e1rio Oficial de Uni\u00e3o do dia 21 de mar\u00e7o de 2022. Se\u00e7\u00e3o 2. p\u00e1gina 54, e de acordo com as disposi\u00e7\u00f5es contidas na Lei n\u00b0 11.892, de 29\/12\/2008, e na Lei n\u00b0 8.112, de 11\/12\/1990, no Regimento Geral do IF Baiano e na Portaria Normativa 13\/2022 \u2013 RETGAB\/RET\/IFBAIANO, de 11 de mar\u00e7o de 2022, torna p\u00fablico o presente Edital, para preenchimento de vagas no curso de Gradua\u00e7\u00e3o em Bacharelado em Administra\u00e7\u00e3o ofertado pelo IF Baiano Campus Senhor do Bonfim.<\/p>\n\n\n\n<hr class=\"wp-block-separator has-alpha-channel-opacity\" \/>\n\n\n\n<p class=\"has-small-font-size\"><mark style=\"background-color:#fcb900\" class=\"has-inline-color\">Editais e Documentos<\/mark><\/p>\n\n\n\n<p style=\"font-size:18px\"><a href=\"https:\/\/www.ifbaiano.edu.br\/unidades\/bonfim\/bacharelado-em-administracao-e-licenciatura-em-quimica-2026\/\" data-type=\"URL\" data-id=\"https:\/\/www.ifbaiano.edu.br\/unidades\/bonfim\/bacharelado-em-administracao-e-licenciatura-em-quimica-2026\/\">2026<\/a><\/p>\n\n\n\n<p style=\"font-size:18px\"><a href=\"https:\/\/www.ifbaiano.edu.br\/unidades\/bonfim\/bacharelado-em-administracao-2025\/\" data-type=\"URL\" data-id=\"https:\/\/www.ifbaiano.edu.br\/unidades\/bonfim\/bacharelado-em-administracao-2025\/\">2025<\/a><\/p>\n","protected":false},"excerpt":{"rendered":"<p>O DIRETOR-GERAL DO INSTITUTO FEDERAL DE EDUCA\u00c7\u00c3O, CI\u00caNCIA E TECNOLOGIA BAIANO \u2013 CAMPUS SENHOR DO BONFIM, no uso de suas atribui\u00e7\u00f5es delegadas pela Portaria n\u00b0 283 de 18 de mar\u00e7o de 2022. Publicada no Di\u00e1rio Oficial de Uni\u00e3o do dia 21 de mar\u00e7o de 2022. Se\u00e7\u00e3o 2. p\u00e1gina 54, e de acordo com as disposi\u00e7\u00f5es [&hellip;]<\/p>\n","protected":false},"author":158,"featured_media":0,"parent":0,"menu_order":0,"comment_status":"closed","ping_status":"closed","template":"","meta":[],"_links":{"self":[{"href":"https:\/\/www.ifbaiano.edu.br\/unidades\/bonfim\/wp-json\/wp\/v2\/pages\/21294"}],"collection":[{"href":"https:\/\/www.ifbaiano.edu.br\/unidades\/bonfim\/wp-json\/wp\/v2\/pages"}],"about":[{"href":"https:\/\/www.ifbaiano.edu.br\/unidades\/bonfim\/wp-json\/wp\/v2\/types\/page"}],"author":[{"embeddable":true,"href":"https:\/\/www.ifbaiano.edu.br\/unidades\/bonfim\/wp-json\/wp\/v2\/users\/158"}],"replies":[{"embeddable":true,"href":"https:\/\/www.ifbaiano.edu.br\/unidades\/bonfim\/wp-json\/wp\/v2\/comments?post=21294"}],"version-history":[{"count":5,"href":"https:\/\/www.ifbaiano.edu.br\/unidades\/bonfim\/wp-json\/wp\/v2\/pages\/21294\/revisions"}],"predecessor-version":[{"id":22679,"href":"https:\/\/www.ifbaiano.edu.br\/unidades\/bonfim\/wp-json\/wp\/v2\/pages\/21294\/revisions\/22679"}],"wp:attachment":[{"href":"https:\/\/www.ifbaiano.edu.br\/unidades\/bonfim\/wp-json\/wp\/v2\/media?parent=21294"}],"curies":[{"name":"wp","href":"https:\/\/api.w.org\/{rel}","templated":true}]}}