{"id":21348,"date":"2025-05-05T14:08:02","date_gmt":"2025-05-05T17:08:02","guid":{"rendered":"https:\/\/www.ifbaiano.edu.br\/unidades\/bonfim\/?page_id=21348"},"modified":"2025-05-20T08:31:00","modified_gmt":"2025-05-20T11:31:00","slug":"processo-seletivo-simplificado-para-professor-substituto-de-musica","status":"publish","type":"page","link":"https:\/\/www.ifbaiano.edu.br\/unidades\/bonfim\/processo-seletivo-simplificado-para-professor-substituto-de-musica\/","title":{"rendered":"PROCESSO SELETIVO SIMPLIFICADO PARA PROFESSOR SUBSTITUTO DE M\u00daSICA"},"content":{"rendered":"\n<p>O REITOR DO INSTITUTO FEDERAL DE EDUCA\u00c7\u00c3O, CI\u00caNCIA E TECNOLOGIA BAIANO , no uso das suas<br>atribui\u00e7\u00f5es delegadas pelo Decreto de 26\/04\/2022, publicado no DOU de 27\/04\/2022, Se\u00e7\u00e3o 2, p\u00e1gina 1, e de acordo com as disposi\u00e7\u00f5es contidas na Lei n\u00ba 11.892, de 29\/12\/2008 e Lei n\u00ba 8.112\/90, e de acordo com o disposto no artigo 37, inciso IX da Constitui\u00e7\u00e3o Federal, dos preceitos espec\u00edficos da Lei n\u00ba 8.745, de 09.12.93 (DOU de 10\/12\/93) com suas altera\u00e7\u00f5es e do disposto no artigo 07, inciso II do Decreto n\u00ba 7.312, de 22.09.10 (DOU de 23\/09\/10), torna p\u00fablica a realiza\u00e7\u00e3o de Processo Seletivo Simplificado, dirigido \u00e0 contrata\u00e7\u00e3o, por tempo determinado, de Professor Substituto &#8211; \u00e1rea de M\u00fasica, conforme condi\u00e7\u00f5es estabelecidas neste Edital.<\/p>\n\n\n\n<p>LISTA DE CLASSIFICADOS PARA PROVA DE DESEMPENHO DID\u00c1TICO<\/p>\n\n\n\n<strong><div id=\"TituloMenu\" class=\"dnone\"> Edital e Documentos <\/div> <\/strong><\/p><p>\n\n\n\n<ul>\n<li><a href=\"https:\/\/www.ifbaiano.edu.br\/unidades\/bonfim\/files\/2025\/05\/Resultado-Final-da-prova-desempenho-didatico-e-da-prova-de-titulos-edital-no-80_2025.docx.pdf\" data-type=\"URL\" data-id=\"https:\/\/www.ifbaiano.edu.br\/unidades\/bonfim\/files\/2025\/05\/Resultado-Final-da-prova-desempenho-didatico-e-da-prova-de-titulos-edital-no-80_2025.docx.pdf\" target=\"_blank\" rel=\"noreferrer noopener\">LISTA FINAL DE APROVADOS PARA PROVA DE DESEMPENHO DID\u00c1TICO E T\u00cdTULOS<\/a><\/li>\n\n\n\n<li><a rel=\"noreferrer noopener\" href=\"https:\/\/www.ifbaiano.edu.br\/unidades\/bonfim\/files\/2025\/05\/Divulgacao-do-julgamento-da-interposicao-de-recursos-do-resultado-preliminar-prof.-substituto.pdf\" data-type=\"URL\" data-id=\"https:\/\/www.ifbaiano.edu.br\/unidades\/bonfim\/files\/2025\/05\/Divulgacao-do-julgamento-da-interposicao-de-recursos-do-resultado-preliminar-prof.-substituto.pdf\" target=\"_blank\">Julgamento de Interposi\u00e7\u00e3o de Recursos do Resultado Preliminar da Prova de Desempenho Did\u00e1tico<\/a><\/li>\n\n\n\n<li><a rel=\"noreferrer noopener\" href=\"https:\/\/www.ifbaiano.edu.br\/unidades\/bonfim\/files\/2025\/05\/Resultado-preliminar-da-prova-desempenho-didatico-e-da-prova-de-titulos-edital-no-80_2025.docx.pdf\" data-type=\"URL\" data-id=\"https:\/\/www.ifbaiano.edu.br\/unidades\/bonfim\/files\/2025\/05\/Resultado-preliminar-da-prova-desempenho-didatico-e-da-prova-de-titulos-edital-no-80_2025.docx.pdf\" target=\"_blank\">LISTA PRELIMINAR DE APROVADOS PARA PROVA DE DESEMPENHO DID\u00c1TICO E T\u00cdTULOS<\/a><\/li>\n\n\n\n<li><a href=\"https:\/\/www.ifbaiano.edu.br\/unidades\/bonfim\/files\/2025\/05\/Lista-de-classificadosas-para-prova-desempenho-didatico-edital-no-80_2025.docx.pdf\">L<\/a><a href=\"https:\/\/www.ifbaiano.edu.br\/unidades\/bonfim\/files\/2025\/05\/Lista-de-classificadosas-para-prova-desempenho-didatico-edital-no-80_2025.pdf\" target=\"_blank\" rel=\"noreferrer noopener\">ISTA DE CLASSIFICADOS PARA PROVA DE DESEMPENHO DID\u00c1TICO<\/a><\/li>\n\n\n\n<li><a href=\"https:\/\/www.ifbaiano.edu.br\/unidades\/bonfim\/files\/2025\/05\/Tabela-de-horarios-do-sorteio-dos-temas-para-prova-didatica-edital-no-80_2025.pdf\" data-type=\"URL\" data-id=\"https:\/\/www.ifbaiano.edu.br\/unidades\/bonfim\/files\/2025\/05\/Tabela-de-horarios-do-sorteio-dos-temas-para-prova-didatica-edital-no-80_2025.pdf\" target=\"_blank\" rel=\"noreferrer noopener\">TABELA DE HOR\u00c1RIOS DO SORTEIO DOS TEMAS PARA PROVA DID\u00c1TICA<\/a><\/li>\n\n\n\n<li><a href=\"https:\/\/www.ifbaiano.edu.br\/unidades\/bonfim\/files\/2025\/05\/Lista-de-inscritos-pos-recursos-edital-no-80_2025.docx.pdf\" data-type=\"URL\" data-id=\"https:\/\/www.ifbaiano.edu.br\/unidades\/bonfim\/files\/2025\/05\/Lista-de-inscritos-pos-recursos-edital-no-80_2025.docx.pdf\" target=\"_blank\" rel=\"noreferrer noopener\">Lista de Inscritos P\u00f3s Recursos<\/a><\/li>\n\n\n\n<li><a rel=\"noreferrer noopener\" href=\"https:\/\/concurso.ifbaiano.edu.br\/portal\/substituto-bonfim-abril-2025\/wp-content\/uploads\/sites\/1185\/2025\/05\/Lista-de-inscritos-edital-no-80_2025.docx.pdf\" target=\"_blank\">Lista de Inscritos<\/a><\/li>\n\n\n\n<li><a rel=\"noreferrer noopener\" href=\"https:\/\/concurso.ifbaiano.edu.br\/portal\/substituto-bonfim-abril-2025\/wp-content\/uploads\/sites\/1185\/2025\/05\/Formulario-de-interposicao-de-recurso-professor-substituto.pdf\" target=\"_blank\">Formul\u00e1rio de Interposi\u00e7\u00e3o de Recurso<\/a><\/li>\n\n\n\n<li><a rel=\"noreferrer noopener\" href=\"https:\/\/concurso.ifbaiano.edu.br\/portal\/substituto-bonfim-abril-2025\/wp-content\/uploads\/sites\/1185\/2025\/05\/Cronograma-selecao-professor-substituto.pdf\" target=\"_blank\">Cronograma<\/a><\/li>\n\n\n\n<li><a rel=\"noreferrer noopener\" href=\"https:\/\/concurso.ifbaiano.edu.br\/portal\/substituto-bonfim-abril-2025\/wp-content\/uploads\/sites\/1185\/2025\/04\/Comunicado-Processo-Seletivo-2025.docx.pdf\" target=\"_blank\">Comunicado Processo Seletivo 2025<\/a><\/li>\n\n\n\n<li><a rel=\"noreferrer noopener\" href=\"https:\/\/concurso.ifbaiano.edu.br\/portal\/substituto-bonfim-abril-2025\/wp-content\/uploads\/sites\/1185\/2025\/04\/Divulgacao-de-julgamento-das-impugnacoes-ao-edital.docx.pdf\" target=\"_blank\">Resultado do julgamento das impugna\u00e7\u00f5es ao Edital n\u00ba 80<\/a><\/li>\n\n\n\n<li><a href=\"https:\/\/www.ifbaiano.edu.br\/unidades\/bonfim\/2025\/04\/16\/selecao-para-professor-substituto-de-musica-para-o-if-baiano-campus-senhor-do-bonfim\/\" target=\"_blank\" rel=\"noreferrer noopener\">PROCESSO SELETIVO SIMPLIFICADO PARA PROFESSOR SUBSTITUTO DE M\u00daSICA<\/a><\/li>\n<\/ul>\n","protected":false},"excerpt":{"rendered":"<p>O REITOR DO INSTITUTO FEDERAL DE EDUCA\u00c7\u00c3O, CI\u00caNCIA E TECNOLOGIA BAIANO , no uso das suasatribui\u00e7\u00f5es delegadas pelo Decreto de 26\/04\/2022, publicado no DOU de 27\/04\/2022, Se\u00e7\u00e3o 2, p\u00e1gina 1, e de acordo com as disposi\u00e7\u00f5es contidas na Lei n\u00ba 11.892, de 29\/12\/2008 e Lei n\u00ba 8.112\/90, e de acordo com o disposto no artigo [&hellip;]<\/p>\n","protected":false},"author":158,"featured_media":0,"parent":0,"menu_order":0,"comment_status":"closed","ping_status":"closed","template":"","meta":[],"_links":{"self":[{"href":"https:\/\/www.ifbaiano.edu.br\/unidades\/bonfim\/wp-json\/wp\/v2\/pages\/21348"}],"collection":[{"href":"https:\/\/www.ifbaiano.edu.br\/unidades\/bonfim\/wp-json\/wp\/v2\/pages"}],"about":[{"href":"https:\/\/www.ifbaiano.edu.br\/unidades\/bonfim\/wp-json\/wp\/v2\/types\/page"}],"author":[{"embeddable":true,"href":"https:\/\/www.ifbaiano.edu.br\/unidades\/bonfim\/wp-json\/wp\/v2\/users\/158"}],"replies":[{"embeddable":true,"href":"https:\/\/www.ifbaiano.edu.br\/unidades\/bonfim\/wp-json\/wp\/v2\/comments?post=21348"}],"version-history":[{"count":17,"href":"https:\/\/www.ifbaiano.edu.br\/unidades\/bonfim\/wp-json\/wp\/v2\/pages\/21348\/revisions"}],"predecessor-version":[{"id":21801,"href":"https:\/\/www.ifbaiano.edu.br\/unidades\/bonfim\/wp-json\/wp\/v2\/pages\/21348\/revisions\/21801"}],"wp:attachment":[{"href":"https:\/\/www.ifbaiano.edu.br\/unidades\/bonfim\/wp-json\/wp\/v2\/media?parent=21348"}],"curies":[{"name":"wp","href":"https:\/\/api.w.org\/{rel}","templated":true}]}}