{"id":21351,"date":"2025-05-05T14:14:39","date_gmt":"2025-05-05T17:14:39","guid":{"rendered":"https:\/\/www.ifbaiano.edu.br\/unidades\/bonfim\/?page_id=21351"},"modified":"2025-05-05T14:14:40","modified_gmt":"2025-05-05T17:14:40","slug":"processo-seletivo-simplificado-professor-substituto-area-letras-portugues-literatura-e-espanhol","status":"publish","type":"page","link":"https:\/\/www.ifbaiano.edu.br\/unidades\/bonfim\/processo-seletivo-simplificado-professor-substituto-area-letras-portugues-literatura-e-espanhol\/","title":{"rendered":"PROCESSO SELETIVO SIMPLIFICADO PROFESSOR SUBSTITUTO \u2013 \u00c1REA \u2013 LETRAS \u2013 PORTUGU\u00caS, LITERATURA E ESPANHOL"},"content":{"rendered":"\n<p>O REITOR DO INSTITUTO FEDERAL DE EDUCA\u00c7\u00c3O, CI\u00caNCIA E TECNOLOGIA BAIANO, no uso das suas atribui\u00e7\u00f5es E TECNOLOGIA BAIANO delegadas pelo Decreto de 26\/04\/2022, publicado no DOU de 27\/04\/2022, Se\u00e7\u00e3o 2, p\u00e1gina 1, e de acordo com as disposi\u00e7\u00f5es cotidas na Lei n\u00ba 11.892, de 29\/12\/2008; na Lei n\u00ba 8.112\/1990, de 11\/12\/1990; nos termos da Lei n\u00ba 8.745\/93, de 9\/12\/1993 e suas altera\u00e7\u00f5es, e nas demais legisla\u00e7\u00f5es que regem a mat\u00e9ria, torna p\u00fablica a realiza\u00e7\u00e3o de Processo Seletivo Simplificado, dirigido \u00e0 contrata\u00e7\u00e3o, por tempo determinado, de Professor Substituto, conforme condi\u00e7\u00f5es estabelecidas neste Edital.<\/p>\n\n\n\n<hr class=\"wp-block-separator has-alpha-channel-opacity\" \/>\n\n\n\n<p class=\"has-small-font-size\">Edital e Documentos<\/p>\n\n\n\n<p><a href=\"https:\/\/www.ifbaiano.edu.br\/unidades\/bonfim\/files\/2024\/04\/Edital-n.73-2024-substituto-Letras-Portugues-e-Espanhol.pdf\">EDITAL N\u00ba 73 de 27 de mar\u00e7o de 2024<\/a><\/p>\n\n\n\n<p><a href=\"https:\/\/www.ifbaiano.edu.br\/unidades\/bonfim\/files\/2024\/04\/LISTA-PRELIMINAR-INSCRITOS-PSS-LETRAS-PORTUGUES-ESPANHOL.pdf\">Lista preliminar de inscritos<\/a><\/p>\n\n\n\n<p><a href=\"https:\/\/www.ifbaiano.edu.br\/unidades\/bonfim\/files\/2024\/05\/RESULTADO-FINAL-DAS-INSCRICOES-POS-RECURSOS.pdf\">RESULTADO FINAL DAS INSCRI\u00c7\u00d5ES P\u00d3S RECURSOS<\/a><\/p>\n\n\n\n<p><a href=\"https:\/\/www.ifbaiano.edu.br\/unidades\/bonfim\/files\/2024\/05\/SORTEIO-NOTA-INFORMATIVA.pdf\">SORTEIO \u2013 NOTA INFORMATIVA<\/a><\/p>\n\n\n\n<p><a href=\"https:\/\/www.ifbaiano.edu.br\/unidades\/bonfim\/files\/2024\/05\/Resultado-Preliminar-da-Prova-Didatica-e-de-Titulos-.pdf\">Resultado Preliminar da Prova Did\u00e1tica e de T\u00edtulos<\/a><\/p>\n\n\n\n<p><a href=\"https:\/\/www.ifbaiano.edu.br\/unidades\/bonfim\/files\/2024\/05\/RESULTADO-FINAL.pdf\">Resultado Final<\/a><\/p>\n","protected":false},"excerpt":{"rendered":"<p>O REITOR DO INSTITUTO FEDERAL DE EDUCA\u00c7\u00c3O, CI\u00caNCIA E TECNOLOGIA BAIANO, no uso das suas atribui\u00e7\u00f5es E TECNOLOGIA BAIANO delegadas pelo Decreto de 26\/04\/2022, publicado no DOU de 27\/04\/2022, Se\u00e7\u00e3o 2, p\u00e1gina 1, e de acordo com as disposi\u00e7\u00f5es cotidas na Lei n\u00ba 11.892, de 29\/12\/2008; na Lei n\u00ba 8.112\/1990, de 11\/12\/1990; nos termos da [&hellip;]<\/p>\n","protected":false},"author":158,"featured_media":0,"parent":0,"menu_order":0,"comment_status":"closed","ping_status":"closed","template":"","meta":[],"_links":{"self":[{"href":"https:\/\/www.ifbaiano.edu.br\/unidades\/bonfim\/wp-json\/wp\/v2\/pages\/21351"}],"collection":[{"href":"https:\/\/www.ifbaiano.edu.br\/unidades\/bonfim\/wp-json\/wp\/v2\/pages"}],"about":[{"href":"https:\/\/www.ifbaiano.edu.br\/unidades\/bonfim\/wp-json\/wp\/v2\/types\/page"}],"author":[{"embeddable":true,"href":"https:\/\/www.ifbaiano.edu.br\/unidades\/bonfim\/wp-json\/wp\/v2\/users\/158"}],"replies":[{"embeddable":true,"href":"https:\/\/www.ifbaiano.edu.br\/unidades\/bonfim\/wp-json\/wp\/v2\/comments?post=21351"}],"version-history":[{"count":1,"href":"https:\/\/www.ifbaiano.edu.br\/unidades\/bonfim\/wp-json\/wp\/v2\/pages\/21351\/revisions"}],"predecessor-version":[{"id":21352,"href":"https:\/\/www.ifbaiano.edu.br\/unidades\/bonfim\/wp-json\/wp\/v2\/pages\/21351\/revisions\/21352"}],"wp:attachment":[{"href":"https:\/\/www.ifbaiano.edu.br\/unidades\/bonfim\/wp-json\/wp\/v2\/media?parent=21351"}],"curies":[{"name":"wp","href":"https:\/\/api.w.org\/{rel}","templated":true}]}}