{"id":21354,"date":"2025-05-05T14:17:59","date_gmt":"2025-05-05T17:17:59","guid":{"rendered":"https:\/\/www.ifbaiano.edu.br\/unidades\/bonfim\/?page_id=21354"},"modified":"2025-05-05T14:17:59","modified_gmt":"2025-05-05T17:17:59","slug":"processo-seletivo-simplificado-para-contratacao-de-estagiarios-de-nivel-superior-e-tecnico-denivel-medio","status":"publish","type":"page","link":"https:\/\/www.ifbaiano.edu.br\/unidades\/bonfim\/processo-seletivo-simplificado-para-contratacao-de-estagiarios-de-nivel-superior-e-tecnico-denivel-medio\/","title":{"rendered":"PROCESSO SELETIVO SIMPLIFICADO PARA CONTRATA\u00c7\u00c3O DE ESTAGI\u00c1RIOS DE N\u00cdVEL SUPERIOR E T\u00c9CNICO DEN\u00cdVEL M\u00c9DIO"},"content":{"rendered":"\n<p>O DIRETOR GERAL DO INSTITUTO FEDERAL DE EDUCA\u00c7\u00c3O, CI\u00caNCIA E TECNOLOGIA BAIANO CAMPUS Senhor do Bonfim, no uso de suas atribui\u00e7\u00f5es legais no uso de suas atribui\u00e7\u00f5es delegadas pela Portaria n\u00ba 283 de 18\/03\/2022, publicado no DOU de 21\/03\/2022, Edi\u00e7\u00e3o 54 Se\u00e7\u00e3o 2, p\u00e1gina 26, e de acordo com as disposi\u00e7\u00f5es contidas na Lei n\u00ba 11.892, de 29\/12\/2008, e na Lei n\u00ba 8.112, de 11\/12\/1990, visando o treinamento de recursos humanos, torna p\u00fablica a abertura de inscri\u00e7\u00f5es destinada \u00e0 sele\u00e7\u00e3o de estagi\u00e1rio de N\u00edvel Superior e N\u00edvel M\u00e9dio na modalidade T\u00e9cnico, atrav\u00e9s do presente Edital, com o fim de atuarem nas depend\u00eancias do IF Baiano Campus Senhor do Bonfim, localizada na Estrada Estrada da Igara S\/N, Zona Rural CEP 48.970-000, Senhor do Bonfim\u2013 BA, nos termos da Lei 11.788 de 25 de setembro de 2008 e Instru\u00e7\u00e3o Normativa n\u00ba 213, de 17 de dezembro de 2019, estabelecendo suas regras e funcionamento, conforme disposi\u00e7\u00f5es a seguir:<\/p>\n\n\n\n<hr class=\"wp-block-separator has-alpha-channel-opacity\" \/>\n\n\n\n<p class=\"has-small-font-size\">Editais e Documentos<\/p>\n\n\n\n<p><a href=\"https:\/\/www.ifbaiano.edu.br\/unidades\/bonfim\/files\/2024\/05\/EDITAL-No-23-de-07-de-maio-de-2024-CONTRATACAO-DE-ESTAGIARIOS.pdf\">EDITAL N\u00ba 23 de 07 de maio de 2024<\/a><\/p>\n\n\n\n<p><a href=\"https:\/\/forms.gle\/UdxenCcgRjVuYWaH6\">Link para inscri\u00e7\u00e3o<\/a><\/p>\n","protected":false},"excerpt":{"rendered":"<p>O DIRETOR GERAL DO INSTITUTO FEDERAL DE EDUCA\u00c7\u00c3O, CI\u00caNCIA E TECNOLOGIA BAIANO CAMPUS Senhor do Bonfim, no uso de suas atribui\u00e7\u00f5es legais no uso de suas atribui\u00e7\u00f5es delegadas pela Portaria n\u00ba 283 de 18\/03\/2022, publicado no DOU de 21\/03\/2022, Edi\u00e7\u00e3o 54 Se\u00e7\u00e3o 2, p\u00e1gina 26, e de acordo com as disposi\u00e7\u00f5es contidas na Lei n\u00ba [&hellip;]<\/p>\n","protected":false},"author":158,"featured_media":0,"parent":0,"menu_order":0,"comment_status":"closed","ping_status":"closed","template":"","meta":[],"_links":{"self":[{"href":"https:\/\/www.ifbaiano.edu.br\/unidades\/bonfim\/wp-json\/wp\/v2\/pages\/21354"}],"collection":[{"href":"https:\/\/www.ifbaiano.edu.br\/unidades\/bonfim\/wp-json\/wp\/v2\/pages"}],"about":[{"href":"https:\/\/www.ifbaiano.edu.br\/unidades\/bonfim\/wp-json\/wp\/v2\/types\/page"}],"author":[{"embeddable":true,"href":"https:\/\/www.ifbaiano.edu.br\/unidades\/bonfim\/wp-json\/wp\/v2\/users\/158"}],"replies":[{"embeddable":true,"href":"https:\/\/www.ifbaiano.edu.br\/unidades\/bonfim\/wp-json\/wp\/v2\/comments?post=21354"}],"version-history":[{"count":1,"href":"https:\/\/www.ifbaiano.edu.br\/unidades\/bonfim\/wp-json\/wp\/v2\/pages\/21354\/revisions"}],"predecessor-version":[{"id":21355,"href":"https:\/\/www.ifbaiano.edu.br\/unidades\/bonfim\/wp-json\/wp\/v2\/pages\/21354\/revisions\/21355"}],"wp:attachment":[{"href":"https:\/\/www.ifbaiano.edu.br\/unidades\/bonfim\/wp-json\/wp\/v2\/media?parent=21354"}],"curies":[{"name":"wp","href":"https:\/\/api.w.org\/{rel}","templated":true}]}}