{"id":21358,"date":"2025-05-05T14:22:51","date_gmt":"2025-05-05T17:22:51","guid":{"rendered":"https:\/\/www.ifbaiano.edu.br\/unidades\/bonfim\/?page_id=21358"},"modified":"2025-05-05T14:22:51","modified_gmt":"2025-05-05T17:22:51","slug":"programa-mulheres-mil-selecao-interna-para-profissionais-de-apoio-administrativo-e-professor-formador-cursos-fic-modalidade-presencial","status":"publish","type":"page","link":"https:\/\/www.ifbaiano.edu.br\/unidades\/bonfim\/programa-mulheres-mil-selecao-interna-para-profissionais-de-apoio-administrativo-e-professor-formador-cursos-fic-modalidade-presencial\/","title":{"rendered":"PROGRAMA MULHERES MIL\u00a0\u2013\u00a0SELE\u00c7\u00c3O INTERNA PARA PROFISSIONAIS DE APOIO ADMINISTRATIVO E PROFESSOR FORMADOR \u2013 CURSOS FIC (MODALIDADE PRESENCIAL)"},"content":{"rendered":"\n<p>O DIRETOR-GERAL DO INSTITUTO FEDERAL DE EDUCA\u00c7\u00c3O, CI\u00caNCIA E TECNOLOGIA BAIANO (IF BAIANO) Campus Senhor do Bonfim, no uso de suas atribui\u00e7\u00f5es delegadas pela Portaria n\u00b0 283 de 18 de mar\u00e7o de 2022. publicada no Di\u00e1rio Oficial de Uni\u00e3o do dia 21 de mar\u00e7o de 2022. Se\u00e7\u00e3o 2. pagina 54, torna p\u00fablico o presente edital, contendo as normas referentes a forma\u00e7\u00e3o de cadastro de reserva t\u00e9cnica, destinado \u00e0 contrata\u00e7\u00e3o, por tempo determinado, de bolsista para ocupar a fun\u00e7\u00e3o de Apoio \u00e0s Atividades Acad\u00eamicas e Administrativas e Professor Formador do Curso de Forma\u00e7\u00e3o Inicial, na modalidade presencial, do Programa Mulheres Mil, em conson\u00e2ncia com a Lei 12.513 de 26 de outubro de 2011, com a Resolu\u00e7\u00e3o CD\/FNDE n\u00ba 62, de 11 de novembro de 2011, com reda\u00e7\u00e3o dada pela Resolu\u00e7\u00e3o CD\/FNDE n\u00b0 04 de 16 de mar\u00e7o de 2012, em conformidade com as Portaria Ministeriais n\u00ba 1042, de 21\/12\/2021 e n\u00ba 1152, de 22\/12\/2015 (que disp\u00f5em sobre a Rede e-TEC BRASIL e Bolsa-Forma\u00e7\u00e3o \u2013 PRONATEC), com o Manual de Gest\u00e3o da Rede e-Tec Brasil e Profuncion\u00e1rio, aprovados pela Portaria SETEC\/MEC N\u00ba 08, de 15\/03\/2017<\/p>\n\n\n\n<hr class=\"wp-block-separator has-alpha-channel-opacity\" \/>\n\n\n\n<p>Editais e Documentos<\/p>\n\n\n\n<p><a rel=\"noreferrer noopener\" href=\"https:\/\/www.ifbaiano.edu.br\/unidades\/bonfim\/files\/2024\/11\/Resultado_Final_-_Professor_Formador_assinado.pdf\" target=\"_blank\">Resultado Final \u2013 Professor Formador<\/a><\/p>\n\n\n\n<p><a href=\"https:\/\/www.ifbaiano.edu.br\/unidades\/bonfim\/files\/2024\/11\/Lista_de_Inscricoes_Homologadas-_Professor_Formador_assinado.pdf\">Inscri\u00e7\u00f5es Homologadas Professor Formador \u2013 Edital 45\/2024<\/a><\/p>\n\n\n\n<p><a href=\"https:\/\/www.ifbaiano.edu.br\/unidades\/bonfim\/files\/2024\/11\/Lista-de-Inscricoes-deferidas-Professor-Formador-Assinador.pdf\" target=\"_blank\" rel=\"noreferrer noopener\">Lista de Inscri\u00e7\u00f5es Deferidas \u2013 Professor Formador<\/a><\/p>\n\n\n\n<p><a href=\"https:\/\/www.ifbaiano.edu.br\/unidades\/bonfim\/files\/2024\/11\/Resultado-Final-Assinado.pdf\" target=\"_blank\" rel=\"noreferrer noopener\">Resultado Final \u2013 Apoio \u00e0s Atividades Acad\u00eamicas e Administrativas<\/a><\/p>\n\n\n\n<p><a href=\"https:\/\/www.ifbaiano.edu.br\/unidades\/bonfim\/files\/2024\/10\/Resultado_Preliminar_assinado.pdf\" target=\"_blank\" rel=\"noreferrer noopener\">Resultado Preliminar \u2013 Apoio \u00e0s Atividades Acad\u00eamicas e Administrativas<\/a><\/p>\n\n\n\n<p><a href=\"https:\/\/www.ifbaiano.edu.br\/unidades\/bonfim\/files\/2024\/10\/Homologacao_das_inscricoes_assinado.pdf\">Homologa\u00e7\u00e3o das inscri\u00e7\u00f5es<\/a><\/p>\n\n\n\n<p><a href=\"https:\/\/www.ifbaiano.edu.br\/unidades\/bonfim\/files\/2024\/10\/Lista_de_Inscricoes_deferidas_assinado.pdf\">Lista de Inscri\u00e7\u00f5es Homologadas do Edital 40\/2024<\/a><\/p>\n\n\n\n<p><a href=\"https:\/\/www.ifbaiano.edu.br\/unidades\/bonfim\/files\/2024\/10\/Edital-de-Reabertura-no-45-de-21-de-outubro-de-2024.pdf\">Edital n\u00ba 45 de 21 de outubro de 2024 \u2013 Reabertura de Inscri\u00e7\u00f5es<\/a><\/p>\n\n\n\n<p><a href=\"https:\/\/www.ifbaiano.edu.br\/unidades\/bonfim\/files\/2024\/10\/Edital-de-Retificacao-no-44.2024.pdf\" target=\"_blank\" rel=\"noreferrer noopener\">Edital de Retifica\u00e7\u00e3o n\u00ba 44\/2024&nbsp;<\/a>\u2013 retifica o Edital n\u00ba 40\/2024<\/p>\n\n\n\n<p><strong><a rel=\"noreferrer noopener\" href=\"https:\/\/www.ifbaiano.edu.br\/unidades\/bonfim\/files\/2024\/09\/Edital-no-40-de-24-de-setembro-Edital-40-mulheres-mil-selecao.pdf\" target=\"_blank\">Edital n\u00ba 40\/2024<\/a><\/strong>\u00a0\u2013\u00a0<strong>Sele\u00e7\u00e3o Interna para Profissionais de Apoio \u00e0s Atividades Administrativas e Professor Formador dos cursos de Forma\u00e7\u00e3o Inicial e Continuada (FIC) na modalidade presencial do programa Mulheres mil.<\/strong><\/p>\n\n\n\n<p><object data=\"https:\/\/www.ifbaiano.edu.br\/unidades\/bonfim\/files\/2024\/10\/ANEXO-I-TERMO-DE-ACEITACAO-DE-BOLSA-2.pdf\" type=\"application\/pdf\"><\/object><a href=\"https:\/\/www.ifbaiano.edu.br\/unidades\/bonfim\/files\/2024\/10\/ANEXO-I-TERMO-DE-ACEITACAO-DE-BOLSA-2.pdf\">ANEXO-I-TERMO-DE-ACEITACAO-DE-BOLSA-2<\/a><a href=\"https:\/\/www.ifbaiano.edu.br\/unidades\/bonfim\/files\/2024\/10\/ANEXO-I-TERMO-DE-ACEITACAO-DE-BOLSA-2.pdf\">Baixar<\/a><\/p>\n\n\n\n<p><object data=\"https:\/\/www.ifbaiano.edu.br\/unidades\/bonfim\/files\/2024\/10\/ANEXO-III-FORMULARIO-PARA-RECURSO-1.pdf\" type=\"application\/pdf\"><\/object><a href=\"https:\/\/www.ifbaiano.edu.br\/unidades\/bonfim\/files\/2024\/10\/ANEXO-III-FORMULARIO-PARA-RECURSO-1.pdf\">ANEXO-III-FORMULARIO-PARA-RECURSO-1<\/a><a href=\"https:\/\/www.ifbaiano.edu.br\/unidades\/bonfim\/files\/2024\/10\/ANEXO-III-FORMULARIO-PARA-RECURSO-1.pdf\">Baixar<\/a><\/p>\n\n\n\n<p><object data=\"https:\/\/www.ifbaiano.edu.br\/unidades\/bonfim\/files\/2024\/10\/ANEXO-IV-%E2%80%93-BAREMAS-PARA-AVALIACAO-DA-COMISSAO-1.pdf\" type=\"application\/pdf\"><\/object><a href=\"https:\/\/www.ifbaiano.edu.br\/unidades\/bonfim\/files\/2024\/10\/ANEXO-IV-%E2%80%93-BAREMAS-PARA-AVALIACAO-DA-COMISSAO-1.pdf\">ANEXO-IV-\u2013-BAREMAS-PARA-AVALIACAO-DA-COMISSAO-1<\/a><a href=\"https:\/\/www.ifbaiano.edu.br\/unidades\/bonfim\/files\/2024\/10\/ANEXO-IV-%E2%80%93-BAREMAS-PARA-AVALIACAO-DA-COMISSAO-1.pdf\">Baixar<\/a><\/p>\n\n\n\n<p><object data=\"https:\/\/www.ifbaiano.edu.br\/unidades\/bonfim\/files\/2024\/10\/ANEXO-V-%E2%80%93-BAREMAS-PARA-AVALIACAO-DA-COMISSAO-A-1.pdf\" type=\"application\/pdf\"><\/object><a href=\"https:\/\/www.ifbaiano.edu.br\/unidades\/bonfim\/files\/2024\/10\/ANEXO-V-%E2%80%93-BAREMAS-PARA-AVALIACAO-DA-COMISSAO-A-1.pdf\">ANEXO-V-\u2013-BAREMAS-PARA-AVALIACAO-DA-COMISSAO-A<\/a><a href=\"https:\/\/www.ifbaiano.edu.br\/unidades\/bonfim\/files\/2024\/10\/ANEXO-V-%E2%80%93-BAREMAS-PARA-AVALIACAO-DA-COMISSAO-A-1.pdf\">Baixar<\/a><\/p>\n\n\n\n<p><object data=\"https:\/\/www.ifbaiano.edu.br\/unidades\/bonfim\/files\/2024\/10\/ANEXO-V-%E2%80%93-BAREMAS-PARA-AVALIACAO-DA-COMISSAO-B-1.pdf\" type=\"application\/pdf\"><\/object><a href=\"https:\/\/www.ifbaiano.edu.br\/unidades\/bonfim\/files\/2024\/10\/ANEXO-V-%E2%80%93-BAREMAS-PARA-AVALIACAO-DA-COMISSAO-B-1.pdf\">ANEXO-V-\u2013-BAREMAS-PARA-AVALIACAO-DA-COMISSAO-B<\/a><a href=\"https:\/\/www.ifbaiano.edu.br\/unidades\/bonfim\/files\/2024\/10\/ANEXO-V-%E2%80%93-BAREMAS-PARA-AVALIACAO-DA-COMISSAO-B-1.pdf\">Baixar<\/a><\/p>\n\n\n\n<p><object data=\"https:\/\/www.ifbaiano.edu.br\/unidades\/bonfim\/files\/2024\/10\/ANEXO-VI-FORMULARIO-DE-INSCRICAO-1.pdf\" type=\"application\/pdf\"><\/object><a href=\"https:\/\/www.ifbaiano.edu.br\/unidades\/bonfim\/files\/2024\/10\/ANEXO-VI-FORMULARIO-DE-INSCRICAO-1.pdf\">ANEXO-VI-FORMULARIO-DE-INSCRICAO-1<\/a><a href=\"https:\/\/www.ifbaiano.edu.br\/unidades\/bonfim\/files\/2024\/10\/ANEXO-VI-FORMULARIO-DE-INSCRICAO-1.pdf\">Baixar<\/a><\/p>\n","protected":false},"excerpt":{"rendered":"<p>O DIRETOR-GERAL DO INSTITUTO FEDERAL DE EDUCA\u00c7\u00c3O, CI\u00caNCIA E TECNOLOGIA BAIANO (IF BAIANO) Campus Senhor do Bonfim, no uso de suas atribui\u00e7\u00f5es delegadas pela Portaria n\u00b0 283 de 18 de mar\u00e7o de 2022. publicada no Di\u00e1rio Oficial de Uni\u00e3o do dia 21 de mar\u00e7o de 2022. Se\u00e7\u00e3o 2. pagina 54, torna p\u00fablico o presente edital, [&hellip;]<\/p>\n","protected":false},"author":158,"featured_media":0,"parent":0,"menu_order":0,"comment_status":"closed","ping_status":"closed","template":"","meta":[],"_links":{"self":[{"href":"https:\/\/www.ifbaiano.edu.br\/unidades\/bonfim\/wp-json\/wp\/v2\/pages\/21358"}],"collection":[{"href":"https:\/\/www.ifbaiano.edu.br\/unidades\/bonfim\/wp-json\/wp\/v2\/pages"}],"about":[{"href":"https:\/\/www.ifbaiano.edu.br\/unidades\/bonfim\/wp-json\/wp\/v2\/types\/page"}],"author":[{"embeddable":true,"href":"https:\/\/www.ifbaiano.edu.br\/unidades\/bonfim\/wp-json\/wp\/v2\/users\/158"}],"replies":[{"embeddable":true,"href":"https:\/\/www.ifbaiano.edu.br\/unidades\/bonfim\/wp-json\/wp\/v2\/comments?post=21358"}],"version-history":[{"count":1,"href":"https:\/\/www.ifbaiano.edu.br\/unidades\/bonfim\/wp-json\/wp\/v2\/pages\/21358\/revisions"}],"predecessor-version":[{"id":21359,"href":"https:\/\/www.ifbaiano.edu.br\/unidades\/bonfim\/wp-json\/wp\/v2\/pages\/21358\/revisions\/21359"}],"wp:attachment":[{"href":"https:\/\/www.ifbaiano.edu.br\/unidades\/bonfim\/wp-json\/wp\/v2\/media?parent=21358"}],"curies":[{"name":"wp","href":"https:\/\/api.w.org\/{rel}","templated":true}]}}