{"id":21396,"date":"2025-05-06T14:25:22","date_gmt":"2025-05-06T17:25:22","guid":{"rendered":"https:\/\/www.ifbaiano.edu.br\/unidades\/bonfim\/?page_id=21396"},"modified":"2025-05-06T14:57:53","modified_gmt":"2025-05-06T17:57:53","slug":"anexos-fotos","status":"publish","type":"page","link":"https:\/\/www.ifbaiano.edu.br\/unidades\/bonfim\/anexos-fotos\/","title":{"rendered":"Anexos &#8211; Fotos"},"content":{"rendered":"\n<p><strong>Piscina Semiol\u00edmpica <\/strong><\/p>\n\n\n\n<div class=\"wp-block-columns is-layout-flex wp-container-4\">\n<div class=\"wp-block-column is-layout-flow\">\n<figure class=\"wp-block-image size-full\"><a href=\"https:\/\/www.ifbaiano.edu.br\/unidades\/bonfim\/files\/2025\/05\/1748-piscina-IF-02.webp\"><img decoding=\"async\" loading=\"lazy\" width=\"448\" height=\"252\" src=\"https:\/\/www.ifbaiano.edu.br\/unidades\/bonfim\/files\/2025\/05\/1748-piscina-IF-02.webp\" alt=\"\" class=\"wp-image-21397\" srcset=\"https:\/\/www.ifbaiano.edu.br\/unidades\/bonfim\/files\/2025\/05\/1748-piscina-IF-02.webp 448w, https:\/\/www.ifbaiano.edu.br\/unidades\/bonfim\/files\/2025\/05\/1748-piscina-IF-02-300x169.webp 300w, https:\/\/www.ifbaiano.edu.br\/unidades\/bonfim\/files\/2025\/05\/1748-piscina-IF-02-100x56.webp 100w\" sizes=\"(max-width: 448px) 100vw, 448px\" \/><\/a><\/figure>\n<\/div>\n\n\n\n<div class=\"wp-block-column is-layout-flow\">\n<figure class=\"wp-block-image size-full\"><a href=\"https:\/\/www.ifbaiano.edu.br\/unidades\/bonfim\/files\/2025\/05\/1754-piscina-IF.webp\"><img decoding=\"async\" loading=\"lazy\" width=\"920\" height=\"585\" src=\"https:\/\/www.ifbaiano.edu.br\/unidades\/bonfim\/files\/2025\/05\/1754-piscina-IF.webp\" alt=\"\" class=\"wp-image-21398\" srcset=\"https:\/\/www.ifbaiano.edu.br\/unidades\/bonfim\/files\/2025\/05\/1754-piscina-IF.webp 920w, https:\/\/www.ifbaiano.edu.br\/unidades\/bonfim\/files\/2025\/05\/1754-piscina-IF-300x191.webp 300w, https:\/\/www.ifbaiano.edu.br\/unidades\/bonfim\/files\/2025\/05\/1754-piscina-IF-768x488.webp 768w, https:\/\/www.ifbaiano.edu.br\/unidades\/bonfim\/files\/2025\/05\/1754-piscina-IF-100x64.webp 100w\" sizes=\"(max-width: 920px) 100vw, 920px\" \/><\/a><\/figure>\n<\/div>\n\n\n\n<div class=\"wp-block-column is-layout-flow\">\n<figure class=\"wp-block-image size-large\"><a href=\"https:\/\/www.ifbaiano.edu.br\/unidades\/bonfim\/files\/2025\/05\/2087-piscina-if-baiano.webp\"><img decoding=\"async\" loading=\"lazy\" width=\"1024\" height=\"768\" src=\"https:\/\/www.ifbaiano.edu.br\/unidades\/bonfim\/files\/2025\/05\/2087-piscina-if-baiano-1024x768.webp\" alt=\"\" class=\"wp-image-21403\" srcset=\"https:\/\/www.ifbaiano.edu.br\/unidades\/bonfim\/files\/2025\/05\/2087-piscina-if-baiano-1024x768.webp 1024w, https:\/\/www.ifbaiano.edu.br\/unidades\/bonfim\/files\/2025\/05\/2087-piscina-if-baiano-300x225.webp 300w, https:\/\/www.ifbaiano.edu.br\/unidades\/bonfim\/files\/2025\/05\/2087-piscina-if-baiano-768x576.webp 768w, https:\/\/www.ifbaiano.edu.br\/unidades\/bonfim\/files\/2025\/05\/2087-piscina-if-baiano-100x75.webp 100w, https:\/\/www.ifbaiano.edu.br\/unidades\/bonfim\/files\/2025\/05\/2087-piscina-if-baiano.webp 1280w\" sizes=\"(max-width: 1024px) 100vw, 1024px\" \/><\/a><\/figure>\n<\/div>\n<\/div>\n\n\n\n<hr class=\"wp-block-separator has-alpha-channel-opacity\" \/>\n\n\n\n<p><strong>Refeit\u00f3rio<\/strong><\/p>\n\n\n\n<div class=\"wp-block-columns is-layout-flex wp-container-8\">\n<div class=\"wp-block-column is-layout-flow\">\n<figure class=\"wp-block-image size-large\"><a href=\"https:\/\/www.ifbaiano.edu.br\/unidades\/bonfim\/files\/2025\/05\/1932-DSC_0256.webp\"><img decoding=\"async\" loading=\"lazy\" width=\"1024\" height=\"683\" src=\"https:\/\/www.ifbaiano.edu.br\/unidades\/bonfim\/files\/2025\/05\/1932-DSC_0256-1024x683.webp\" alt=\"\" class=\"wp-image-21399\" srcset=\"https:\/\/www.ifbaiano.edu.br\/unidades\/bonfim\/files\/2025\/05\/1932-DSC_0256-1024x683.webp 1024w, https:\/\/www.ifbaiano.edu.br\/unidades\/bonfim\/files\/2025\/05\/1932-DSC_0256-300x200.webp 300w, https:\/\/www.ifbaiano.edu.br\/unidades\/bonfim\/files\/2025\/05\/1932-DSC_0256-768x512.webp 768w, https:\/\/www.ifbaiano.edu.br\/unidades\/bonfim\/files\/2025\/05\/1932-DSC_0256-1536x1024.webp 1536w, https:\/\/www.ifbaiano.edu.br\/unidades\/bonfim\/files\/2025\/05\/1932-DSC_0256-100x67.webp 100w, https:\/\/www.ifbaiano.edu.br\/unidades\/bonfim\/files\/2025\/05\/1932-DSC_0256.webp 1620w\" sizes=\"(max-width: 1024px) 100vw, 1024px\" \/><\/a><\/figure>\n<\/div>\n\n\n\n<div class=\"wp-block-column is-layout-flow\">\n<figure class=\"wp-block-image size-large\"><a href=\"https:\/\/www.ifbaiano.edu.br\/unidades\/bonfim\/files\/2025\/05\/1937-DSC_0251-2.webp\"><img decoding=\"async\" loading=\"lazy\" width=\"1024\" height=\"683\" src=\"https:\/\/www.ifbaiano.edu.br\/unidades\/bonfim\/files\/2025\/05\/1937-DSC_0251-2-1024x683.webp\" alt=\"\" class=\"wp-image-21400\" srcset=\"https:\/\/www.ifbaiano.edu.br\/unidades\/bonfim\/files\/2025\/05\/1937-DSC_0251-2-1024x683.webp 1024w, https:\/\/www.ifbaiano.edu.br\/unidades\/bonfim\/files\/2025\/05\/1937-DSC_0251-2-300x200.webp 300w, https:\/\/www.ifbaiano.edu.br\/unidades\/bonfim\/files\/2025\/05\/1937-DSC_0251-2-768x512.webp 768w, https:\/\/www.ifbaiano.edu.br\/unidades\/bonfim\/files\/2025\/05\/1937-DSC_0251-2-1536x1024.webp 1536w, https:\/\/www.ifbaiano.edu.br\/unidades\/bonfim\/files\/2025\/05\/1937-DSC_0251-2-100x67.webp 100w, https:\/\/www.ifbaiano.edu.br\/unidades\/bonfim\/files\/2025\/05\/1937-DSC_0251-2.webp 1620w\" sizes=\"(max-width: 1024px) 100vw, 1024px\" \/><\/a><\/figure>\n<\/div>\n\n\n\n<div class=\"wp-block-column is-layout-flow\"><\/div>\n<\/div>\n\n\n\n<hr class=\"wp-block-separator has-alpha-channel-opacity\" \/>\n\n\n\n<p><strong>Gin\u00e1sio Poliesportivo<\/strong><\/p>\n\n\n\n<div class=\"wp-block-columns is-layout-flex wp-container-12\">\n<div class=\"wp-block-column is-layout-flow\">\n<figure class=\"wp-block-image size-full\"><a href=\"https:\/\/www.ifbaiano.edu.br\/unidades\/bonfim\/files\/2025\/05\/3608-ginasio-if-bai.webp\"><img decoding=\"async\" loading=\"lazy\" width=\"600\" height=\"309\" src=\"https:\/\/www.ifbaiano.edu.br\/unidades\/bonfim\/files\/2025\/05\/3608-ginasio-if-bai.webp\" alt=\"\" class=\"wp-image-21410\" srcset=\"https:\/\/www.ifbaiano.edu.br\/unidades\/bonfim\/files\/2025\/05\/3608-ginasio-if-bai.webp 600w, https:\/\/www.ifbaiano.edu.br\/unidades\/bonfim\/files\/2025\/05\/3608-ginasio-if-bai-300x155.webp 300w, https:\/\/www.ifbaiano.edu.br\/unidades\/bonfim\/files\/2025\/05\/3608-ginasio-if-bai-100x52.webp 100w\" sizes=\"(max-width: 600px) 100vw, 600px\" \/><\/a><\/figure>\n<\/div>\n\n\n\n<div class=\"wp-block-column is-layout-flow\">\n<figure class=\"wp-block-image size-large\"><a href=\"https:\/\/www.ifbaiano.edu.br\/unidades\/bonfim\/files\/2025\/05\/3627-DSC_0929.webp\"><img decoding=\"async\" loading=\"lazy\" width=\"1024\" height=\"683\" src=\"https:\/\/www.ifbaiano.edu.br\/unidades\/bonfim\/files\/2025\/05\/3627-DSC_0929-1024x683.webp\" alt=\"\" class=\"wp-image-21411\" srcset=\"https:\/\/www.ifbaiano.edu.br\/unidades\/bonfim\/files\/2025\/05\/3627-DSC_0929-1024x683.webp 1024w, https:\/\/www.ifbaiano.edu.br\/unidades\/bonfim\/files\/2025\/05\/3627-DSC_0929-300x200.webp 300w, https:\/\/www.ifbaiano.edu.br\/unidades\/bonfim\/files\/2025\/05\/3627-DSC_0929-768x512.webp 768w, https:\/\/www.ifbaiano.edu.br\/unidades\/bonfim\/files\/2025\/05\/3627-DSC_0929-1536x1024.webp 1536w, https:\/\/www.ifbaiano.edu.br\/unidades\/bonfim\/files\/2025\/05\/3627-DSC_0929-100x67.webp 100w, https:\/\/www.ifbaiano.edu.br\/unidades\/bonfim\/files\/2025\/05\/3627-DSC_0929.webp 1620w\" sizes=\"(max-width: 1024px) 100vw, 1024px\" \/><\/a><\/figure>\n<\/div>\n\n\n\n<div class=\"wp-block-column is-layout-flow\">\n<figure class=\"wp-block-image size-large\"><a href=\"https:\/\/www.ifbaiano.edu.br\/unidades\/bonfim\/files\/2025\/05\/3951-Quadra-Campus-Senhor-do-Bonfim-IF-Baiano.webp\"><img decoding=\"async\" loading=\"lazy\" width=\"1024\" height=\"768\" src=\"https:\/\/www.ifbaiano.edu.br\/unidades\/bonfim\/files\/2025\/05\/3951-Quadra-Campus-Senhor-do-Bonfim-IF-Baiano-1024x768.webp\" alt=\"\" class=\"wp-image-21415\" srcset=\"https:\/\/www.ifbaiano.edu.br\/unidades\/bonfim\/files\/2025\/05\/3951-Quadra-Campus-Senhor-do-Bonfim-IF-Baiano-1024x768.webp 1024w, https:\/\/www.ifbaiano.edu.br\/unidades\/bonfim\/files\/2025\/05\/3951-Quadra-Campus-Senhor-do-Bonfim-IF-Baiano-300x225.webp 300w, https:\/\/www.ifbaiano.edu.br\/unidades\/bonfim\/files\/2025\/05\/3951-Quadra-Campus-Senhor-do-Bonfim-IF-Baiano-768x576.webp 768w, https:\/\/www.ifbaiano.edu.br\/unidades\/bonfim\/files\/2025\/05\/3951-Quadra-Campus-Senhor-do-Bonfim-IF-Baiano-100x75.webp 100w, https:\/\/www.ifbaiano.edu.br\/unidades\/bonfim\/files\/2025\/05\/3951-Quadra-Campus-Senhor-do-Bonfim-IF-Baiano.webp 1152w\" sizes=\"(max-width: 1024px) 100vw, 1024px\" \/><\/a><\/figure>\n<\/div>\n<\/div>\n\n\n\n<hr class=\"wp-block-separator has-alpha-channel-opacity\" \/>\n\n\n\n<p><strong>Quadra de Areia<\/strong><\/p>\n\n\n\n<div class=\"wp-block-columns is-layout-flex wp-container-16\">\n<div class=\"wp-block-column is-layout-flow\">\n<figure class=\"wp-block-image size-large\"><a href=\"https:\/\/www.ifbaiano.edu.br\/unidades\/bonfim\/files\/2025\/05\/4251-DSC_0923.webp\"><img decoding=\"async\" loading=\"lazy\" width=\"1024\" height=\"683\" src=\"https:\/\/www.ifbaiano.edu.br\/unidades\/bonfim\/files\/2025\/05\/4251-DSC_0923-1024x683.webp\" alt=\"\" class=\"wp-image-21419\" srcset=\"https:\/\/www.ifbaiano.edu.br\/unidades\/bonfim\/files\/2025\/05\/4251-DSC_0923-1024x683.webp 1024w, https:\/\/www.ifbaiano.edu.br\/unidades\/bonfim\/files\/2025\/05\/4251-DSC_0923-300x200.webp 300w, https:\/\/www.ifbaiano.edu.br\/unidades\/bonfim\/files\/2025\/05\/4251-DSC_0923-768x512.webp 768w, https:\/\/www.ifbaiano.edu.br\/unidades\/bonfim\/files\/2025\/05\/4251-DSC_0923-1536x1024.webp 1536w, https:\/\/www.ifbaiano.edu.br\/unidades\/bonfim\/files\/2025\/05\/4251-DSC_0923-100x67.webp 100w, https:\/\/www.ifbaiano.edu.br\/unidades\/bonfim\/files\/2025\/05\/4251-DSC_0923.webp 1620w\" sizes=\"(max-width: 1024px) 100vw, 1024px\" \/><\/a><\/figure>\n<\/div>\n\n\n\n<div class=\"wp-block-column is-layout-flow\">\n<figure class=\"wp-block-image size-large\"><a href=\"https:\/\/www.ifbaiano.edu.br\/unidades\/bonfim\/files\/2025\/05\/4251-DSC_0922.webp\"><img decoding=\"async\" loading=\"lazy\" width=\"1024\" height=\"683\" src=\"https:\/\/www.ifbaiano.edu.br\/unidades\/bonfim\/files\/2025\/05\/4251-DSC_0922-1024x683.webp\" alt=\"\" class=\"wp-image-21418\" srcset=\"https:\/\/www.ifbaiano.edu.br\/unidades\/bonfim\/files\/2025\/05\/4251-DSC_0922-1024x683.webp 1024w, https:\/\/www.ifbaiano.edu.br\/unidades\/bonfim\/files\/2025\/05\/4251-DSC_0922-300x200.webp 300w, https:\/\/www.ifbaiano.edu.br\/unidades\/bonfim\/files\/2025\/05\/4251-DSC_0922-768x512.webp 768w, https:\/\/www.ifbaiano.edu.br\/unidades\/bonfim\/files\/2025\/05\/4251-DSC_0922-100x67.webp 100w, https:\/\/www.ifbaiano.edu.br\/unidades\/bonfim\/files\/2025\/05\/4251-DSC_0922.webp 1431w\" sizes=\"(max-width: 1024px) 100vw, 1024px\" \/><\/a><\/figure>\n<\/div>\n\n\n\n<div class=\"wp-block-column is-layout-flow\">\n<figure class=\"wp-block-image size-large\"><a href=\"https:\/\/www.ifbaiano.edu.br\/unidades\/bonfim\/files\/2025\/05\/4254-DSC_0921.webp\"><img decoding=\"async\" loading=\"lazy\" width=\"1024\" height=\"683\" src=\"https:\/\/www.ifbaiano.edu.br\/unidades\/bonfim\/files\/2025\/05\/4254-DSC_0921-1024x683.webp\" alt=\"\" class=\"wp-image-21420\" srcset=\"https:\/\/www.ifbaiano.edu.br\/unidades\/bonfim\/files\/2025\/05\/4254-DSC_0921-1024x683.webp 1024w, https:\/\/www.ifbaiano.edu.br\/unidades\/bonfim\/files\/2025\/05\/4254-DSC_0921-300x200.webp 300w, https:\/\/www.ifbaiano.edu.br\/unidades\/bonfim\/files\/2025\/05\/4254-DSC_0921-768x512.webp 768w, https:\/\/www.ifbaiano.edu.br\/unidades\/bonfim\/files\/2025\/05\/4254-DSC_0921-100x67.webp 100w, https:\/\/www.ifbaiano.edu.br\/unidades\/bonfim\/files\/2025\/05\/4254-DSC_0921.webp 1431w\" sizes=\"(max-width: 1024px) 100vw, 1024px\" \/><\/a><\/figure>\n<\/div>\n<\/div>\n","protected":false},"excerpt":{"rendered":"<p>Piscina Semiol\u00edmpica Refeit\u00f3rio Gin\u00e1sio Poliesportivo Quadra de Areia<\/p>\n","protected":false},"author":158,"featured_media":0,"parent":0,"menu_order":0,"comment_status":"closed","ping_status":"closed","template":"","meta":[],"_links":{"self":[{"href":"https:\/\/www.ifbaiano.edu.br\/unidades\/bonfim\/wp-json\/wp\/v2\/pages\/21396"}],"collection":[{"href":"https:\/\/www.ifbaiano.edu.br\/unidades\/bonfim\/wp-json\/wp\/v2\/pages"}],"about":[{"href":"https:\/\/www.ifbaiano.edu.br\/unidades\/bonfim\/wp-json\/wp\/v2\/types\/page"}],"author":[{"embeddable":true,"href":"https:\/\/www.ifbaiano.edu.br\/unidades\/bonfim\/wp-json\/wp\/v2\/users\/158"}],"replies":[{"embeddable":true,"href":"https:\/\/www.ifbaiano.edu.br\/unidades\/bonfim\/wp-json\/wp\/v2\/comments?post=21396"}],"version-history":[{"count":5,"href":"https:\/\/www.ifbaiano.edu.br\/unidades\/bonfim\/wp-json\/wp\/v2\/pages\/21396\/revisions"}],"predecessor-version":[{"id":21422,"href":"https:\/\/www.ifbaiano.edu.br\/unidades\/bonfim\/wp-json\/wp\/v2\/pages\/21396\/revisions\/21422"}],"wp:attachment":[{"href":"https:\/\/www.ifbaiano.edu.br\/unidades\/bonfim\/wp-json\/wp\/v2\/media?parent=21396"}],"curies":[{"name":"wp","href":"https:\/\/api.w.org\/{rel}","templated":true}]}}