{"id":21492,"date":"2025-05-08T10:20:51","date_gmt":"2025-05-08T13:20:51","guid":{"rendered":"https:\/\/www.ifbaiano.edu.br\/unidades\/bonfim\/?page_id=21492"},"modified":"2026-02-25T13:18:57","modified_gmt":"2026-02-25T16:18:57","slug":"pregao-eletronico","status":"publish","type":"page","link":"https:\/\/www.ifbaiano.edu.br\/unidades\/bonfim\/pregao-eletronico\/","title":{"rendered":"Preg\u00e3o Eletr\u00f4nico"},"content":{"rendered":"\n<p>Torna-se p\u00fablico que o Instituto Federal de Educa\u00e7\u00e3o, Ci\u00eancia e Tecnologia Baiano-Campus Senhor do Bonfim , por meio do Setor de Licita\u00e7\u00f5es, sediado no km 04 da estrada da Igara \u2013 Zona Rural do Munic\u00edpio de Senhor do Bonfim-BA, realizar\u00e1 licita\u00e7\u00e3o, para registro de pre\u00e7os, na modalidade PREG\u00c3O, na forma ELETR\u00d4NICA, nos termos da Lei n\u00ba 14.133, de 1\u00ba de abril de 2021 , do Decreto n\u00ba 11.462, de 31 de mar\u00e7o de 2023, e demais legisla\u00e7\u00e3o aplic\u00e1vel e, ainda, de acordo com as condi\u00e7\u00f5es estabelecidas neste Edital.<\/p>\n\n\n\n<hr class=\"wp-block-separator has-alpha-channel-opacity\" \/>\n\n\n\n<p><a href=\"https:\/\/www.ifbaiano.edu.br\/unidades\/bonfim\/referencia-2026-modalidade-pregao\/\" data-type=\"URL\" data-id=\"https:\/\/www.ifbaiano.edu.br\/unidades\/bonfim\/referencia-2026-modalidade-pregao\/\">2026<\/a><\/p>\n\n\n\n<p><a href=\"https:\/\/www.ifbaiano.edu.br\/unidades\/bonfim\/referencia-2025-modalidade-pregao\/\" data-type=\"URL\" data-id=\"https:\/\/www.ifbaiano.edu.br\/unidades\/bonfim\/referencia-2025-modalidade-pregao\/\" target=\"_blank\" rel=\"noreferrer noopener\">2025<\/a><\/p>\n\n\n\n<p><a href=\"https:\/\/www.ifbaiano.edu.br\/unidades\/bonfim\/referencia-2024-modalidade-pregao\/\" data-type=\"URL\" data-id=\"https:\/\/www.ifbaiano.edu.br\/unidades\/bonfim\/referencia-2024-modalidade-pregao\/\" target=\"_blank\" rel=\"noreferrer noopener\">2024<\/a><\/p>\n\n\n\n<p><a href=\"https:\/\/www.ifbaiano.edu.br\/unidades\/bonfim\/referencia-2023-modalidade-pregao\/\" data-type=\"URL\" data-id=\"https:\/\/www.ifbaiano.edu.br\/unidades\/bonfim\/referencia-2023-modalidade-pregao\/\">2023<\/a><\/p>\n","protected":false},"excerpt":{"rendered":"<p>Torna-se p\u00fablico que o Instituto Federal de Educa\u00e7\u00e3o, Ci\u00eancia e Tecnologia Baiano-Campus Senhor do Bonfim , por meio do Setor de Licita\u00e7\u00f5es, sediado no km 04 da estrada da Igara \u2013 Zona Rural do Munic\u00edpio de Senhor do Bonfim-BA, realizar\u00e1 licita\u00e7\u00e3o, para registro de pre\u00e7os, na modalidade PREG\u00c3O, na forma ELETR\u00d4NICA, nos termos da Lei [&hellip;]<\/p>\n","protected":false},"author":158,"featured_media":0,"parent":0,"menu_order":0,"comment_status":"closed","ping_status":"closed","template":"","meta":[],"_links":{"self":[{"href":"https:\/\/www.ifbaiano.edu.br\/unidades\/bonfim\/wp-json\/wp\/v2\/pages\/21492"}],"collection":[{"href":"https:\/\/www.ifbaiano.edu.br\/unidades\/bonfim\/wp-json\/wp\/v2\/pages"}],"about":[{"href":"https:\/\/www.ifbaiano.edu.br\/unidades\/bonfim\/wp-json\/wp\/v2\/types\/page"}],"author":[{"embeddable":true,"href":"https:\/\/www.ifbaiano.edu.br\/unidades\/bonfim\/wp-json\/wp\/v2\/users\/158"}],"replies":[{"embeddable":true,"href":"https:\/\/www.ifbaiano.edu.br\/unidades\/bonfim\/wp-json\/wp\/v2\/comments?post=21492"}],"version-history":[{"count":7,"href":"https:\/\/www.ifbaiano.edu.br\/unidades\/bonfim\/wp-json\/wp\/v2\/pages\/21492\/revisions"}],"predecessor-version":[{"id":23497,"href":"https:\/\/www.ifbaiano.edu.br\/unidades\/bonfim\/wp-json\/wp\/v2\/pages\/21492\/revisions\/23497"}],"wp:attachment":[{"href":"https:\/\/www.ifbaiano.edu.br\/unidades\/bonfim\/wp-json\/wp\/v2\/media?parent=21492"}],"curies":[{"name":"wp","href":"https:\/\/api.w.org\/{rel}","templated":true}]}}