{"id":21672,"date":"2025-05-13T14:12:50","date_gmt":"2025-05-13T17:12:50","guid":{"rendered":"https:\/\/www.ifbaiano.edu.br\/unidades\/bonfim\/?page_id=21672"},"modified":"2025-05-30T09:39:05","modified_gmt":"2025-05-30T12:39:05","slug":"selecao-de-estagio-curricular-interno-para-alunos-do-curso-tecnico-emagropecuaria","status":"publish","type":"page","link":"https:\/\/www.ifbaiano.edu.br\/unidades\/bonfim\/selecao-de-estagio-curricular-interno-para-alunos-do-curso-tecnico-emagropecuaria\/","title":{"rendered":"SELE\u00c7\u00c3O DE EST\u00c1GIO CURRICULAR INTERNO PARA ALUNOS DO CURSO T\u00c9CNICO EM AGROPECU\u00c1RIA"},"content":{"rendered":"\n<p>A DIRETORA-GERAL SUBSTITUTA DO INSTITUTO FEDERAL DE EDUCA\u00c7\u00c3O, CI\u00caNCIA E TECNOLOGIA BAIANO \u2013 CAMPUS SENHOR DO BONFIM, no uso de suas atribui\u00e7\u00f5es legais conferidas pela Portaria n\u00ba 423, de 25\/03\/2022, publicada no DOU de 28\/03\/2022, Se\u00e7\u00e3o 2, p\u00e1gina 17\/18, e de acordo com as disposi\u00e7\u00f5es contidas na Lei n\u00ba 11.892, de 29\/12\/2008, na Lei n\u00ba 8.112\/1990, no Regimento Geral do IF Baiano e na Portaria Normativa 13\/2022 &#8211; RET-GAB\/RET\/IFBAIANO, de 11 de mar\u00e7o de 2022, torna p\u00fablico o presente Edital, para o preenchimento 14 (quatorze) vagas de est\u00e1gio curricular obrigat\u00f3rio, para alunos do curso T\u00e9cnico em Agropecu\u00e1ria desta Institui\u00e7\u00e3o de ensino.<\/p>\n\n\n\n<strong><div id=\"TituloMenu\" class=\"dnone\"> EDITAL E DOCUMENTOS<\/div> <\/strong><\/p><p>\n\n\n\n<ul>\n<li><a href=\"https:\/\/www.ifbaiano.edu.br\/unidades\/bonfim\/files\/2025\/05\/Resultado-Final-Selecao-Estagio-Curso-Tecnico-em-Agropecuaria.pdf\" data-type=\"URL\" data-id=\"https:\/\/www.ifbaiano.edu.br\/unidades\/bonfim\/files\/2025\/05\/Resultado-Final-Selecao-Estagio-Curso-Tecnico-em-Agropecuaria.pdf\" target=\"_blank\" rel=\"noreferrer noopener\">RESULTADO FINAL<\/a><\/li>\n\n\n\n<li><a rel=\"noreferrer noopener\" href=\"https:\/\/www.ifbaiano.edu.br\/unidades\/bonfim\/files\/2025\/05\/Resultado-Preliminar-Selecao-Estagio-Curso-Tecnico-em-Agropecuaria.pdf\" data-type=\"URL\" data-id=\"https:\/\/www.ifbaiano.edu.br\/unidades\/bonfim\/files\/2025\/05\/Resultado-Preliminar-Selecao-Estagio-Curso-Tecnico-em-Agropecuaria.pdf\" target=\"_blank\">RESULTADO PRELIMINAR<\/a><\/li>\n\n\n\n<li><a rel=\"noreferrer noopener\" href=\"https:\/\/www.ifbaiano.edu.br\/unidades\/bonfim\/files\/2025\/05\/Edital-33.2025-SELECAO-DE-ESTAGIO-CURRICULAR-INTERNO-PARA-ALUNOS-DO-CURSO-TECNICO-EM-AGROPECUARIA.pdf\" data-type=\"URL\" data-id=\"https:\/\/www.ifbaiano.edu.br\/unidades\/bonfim\/files\/2025\/05\/Edital-33.2025-SELECAO-DE-ESTAGIO-CURRICULAR-INTERNO-PARA-ALUNOS-DO-CURSO-TECNICO-EM-AGROPECUARIA.pdf\" target=\"_blank\">EDITAL INTERNO RETIFICADO29\/2025 DE 13 DE MAIO 2025<\/a><\/li>\n\n\n\n<li><a rel=\"noreferrer noopener\" href=\"https:\/\/www.ifbaiano.edu.br\/unidades\/bonfim\/files\/2025\/05\/Edital-Interno-Selecao-de-Estagio-Curricular-Curso-Tecnico-em-Agropecuaria.pdf\" data-type=\"URL\" data-id=\"https:\/\/www.ifbaiano.edu.br\/unidades\/bonfim\/files\/2025\/05\/Edital-Interno-Selecao-de-Estagio-Curricular-Curso-Tecnico-em-Agropecuaria.pdf\" target=\"_blank\"><s>EDITAL INTERNO 29\/2025, DE 13 DE MAIO DE 2025<\/s><\/a><\/li>\n<\/ul>\n","protected":false},"excerpt":{"rendered":"<p>A DIRETORA-GERAL SUBSTITUTA DO INSTITUTO FEDERAL DE EDUCA\u00c7\u00c3O, CI\u00caNCIA E TECNOLOGIA BAIANO \u2013 CAMPUS SENHOR DO BONFIM, no uso de suas atribui\u00e7\u00f5es legais conferidas pela Portaria n\u00ba 423, de 25\/03\/2022, publicada no DOU de 28\/03\/2022, Se\u00e7\u00e3o 2, p\u00e1gina 17\/18, e de acordo com as disposi\u00e7\u00f5es contidas na Lei n\u00ba 11.892, de 29\/12\/2008, na Lei n\u00ba [&hellip;]<\/p>\n","protected":false},"author":158,"featured_media":0,"parent":0,"menu_order":0,"comment_status":"closed","ping_status":"closed","template":"","meta":[],"_links":{"self":[{"href":"https:\/\/www.ifbaiano.edu.br\/unidades\/bonfim\/wp-json\/wp\/v2\/pages\/21672"}],"collection":[{"href":"https:\/\/www.ifbaiano.edu.br\/unidades\/bonfim\/wp-json\/wp\/v2\/pages"}],"about":[{"href":"https:\/\/www.ifbaiano.edu.br\/unidades\/bonfim\/wp-json\/wp\/v2\/types\/page"}],"author":[{"embeddable":true,"href":"https:\/\/www.ifbaiano.edu.br\/unidades\/bonfim\/wp-json\/wp\/v2\/users\/158"}],"replies":[{"embeddable":true,"href":"https:\/\/www.ifbaiano.edu.br\/unidades\/bonfim\/wp-json\/wp\/v2\/comments?post=21672"}],"version-history":[{"count":8,"href":"https:\/\/www.ifbaiano.edu.br\/unidades\/bonfim\/wp-json\/wp\/v2\/pages\/21672\/revisions"}],"predecessor-version":[{"id":21916,"href":"https:\/\/www.ifbaiano.edu.br\/unidades\/bonfim\/wp-json\/wp\/v2\/pages\/21672\/revisions\/21916"}],"wp:attachment":[{"href":"https:\/\/www.ifbaiano.edu.br\/unidades\/bonfim\/wp-json\/wp\/v2\/media?parent=21672"}],"curies":[{"name":"wp","href":"https:\/\/api.w.org\/{rel}","templated":true}]}}