{"id":21710,"date":"2025-05-14T09:48:25","date_gmt":"2025-05-14T12:48:25","guid":{"rendered":"https:\/\/www.ifbaiano.edu.br\/unidades\/bonfim\/?page_id=21710"},"modified":"2025-07-23T10:21:42","modified_gmt":"2025-07-23T13:21:42","slug":"selecao-de-estagiario-de-nivel-superior-2025","status":"publish","type":"page","link":"https:\/\/www.ifbaiano.edu.br\/unidades\/bonfim\/selecao-de-estagiario-de-nivel-superior-2025\/","title":{"rendered":"Processo Seletivo Simplificado para Contrata\u00e7\u00e3o de Estagi\u00e1rio N\u00edvel Superior &#8211; \u00c1reas (Qu\u00edmica\/ Ci\u00eancias Agr\u00e1rias\/ Ci\u00eancias Biol\u00f3gicas\/ Ci\u00eancias da Natureza ou \u00c1reas afins"},"content":{"rendered":"\n<div class=\"wp-block-columns is-layout-flex wp-container-4\">\n<div class=\"wp-block-column is-layout-flow\" style=\"flex-basis:66.66%\">\n<strong><div id=\"TituloMenu\" class=\"dnone\"> apresenta\u00e7\u00e3o <\/div> <\/strong><\/p><p>\n\n\n\n<p>A DIRETORA-GERAL SUBSTITUTA DO INSTITUTO FEDERAL DE EDUCA\u00c7\u00c3O, CI\u00caNCIA E TECNOLOGIA BAIANO \u2013 CAMPUS SENHOR DO BONFIM, no uso de suas atribui\u00e7\u00f5es legais conferidas pela Portaria n\u00ba 423, de 25\/03\/2022, publicada no DOU de 28\/03\/2022, Se\u00e7\u00e3o 2, p\u00e1gina 17\/18, e de acordo com as disposi\u00e7\u00f5es contidas na Lei n\u00ba 11.892, de 29\/12\/2008, na Lei n\u00ba 8.112\/1990, no Regimento Geral do IF Baiano e na Portaria Normativa 13\/2022 &#8211; RET-GAB\/RET\/IFBAIANO, de 11 de mar\u00e7o de 2022, TORNA P\u00daBLICA a abertura de inscri\u00e7\u00f5es destinada \u00e0 Sele\u00e7\u00e3o de estagi\u00e1rio de N\u00edvel Superior para atua\u00e7\u00e3o preferencial nos laborat\u00f3rios de Qu\u00edmica e atendimento ao p\u00fablico em geral no sagu\u00e3o do complexo, atrav\u00e9s do presente Edital, com o fim de atuarem nas depend\u00eancias do IF Baiano Campus Senhor do Bonfim, localizada na Estrada Estrada da Igara S\/N, Zona Rural CEP 48.970- 000, Senhor do Bonfim\u2013 BA, nos termos da Lei 11.788 de 25 de setembro de 2008 e Instru\u00e7\u00e3o Normativa n\u00ba 213, de 17 de dezembro de 2019, estabelecendo suas regras e funcionamento.<\/p>\n\n\n\n<p class=\"has-small-font-size\">Vagas Ofertadas: Consulte o item 2 do edital.<\/p>\n<\/div>\n\n\n\n<div class=\"wp-block-column is-layout-flow\" style=\"flex-basis:33.33%\">\n<strong><div id=\"TituloMenu\" class=\"dnone\"> inscri\u00e7\u00f5es <\/div> <\/strong><\/p><p>\n\n\n\n<p>Per\u00edodo Inscri\u00e7\u00f5es : <strong>17\/05\/2025<\/strong> <strong>a<\/strong> <strong>06\/06\/2025<\/strong><\/p>\n\n\n\n<div class=\"wp-block-buttons is-content-justification-center is-layout-flex wp-container-2\">\n<div class=\"wp-block-button\"><a class=\"wp-block-button__link has-white-color has-text-color has-background wp-element-button\" href=\"https:\/\/docs.google.com\/forms\/d\/e\/1FAIpQLSd12k3hE4xGsdHzeotZcsr47yhnK0Zeln3jStfJnNBxNlm1YQ\/closedform\" style=\"background-color:#0a5b3f\" target=\"_blank\" rel=\"noreferrer noopener\">Inscreva-se Aqui<\/a><\/div>\n<\/div>\n\n\n\n<p class=\"has-small-font-size\">Consulte o item 4 do edital.<\/p>\n<\/div>\n<\/div>\n\n\n\n<strong><div id=\"TituloMenu\" class=\"dnone\"> edital e documentos <\/div> <\/strong><\/p><p>\n\n\n\n<p><\/p>\n\n\n\n<ul>\n<li><a href=\"https:\/\/www.ifbaiano.edu.br\/unidades\/bonfim\/files\/2025\/07\/Resultado-final-Edtal-28.2025-Selecao-estagiarios-Quimica-laboratorios-campus-sbf.pdf\" data-type=\"URL\" data-id=\"https:\/\/www.ifbaiano.edu.br\/unidades\/bonfim\/files\/2025\/07\/Resultado-final-Edtal-28.2025-Selecao-estagiarios-Quimica-laboratorios-campus-sbf.pdf\">Resultado Final<\/a><\/li>\n\n\n\n<li><a href=\"https:\/\/www.ifbaiano.edu.br\/unidades\/bonfim\/files\/2025\/07\/RESULTADO-PRELIMINAR-DA-PROVA-PRATICA-Edital-n%C2%B028.pdf\" data-type=\"URL\" data-id=\"https:\/\/www.ifbaiano.edu.br\/unidades\/bonfim\/files\/2025\/07\/RESULTADO-PRELIMINAR-DA-PROVA-PRATICA-Edital-n%C2%B028.pdf\">Recursos contra o resultado preliminar da prova pr\u00e1tica<\/a><\/li>\n\n\n\n<li><a href=\"https:\/\/www.ifbaiano.edu.br\/unidades\/bonfim\/files\/2025\/07\/Edital-de-Retificacao-n%C2%B046-de-21-de-Julho-2025.pdf\" data-type=\"URL\" data-id=\"https:\/\/www.ifbaiano.edu.br\/unidades\/bonfim\/files\/2025\/07\/Edital-de-Retificacao-n%C2%B046-de-21-de-Julho-2025.pdf\">Retifica\u00e7\u00e3o do Edital N\u00b0 02<\/a><\/li>\n\n\n\n<li><a href=\"https:\/\/www.ifbaiano.edu.br\/unidades\/bonfim\/files\/2025\/07\/Resultado-preliminar-para-prova-pratica-Selecao-Estagiario.pdf\" data-type=\"URL\" data-id=\"https:\/\/www.ifbaiano.edu.br\/unidades\/bonfim\/files\/2025\/07\/Resultado-preliminar-para-prova-pratica-Selecao-Estagiario.pdf\">Resultado Preliminar Prova Pr\u00e1tica<\/a><\/li>\n\n\n\n<li><a href=\"https:\/\/www.ifbaiano.edu.br\/unidades\/bonfim\/files\/2025\/07\/Convocacao-para-prova-pratica-Edital-N%C2%B028.pdf\" data-type=\"URL\" data-id=\"https:\/\/www.ifbaiano.edu.br\/unidades\/bonfim\/files\/2025\/07\/Convocacao-para-prova-pratica-Edital-N%C2%B028.pdf\">Convoca\u00e7\u00e3o para Prova Pr\u00e1tica<\/a><\/li>\n\n\n\n<li><a href=\"https:\/\/www.ifbaiano.edu.br\/unidades\/bonfim\/files\/2025\/07\/Edital-N%C2%B0-43-de-14-de-julho-de-2025-de-Retificacao-n%C2%B028-de-14-de-maio-de-2025.pdf\" data-type=\"URL\" data-id=\"https:\/\/www.ifbaiano.edu.br\/unidades\/bonfim\/files\/2025\/07\/Edital-N%C2%B0-43-de-14-de-julho-de-2025-de-Retificacao-n%C2%B028-de-14-de-maio-de-2025.pdf\">Retifica\u00e7\u00e3o do Edital<\/a>   <\/li>\n\n\n\n<li><a href=\"https:\/\/www.ifbaiano.edu.br\/unidades\/bonfim\/files\/2025\/07\/Resultado-das-entrevistas-pos-recursos-Edital-n%C2%B028.pdf\" data-type=\"URL\" data-id=\"https:\/\/www.ifbaiano.edu.br\/unidades\/bonfim\/files\/2025\/07\/Resultado-das-entrevistas-pos-recursos-Edital-n%C2%B028.pdf\">Resultado das Entrevistas P\u00f3s Recursos<\/a><\/li>\n\n\n\n<li><a href=\"https:\/\/www.ifbaiano.edu.br\/unidades\/bonfim\/files\/2025\/07\/Resultado-dos-recursos-contra-a-entrevista-EditalN%C2%B028.pdf\" data-type=\"URL\" data-id=\"https:\/\/www.ifbaiano.edu.br\/unidades\/bonfim\/files\/2025\/07\/Resultado-dos-recursos-contra-a-entrevista-EditalN%C2%B028.pdf\">Resultado dos Recursos contra Entrevista<\/a><\/li>\n\n\n\n<li><a href=\"https:\/\/www.ifbaiano.edu.br\/unidades\/bonfim\/files\/2025\/07\/Resultado-Preliminar-das-Entrevistas-Selecao-Estagiario-Edital-N%C2%B028.pdf\" data-type=\"URL\" data-id=\"https:\/\/www.ifbaiano.edu.br\/unidades\/bonfim\/files\/2025\/07\/Resultado-Preliminar-das-Entrevistas-Selecao-Estagiario-Edital-N%C2%B028.pdf\">Resultado Preliminar das Entrevistas<\/a><\/li>\n\n\n\n<li><a href=\"https:\/\/www.ifbaiano.edu.br\/unidades\/bonfim\/files\/2025\/07\/Retificacao-Convocacao-para-Entrevista-Edital-n%C2%B028.pdf\" data-type=\"URL\" data-id=\"https:\/\/www.ifbaiano.edu.br\/unidades\/bonfim\/files\/2025\/07\/Retificacao-Convocacao-para-Entrevista-Edital-n%C2%B028.pdf\">Retifica\u00e7\u00e3o Convoca\u00e7\u00e3o para Entrevista<\/a><\/li>\n\n\n\n<li><a href=\"https:\/\/www.ifbaiano.edu.br\/unidades\/bonfim\/files\/2025\/07\/Avaliacao-da-Selecao-de-Estagiario-de-nivel-Superior-respostas-Convocacao-para-Entrevist.pdf\" data-type=\"URL\" data-id=\"https:\/\/www.ifbaiano.edu.br\/unidades\/bonfim\/files\/2025\/07\/Avaliacao-da-Selecao-de-Estagiario-de-nivel-Superior-respostas-Convocacao-para-Entrevist.pdf\"><s>Convoca\u00e7\u00e3o para Entrevista<\/s><\/a><\/li>\n\n\n\n<li><a rel=\"noreferrer noopener\" href=\"https:\/\/www.ifbaiano.edu.br\/unidades\/bonfim\/files\/2025\/06\/Selecao-de-Estagiario-de-nivel-Superior-Recursos-da-Lista-preliminar-homologados.pdf\" data-type=\"URL\" data-id=\"https:\/\/www.ifbaiano.edu.br\/unidades\/bonfim\/files\/2025\/06\/Selecao-de-Estagiario-de-nivel-Superior-Recursos-da-Lista-preliminar-homologados.pdf\" target=\"_blank\">Resultado dos Recursos Contra Publica\u00e7\u00e3o da Lista Preliminar de Inscri\u00e7\u00f5es Homologadas<\/a><\/li>\n\n\n\n<li><a rel=\"noreferrer noopener\" href=\"https:\/\/www.ifbaiano.edu.br\/unidades\/bonfim\/files\/2025\/06\/Lista-Preliminar-Incricoes-Homologadas-Selecao-Estagiario.pdf\" data-type=\"URL\" data-id=\"https:\/\/www.ifbaiano.edu.br\/unidades\/bonfim\/files\/2025\/06\/Lista-Preliminar-Incricoes-Homologadas-Selecao-Estagiario.pdf\" target=\"_blank\">Lista Preliminar de Inscri\u00e7\u00f5es Homologadas<\/a><\/li>\n\n\n\n<li><a rel=\"noreferrer noopener\" href=\"https:\/\/www.ifbaiano.edu.br\/unidades\/bonfim\/files\/2025\/05\/Resultado-das-Impugnacoes-ao-Edital-n%C2%B028-Contratacao-estagiario-nivel-superior.pdf\" data-type=\"URL\" data-id=\"https:\/\/www.ifbaiano.edu.br\/unidades\/bonfim\/files\/2025\/05\/Resultado-das-Impugnacoes-ao-Edital-n%C2%B028-Contratacao-estagiario-nivel-superior.pdf\" target=\"_blank\">Resultado das Impugna\u00e7\u00f5es ao Edital<\/a><\/li>\n\n\n\n<li><a rel=\"noreferrer noopener\" href=\"https:\/\/www.ifbaiano.edu.br\/unidades\/bonfim\/files\/2025\/05\/Edital-n%C2%B028-de-14-Maio-2025-Selecao-Estagiario-Nivel-Superior.pdf\" data-type=\"URL\" data-id=\"https:\/\/www.ifbaiano.edu.br\/unidades\/bonfim\/files\/2025\/05\/Edital-n%C2%B028-de-14-Maio-2025-Selecao-Estagiario-Nivel-Superior.pdf\" target=\"_blank\">Edital<\/a><\/li>\n<\/ul>\n\n\n\n<p><\/p>\n","protected":false},"excerpt":{"rendered":"<p>apresenta\u00e7\u00e3o A DIRETORA-GERAL SUBSTITUTA DO INSTITUTO FEDERAL DE EDUCA\u00c7\u00c3O, CI\u00caNCIA E TECNOLOGIA BAIANO \u2013 CAMPUS SENHOR DO BONFIM, no uso de suas atribui\u00e7\u00f5es legais conferidas pela Portaria n\u00ba 423, de 25\/03\/2022, publicada no DOU de 28\/03\/2022, Se\u00e7\u00e3o 2, p\u00e1gina 17\/18, e de acordo com as disposi\u00e7\u00f5es contidas na Lei n\u00ba 11.892, de 29\/12\/2008, na Lei [&hellip;]<\/p>\n","protected":false},"author":158,"featured_media":0,"parent":0,"menu_order":0,"comment_status":"closed","ping_status":"closed","template":"","meta":[],"_links":{"self":[{"href":"https:\/\/www.ifbaiano.edu.br\/unidades\/bonfim\/wp-json\/wp\/v2\/pages\/21710"}],"collection":[{"href":"https:\/\/www.ifbaiano.edu.br\/unidades\/bonfim\/wp-json\/wp\/v2\/pages"}],"about":[{"href":"https:\/\/www.ifbaiano.edu.br\/unidades\/bonfim\/wp-json\/wp\/v2\/types\/page"}],"author":[{"embeddable":true,"href":"https:\/\/www.ifbaiano.edu.br\/unidades\/bonfim\/wp-json\/wp\/v2\/users\/158"}],"replies":[{"embeddable":true,"href":"https:\/\/www.ifbaiano.edu.br\/unidades\/bonfim\/wp-json\/wp\/v2\/comments?post=21710"}],"version-history":[{"count":26,"href":"https:\/\/www.ifbaiano.edu.br\/unidades\/bonfim\/wp-json\/wp\/v2\/pages\/21710\/revisions"}],"predecessor-version":[{"id":22174,"href":"https:\/\/www.ifbaiano.edu.br\/unidades\/bonfim\/wp-json\/wp\/v2\/pages\/21710\/revisions\/22174"}],"wp:attachment":[{"href":"https:\/\/www.ifbaiano.edu.br\/unidades\/bonfim\/wp-json\/wp\/v2\/media?parent=21710"}],"curies":[{"name":"wp","href":"https:\/\/api.w.org\/{rel}","templated":true}]}}