{"id":21718,"date":"2025-05-14T09:59:23","date_gmt":"2025-05-14T12:59:23","guid":{"rendered":"https:\/\/www.ifbaiano.edu.br\/unidades\/bonfim\/?page_id=21718"},"modified":"2025-08-05T07:31:02","modified_gmt":"2025-08-05T10:31:02","slug":"estagio-2025","status":"publish","type":"page","link":"https:\/\/www.ifbaiano.edu.br\/unidades\/bonfim\/estagio-2025\/","title":{"rendered":"Est\u00e1gio \u2013 2025"},"content":{"rendered":"\n<hr class=\"wp-block-separator has-alpha-channel-opacity\" \/>\n\n\n\n<p><a href=\"https:\/\/www.ifbaiano.edu.br\/unidades\/bonfim\/2025\/08\/05\/selecao-de-estagio-curricular-obrigatorio-para-alunos-doscursos-tecnico-integrado-e-tecnico-subsequente-em-informatica\/\" data-type=\"URL\" data-id=\"https:\/\/www.ifbaiano.edu.br\/unidades\/bonfim\/2025\/08\/05\/selecao-de-estagio-curricular-obrigatorio-para-alunos-doscursos-tecnico-integrado-e-tecnico-subsequente-em-informatica\/\">Sele\u00e7\u00e3o de Est\u00e1gio Curricular para Alunos do Curso T\u00e9cnico Integrado e Subsequente em Inform\u00e1tica<\/a><\/p>\n\n\n\n<hr class=\"wp-block-separator has-alpha-channel-opacity\" \/>\n\n\n\n<p><a href=\"https:\/\/www.ifbaiano.edu.br\/unidades\/bonfim\/selecao-de-estagio-curricular-para-alunos-do-curso-tecnico-subsequente-em-alimentos\/\" data-type=\"URL\" data-id=\"https:\/\/www.ifbaiano.edu.br\/unidades\/bonfim\/selecao-de-estagio-curricular-para-alunos-do-curso-tecnico-subsequente-em-alimentos\/\">Sele\u00e7\u00e3o de Est\u00e1gio Curricular para Alunos do Curso T\u00e9cnico Subsequente em Alimentos<\/a><\/p>\n\n\n\n<hr class=\"wp-block-separator has-alpha-channel-opacity\" \/>\n\n\n\n<p><a href=\"https:\/\/www.ifbaiano.edu.br\/unidades\/bonfim\/selecao-de-estagio-para-o-nucleo-de-tecnologia-da-informacao\/\" data-type=\"URL\" data-id=\"https:\/\/www.ifbaiano.edu.br\/unidades\/bonfim\/selecao-de-estagio-para-o-nucleo-de-tecnologia-da-informacao\/\" target=\"_blank\" rel=\"noreferrer noopener\">Sele\u00e7\u00e3o Interna de Est\u00e1gio para o N\u00facleo de Tecnologia da Informa\u00e7\u00e3o<\/a><\/p>\n\n\n\n<hr class=\"wp-block-separator has-alpha-channel-opacity\" \/>\n\n\n\n<p><a href=\"https:\/\/www.ifbaiano.edu.br\/unidades\/bonfim\/processo-seletivo-simplificado-para-contratacao-de-estagiarios-de-nivel-superior-e-tecnico-de-nivel-medio\/\" data-type=\"URL\" data-id=\"https:\/\/www.ifbaiano.edu.br\/unidades\/bonfim\/processo-seletivo-simplificado-para-contratacao-de-estagiarios-de-nivel-superior-e-tecnico-de-nivel-medio\/\" target=\"_blank\" rel=\"noreferrer noopener\">Processo Seletivo Simplificado para Contrata\u00e7\u00e3o de Estagi\u00e1rios de N\u00edvel Superior e N\u00edvel M\u00e9dio<\/a><\/p>\n\n\n\n<hr class=\"wp-block-separator has-alpha-channel-opacity\" \/>\n\n\n\n<p><a rel=\"noreferrer noopener\" href=\"https:\/\/www.ifbaiano.edu.br\/unidades\/bonfim\/selecao-de-estagiario-de-nivel-superior-2025\/\" data-type=\"URL\" data-id=\"https:\/\/www.ifbaiano.edu.br\/unidades\/bonfim\/selecao-de-estagiario-de-nivel-superior-2025\/\" target=\"_blank\">PROCESSO SELETIVO SIMPLIFICADO PARA CONTRATA\u00c7\u00c3O DE ESTAGI\u00c1RIOS DE N\u00cdVEL SUPERIOR<\/a><\/p>\n\n\n\n<hr class=\"wp-block-separator has-alpha-channel-opacity\" \/>\n\n\n\n<p><a rel=\"noreferrer noopener\" href=\"https:\/\/www.ifbaiano.edu.br\/unidades\/bonfim\/selecao-de-estagio-curricular-interno-para-alunos-do-curso-tecnico-emagropecuaria\/\" target=\"_blank\">Sele\u00e7\u00e3o de Est\u00e1gio Curricular Interno para Alunos do Curso T\u00e9cnico em Agropecu\u00e1ria<\/a><\/p>\n","protected":false},"excerpt":{"rendered":"<p>Sele\u00e7\u00e3o de Est\u00e1gio Curricular para Alunos do Curso T\u00e9cnico Integrado e Subsequente em Inform\u00e1tica Sele\u00e7\u00e3o de Est\u00e1gio Curricular para Alunos do Curso T\u00e9cnico Subsequente em Alimentos Sele\u00e7\u00e3o Interna de Est\u00e1gio para o N\u00facleo de Tecnologia da Informa\u00e7\u00e3o Processo Seletivo Simplificado para Contrata\u00e7\u00e3o de Estagi\u00e1rios de N\u00edvel Superior e N\u00edvel M\u00e9dio PROCESSO SELETIVO SIMPLIFICADO PARA CONTRATA\u00c7\u00c3O [&hellip;]<\/p>\n","protected":false},"author":158,"featured_media":0,"parent":0,"menu_order":0,"comment_status":"closed","ping_status":"closed","template":"","meta":[],"_links":{"self":[{"href":"https:\/\/www.ifbaiano.edu.br\/unidades\/bonfim\/wp-json\/wp\/v2\/pages\/21718"}],"collection":[{"href":"https:\/\/www.ifbaiano.edu.br\/unidades\/bonfim\/wp-json\/wp\/v2\/pages"}],"about":[{"href":"https:\/\/www.ifbaiano.edu.br\/unidades\/bonfim\/wp-json\/wp\/v2\/types\/page"}],"author":[{"embeddable":true,"href":"https:\/\/www.ifbaiano.edu.br\/unidades\/bonfim\/wp-json\/wp\/v2\/users\/158"}],"replies":[{"embeddable":true,"href":"https:\/\/www.ifbaiano.edu.br\/unidades\/bonfim\/wp-json\/wp\/v2\/comments?post=21718"}],"version-history":[{"count":12,"href":"https:\/\/www.ifbaiano.edu.br\/unidades\/bonfim\/wp-json\/wp\/v2\/pages\/21718\/revisions"}],"predecessor-version":[{"id":22244,"href":"https:\/\/www.ifbaiano.edu.br\/unidades\/bonfim\/wp-json\/wp\/v2\/pages\/21718\/revisions\/22244"}],"wp:attachment":[{"href":"https:\/\/www.ifbaiano.edu.br\/unidades\/bonfim\/wp-json\/wp\/v2\/media?parent=21718"}],"curies":[{"name":"wp","href":"https:\/\/api.w.org\/{rel}","templated":true}]}}