{"id":21750,"date":"2025-05-15T08:16:44","date_gmt":"2025-05-15T11:16:44","guid":{"rendered":"https:\/\/www.ifbaiano.edu.br\/unidades\/bonfim\/?page_id=21750"},"modified":"2025-05-15T08:25:05","modified_gmt":"2025-05-15T11:25:05","slug":"referencia-2024-modalidade-pregao","status":"publish","type":"page","link":"https:\/\/www.ifbaiano.edu.br\/unidades\/bonfim\/referencia-2024-modalidade-pregao\/","title":{"rendered":"Refer\u00eancia 2024 \u2013 Modalidade Preg\u00e3o"},"content":{"rendered":"\n<div id=\"ProreitoriaTopoTitulo\">PREG\u00c3O ELETR\u00d4NICO<\/div>\n\n\n\n<ul>\n<li><strong><a rel=\"noreferrer noopener\" href=\"https:\/\/www.ifbaiano.edu.br\/unidades\/bonfim\/2025\/02\/26\/pregao-no-09-90009-de-2024-para-aquisicao-de-materiais-de-expediente-para-setores-academico-e-pedagogico\/\" data-type=\"URL\" data-id=\"https:\/\/www.ifbaiano.edu.br\/unidades\/bonfim\/2025\/02\/26\/pregao-no-09-90009-de-2024-para-aquisicao-de-materiais-de-expediente-para-setores-academico-e-pedagogico\/\" target=\"_blank\">Preg\u00e3o n\u00ba . 09\/2024  &#8211;  Aquisi\u00e7\u00e3o de materiais de expediente para setores acad\u00eamico e pedag\u00f3gico<\/a><\/strong><\/li>\n\n\n\n<li><strong><a rel=\"noreferrer noopener\" href=\"https:\/\/www.ifbaiano.edu.br\/unidades\/bonfim\/2025\/01\/15\/pregao-eletronico-srp-no-08-2024-aquisicao-de-gas-de-cozinha-glp-p45-e-p13-para-atendimento-do-refeitorio-e-unidades-produtivas\/\" data-type=\"URL\" data-id=\"https:\/\/www.ifbaiano.edu.br\/unidades\/bonfim\/2025\/01\/15\/pregao-eletronico-srp-no-08-2024-aquisicao-de-gas-de-cozinha-glp-p45-e-p13-para-atendimento-do-refeitorio-e-unidades-produtivas\/\" target=\"_blank\">Preg\u00e3o Eletr\u00f4nico n\u00ba. 08\/2024 \u2013 Aquisi\u00e7\u00e3o de g\u00e1s de cozinha (GLP), P45 e P13 para atendimento do refeit\u00f3rio e unidades produtivas<\/a><\/strong><\/li>\n\n\n\n<li><a rel=\"noreferrer noopener\" href=\"https:\/\/www.ifbaiano.edu.br\/unidades\/bonfim\/2025\/02\/11\/pregao-eletronico-para-aquisicao-de-aves-para-reposicao-do-plantel-do-if-baiano-campus-senhor-do-bonfim\/\" data-type=\"URL\" data-id=\"https:\/\/www.ifbaiano.edu.br\/unidades\/bonfim\/2025\/02\/11\/pregao-eletronico-para-aquisicao-de-aves-para-reposicao-do-plantel-do-if-baiano-campus-senhor-do-bonfim\/\" target=\"_blank\"><strong>Preg\u00e3o Eletr\u00f4nico n\u00b0 07\/2024<\/strong><\/a><a rel=\"noreferrer noopener\" href=\"https:\/\/www.ifbaiano.edu.br\/unidades\/bonfim\/2025\/02\/11\/pregao-eletronico-para-aquisicao-de-aves-para-reposicao-do-plantel-do-if-baiano-campus-senhor-do-bonfim\/\" data-type=\"URL\" data-id=\"https:\/\/www.ifbaiano.edu.br\/unidades\/bonfim\/2025\/02\/11\/pregao-eletronico-para-aquisicao-de-aves-para-reposicao-do-plantel-do-if-baiano-campus-senhor-do-bonfim\/\" target=\"_blank\"><strong> <\/strong><\/a><a href=\"https:\/\/www.ifbaiano.edu.br\/unidades\/bonfim\/2025\/02\/11\/pregao-eletronico-para-aquisicao-de-aves-para-reposicao-do-plantel-do-if-baiano-campus-senhor-do-bonfim\/\" data-type=\"URL\" data-id=\"https:\/\/www.ifbaiano.edu.br\/unidades\/bonfim\/2025\/02\/11\/pregao-eletronico-para-aquisicao-de-aves-para-reposicao-do-plantel-do-if-baiano-campus-senhor-do-bonfim\/\" target=\"_blank\" rel=\"noreferrer noopener\"><strong>&#8211;<\/strong><\/a><a rel=\"noreferrer noopener\" href=\"https:\/\/www.ifbaiano.edu.br\/unidades\/bonfim\/2025\/02\/11\/pregao-eletronico-para-aquisicao-de-aves-para-reposicao-do-plantel-do-if-baiano-campus-senhor-do-bonfim\/\" data-type=\"URL\" data-id=\"https:\/\/www.ifbaiano.edu.br\/unidades\/bonfim\/2025\/02\/11\/pregao-eletronico-para-aquisicao-de-aves-para-reposicao-do-plantel-do-if-baiano-campus-senhor-do-bonfim\/\" target=\"_blank\"><strong> Aquisi\u00e7\u00e3o de aves para reposi\u00e7\u00e3o do plantel<\/strong><\/a><\/li>\n\n\n\n<li><strong><a rel=\"noreferrer noopener\" href=\"https:\/\/www.ifbaiano.edu.br\/unidades\/bonfim\/2025\/01\/21\/pregao-eletronico-srp-no-06-2024-contratacao-de-empresa-especializada-para-servicos-de-manutencao-preventiva-e-corretiva-de-aparelho-de-ar-condicionado-camara-fria\/\" data-type=\"URL\" data-id=\"https:\/\/www.ifbaiano.edu.br\/unidades\/bonfim\/2025\/01\/21\/pregao-eletronico-srp-no-06-2024-contratacao-de-empresa-especializada-para-servicos-de-manutencao-preventiva-e-corretiva-de-aparelho-de-ar-condicionado-camara-fria\/\" target=\"_blank\">Preg\u00e3o Eletr\u00f4nico n\u00ba 06\/2024 \u2013 Contrata\u00e7\u00e3o de empresa especializada para servi\u00e7os de manuten\u00e7\u00e3o preventiva e corretiva de aparelho de ar-condicionado c\u00e2mara fria<\/a><\/strong><\/li>\n\n\n\n<li><strong><a href=\"https:\/\/www.ifbaiano.edu.br\/unidades\/bonfim\/2025\/01\/24\/pregao-eletronico-para-aquisicao-de-insumos-utilizados-na-fabricacao-de-racao-animal-e-outros-itens\/\" data-type=\"URL\" data-id=\"https:\/\/www.ifbaiano.edu.br\/unidades\/bonfim\/2025\/01\/24\/pregao-eletronico-para-aquisicao-de-insumos-utilizados-na-fabricacao-de-racao-animal-e-outros-itens\/\" target=\"_blank\" rel=\"noreferrer noopener\">Preg\u00e3o Eletr\u00f4nico n\u00b0 05\/2024 &#8211; Aquisi\u00e7\u00e3o de insumos utilizados na fabrica\u00e7\u00e3o de ra\u00e7\u00e3o animal e outros itens<\/a><\/strong><\/li>\n\n\n\n<li><strong><a rel=\"noreferrer noopener\" href=\"https:\/\/www.ifbaiano.edu.br\/unidades\/bonfim\/2024\/11\/26\/pregao-eletronico-srp-no-004-2024-contratacao-de-empresa-para-fornecimento-de-generos-alimenticios\/\" data-type=\"URL\" data-id=\"https:\/\/www.ifbaiano.edu.br\/unidades\/bonfim\/2024\/11\/26\/pregao-eletronico-srp-no-004-2024-contratacao-de-empresa-para-fornecimento-de-generos-alimenticios\/\" target=\"_blank\">Preg\u00e3o Eletr\u00f4nico n\u00ba. 04\/2024 \u2013 Contrata\u00e7\u00e3o de Empresa para Fornecimento de G\u00eaneros Aliment\u00edcios<\/a><\/strong><\/li>\n\n\n\n<li><strong><a rel=\"noreferrer noopener\" href=\"https:\/\/www.ifbaiano.edu.br\/unidades\/bonfim\/2024\/04\/09\/pregao-eletronico-no-02-2024-concessao-real-de-uso-da-cantina-do-if-baiano-campus-senhor-do-bonfim\/\" data-type=\"URL\" data-id=\"https:\/\/www.ifbaiano.edu.br\/unidades\/bonfim\/2024\/04\/09\/pregao-eletronico-no-02-2024-concessao-real-de-uso-da-cantina-do-if-baiano-campus-senhor-do-bonfim\/\" target=\"_blank\">Preg\u00e3o Eletr\u00f4nico n\u00ba. 02\/2024 \u2013 Concess\u00e3o Real de Uso da Cantina<\/a><\/strong><\/li>\n<\/ul>\n","protected":false},"excerpt":{"rendered":"<p>PREG\u00c3O ELETR\u00d4NICO<\/p>\n","protected":false},"author":158,"featured_media":0,"parent":0,"menu_order":0,"comment_status":"closed","ping_status":"closed","template":"","meta":[],"_links":{"self":[{"href":"https:\/\/www.ifbaiano.edu.br\/unidades\/bonfim\/wp-json\/wp\/v2\/pages\/21750"}],"collection":[{"href":"https:\/\/www.ifbaiano.edu.br\/unidades\/bonfim\/wp-json\/wp\/v2\/pages"}],"about":[{"href":"https:\/\/www.ifbaiano.edu.br\/unidades\/bonfim\/wp-json\/wp\/v2\/types\/page"}],"author":[{"embeddable":true,"href":"https:\/\/www.ifbaiano.edu.br\/unidades\/bonfim\/wp-json\/wp\/v2\/users\/158"}],"replies":[{"embeddable":true,"href":"https:\/\/www.ifbaiano.edu.br\/unidades\/bonfim\/wp-json\/wp\/v2\/comments?post=21750"}],"version-history":[{"count":4,"href":"https:\/\/www.ifbaiano.edu.br\/unidades\/bonfim\/wp-json\/wp\/v2\/pages\/21750\/revisions"}],"predecessor-version":[{"id":21761,"href":"https:\/\/www.ifbaiano.edu.br\/unidades\/bonfim\/wp-json\/wp\/v2\/pages\/21750\/revisions\/21761"}],"wp:attachment":[{"href":"https:\/\/www.ifbaiano.edu.br\/unidades\/bonfim\/wp-json\/wp\/v2\/media?parent=21750"}],"curies":[{"name":"wp","href":"https:\/\/api.w.org\/{rel}","templated":true}]}}