{"id":21755,"date":"2025-05-15T08:21:51","date_gmt":"2025-05-15T11:21:51","guid":{"rendered":"https:\/\/www.ifbaiano.edu.br\/unidades\/bonfim\/?page_id=21755"},"modified":"2025-11-06T19:45:47","modified_gmt":"2025-11-06T22:45:47","slug":"referencia-2025-modalidade-pregao","status":"publish","type":"page","link":"https:\/\/www.ifbaiano.edu.br\/unidades\/bonfim\/referencia-2025-modalidade-pregao\/","title":{"rendered":"Refer\u00eancia 2025 \u2013 Modalidade Preg\u00e3o"},"content":{"rendered":"\n<div id=\"ProreitoriaTopoTitulo\">PREG\u00c3O ELETR\u00d4NICO<\/div>\n\n\n\n<ul>\n<li><a rel=\"noreferrer noopener\" href=\"https:\/\/www.ifbaiano.edu.br\/unidades\/bonfim\/files\/2025\/11\/EDITAL-E-ANEXOS-DO-PREGAO-ELETRONICO-No.-90007-DE-2025.pdf\" target=\"_blank\">P<\/a><a rel=\"noreferrer noopener\" href=\"https:\/\/www.ifbaiano.edu.br\/unidades\/bonfim\/files\/2025\/11\/EDITAL-E-ANEXOS-DO-PREGAO-ELETRONICO-No.-90007-DE-2025.pdf\" target=\"_blank\">r<\/a><a rel=\"noreferrer noopener\" href=\"https:\/\/www.ifbaiano.edu.br\/unidades\/bonfim\/files\/2025\/11\/EDITAL-E-ANEXOS-DO-PREGAO-ELETRONICO-No.-90007-DE-2025.pdf\" target=\"_blank\">e<\/a><a rel=\"noreferrer noopener\" href=\"https:\/\/www.ifbaiano.edu.br\/unidades\/bonfim\/files\/2025\/11\/EDITAL-E-ANEXOS-DO-PREGAO-ELETRONICO-No.-90007-DE-2025.pdf\" target=\"_blank\">g<\/a><a rel=\"noreferrer noopener\" href=\"https:\/\/www.ifbaiano.edu.br\/unidades\/bonfim\/files\/2025\/11\/EDITAL-E-ANEXOS-DO-PREGAO-ELETRONICO-No.-90007-DE-2025.pdf\" target=\"_blank\">\u00e3<\/a><a rel=\"noreferrer noopener\" href=\"https:\/\/www.ifbaiano.edu.br\/unidades\/bonfim\/files\/2025\/11\/EDITAL-E-ANEXOS-DO-PREGAO-ELETRONICO-No.-90007-DE-2025.pdf\" target=\"_blank\">o<\/a><a rel=\"noreferrer noopener\" href=\"https:\/\/www.ifbaiano.edu.br\/unidades\/bonfim\/files\/2025\/11\/EDITAL-E-ANEXOS-DO-PREGAO-ELETRONICO-No.-90007-DE-2025.pdf\" target=\"_blank\"> <\/a><a rel=\"noreferrer noopener\" href=\"https:\/\/www.ifbaiano.edu.br\/unidades\/bonfim\/files\/2025\/11\/EDITAL-E-ANEXOS-DO-PREGAO-ELETRONICO-No.-90007-DE-2025.pdf\" target=\"_blank\">E<\/a><a rel=\"noreferrer noopener\" href=\"https:\/\/www.ifbaiano.edu.br\/unidades\/bonfim\/files\/2025\/11\/EDITAL-E-ANEXOS-DO-PREGAO-ELETRONICO-No.-90007-DE-2025.pdf\" target=\"_blank\">l<\/a><a rel=\"noreferrer noopener\" href=\"https:\/\/www.ifbaiano.edu.br\/unidades\/bonfim\/files\/2025\/11\/EDITAL-E-ANEXOS-DO-PREGAO-ELETRONICO-No.-90007-DE-2025.pdf\" target=\"_blank\">e<\/a><a rel=\"noreferrer noopener\" href=\"https:\/\/www.ifbaiano.edu.br\/unidades\/bonfim\/files\/2025\/11\/EDITAL-E-ANEXOS-DO-PREGAO-ELETRONICO-No.-90007-DE-2025.pdf\" target=\"_blank\">t<\/a><a rel=\"noreferrer noopener\" href=\"https:\/\/www.ifbaiano.edu.br\/unidades\/bonfim\/files\/2025\/11\/EDITAL-E-ANEXOS-DO-PREGAO-ELETRONICO-No.-90007-DE-2025.pdf\" target=\"_blank\">r<\/a><a rel=\"noreferrer noopener\" href=\"https:\/\/www.ifbaiano.edu.br\/unidades\/bonfim\/files\/2025\/11\/EDITAL-E-ANEXOS-DO-PREGAO-ELETRONICO-No.-90007-DE-2025.pdf\" target=\"_blank\">\u00f4<\/a><a rel=\"noreferrer noopener\" href=\"https:\/\/www.ifbaiano.edu.br\/unidades\/bonfim\/files\/2025\/11\/EDITAL-E-ANEXOS-DO-PREGAO-ELETRONICO-No.-90007-DE-2025.pdf\" target=\"_blank\">n<\/a><a rel=\"noreferrer noopener\" href=\"https:\/\/www.ifbaiano.edu.br\/unidades\/bonfim\/files\/2025\/11\/EDITAL-E-ANEXOS-DO-PREGAO-ELETRONICO-No.-90007-DE-2025.pdf\" target=\"_blank\">i<\/a><a rel=\"noreferrer noopener\" href=\"https:\/\/www.ifbaiano.edu.br\/unidades\/bonfim\/files\/2025\/11\/EDITAL-E-ANEXOS-DO-PREGAO-ELETRONICO-No.-90007-DE-2025.pdf\" target=\"_blank\">c<\/a><a rel=\"noreferrer noopener\" href=\"https:\/\/www.ifbaiano.edu.br\/unidades\/bonfim\/files\/2025\/11\/EDITAL-E-ANEXOS-DO-PREGAO-ELETRONICO-No.-90007-DE-2025.pdf\" target=\"_blank\">o<\/a><a rel=\"noreferrer noopener\" href=\"https:\/\/www.ifbaiano.edu.br\/unidades\/bonfim\/files\/2025\/11\/EDITAL-E-ANEXOS-DO-PREGAO-ELETRONICO-No.-90007-DE-2025.pdf\" target=\"_blank\"> <\/a><a rel=\"noreferrer noopener\" href=\"https:\/\/www.ifbaiano.edu.br\/unidades\/bonfim\/files\/2025\/11\/EDITAL-E-ANEXOS-DO-PREGAO-ELETRONICO-No.-90007-DE-2025.pdf\" target=\"_blank\">n<\/a><a rel=\"noreferrer noopener\" href=\"https:\/\/www.ifbaiano.edu.br\/unidades\/bonfim\/files\/2025\/11\/EDITAL-E-ANEXOS-DO-PREGAO-ELETRONICO-No.-90007-DE-2025.pdf\" target=\"_blank\">\u00ba<\/a><a rel=\"noreferrer noopener\" href=\"https:\/\/www.ifbaiano.edu.br\/unidades\/bonfim\/files\/2025\/11\/EDITAL-E-ANEXOS-DO-PREGAO-ELETRONICO-No.-90007-DE-2025.pdf\" target=\"_blank\"> <\/a><a rel=\"noreferrer noopener\" href=\"https:\/\/www.ifbaiano.edu.br\/unidades\/bonfim\/files\/2025\/11\/EDITAL-E-ANEXOS-DO-PREGAO-ELETRONICO-No.-90007-DE-2025.pdf\" target=\"_blank\">0<\/a><a rel=\"noreferrer noopener\" href=\"https:\/\/www.ifbaiano.edu.br\/unidades\/bonfim\/files\/2025\/11\/EDITAL-E-ANEXOS-DO-PREGAO-ELETRONICO-No.-90007-DE-2025.pdf\" target=\"_blank\">7<\/a><a rel=\"noreferrer noopener\" href=\"https:\/\/www.ifbaiano.edu.br\/unidades\/bonfim\/files\/2025\/11\/EDITAL-E-ANEXOS-DO-PREGAO-ELETRONICO-No.-90007-DE-2025.pdf\" target=\"_blank\">\/<\/a><a rel=\"noreferrer noopener\" href=\"https:\/\/www.ifbaiano.edu.br\/unidades\/bonfim\/files\/2025\/11\/EDITAL-E-ANEXOS-DO-PREGAO-ELETRONICO-No.-90007-DE-2025.pdf\" target=\"_blank\">2<\/a><a rel=\"noreferrer noopener\" href=\"https:\/\/www.ifbaiano.edu.br\/unidades\/bonfim\/files\/2025\/11\/EDITAL-E-ANEXOS-DO-PREGAO-ELETRONICO-No.-90007-DE-2025.pdf\" target=\"_blank\">0<\/a><a rel=\"noreferrer noopener\" href=\"https:\/\/www.ifbaiano.edu.br\/unidades\/bonfim\/files\/2025\/11\/EDITAL-E-ANEXOS-DO-PREGAO-ELETRONICO-No.-90007-DE-2025.pdf\" target=\"_blank\">2<\/a><a rel=\"noreferrer noopener\" href=\"https:\/\/www.ifbaiano.edu.br\/unidades\/bonfim\/files\/2025\/11\/EDITAL-E-ANEXOS-DO-PREGAO-ELETRONICO-No.-90007-DE-2025.pdf\" target=\"_blank\">5  aquisi\u00e7\u00e3o de instrumentos musicais e equipamentos de som<\/a> <\/li>\n\n\n\n<li><a href=\"https:\/\/www.ifbaiano.edu.br\/unidades\/bonfim\/pregao-eletronico-no-06-2025-aquisicao-de-generos-alimenticios-registro-de-precos\/\" data-type=\"URL\" data-id=\"https:\/\/www.ifbaiano.edu.br\/unidades\/bonfim\/pregao-eletronico-no-06-2025-aquisicao-de-generos-alimenticios-registro-de-precos\/\">Preg\u00e3o Eletr\u00f4nico n\u00b006\/2025 &#8211; Aquisi\u00e7\u00e3o de G\u00eaneros Aliment\u00edcios [Registro de Pre\u00e7os]<\/a><\/li>\n\n\n\n<li><a rel=\"noreferrer noopener\" href=\"https:\/\/www.ifbaiano.edu.br\/unidades\/bonfim\/pregao-eletronico-no-04-2025-aquisicao-de-material-grafico-personalizado\/\" data-type=\"URL\" data-id=\"https:\/\/www.ifbaiano.edu.br\/unidades\/bonfim\/pregao-eletronico-no-04-2025-aquisicao-de-material-grafico-personalizado\/\" target=\"_blank\">Preg\u00e3o Eletr\u00f4nico n\u00b004\/2025 &#8211; Aquisi\u00e7\u00e3o de Material Gr\u00e1fico Personalizado<\/a><\/li>\n\n\n\n<li><a rel=\"noreferrer noopener\" href=\"https:\/\/www.ifbaiano.edu.br\/unidades\/bonfim\/2025\/04\/09\/pregao-eletronico-no-02-2025-aquisicao-de-insumos-eventuais-para-racao-animal\/\" data-type=\"URL\" data-id=\"https:\/\/www.ifbaiano.edu.br\/unidades\/bonfim\/2025\/04\/09\/pregao-eletronico-no-02-2025-aquisicao-de-insumos-eventuais-para-racao-animal\/\" target=\"_blank\">Preg\u00e3o Eletr\u00f4nico n\u00ba 02\/2025 &#8211; Aquisi\u00e7\u00e3o de Insumos Eventuais para Ra\u00e7\u00e3o Animal<\/a><\/li>\n<\/ul>\n","protected":false},"excerpt":{"rendered":"<p>PREG\u00c3O ELETR\u00d4NICO<\/p>\n","protected":false},"author":158,"featured_media":0,"parent":0,"menu_order":0,"comment_status":"closed","ping_status":"closed","template":"","meta":[],"_links":{"self":[{"href":"https:\/\/www.ifbaiano.edu.br\/unidades\/bonfim\/wp-json\/wp\/v2\/pages\/21755"}],"collection":[{"href":"https:\/\/www.ifbaiano.edu.br\/unidades\/bonfim\/wp-json\/wp\/v2\/pages"}],"about":[{"href":"https:\/\/www.ifbaiano.edu.br\/unidades\/bonfim\/wp-json\/wp\/v2\/types\/page"}],"author":[{"embeddable":true,"href":"https:\/\/www.ifbaiano.edu.br\/unidades\/bonfim\/wp-json\/wp\/v2\/users\/158"}],"replies":[{"embeddable":true,"href":"https:\/\/www.ifbaiano.edu.br\/unidades\/bonfim\/wp-json\/wp\/v2\/comments?post=21755"}],"version-history":[{"count":4,"href":"https:\/\/www.ifbaiano.edu.br\/unidades\/bonfim\/wp-json\/wp\/v2\/pages\/21755\/revisions"}],"predecessor-version":[{"id":22885,"href":"https:\/\/www.ifbaiano.edu.br\/unidades\/bonfim\/wp-json\/wp\/v2\/pages\/21755\/revisions\/22885"}],"wp:attachment":[{"href":"https:\/\/www.ifbaiano.edu.br\/unidades\/bonfim\/wp-json\/wp\/v2\/media?parent=21755"}],"curies":[{"name":"wp","href":"https:\/\/api.w.org\/{rel}","templated":true}]}}