{"id":21793,"date":"2025-05-20T08:22:40","date_gmt":"2025-05-20T11:22:40","guid":{"rendered":"https:\/\/www.ifbaiano.edu.br\/unidades\/bonfim\/?page_id=21793"},"modified":"2025-09-11T16:12:49","modified_gmt":"2025-09-11T19:12:49","slug":"paise-2025","status":"publish","type":"page","link":"https:\/\/www.ifbaiano.edu.br\/unidades\/bonfim\/paise-2025\/","title":{"rendered":"PAISE 2025"},"content":{"rendered":"\n<p>O DIRETOR GERAL DO INSTITUTO FEDERAL DE EDUCA\u00c7\u00c3O, CI\u00caNCIA E TECNOLOGIA BAIANO &#8211; IF BAIANO CAMPUS SENHOR DO BONFIM, no uso de suas atribui\u00e7\u00f5es delegadas pela Portaria n\u00ba 283, de 18\/03\/2022, publicada no DOU de 21\/03\/2022, Edi\u00e7\u00e3o 54, Se\u00e7\u00e3o 2, p\u00e1gina 26, e de acordo com as disposi\u00e7\u00f5es contidas na Lei n\u00ba 11.892, de 29\/12\/2008, e na Lei n\u00ba 8.112, de 11\/12\/1990, considerando ainda a Lei n\u00b0 14.914, de 03 de julho de 2024 e a Resolu\u00e7\u00e3o n\u00ba 01, de 29 de janeiro de 2019, que institui a Pol\u00edtica de Assist\u00eancia Estudantil no \u00e2mbito do IF Baiano, torna p\u00fablico o presente Edital de Fluxo Cont\u00ednuo que estabelece as normas e crit\u00e9rios para sele\u00e7\u00e3o de estudantes em vulnerabilidade socioecon\u00f4mica, de cursos presenciais e \u00e0 dist\u00e2ncia, de gradua\u00e7\u00e3o e de educa\u00e7\u00e3o profissional t\u00e9cnica de n\u00edvel m\u00e9dio, com a finalidade de participa\u00e7\u00e3o na Pol\u00edtica de Assist\u00eancia Estudantil deste Instituto, por meio do PAISE.<\/p>\n\n\n\n<strong><div id=\"TituloMenu\" class=\"dnone\"> edital e documentos<\/div> <\/strong><\/p><p>\n\n\n\n<ul>\n<li><a href=\"https:\/\/www.ifbaiano.edu.br\/unidades\/bonfim\/files\/2025\/09\/Resultado-Final-Paise-2025.2.pdf\" data-type=\"URL\" data-id=\"https:\/\/www.ifbaiano.edu.br\/unidades\/bonfim\/files\/2025\/09\/Resultado-Final-Paise-2025.2.pdf\">Resultado Final<\/a><\/li>\n\n\n\n<li><a href=\"https:\/\/www.ifbaiano.edu.br\/unidades\/bonfim\/files\/2025\/09\/Resultado-dos-pre-selecionados-por-auxilio-PAISE-2025.2.pdf\" data-type=\"URL\" data-id=\"https:\/\/www.ifbaiano.edu.br\/unidades\/bonfim\/files\/2025\/09\/Resultado-dos-pre-selecionados-por-auxilio-PAISE-2025.2.pdf\">Resultado Pr\u00e9-selecionados por aux\u00edlio<\/a><\/li>\n\n\n\n<li><a href=\"https:\/\/www.ifbaiano.edu.br\/unidades\/bonfim\/files\/2025\/07\/LISTA-DEFINITIVA-DAS-INSCRICOES-HOMOLOGADAS-PAISE-2025.2.pdf\" data-type=\"URL\" data-id=\"https:\/\/www.ifbaiano.edu.br\/unidades\/bonfim\/files\/2025\/07\/LISTA-DEFINITIVA-DAS-INSCRICOES-HOMOLOGADAS-PAISE-2025.2.pdf\">Lista Definitiva de Inscri\u00e7\u00f5es Homologadas<\/a><\/li>\n\n\n\n<li><a href=\"https:\/\/www.ifbaiano.edu.br\/unidades\/bonfim\/files\/2025\/07\/Lista-Preliminar-de-Inscricoes-Homologadas-PAISE-2025.2.pdf\" data-type=\"URL\" data-id=\"https:\/\/www.ifbaiano.edu.br\/unidades\/bonfim\/files\/2025\/07\/Lista-Preliminar-de-Inscricoes-Homologadas-PAISE-2025.2.pdf\">Lista Preliminar de Inscri\u00e7\u00f5es Homologadas<\/a><\/li>\n\n\n\n<li><a href=\"https:\/\/www.ifbaiano.edu.br\/unidades\/bonfim\/files\/2025\/07\/Lista-preliminar-de-inscricoes-PAISE-2025.2.pdf\" data-type=\"URL\" data-id=\"https:\/\/www.ifbaiano.edu.br\/unidades\/bonfim\/files\/2025\/07\/Lista-preliminar-de-inscricoes-PAISE-2025.2.pdf\">Lista Preliminar de Inscritos Chamada Publica n\u00b001<\/a><\/li>\n\n\n\n<li><a href=\"https:\/\/www.ifbaiano.edu.br\/unidades\/bonfim\/files\/2025\/07\/Chamada-publica_Paise-n%C2%B0-01-PAISE-2025.pdf\" data-type=\"URL\" data-id=\"https:\/\/www.ifbaiano.edu.br\/unidades\/bonfim\/files\/2025\/07\/Chamada-publica_Paise-n%C2%B0-01-PAISE-2025.pdf\">Chamada P\u00fablica N\u00b001<\/a><\/li>\n\n\n\n<li><a href=\"https:\/\/www.ifbaiano.edu.br\/unidades\/bonfim\/files\/2025\/08\/Resultado-final-Paise-2025.pdf\" data-type=\"URL\" data-id=\"https:\/\/www.ifbaiano.edu.br\/unidades\/bonfim\/files\/2025\/08\/Resultado-final-Paise-2025.pdf\">Resultado Final<\/a><\/li>\n\n\n\n<li><a href=\"https:\/\/www.ifbaiano.edu.br\/unidades\/bonfim\/files\/2025\/08\/Resultado-dos-pre-selecionados-por-auxilio-PAISE-2025.pdf\">Resultado dos Pr\u00e9 Selecionados por auxilio<\/a><\/li>\n\n\n\n<li><a href=\"https:\/\/www.ifbaiano.edu.br\/unidades\/bonfim\/files\/2025\/07\/Marcacao-de-entrevistas-com-Assistente-Social.pdf\" data-type=\"URL\" data-id=\"https:\/\/www.ifbaiano.edu.br\/unidades\/bonfim\/files\/2025\/07\/Marcacao-de-entrevistas-com-Assistente-Social.pdf\">Cronograma Entrevistas com Assistente Social<\/a><\/li>\n\n\n\n<li><a href=\"https:\/\/www.ifbaiano.edu.br\/unidades\/bonfim\/files\/2025\/07\/1a-retificacao-Paise-Edital-41.pdf\" data-type=\"URL\" data-id=\"https:\/\/www.ifbaiano.edu.br\/unidades\/bonfim\/files\/2025\/07\/1a-retificacao-Paise-Edital-41.pdf\">Retifica\u00e7\u00e3o N\u00b001 do Edital N\u00b032<\/a><\/li>\n\n\n\n<li><a rel=\"noreferrer noopener\" href=\"https:\/\/www.ifbaiano.edu.br\/unidades\/bonfim\/files\/2025\/06\/DIVULGACAO-DAS-INSCRICOES-HOMOLOGADAS-PAISE-2025.1-RETIFICACAO-01.pdf\" data-type=\"URL\" data-id=\"https:\/\/www.ifbaiano.edu.br\/unidades\/bonfim\/files\/2025\/06\/DIVULGACAO-DAS-INSCRICOES-HOMOLOGADAS-PAISE-2025.1-RETIFICACAO-01.pdf\" target=\"_blank\">Divulga\u00e7\u00e3o das Inscri\u00e7\u00f5es Homologadas Retifica\u00e7\u00e3o N\u00b001<\/a><\/li>\n\n\n\n<li><a rel=\"noreferrer noopener\" href=\"https:\/\/www.ifbaiano.edu.br\/unidades\/bonfim\/files\/2025\/06\/DIVULGACAO-DAS-INSCRICOES-HOMOLOGADAS-PAISE-2025.1.pdf\" data-type=\"URL\" data-id=\"https:\/\/www.ifbaiano.edu.br\/unidades\/bonfim\/files\/2025\/06\/DIVULGACAO-DAS-INSCRICOES-HOMOLOGADAS-PAISE-2025.1.pdf\" target=\"_blank\">Divulga\u00e7\u00e3o das Inscri\u00e7\u00f5es Homologadas<\/a><\/li>\n\n\n\n<li><a rel=\"noreferrer noopener\" href=\"https:\/\/www.ifbaiano.edu.br\/unidades\/bonfim\/files\/2025\/06\/manual-de-inscricao-do-candidato.pdf\" data-type=\"URL\" data-id=\"https:\/\/www.ifbaiano.edu.br\/unidades\/bonfim\/files\/2025\/06\/manual-de-inscricao-do-candidato.pdf\" target=\"_blank\">Lista Preliminar de inscritos<\/a><\/li>\n\n\n\n<li><a rel=\"noreferrer noopener\" href=\"https:\/\/www.ifbaiano.edu.br\/unidades\/bonfim\/files\/2025\/05\/Edital-32.2025-PAISE.pdf\" data-type=\"URL\" data-id=\"https:\/\/www.ifbaiano.edu.br\/unidades\/bonfim\/files\/2025\/05\/Edital-32.2025-PAISE.pdf\" target=\"_blank\">Edital N\u00b032<\/a><\/li>\n<\/ul>\n","protected":false},"excerpt":{"rendered":"<p>O DIRETOR GERAL DO INSTITUTO FEDERAL DE EDUCA\u00c7\u00c3O, CI\u00caNCIA E TECNOLOGIA BAIANO &#8211; IF BAIANO CAMPUS SENHOR DO BONFIM, no uso de suas atribui\u00e7\u00f5es delegadas pela Portaria n\u00ba 283, de 18\/03\/2022, publicada no DOU de 21\/03\/2022, Edi\u00e7\u00e3o 54, Se\u00e7\u00e3o 2, p\u00e1gina 26, e de acordo com as disposi\u00e7\u00f5es contidas na Lei n\u00ba 11.892, de 29\/12\/2008, [&hellip;]<\/p>\n","protected":false},"author":158,"featured_media":0,"parent":0,"menu_order":0,"comment_status":"closed","ping_status":"closed","template":"","meta":[],"_links":{"self":[{"href":"https:\/\/www.ifbaiano.edu.br\/unidades\/bonfim\/wp-json\/wp\/v2\/pages\/21793"}],"collection":[{"href":"https:\/\/www.ifbaiano.edu.br\/unidades\/bonfim\/wp-json\/wp\/v2\/pages"}],"about":[{"href":"https:\/\/www.ifbaiano.edu.br\/unidades\/bonfim\/wp-json\/wp\/v2\/types\/page"}],"author":[{"embeddable":true,"href":"https:\/\/www.ifbaiano.edu.br\/unidades\/bonfim\/wp-json\/wp\/v2\/users\/158"}],"replies":[{"embeddable":true,"href":"https:\/\/www.ifbaiano.edu.br\/unidades\/bonfim\/wp-json\/wp\/v2\/comments?post=21793"}],"version-history":[{"count":17,"href":"https:\/\/www.ifbaiano.edu.br\/unidades\/bonfim\/wp-json\/wp\/v2\/pages\/21793\/revisions"}],"predecessor-version":[{"id":22495,"href":"https:\/\/www.ifbaiano.edu.br\/unidades\/bonfim\/wp-json\/wp\/v2\/pages\/21793\/revisions\/22495"}],"wp:attachment":[{"href":"https:\/\/www.ifbaiano.edu.br\/unidades\/bonfim\/wp-json\/wp\/v2\/media?parent=21793"}],"curies":[{"name":"wp","href":"https:\/\/api.w.org\/{rel}","templated":true}]}}